{"id":1055,"date":"2023-01-31T13:17:14","date_gmt":"2023-01-31T12:17:14","guid":{"rendered":"https:\/\/agora.xtec.cat\/eatarrega\/?page_id=1055"},"modified":"2023-03-10T08:04:49","modified_gmt":"2023-03-10T07:04:49","slug":"internacionalitzacio","status":"publish","type":"page","link":"https:\/\/agora.xtec.cat\/eatarrega\/lescola\/internacionalitzacio\/","title":{"rendered":"Internacionalitzaci\u00f3"},"content":{"rendered":"<p>A l&#8217;<strong>Escola Agr\u00e0ria de T\u00e0rrega<\/strong> hem adquirit noves <strong>Cartes Erasmus d&#8217;Educaci\u00f3 Superior<\/strong> (ECHE), v\u00e0lida fins a l&#8217;any 2027, que ens permet participar en el programa <strong>ERASMUS+<\/strong> i ens marca uns\u00a0est\u00e0ndards\u00a0de qualitat en les activitats que desenvolupem dins aquest programa.<\/p>\n<p><a href=\"https:\/\/agora.xtec.cat\/eatarrega\/wp-content\/uploads\/usu2155\/2023\/03\/Erasmus-Charter-for-Higher-Education-Castella.pdf\" target=\"_blank\" rel=\"noopener\"><img loading=\"lazy\" decoding=\"async\" class=\"wp-image-1060 size-full aligncenter\" src=\"https:\/\/agora.xtec.cat\/eatarrega\/wp-content\/uploads\/usu2155\/2023\/02\/EA-TARREGA-Banners-web-xtec_DEF.png\" alt=\"\" width=\"1024\" height=\"300\" srcset=\"https:\/\/agora.xtec.cat\/eatarrega\/wp-content\/uploads\/usu2155\/2023\/02\/EA-TARREGA-Banners-web-xtec_DEF.png 1024w, https:\/\/agora.xtec.cat\/eatarrega\/wp-content\/uploads\/usu2155\/2023\/02\/EA-TARREGA-Banners-web-xtec_DEF-300x88.png 300w, https:\/\/agora.xtec.cat\/eatarrega\/wp-content\/uploads\/usu2155\/2023\/02\/EA-TARREGA-Banners-web-xtec_DEF-768x225.png 768w\" sizes=\"auto, (max-width: 1024px) 100vw, 1024px\" \/><\/a><\/p>\n","protected":false},"excerpt":{"rendered":"<p>A l&#8217;Escola Agr\u00e0ria de T\u00e0rrega hem adquirit noves Cartes Erasmus d&#8217;Educaci\u00f3 Superior (ECHE), v\u00e0lida fins a l&#8217;any 2027, que ens permet participar en el programa ERASMUS+ i ens marca uns\u00a0est\u00e0ndards\u00a0de qualitat en les activitats que desenvolupem dins aquest programa.<\/p>\n","protected":false},"author":4,"featured_media":0,"parent":19,"menu_order":0,"comment_status":"closed","ping_status":"closed","template":"page-templates\/side-menu.php","meta":{"_bbp_topic_count":0,"_bbp_reply_count":0,"_bbp_total_topic_count":0,"_bbp_total_reply_count":0,"_bbp_voice_count":0,"_bbp_anonymous_reply_count":0,"_bbp_topic_count_hidden":0,"_bbp_reply_count_hidden":0,"_bbp_forum_subforum_count":0,"site-sidebar-layout":"default","site-content-layout":"","ast-site-content-layout":"","site-content-style":"default","site-sidebar-style":"default","ast-global-header-display":"","ast-banner-title-visibility":"","ast-main-header-display":"","ast-hfb-above-header-display":"","ast-hfb-below-header-display":"","ast-hfb-mobile-header-display":"","site-post-title":"","ast-breadcrumbs-content":"","ast-featured-img":"","footer-sml-layout":"","theme-transparent-header-meta":"","adv-header-id-meta":"","stick-header-meta":"","header-above-stick-meta":"","header-main-stick-meta":"","header-below-stick-meta":"","astra-migrate-meta-layouts":"default","ast-page-background-enabled":"default","ast-page-background-meta":{"desktop":{"background-color":"var(--ast-global-color-4)","background-image":"","background-repeat":"repeat","background-position":"center center","background-size":"auto","background-attachment":"scroll","background-type":"","background-media":"","overlay-type":"","overlay-color":"","overlay-opacity":"","overlay-gradient":""},"tablet":{"background-color":"","background-image":"","background-repeat":"repeat","background-position":"center center","background-size":"auto","background-attachment":"scroll","background-type":"","background-media":"","overlay-type":"","overlay-color":"","overlay-opacity":"","overlay-gradient":""},"mobile":{"background-color":"","background-image":"","background-repeat":"repeat","background-position":"center center","background-size":"auto","background-attachment":"scroll","background-type":"","background-media":"","overlay-type":"","overlay-color":"","overlay-opacity":"","overlay-gradient":""}},"ast-content-background-meta":{"desktop":{"background-color":"var(--ast-global-color-5)","background-image":"","background-repeat":"repeat","background-position":"center center","background-size":"auto","background-attachment":"scroll","background-type":"","background-media":"","overlay-type":"","overlay-color":"","overlay-opacity":"","overlay-gradient":""},"tablet":{"background-color":"var(--ast-global-color-5)","background-image":"","background-repeat":"repeat","background-position":"center center","background-size":"auto","background-attachment":"scroll","background-type":"","background-media":"","overlay-type":"","overlay-color":"","overlay-opacity":"","overlay-gradient":""},"mobile":{"background-color":"var(--ast-global-color-5)","background-image":"","background-repeat":"repeat","background-position":"center center","background-size":"auto","background-attachment":"scroll","background-type":"","background-media":"","overlay-type":"","overlay-color":"","overlay-opacity":"","overlay-gradient":""}},"footnotes":""},"class_list":["post-1055","page","type-page","status-publish","hentry"],"post_mailing_queue_ids":[],"_links":{"self":[{"href":"https:\/\/agora.xtec.cat\/eatarrega\/wp-json\/wp\/v2\/pages\/1055","targetHints":{"allow":["GET"]}}],"collection":[{"href":"https:\/\/agora.xtec.cat\/eatarrega\/wp-json\/wp\/v2\/pages"}],"about":[{"href":"https:\/\/agora.xtec.cat\/eatarrega\/wp-json\/wp\/v2\/types\/page"}],"author":[{"embeddable":true,"href":"https:\/\/agora.xtec.cat\/eatarrega\/wp-json\/wp\/v2\/users\/4"}],"replies":[{"embeddable":true,"href":"https:\/\/agora.xtec.cat\/eatarrega\/wp-json\/wp\/v2\/comments?post=1055"}],"version-history":[{"count":3,"href":"https:\/\/agora.xtec.cat\/eatarrega\/wp-json\/wp\/v2\/pages\/1055\/revisions"}],"predecessor-version":[{"id":1105,"href":"https:\/\/agora.xtec.cat\/eatarrega\/wp-json\/wp\/v2\/pages\/1055\/revisions\/1105"}],"up":[{"embeddable":true,"href":"https:\/\/agora.xtec.cat\/eatarrega\/wp-json\/wp\/v2\/pages\/19"}],"wp:attachment":[{"href":"https:\/\/agora.xtec.cat\/eatarrega\/wp-json\/wp\/v2\/media?parent=1055"}],"curies":[{"name":"wp","href":"https:\/\/api.w.org\/{rel}","templated":true}]}}