{"id":950,"date":"2023-05-21T21:18:59","date_gmt":"2023-05-21T19:18:59","guid":{"rendered":"https:\/\/agora.xtec.cat\/eamoralanova\/?page_id=950"},"modified":"2023-05-22T13:41:19","modified_gmt":"2023-05-22T11:41:19","slug":"cicles-formatius-de-grau-superior","status":"publish","type":"page","link":"https:\/\/agora.xtec.cat\/eamoralanova\/estudis\/estudis-oficials\/cicles-formatius-de-grau-superior\/","title":{"rendered":"Cicles formatius de grau superior"},"content":{"rendered":"<p style=\"text-align: left;\">CICLES FORMATIUS DE GRAU SUPERIOR<\/p>\n<p style=\"text-align: left;\">T\u00edtol de t\u00e8cnic especialista de grau superior en arts pl\u00e0stiques i disseny homologat pel Departament d&#8217;Educaci\u00f3 de la Generalitat de Catalunya, distribuit en dos cursos acad\u00e8mics<\/p>\n<p><strong>__________________________________________________________________CFGS CER\u00c0MICA ART\u00cdSTICA (LOE)\u00a0 \u00a0<\/strong><strong style=\"font-family: inherit; font-size: 1em;\">1.850 hores<\/strong><\/p>\n<ul>\n<li style=\"list-style-type: none;\">\n<ul style=\"list-style-type: disc;\">\n<li><strong>ON TREBALLAR\u00c0S:<\/strong><\/li>\n<\/ul>\n<\/li>\n<li style=\"list-style-type: none;\">\n<ul style=\"list-style-type: disc;\">\n<li>En empreses, tallers o estudis relacionats amb la realitzaci\u00f3 de peces de cer\u00e0mica art\u00edstica.<\/li>\n<li>Reproducci\u00f3 de peces singulars<\/li>\n<li>Creaci\u00f3 de complements per a l\u2019arquitectura ( rellerus, murals, etc. )<\/li>\n<li>Aplicaci\u00f3 de la cer\u00e0mica a la decoraci\u00f3 i al disseny d\u2019interiors<\/li>\n<li>Restauraci\u00f3 i conservaci\u00f3 de cer\u00e0miques art\u00edstiques<\/li>\n<li>Assessorament i formaci\u00f3 artisticot\u00e8cnica.<\/li>\n<\/ul>\n<\/li>\n<li style=\"list-style-type: none;\">\n<ul>\n<li><strong>M\u00d2DULS<\/strong><\/li>\n<li>Hist\u00f2ria de la cer\u00e0mica<\/li>\n<li>Dibuix art\u00edstic<\/li>\n<li>Dibuix t\u00e8cnic<\/li>\n<li>Volum<\/li>\n<li>Mitjans inform\u00e0tics<\/li>\n<li>Projectes<\/li>\n<li>Taller<\/li>\n<li>Materials i tecnologia<\/li>\n<li>Formaci\u00f3 i orientaci\u00f3 laboral<\/li>\n<li>Formaci\u00f3 pr\u00e0ctica en empreses<\/li>\n<li>Projecte final.<\/li>\n<\/ul>\n<\/li>\n<\/ul>\n<p><a href=\"https:\/\/agora.xtec.cat\/eamoralanova\/wp-content\/uploads\/usu2378\/2023\/05\/cataleg-mans-1.jpg\"><img loading=\"lazy\" decoding=\"async\" class=\"alignnone wp-image-961\" src=\"https:\/\/agora.xtec.cat\/eamoralanova\/wp-content\/uploads\/usu2378\/2023\/05\/cataleg-mans-1-929x1024.jpg\" alt=\"\" width=\"301\" height=\"332\" srcset=\"https:\/\/agora.xtec.cat\/eamoralanova\/wp-content\/uploads\/usu2378\/2023\/05\/cataleg-mans-1-929x1024.jpg 929w, https:\/\/agora.xtec.cat\/eamoralanova\/wp-content\/uploads\/usu2378\/2023\/05\/cataleg-mans-1-272x300.jpg 272w, https:\/\/agora.xtec.cat\/eamoralanova\/wp-content\/uploads\/usu2378\/2023\/05\/cataleg-mans-1-768x847.jpg 768w, https:\/\/agora.xtec.cat\/eamoralanova\/wp-content\/uploads\/usu2378\/2023\/05\/cataleg-mans-1-1393x1536.jpg 1393w, https:\/\/agora.xtec.cat\/eamoralanova\/wp-content\/uploads\/usu2378\/2023\/05\/cataleg-mans-1.jpg 1857w\" sizes=\"auto, (max-width: 301px) 100vw, 301px\" \/><\/a><img loading=\"lazy\" decoding=\"async\" class=\"wp-image-962 alignleft\" style=\"border: none; color: #2795b6;\" src=\"https:\/\/agora.xtec.cat\/eamoralanova\/wp-content\/uploads\/usu2378\/2023\/05\/cataleg-taula-2-998x1024.jpg\" alt=\"\" width=\"272\" height=\"279\" srcset=\"https:\/\/agora.xtec.cat\/eamoralanova\/wp-content\/uploads\/usu2378\/2023\/05\/cataleg-taula-2-998x1024.jpg 998w, https:\/\/agora.xtec.cat\/eamoralanova\/wp-content\/uploads\/usu2378\/2023\/05\/cataleg-taula-2-292x300.jpg 292w, https:\/\/agora.xtec.cat\/eamoralanova\/wp-content\/uploads\/usu2378\/2023\/05\/cataleg-taula-2-768x788.jpg 768w, https:\/\/agora.xtec.cat\/eamoralanova\/wp-content\/uploads\/usu2378\/2023\/05\/cataleg-taula-2-1497x1536.jpg 1497w, https:\/\/agora.xtec.cat\/eamoralanova\/wp-content\/uploads\/usu2378\/2023\/05\/cataleg-taula-2.jpg 1996w\" sizes=\"auto, (max-width: 272px) 100vw, 272px\" \/><\/p>\n<p>&nbsp;<\/p>\n<p><strong>__________________________________________CFGS ESMALT ART\u00cdSTIC AL FOC SOBRE METALL\u00a0 \u00a0 <\/strong><strong>\u00a01.950 hores<\/strong><\/p>\n<p>&nbsp;<\/p>\n<ul style=\"list-style-type: disc;\">\n<li><strong>ON TREBALLAR\u00c0S:<\/strong><\/li>\n<li>En empreses, equips o tallers relacionats amb:<\/li>\n<li>Comer\u00e7 especialitzat<\/li>\n<li>Artesania.<\/li>\n<li>Decoraci\u00f3<\/li>\n<li>Galeries d\u2019art<\/li>\n<li>Orfebreria i joieria<\/li>\n<li>Consolidaci\u00f3 i conservaci\u00f3 d\u2019obres d\u2019esmalt<\/li>\n<li>Assessorament i formaci\u00f3 artisticot\u00e8cnic.<\/li>\n<\/ul>\n<p>&nbsp;<\/p>\n<ul style=\"list-style-type: disc;\">\n<li><b>M\u00d2DULS<\/b><\/li>\n<li>Hist\u00f2ria de l&#8217;art de l&#8217;esmalt<\/li>\n<li>Dibuix t\u00e8cnic<\/li>\n<li>Projectes d&#8217;esmalt art\u00edstic<\/li>\n<li>An\u00e0lisi de l&#8217;obra art\u00edstica<\/li>\n<li>.Dibuix art\u00edstic i color.<\/li>\n<li>Taller d&#8217;esmalts<\/li>\n<li>Modelatge i maquetisme<\/li>\n<li>Formaci\u00f3 i orientaci\u00f3 laboral<\/li>\n<li>Formaci\u00f3 pr\u00e0ctica en empreses.<\/li>\n<li>Projecte final.<\/li>\n<\/ul>\n<p>&nbsp;<\/p>\n<p><a href=\"https:\/\/agora.xtec.cat\/eamoralanova\/wp-content\/uploads\/usu2378\/2023\/05\/cataleg-esmalts-1.jpg\"><img loading=\"lazy\" decoding=\"async\" class=\"alignnone wp-image-960\" src=\"https:\/\/agora.xtec.cat\/eamoralanova\/wp-content\/uploads\/usu2378\/2023\/05\/cataleg-esmalts-1-999x1024.jpg\" alt=\"\" width=\"347\" height=\"355\" srcset=\"https:\/\/agora.xtec.cat\/eamoralanova\/wp-content\/uploads\/usu2378\/2023\/05\/cataleg-esmalts-1-999x1024.jpg 999w, https:\/\/agora.xtec.cat\/eamoralanova\/wp-content\/uploads\/usu2378\/2023\/05\/cataleg-esmalts-1-293x300.jpg 293w, https:\/\/agora.xtec.cat\/eamoralanova\/wp-content\/uploads\/usu2378\/2023\/05\/cataleg-esmalts-1-768x788.jpg 768w, https:\/\/agora.xtec.cat\/eamoralanova\/wp-content\/uploads\/usu2378\/2023\/05\/cataleg-esmalts-1-1498x1536.jpg 1498w, https:\/\/agora.xtec.cat\/eamoralanova\/wp-content\/uploads\/usu2378\/2023\/05\/cataleg-esmalts-1.jpg 1997w\" sizes=\"auto, (max-width: 347px) 100vw, 347px\" \/><\/a><\/p>\n","protected":false},"excerpt":{"rendered":"<p>CICLES FORMATIUS DE GRAU SUPERIOR<br \/>\nT\u00edtol de t\u00e8cnic especialista de grau superior en arts pl\u00e0stiques i disseny homologat pel Departament d&#8217;Educaci\u00f3 de la Generalitat de Catalunya, distribuit en dos cursos acad\u00e8mics<br \/>\n__________________________________________________________________CFGS CER\u00c0MICA ART\u00cdSTICA (LOE)\u00a0 \u00a01.850 hores<\/p>\n<ul>\n<li style=\"list-style-type: none;\">\n<ul style=\"list-style-type: disc;\">\n<li>ON TREBALLAR\u00c0S:<\/li>\n<\/ul>\n<\/li>\n<li style=\"list-style-type: none;\">\n<ul style=\"list-style-type: disc;\">\n<li>En empreses,&hellip;  <a href=\"https:\/\/agora.xtec.cat\/eamoralanova\/estudis\/estudis-oficials\/cicles-formatius-de-grau-superior\/\" title=\"Read Cicles formatius de grau superior\">Llegeix m\u00e9s\u00bb<\/a><br \/>\n","protected":false},"author":1,"featured_media":0,"parent":582,"menu_order":0,"comment_status":"closed","ping_status":"closed","template":"","meta":{"_bbp_topic_count":0,"_bbp_reply_count":0,"_bbp_total_topic_count":0,"_bbp_total_reply_count":0,"_bbp_voice_count":0,"_bbp_anonymous_reply_count":0,"_bbp_topic_count_hidden":0,"_bbp_reply_count_hidden":0,"_bbp_forum_subforum_count":0,"footnotes":""},"class_list":["post-950","page","type-page","status-publish","hentry"],"post_mailing_queue_ids":[],"_links":{"self":[{"href":"https:\/\/agora.xtec.cat\/eamoralanova\/wp-json\/wp\/v2\/pages\/950","targetHints":{"allow":["GET"]}}],"collection":[{"href":"https:\/\/agora.xtec.cat\/eamoralanova\/wp-json\/wp\/v2\/pages"}],"about":[{"href":"https:\/\/agora.xtec.cat\/eamoralanova\/wp-json\/wp\/v2\/types\/page"}],"author":[{"embeddable":true,"href":"https:\/\/agora.xtec.cat\/eamoralanova\/wp-json\/wp\/v2\/users\/1"}],"replies":[{"embeddable":true,"href":"https:\/\/agora.xtec.cat\/eamoralanova\/wp-json\/wp\/v2\/comments?post=950"}],"version-history":[{"count":3,"href":"https:\/\/agora.xtec.cat\/eamoralanova\/wp-json\/wp\/v2\/pages\/950\/revisions"}],"predecessor-version":[{"id":1029,"href":"https:\/\/agora.xtec.cat\/eamoralanova\/wp-json\/wp\/v2\/pages\/950\/revisions\/1029"}],"up":[{"embeddable":true,"href":"https:\/\/agora.xtec.cat\/eamoralanova\/wp-json\/wp\/v2\/pages\/582"}],"wp:attachment":[{"href":"https:\/\/agora.xtec.cat\/eamoralanova\/wp-json\/wp\/v2\/media?parent=950"}],"curies":[{"name":"wp","href":"https:\/\/api.w.org\/{rel}","templated":true}]}}