{"id":9,"date":"2014-09-12T10:15:01","date_gmt":"2014-09-12T10:15:01","guid":{"rendered":"http:\/\/agora.xtec.cat\/eamoralanova\/?page_id=9"},"modified":"2026-02-26T12:54:53","modified_gmt":"2026-02-26T11:54:53","slug":"pagina-dinici-buida","status":"publish","type":"page","link":"https:\/\/agora.xtec.cat\/eamoralanova\/","title":{"rendered":"Inici"},"content":{"rendered":"<h5 style=\"text-align: center;\"><span style=\"color: #ff0000;\"><strong>BENVINGUTS A\u00a0 LA NOSTRA WEB<\/strong><\/span><\/h5>\n<h5 style=\"text-align: center;\"><span style=\"color: #ff0000;\">CLIQUEU SOBRE MEN\u00da\u00a0 <a href=\"https:\/\/agora.xtec.cat\/eamoralanova\/wp-content\/uploads\/usu2378\/2023\/09\/boto-menu.jpg\"><img loading=\"lazy\" decoding=\"async\" class=\"alignnone wp-image-1221\" src=\"https:\/\/agora.xtec.cat\/eamoralanova\/wp-content\/uploads\/usu2378\/2023\/09\/boto-menu.jpg\" alt=\"\" width=\"29\" height=\"27\" \/><\/a>\u00a0 PER A DESCOBRIR-NOS<\/span><\/h5>\n<p>&#8230;&#8230;&#8230;&#8230;&#8230;&#8230;&#8230;&#8230;&#8230;&#8230;&#8230;&#8230;&#8230;&#8230;&#8230;&#8230;&#8230;&#8230;&#8230;&#8230;&#8230;&#8230;&#8230;&#8230;&#8230;&#8230;&#8230;&#8230;&#8230;&#8230;&#8230;&#8230;&#8230;&#8230;&#8230;&#8230;&#8230;&#8230;&#8230;&#8230;&#8230;&#8230;&#8230;&#8230;&#8230;&#8230;&#8230;&#8230;&#8230;&#8230;&#8230;&#8230;&#8230;&#8230;&#8230;&#8230;&#8230;&#8230;&#8230;&#8230;&#8230;&#8230;..<\/p>\n<h4><\/h4>\n<h4><a href=\"https:\/\/agora.xtec.cat\/eamoralanova\/wp-content\/uploads\/usu2378\/2026\/02\/MITJAMATRICULA-26.png\"><img loading=\"lazy\" decoding=\"async\" class=\"alignnone wp-image-1421\" src=\"https:\/\/agora.xtec.cat\/eamoralanova\/wp-content\/uploads\/usu2378\/2026\/02\/MITJAMATRICULA-26-1022x1024.png\" alt=\"\" width=\"351\" height=\"352\" srcset=\"https:\/\/agora.xtec.cat\/eamoralanova\/wp-content\/uploads\/usu2378\/2026\/02\/MITJAMATRICULA-26-1022x1024.png 1022w, https:\/\/agora.xtec.cat\/eamoralanova\/wp-content\/uploads\/usu2378\/2026\/02\/MITJAMATRICULA-26-300x300.png 300w, https:\/\/agora.xtec.cat\/eamoralanova\/wp-content\/uploads\/usu2378\/2026\/02\/MITJAMATRICULA-26-150x150.png 150w, https:\/\/agora.xtec.cat\/eamoralanova\/wp-content\/uploads\/usu2378\/2026\/02\/MITJAMATRICULA-26-768x770.png 768w, https:\/\/agora.xtec.cat\/eamoralanova\/wp-content\/uploads\/usu2378\/2026\/02\/MITJAMATRICULA-26-1533x1536.png 1533w, https:\/\/agora.xtec.cat\/eamoralanova\/wp-content\/uploads\/usu2378\/2026\/02\/MITJAMATRICULA-26-2044x2048.png 2044w\" sizes=\"auto, (max-width: 351px) 100vw, 351px\" \/><\/a><\/h4>\n<h4>DE MAR\u00c7 A JUNY\u00a0 JA PODEU GAUDIR DE LA MITJA MATR\u00cdCULA PER A TOTS ELS TALLERS LLIURES<\/h4>\n<h4>DE NENS, J\u00daNIORS i ADULTS&#8230; INFORMEU-VOS<\/h4>\n<h4>CONSULTEU TOTS ELS HORARIS 2025-26 AL MEN\u00da DE LA WEB &#8220;HORARI ADULTS&#8221;<\/h4>\n<p>&nbsp;<\/p>\n<h4>&#8230;&#8230;&#8230;&#8230;&#8230;&#8230;&#8230;&#8230;&#8230;&#8230;&#8230;&#8230;&#8230;&#8230;&#8230;&#8230;&#8230;&#8230;&#8230;&#8230;&#8230;&#8230;&#8230;&#8230;&#8230;&#8230;&#8230;&#8230;&#8230;&#8230;&#8230;&#8230;&#8230;&#8230;&#8230;&#8230;&#8230;&#8230;&#8230;&#8230;&#8230;&#8230;&#8230;&#8230;&#8230;<\/h4>\n<p><strong>RECORDEU QUE NO HI HA MILLOR REGAL QUE ELS NOSTRES CURSOS LLIURES PER A NENS, J\u00daNIORS I ADULTS DES DE TOTS ELS NIVELLS.\u00a0 \u00a0\u00a0<\/strong><\/p>\n<h4 style=\"text-align: left;\"><strong><span style=\"color: #ff0000;\"><a href=\"https:\/\/agora.xtec.cat\/eamoralanova\/wp-content\/uploads\/usu2378\/2025\/09\/web-PUBLI-REGAL.jpg\"><img loading=\"lazy\" decoding=\"async\" class=\"alignnone wp-image-1399\" src=\"https:\/\/agora.xtec.cat\/eamoralanova\/wp-content\/uploads\/usu2378\/2025\/09\/web-PUBLI-REGAL-1024x722.jpg\" alt=\"\" width=\"456\" height=\"322\" srcset=\"https:\/\/agora.xtec.cat\/eamoralanova\/wp-content\/uploads\/usu2378\/2025\/09\/web-PUBLI-REGAL-1024x722.jpg 1024w, https:\/\/agora.xtec.cat\/eamoralanova\/wp-content\/uploads\/usu2378\/2025\/09\/web-PUBLI-REGAL-300x212.jpg 300w, https:\/\/agora.xtec.cat\/eamoralanova\/wp-content\/uploads\/usu2378\/2025\/09\/web-PUBLI-REGAL-768x542.jpg 768w, https:\/\/agora.xtec.cat\/eamoralanova\/wp-content\/uploads\/usu2378\/2025\/09\/web-PUBLI-REGAL.jpg 1232w\" sizes=\"auto, (max-width: 456px) 100vw, 456px\" \/><\/a>\u00a0 \u00a0 \u00a0\u00a0<\/span><\/strong><\/h4>\n<h4 style=\"text-align: left;\"><strong><span style=\"color: #ff0000;\">INFORMACI\u00d3 <\/span><\/strong><strong><span style=\"color: #ff0000;\">NOU CURS ACAD\u00c8MIC 2025-26\u00a0 <\/span><\/strong><\/h4>\n<h5 style=\"text-align: left;\"><span style=\"color: #ff9900;\"><span style=\"color: #000000;\"><strong>PER\u00cdODE DE MATR\u00cdCULA:\u00a0 JULIOL o\u00a0 SETEMBRE ( De 15 a 19h )<\/strong><\/span><\/span><\/h5>\n<p style=\"text-align: left;\"><strong><span style=\"color: #000080;\">ELS CURSOS OFICIALS CONTINUARAN AMB EL MATEIX PROCEDIMENT DE PREINSCRIPCI\u00d3 I MATR\u00cdCULA<\/span><\/strong><\/p>\n<p style=\"text-align: left;\"><span style=\"color: #000080;\"><strong>EL TALLERS LLIURES DE NENS , J\u00daNIORS I ADULTS PRESENTEN MODIFICACIONS IMPORTANTS:<\/strong><\/span><\/p>\n<p style=\"text-align: left;\"><em><strong>\u00a0NO ES PODR\u00c0 GUARDAR LA PLA\u00c7A\u00a0 D&#8217;UN ANTIC ALUMNE NI FER LA RESERVA PER UN ALUMNE NOU\u00a0<\/strong><\/em><\/p>\n<ul>\n<li style=\"list-style-type: none;\">\n<ul>\n<li style=\"text-align: justify;\"><strong>Caldr\u00e0 efectuar directament la matr\u00edcula,\u00a0 ja que les places disponibles\u00a0 s&#8217; atorgaran per ordre de matriculaci\u00f3 al mes de juliol <\/strong><strong>i les restants disponibles al setembre i octubre, i si en queden durant el curs acad\u00e8mic. Recomanem fer la matr\u00edcula al mes de juliol.\u00a0 <\/strong><\/li>\n<li style=\"text-align: justify;\"><strong>\u00a0PROCEDIMENT:<\/strong><\/li>\n<\/ul>\n<\/li>\n<\/ul>\n<p><a href=\"https:\/\/agora.xtec.cat\/eamoralanova\/wp-content\/uploads\/usu2378\/2025\/09\/PAGAMENT-MATRICULA-2025-2026.docx_001.jpg\"><img loading=\"lazy\" decoding=\"async\" class=\"alignnone size-full wp-image-1369\" src=\"https:\/\/agora.xtec.cat\/eamoralanova\/wp-content\/uploads\/usu2378\/2025\/09\/PAGAMENT-MATRICULA-2025-2026.docx_001.jpg\" alt=\"\" width=\"596\" height=\"842\" srcset=\"https:\/\/agora.xtec.cat\/eamoralanova\/wp-content\/uploads\/usu2378\/2025\/09\/PAGAMENT-MATRICULA-2025-2026.docx_001.jpg 596w, https:\/\/agora.xtec.cat\/eamoralanova\/wp-content\/uploads\/usu2378\/2025\/09\/PAGAMENT-MATRICULA-2025-2026.docx_001-212x300.jpg 212w\" sizes=\"auto, (max-width: 596px) 100vw, 596px\" \/><\/a><\/p>\n<ul>\n<li>INICI CURS GRAU MITJ\u00c0 12 DE SETEMBRE 2025<\/li>\n<li>INICI CURS GRAU SUPERIOR\u00a0 15 DE SETEMBRE 2025<\/li>\n<li>INICI CURSOS LLIURES 1 D&#8217;OCTUBRE DE 2025 __________________________________________________________________________________________________<\/li>\n<li style=\"text-align: justify;\">\n<h6>DE L&#8217;1 DE MAR\u00c7 AL 22 DE JUNY &#8212;-MITJA MATR\u00cdCULA &#8212;-<\/h6>\n<p><strong>Si voleu fer un tast d&#8217;Escola d&#8217;Art&#8230; INFORMEU-VOS !<\/strong>\u00a0<span style=\"color: #ff0000;\"><strong> Mitja mat\u00edcula estar\u00e0 disponible per a vosaltres o per a regalar als vostres !<\/strong><\/span><\/li>\n<li>\n<h4><a href=\"https:\/\/l.facebook.com\/l.php?u=https%3A%2F%2Fyoutu.be%2FkYFkBN1xzZQ%3Ffbclid%3DIwZXh0bgNhZW0CMTAAAR3FGT_pMO9NpVGRgiG5yrwi3vbWfCH1EK8g41vLiVSRSBu78xyInH_FxUc_aem_U0Uk-vjZ3ZLC81RZpm7VNw&amp;h=AT2eQwgJl-PgL03GS08BOfr30GXVw1zgrG2po2UrK40VoHLrXN-FrkfE0NZAFTqjRWmoMzKkP4z8eRYGbwuTuGbMwyR8iHsCMXQT1r8Tp-OSKgQoWyuIfBoyuW4vnwedVoAh&amp;__tn__=-UK-R&amp;c%5B0%5D=AT3xzUhqCJ1KJkM11YdsubUt6PmX9aahUgunECqJAxuBiomYylYyx_JQ9BsLDHoQx0VuCMRlLRzCqePaP_GagV3PmY-Gtf9NcFaKNEAzwA5GWRRl0MPscAEYDDW1V-pQA6icvtSoBQltB8jb3r9Iwn4jlJ9P0ZDIFVi6aAKBABwIipRS-GE\">Descobriu aqu\u00ed el v\u00eddeo de la MITJA MATR\u00cdCULA<\/a><\/h4>\n<\/li>\n<li>\n<h4 style=\"text-align: left;\"><strong><span style=\"color: #ff0000;\"><a href=\"https:\/\/agora.xtec.cat\/eamoralanova\/wp-content\/uploads\/usu2378\/2024\/09\/PETIT.jpg\"><img loading=\"lazy\" decoding=\"async\" class=\"alignnone wp-image-1316 size-medium\" src=\"https:\/\/agora.xtec.cat\/eamoralanova\/wp-content\/uploads\/usu2378\/2024\/09\/PETIT-300x300.jpg\" alt=\"\" width=\"300\" height=\"300\" srcset=\"https:\/\/agora.xtec.cat\/eamoralanova\/wp-content\/uploads\/usu2378\/2024\/09\/PETIT-300x300.jpg 300w, https:\/\/agora.xtec.cat\/eamoralanova\/wp-content\/uploads\/usu2378\/2024\/09\/PETIT-150x150.jpg 150w, https:\/\/agora.xtec.cat\/eamoralanova\/wp-content\/uploads\/usu2378\/2024\/09\/PETIT.jpg 591w\" sizes=\"auto, (max-width: 300px) 100vw, 300px\" \/><\/a><\/span><\/strong><\/h4>\n<\/li>\n<\/ul>\n","protected":false},"excerpt":{"rendered":"<p>BENVINGUTS A\u00a0 LA NOSTRA WEB<br \/>\nCLIQUEU SOBRE MEN\u00da\u00a0 <a href=\"https:\/\/agora.xtec.cat\/eamoralanova\/wp-content\/uploads\/usu2378\/2023\/09\/boto-menu.jpg\"><\/a>\u00a0 PER A DESCOBRIR-NOS<br \/>\n&#8230;&#8230;&#8230;&#8230;&#8230;&#8230;&#8230;&#8230;&#8230;&#8230;&#8230;&#8230;&#8230;&#8230;&#8230;&#8230;&#8230;&#8230;&#8230;&#8230;&#8230;&#8230;&#8230;&#8230;&#8230;&#8230;&#8230;&#8230;&#8230;&#8230;&#8230;&#8230;&#8230;&#8230;&#8230;&#8230;&#8230;&#8230;&#8230;&#8230;&#8230;&#8230;&#8230;&#8230;&#8230;&#8230;&#8230;&#8230;&#8230;&#8230;&#8230;&#8230;&#8230;&#8230;&#8230;&#8230;&#8230;&#8230;&#8230;&#8230;&#8230;&#8230;..<\/p>\n<p><a href=\"https:\/\/agora.xtec.cat\/eamoralanova\/wp-content\/uploads\/usu2378\/2026\/02\/MITJAMATRICULA-26.png\"><\/a><br \/>\nDE MAR\u00c7 A JUNY\u00a0 JA PODEU GAUDIR DE LA MITJA MATR\u00cdCULA PER A TOTS ELS TALLERS LLIURES<br \/>\nDE NENS, J\u00daNIORS i ADULTS&#8230; INFORMEU-VOS<br \/>\nCONSULTEU TOTS ELS HORARIS 2025-26 AL MEN\u00da DE LA WEB &#8220;HORARI ADULTS&#8221;<br \/>\n&nbsp;<br \/>\n&#8230;&#8230;&#8230;&#8230;&#8230;&#8230;&#8230;&#8230;&#8230;&#8230;&#8230;&#8230;&#8230;&#8230;&#8230;&#8230;&#8230;&#8230;&#8230;&#8230;&#8230;&#8230;&#8230;&#8230;&#8230;&#8230;&#8230;&#8230;&#8230;&#8230;&#8230;&#8230;&#8230;&#8230;&#8230;&#8230;&#8230;&#8230;&#8230;&#8230;&#8230;&#8230;&#8230;&#8230;&#8230;<br \/>\nRECORDEU&hellip;  <a href=\"https:\/\/agora.xtec.cat\/eamoralanova\/\" title=\"Read Inici\">Llegeix m\u00e9s\u00bb<\/a><\/p>\n","protected":false},"author":1,"featured_media":0,"parent":7,"menu_order":0,"comment_status":"closed","ping_status":"closed","template":"page-templates\/front-page.php","meta":{"_bbp_topic_count":0,"_bbp_reply_count":0,"_bbp_total_topic_count":0,"_bbp_total_reply_count":0,"_bbp_voice_count":0,"_bbp_anonymous_reply_count":0,"_bbp_topic_count_hidden":0,"_bbp_reply_count_hidden":0,"_bbp_forum_subforum_count":0,"footnotes":""},"class_list":["post-9","page","type-page","status-publish","hentry"],"post_mailing_queue_ids":[],"_links":{"self":[{"href":"https:\/\/agora.xtec.cat\/eamoralanova\/wp-json\/wp\/v2\/pages\/9","targetHints":{"allow":["GET"]}}],"collection":[{"href":"https:\/\/agora.xtec.cat\/eamoralanova\/wp-json\/wp\/v2\/pages"}],"about":[{"href":"https:\/\/agora.xtec.cat\/eamoralanova\/wp-json\/wp\/v2\/types\/page"}],"author":[{"embeddable":true,"href":"https:\/\/agora.xtec.cat\/eamoralanova\/wp-json\/wp\/v2\/users\/1"}],"replies":[{"embeddable":true,"href":"https:\/\/agora.xtec.cat\/eamoralanova\/wp-json\/wp\/v2\/comments?post=9"}],"version-history":[{"count":7,"href":"https:\/\/agora.xtec.cat\/eamoralanova\/wp-json\/wp\/v2\/pages\/9\/revisions"}],"predecessor-version":[{"id":1423,"href":"https:\/\/agora.xtec.cat\/eamoralanova\/wp-json\/wp\/v2\/pages\/9\/revisions\/1423"}],"up":[{"embeddable":true,"href":"https:\/\/agora.xtec.cat\/eamoralanova\/wp-json\/wp\/v2\/pages\/7"}],"wp:attachment":[{"href":"https:\/\/agora.xtec.cat\/eamoralanova\/wp-json\/wp\/v2\/media?parent=9"}],"curies":[{"name":"wp","href":"https:\/\/api.w.org\/{rel}","templated":true}]}}