{"id":828,"date":"2023-05-21T00:37:04","date_gmt":"2023-05-20T22:37:04","guid":{"rendered":"https:\/\/agora.xtec.cat\/eamoralanova\/?page_id=828"},"modified":"2023-07-05T18:21:03","modified_gmt":"2023-07-05T16:21:03","slug":"projectes-destacats","status":"publish","type":"page","link":"https:\/\/agora.xtec.cat\/eamoralanova\/projectes-destacats\/","title":{"rendered":"Projectes destacats"},"content":{"rendered":"<p><strong>Mural col\u00b7lectiu Pla\u00e7a de la Verdura. M\u00f3ra la Nova<\/strong><\/p>\n<p><a href=\"https:\/\/agora.xtec.cat\/eamoralanova\/wp-content\/uploads\/usu2378\/2023\/05\/mural-senies.jpg\"><img loading=\"lazy\" decoding=\"async\" class=\"alignnone wp-image-854\" src=\"https:\/\/agora.xtec.cat\/eamoralanova\/wp-content\/uploads\/usu2378\/2023\/05\/mural-senies.jpg\" alt=\"\" width=\"455\" height=\"256\" srcset=\"https:\/\/agora.xtec.cat\/eamoralanova\/wp-content\/uploads\/usu2378\/2023\/05\/mural-senies.jpg 960w, https:\/\/agora.xtec.cat\/eamoralanova\/wp-content\/uploads\/usu2378\/2023\/05\/mural-senies-300x169.jpg 300w, https:\/\/agora.xtec.cat\/eamoralanova\/wp-content\/uploads\/usu2378\/2023\/05\/mural-senies-768x432.jpg 768w\" sizes=\"auto, (max-width: 455px) 100vw, 455px\" \/><\/a> <a href=\"https:\/\/agora.xtec.cat\/eamoralanova\/wp-content\/uploads\/usu2378\/2023\/05\/mur-senies.jpg\"><img loading=\"lazy\" decoding=\"async\" class=\"alignnone wp-image-853\" src=\"https:\/\/agora.xtec.cat\/eamoralanova\/wp-content\/uploads\/usu2378\/2023\/05\/mur-senies.jpg\" alt=\"\" width=\"474\" height=\"197\" srcset=\"https:\/\/agora.xtec.cat\/eamoralanova\/wp-content\/uploads\/usu2378\/2023\/05\/mur-senies.jpg 960w, https:\/\/agora.xtec.cat\/eamoralanova\/wp-content\/uploads\/usu2378\/2023\/05\/mur-senies-300x125.jpg 300w, https:\/\/agora.xtec.cat\/eamoralanova\/wp-content\/uploads\/usu2378\/2023\/05\/mur-senies-768x319.jpg 768w\" sizes=\"auto, (max-width: 474px) 100vw, 474px\" \/><\/a><\/p>\n<p><strong>Mural cer\u00e0mic d&#8217;Esther Garcia. Parr\u00f2quia de Sant Fructu\u00f2s de Tarragona<\/strong><\/p>\n<p><a href=\"https:\/\/agora.xtec.cat\/eamoralanova\/wp-content\/uploads\/usu2378\/2023\/05\/san-fructuos-dibuix.jpg\"><img loading=\"lazy\" decoding=\"async\" class=\"alignnone wp-image-1001\" src=\"https:\/\/agora.xtec.cat\/eamoralanova\/wp-content\/uploads\/usu2378\/2023\/05\/san-fructuos-dibuix.jpg\" alt=\"\" width=\"418\" height=\"344\" srcset=\"https:\/\/agora.xtec.cat\/eamoralanova\/wp-content\/uploads\/usu2378\/2023\/05\/san-fructuos-dibuix.jpg 960w, https:\/\/agora.xtec.cat\/eamoralanova\/wp-content\/uploads\/usu2378\/2023\/05\/san-fructuos-dibuix-300x247.jpg 300w, https:\/\/agora.xtec.cat\/eamoralanova\/wp-content\/uploads\/usu2378\/2023\/05\/san-fructuos-dibuix-768x631.jpg 768w\" sizes=\"auto, (max-width: 418px) 100vw, 418px\" \/>\u00a0 \u00a0 \u00a0 \u00a0 \u00a0<\/a><a href=\"https:\/\/agora.xtec.cat\/eamoralanova\/wp-content\/uploads\/usu2378\/2023\/05\/sant-mural.jpg\"><img loading=\"lazy\" decoding=\"async\" class=\"alignnone wp-image-1016\" src=\"https:\/\/agora.xtec.cat\/eamoralanova\/wp-content\/uploads\/usu2378\/2023\/05\/sant-mural.jpg\" alt=\"\" width=\"483\" height=\"362\" srcset=\"https:\/\/agora.xtec.cat\/eamoralanova\/wp-content\/uploads\/usu2378\/2023\/05\/sant-mural.jpg 700w, https:\/\/agora.xtec.cat\/eamoralanova\/wp-content\/uploads\/usu2378\/2023\/05\/sant-mural-300x225.jpg 300w, https:\/\/agora.xtec.cat\/eamoralanova\/wp-content\/uploads\/usu2378\/2023\/05\/sant-mural-200x150.jpg 200w\" sizes=\"auto, (max-width: 483px) 100vw, 483px\" \/><\/a><\/p>\n<p><strong> Local penya blaugrana de M\u00f3ra la Nova. Edgar Crescenti<\/strong><\/p>\n<p><a href=\"https:\/\/agora.xtec.cat\/eamoralanova\/wp-content\/uploads\/usu2378\/2023\/05\/penya-2.jpg\"><img loading=\"lazy\" decoding=\"async\" class=\"alignnone wp-image-847\" src=\"https:\/\/agora.xtec.cat\/eamoralanova\/wp-content\/uploads\/usu2378\/2023\/05\/penya-2-1024x682.jpg\" alt=\"\" width=\"583\" height=\"388\" srcset=\"https:\/\/agora.xtec.cat\/eamoralanova\/wp-content\/uploads\/usu2378\/2023\/05\/penya-2-1024x682.jpg 1024w, https:\/\/agora.xtec.cat\/eamoralanova\/wp-content\/uploads\/usu2378\/2023\/05\/penya-2-300x200.jpg 300w, https:\/\/agora.xtec.cat\/eamoralanova\/wp-content\/uploads\/usu2378\/2023\/05\/penya-2-768x512.jpg 768w, https:\/\/agora.xtec.cat\/eamoralanova\/wp-content\/uploads\/usu2378\/2023\/05\/penya-2-1536x1023.jpg 1536w, https:\/\/agora.xtec.cat\/eamoralanova\/wp-content\/uploads\/usu2378\/2023\/05\/penya-2.jpg 1600w\" sizes=\"auto, (max-width: 583px) 100vw, 583px\" \/><\/a><a href=\"https:\/\/agora.xtec.cat\/eamoralanova\/wp-content\/uploads\/usu2378\/2023\/05\/penya-balugrana1.jpg\"><img loading=\"lazy\" decoding=\"async\" class=\"alignnone wp-image-848\" src=\"https:\/\/agora.xtec.cat\/eamoralanova\/wp-content\/uploads\/usu2378\/2023\/05\/penya-balugrana1-682x1024.jpg\" alt=\"\" width=\"316\" height=\"474\" srcset=\"https:\/\/agora.xtec.cat\/eamoralanova\/wp-content\/uploads\/usu2378\/2023\/05\/penya-balugrana1-682x1024.jpg 682w, https:\/\/agora.xtec.cat\/eamoralanova\/wp-content\/uploads\/usu2378\/2023\/05\/penya-balugrana1-200x300.jpg 200w, https:\/\/agora.xtec.cat\/eamoralanova\/wp-content\/uploads\/usu2378\/2023\/05\/penya-balugrana1-768x1153.jpg 768w, https:\/\/agora.xtec.cat\/eamoralanova\/wp-content\/uploads\/usu2378\/2023\/05\/penya-balugrana1-1023x1536.jpg 1023w, https:\/\/agora.xtec.cat\/eamoralanova\/wp-content\/uploads\/usu2378\/2023\/05\/penya-balugrana1.jpg 1066w\" sizes=\"auto, (max-width: 316px) 100vw, 316px\" \/><\/a><\/p>\n<p><b>Mural contra la violencia de genere &#8211; Obra col\u00b7lectiva<\/b><\/p>\n<p><a href=\"https:\/\/agora.xtec.cat\/eamoralanova\/wp-content\/uploads\/usu2378\/2023\/07\/prou-2-e1688573953811.jpg\"><img loading=\"lazy\" decoding=\"async\" class=\"alignnone  wp-image-1151\" src=\"https:\/\/agora.xtec.cat\/eamoralanova\/wp-content\/uploads\/usu2378\/2023\/07\/prou-2-e1688573953811.jpg\" alt=\"\" width=\"526\" height=\"345\" srcset=\"https:\/\/agora.xtec.cat\/eamoralanova\/wp-content\/uploads\/usu2378\/2023\/07\/prou-2-e1688573953811.jpg 873w, https:\/\/agora.xtec.cat\/eamoralanova\/wp-content\/uploads\/usu2378\/2023\/07\/prou-2-e1688573953811-300x197.jpg 300w, https:\/\/agora.xtec.cat\/eamoralanova\/wp-content\/uploads\/usu2378\/2023\/07\/prou-2-e1688573953811-768x504.jpg 768w\" sizes=\"auto, (max-width: 526px) 100vw, 526px\" \/><\/a><a href=\"https:\/\/agora.xtec.cat\/eamoralanova\/wp-content\/uploads\/usu2378\/2023\/07\/prou-e1688574021817.jpg\"><img loading=\"lazy\" decoding=\"async\" class=\"alignnone  wp-image-1152\" src=\"https:\/\/agora.xtec.cat\/eamoralanova\/wp-content\/uploads\/usu2378\/2023\/07\/prou-e1688574021817.jpg\" alt=\"\" width=\"515\" height=\"343\" srcset=\"https:\/\/agora.xtec.cat\/eamoralanova\/wp-content\/uploads\/usu2378\/2023\/07\/prou-e1688574021817.jpg 720w, https:\/\/agora.xtec.cat\/eamoralanova\/wp-content\/uploads\/usu2378\/2023\/07\/prou-e1688574021817-300x200.jpg 300w\" sizes=\"auto, (max-width: 515px) 100vw, 515px\" \/><\/a><\/p>\n","protected":false},"excerpt":{"rendered":"<p>Mural col\u00b7lectiu Pla\u00e7a de la Verdura. M\u00f3ra la Nova<br \/>\n<a href=\"https:\/\/agora.xtec.cat\/eamoralanova\/wp-content\/uploads\/usu2378\/2023\/05\/mural-senies.jpg\"><\/a> <a href=\"https:\/\/agora.xtec.cat\/eamoralanova\/wp-content\/uploads\/usu2378\/2023\/05\/mur-senies.jpg\"><\/a><br \/>\nMural cer\u00e0mic d&#8217;Esther Garcia. Parr\u00f2quia de Sant Fructu\u00f2s de Tarragona<br \/>\n<a href=\"https:\/\/agora.xtec.cat\/eamoralanova\/wp-content\/uploads\/usu2378\/2023\/05\/san-fructuos-dibuix.jpg\">\u00a0 \u00a0 \u00a0 \u00a0 \u00a0<\/a><a href=\"https:\/\/agora.xtec.cat\/eamoralanova\/wp-content\/uploads\/usu2378\/2023\/05\/sant-mural.jpg\"><\/a><br \/>\n Local penya blaugrana de M\u00f3ra la Nova. Edgar Crescenti<br \/>\n<a href=\"https:\/\/agora.xtec.cat\/eamoralanova\/wp-content\/uploads\/usu2378\/2023\/05\/penya-2.jpg\"><\/a><a href=\"https:\/\/agora.xtec.cat\/eamoralanova\/wp-content\/uploads\/usu2378\/2023\/05\/penya-balugrana1.jpg\"><\/a><br \/>\nMural contra la violencia de genere &#8211; Obra&hellip;  <a href=\"https:\/\/agora.xtec.cat\/eamoralanova\/projectes-destacats\/\" title=\"Read Projectes destacats\">Llegeix m\u00e9s\u00bb<\/a><\/p>\n","protected":false},"author":1,"featured_media":0,"parent":0,"menu_order":0,"comment_status":"closed","ping_status":"closed","template":"","meta":{"_bbp_topic_count":0,"_bbp_reply_count":0,"_bbp_total_topic_count":0,"_bbp_total_reply_count":0,"_bbp_voice_count":0,"_bbp_anonymous_reply_count":0,"_bbp_topic_count_hidden":0,"_bbp_reply_count_hidden":0,"_bbp_forum_subforum_count":0,"footnotes":""},"class_list":["post-828","page","type-page","status-publish","hentry"],"post_mailing_queue_ids":[],"_links":{"self":[{"href":"https:\/\/agora.xtec.cat\/eamoralanova\/wp-json\/wp\/v2\/pages\/828","targetHints":{"allow":["GET"]}}],"collection":[{"href":"https:\/\/agora.xtec.cat\/eamoralanova\/wp-json\/wp\/v2\/pages"}],"about":[{"href":"https:\/\/agora.xtec.cat\/eamoralanova\/wp-json\/wp\/v2\/types\/page"}],"author":[{"embeddable":true,"href":"https:\/\/agora.xtec.cat\/eamoralanova\/wp-json\/wp\/v2\/users\/1"}],"replies":[{"embeddable":true,"href":"https:\/\/agora.xtec.cat\/eamoralanova\/wp-json\/wp\/v2\/comments?post=828"}],"version-history":[{"count":4,"href":"https:\/\/agora.xtec.cat\/eamoralanova\/wp-json\/wp\/v2\/pages\/828\/revisions"}],"predecessor-version":[{"id":1154,"href":"https:\/\/agora.xtec.cat\/eamoralanova\/wp-json\/wp\/v2\/pages\/828\/revisions\/1154"}],"wp:attachment":[{"href":"https:\/\/agora.xtec.cat\/eamoralanova\/wp-json\/wp\/v2\/media?parent=828"}],"curies":[{"name":"wp","href":"https:\/\/api.w.org\/{rel}","templated":true}]}}