{"id":751,"date":"2023-05-16T18:59:36","date_gmt":"2023-05-16T16:59:36","guid":{"rendered":"https:\/\/agora.xtec.cat\/eamoralanova\/?page_id=751"},"modified":"2023-05-16T18:59:36","modified_gmt":"2023-05-16T16:59:36","slug":"estudis-lliures","status":"publish","type":"page","link":"https:\/\/agora.xtec.cat\/eamoralanova\/estudis-lliures\/","title":{"rendered":"Estudis lliures"},"content":{"rendered":"<h3><span style=\"color: #ff0000;\">ELS TALLERS MONOGR\u00c0FICS<\/span><\/h3>\n<p>&nbsp;<\/p>\n<ul>\n<li><a style=\"color: #2795b6;\" href=\"https:\/\/agora.xtec.cat\/eamoralanova\/wp-content\/uploads\/usu2378\/2023\/05\/028-FACANA-NIT.jpg\"><img loading=\"lazy\" decoding=\"async\" class=\"wp-image-677 alignright\" src=\"https:\/\/agora.xtec.cat\/eamoralanova\/wp-content\/uploads\/usu2378\/2023\/05\/028-FACANA-NIT-736x1024.jpg\" alt=\"\" width=\"216\" height=\"300\" srcset=\"https:\/\/agora.xtec.cat\/eamoralanova\/wp-content\/uploads\/usu2378\/2023\/05\/028-FACANA-NIT-736x1024.jpg 736w, https:\/\/agora.xtec.cat\/eamoralanova\/wp-content\/uploads\/usu2378\/2023\/05\/028-FACANA-NIT-216x300.jpg 216w, https:\/\/agora.xtec.cat\/eamoralanova\/wp-content\/uploads\/usu2378\/2023\/05\/028-FACANA-NIT-768x1069.jpg 768w, https:\/\/agora.xtec.cat\/eamoralanova\/wp-content\/uploads\/usu2378\/2023\/05\/028-FACANA-NIT.jpg 1082w\" sizes=\"auto, (max-width: 216px) 100vw, 216px\" \/><\/a>Els estudis lliures o tallers monogr\u00e0fics de Pintura, Escultura, Dibuix, Cer\u00e0mica, Esmalts, Deco-chic , Angl\u00e8s i Hist\u00f2ria de l&#8217;art permeten accedir des de qualsevol nivell (inicial\u00a0 o avan\u00e7at) a l&#8217;estudi de les diferents t\u00e8cniques art\u00edstiques\u00a0 sense cap requisit previ i en qualsevol moment del curs.<\/li>\n<li>La matriculaci\u00f3 s&#8217;efectua amb un pagament a l&#8217;inici del curs o en qualssevol moment i la quota \u00fanica\u00a0 permet accedir a tots els tallers monogr\u00e0fics que es desitgin cursar.<\/li>\n<li>Aquestes classes s\u00f3n per adults per\u00f2 el centre ofereix tamb\u00e9 una hora diaria de cada taller per a j\u00faniors de 13 a 16 anys i dues hores\u00a0 setmanals per a nens a partir desl 6 anys i per a a preesccolars.<\/li>\n<li>Les classes s&#8217;inicien l&#8217;1 d&#8217;octubre i finalitzen el 22 de juny.<\/li>\n<li>Trobareu informaci\u00f3 detallada de cada taller i els horaris al men\u00fa de la web<\/li>\n<\/ul>\n","protected":false},"excerpt":{"rendered":"<p>ELS TALLERS MONOGR\u00c0FICS<br \/>\n&nbsp;<\/p>\n<ul>\n<li><a style=\"color: #2795b6;\" href=\"https:\/\/agora.xtec.cat\/eamoralanova\/wp-content\/uploads\/usu2378\/2023\/05\/028-FACANA-NIT.jpg\"><\/a>Els estudis lliures o tallers monogr\u00e0fics de Pintura, Escultura, Dibuix, Cer\u00e0mica, Esmalts, Deco-chic , Angl\u00e8s i Hist\u00f2ria de l&#8217;art permeten accedir des de qualsevol nivell (inicial\u00a0 o avan\u00e7at) a l&#8217;estudi de les diferents t\u00e8cniques art\u00edstiques\u00a0 sense cap requisit previ i&hellip;  <a href=\"https:\/\/agora.xtec.cat\/eamoralanova\/estudis-lliures\/\" title=\"Read Estudis lliures\">Llegeix m\u00e9s\u00bb<\/a><br \/>\n","protected":false},"author":1,"featured_media":0,"parent":0,"menu_order":0,"comment_status":"closed","ping_status":"closed","template":"","meta":{"_bbp_topic_count":0,"_bbp_reply_count":0,"_bbp_total_topic_count":0,"_bbp_total_reply_count":0,"_bbp_voice_count":0,"_bbp_anonymous_reply_count":0,"_bbp_topic_count_hidden":0,"_bbp_reply_count_hidden":0,"_bbp_forum_subforum_count":0,"footnotes":""},"class_list":["post-751","page","type-page","status-publish","hentry"],"post_mailing_queue_ids":[],"_links":{"self":[{"href":"https:\/\/agora.xtec.cat\/eamoralanova\/wp-json\/wp\/v2\/pages\/751","targetHints":{"allow":["GET"]}}],"collection":[{"href":"https:\/\/agora.xtec.cat\/eamoralanova\/wp-json\/wp\/v2\/pages"}],"about":[{"href":"https:\/\/agora.xtec.cat\/eamoralanova\/wp-json\/wp\/v2\/types\/page"}],"author":[{"embeddable":true,"href":"https:\/\/agora.xtec.cat\/eamoralanova\/wp-json\/wp\/v2\/users\/1"}],"replies":[{"embeddable":true,"href":"https:\/\/agora.xtec.cat\/eamoralanova\/wp-json\/wp\/v2\/comments?post=751"}],"version-history":[{"count":1,"href":"https:\/\/agora.xtec.cat\/eamoralanova\/wp-json\/wp\/v2\/pages\/751\/revisions"}],"predecessor-version":[{"id":752,"href":"https:\/\/agora.xtec.cat\/eamoralanova\/wp-json\/wp\/v2\/pages\/751\/revisions\/752"}],"wp:attachment":[{"href":"https:\/\/agora.xtec.cat\/eamoralanova\/wp-json\/wp\/v2\/media?parent=751"}],"curies":[{"name":"wp","href":"https:\/\/api.w.org\/{rel}","templated":true}]}}