{"id":698,"date":"2023-05-14T23:59:01","date_gmt":"2023-05-14T21:59:01","guid":{"rendered":"https:\/\/agora.xtec.cat\/eamoralanova\/?page_id=698"},"modified":"2025-03-19T16:46:38","modified_gmt":"2025-03-19T15:46:38","slug":"acces-al-grau-mitja","status":"publish","type":"page","link":"https:\/\/agora.xtec.cat\/eamoralanova\/acces-al-grau-mitja\/","title":{"rendered":"Acc\u00e9s al Grau mitj\u00e0"},"content":{"rendered":"<p><strong>ACC\u00c9S ALS CICLES DE GRAU MITJ\u00c0 D&#8217;ARTS PL\u00c0STIQUES I DISSENY<\/strong><\/p>\n<p>_________________________________________________________________________________________________________________<\/p>\n<p>En el cas de no tenir els requisit d&#8217;acc\u00e9s especificats a sota, caldr\u00e0 realitzar una prova comuna i una prova espec\u00edfica o nom\u00e9s l&#8217;espec\u00edfica per acreditar el nivell necessari.<\/p>\n<p><strong>REQUISITS D&#8217;ACC\u00c9S<\/strong><\/p>\n<p>Per accedir als cicles de formaci\u00f3 espec\u00edfica de grau mitj\u00e0 d\u2019arts pl\u00e0stiques i disseny cal tenir el<strong><em> t\u00edtol d&#8217; ESO\u00a0 graduat\/da en educaci\u00f3 secundaria o equivalent*<\/em><\/strong> i acreditar les aptituds per a cursar-los mitjan\u00e7ant la superaci\u00f3 d\u2019una prova espec\u00edfica d\u2019acc\u00e9s<br \/>\nQui no disposi del t\u00edtol de graduat\/da en educaci\u00f3 secundaria i<strong><em> tingui complerts 17 anys o els compleixi durant l\u2019any de presentaci\u00f3 a la prova<\/em><\/strong>, tamb\u00e9 pot accedir al grau mitj\u00e0 d\u2019aquests ensenyaments. Per fer-ho cal superar una prova d\u2019acc\u00e9s que acrediti els coneixements i les habilitats suficients per cursar amb aprofitament els ensenyaments esmentats, a m\u00e9s de les aptituds necess\u00e0ries a les quals es refereix l\u2019apartat anterior<\/p>\n<ul>\n<li style=\"list-style-type: none;\">\n<ul>\n<li style=\"list-style-type: none;\">\n<ul>\n<li style=\"list-style-type: none;\">\n<ul>\n<li style=\"list-style-type: none;\">\n<ul>\n<li><strong><em>*Equivalencies<\/em><\/strong><\/li>\n<li>Disposar de la titulaci\u00f3 de t\u00e8cnic\/a auxiliar (FP-1) o de t\u00e8cnic\/a.<\/li>\n<li>Haver superat els dos primers cursos de BUP<\/li>\n<li>Haver superat els tres cursos comuns d\u2019arts aplicades i oficis art\u00edstics<\/li>\n<li>Haver superat d\u2019altres estudis equivalents.<\/li>\n<\/ul>\n<\/li>\n<\/ul>\n<\/li>\n<\/ul>\n<\/li>\n<\/ul>\n<\/li>\n<\/ul>\n<p style=\"padding-left: 80px;\"><strong>PART COMUNA&#8230;.. PER\u00a0 A\u00a0 ALUMNES SENSE REQUISITS PREVIS<\/strong><\/p>\n<p>Aquesta prova \u00e9s comuna a tots els estudiats que volen accedir a un cicle formatiu de grau mitj\u00e0 i no tenen t\u00edtol de\u00a0 l&#8217;ESO o equivalent. Es realitza de forma simult\u00e0nia a tota Catalunya, i la seva superaci\u00f3 certifica l&#8217;acc\u00e9s no nom\u00e9s a ensenyaments art\u00edstics sino a qualsevol cicle de grau mitj\u00e0 de Formaci\u00f3 professional.<\/p>\n<p>Inclou les seg\u00fcents proves:<\/p>\n<ul>\n<li style=\"list-style-type: none;\">\n<ul>\n<li style=\"list-style-type: none;\">\n<ul>\n<li style=\"list-style-type: none;\">\n<ul>\n<li style=\"list-style-type: none;\">\n<ul>\n<li><strong><em>a) Part comunicativa i social<\/em><\/strong>\n<ul>\n<li style=\"list-style-type: none;\">\n<ul>\n<li style=\"list-style-type: none;\">\n<ul>\n<li>Llengua catalana<\/li>\n<li>Llengua castellana<\/li>\n<li>Llengua estrangera<\/li>\n<li>Ci\u00e8ncies socials<\/li>\n<\/ul>\n<\/li>\n<\/ul>\n<\/li>\n<\/ul>\n<\/li>\n<li style=\"text-align: left;\"><strong><em>b) Part cientificotecnol\u00f2gica<\/em><\/strong>\n<ul>\n<li style=\"list-style-type: none;\">\n<ul>\n<li style=\"list-style-type: none;\">\n<ul>\n<li>Interacci\u00f3 amb el m\u00f3n f\u00edsic<\/li>\n<li>Tecnologia<\/li>\n<\/ul>\n<\/li>\n<\/ul>\n<\/li>\n<\/ul>\n<\/li>\n<li><strong><em>c) Part matem\u00e0tica<\/em><\/strong>\n<ul>\n<li style=\"list-style-type: none;\">\n<ul>\n<li style=\"list-style-type: none;\">\n<ul>\n<li>\u00a0Matem\u00e0tiques\n<ul>\n<li style=\"list-style-type: none;\">\n<ul>\n<li style=\"list-style-type: none;\">\n<ul>\n<li style=\"list-style-type: none;\"><\/li>\n<\/ul>\n<\/li>\n<\/ul>\n<\/li>\n<\/ul>\n<\/li>\n<li style=\"list-style-type: none;\">*Es pot solicitar l&#8217;exempci\u00f3 de la llengua catalana o de l\u00e0mbit cient\u00edfic -tecnol\u00f2gic. Consulteu\u00a0 aquestes possibles EXEMPCIONS\u00a0 al DOGC corresponent<\/li>\n<\/ul>\n<\/li>\n<\/ul>\n<\/li>\n<\/ul>\n<\/li>\n<\/ul>\n<\/li>\n<\/ul>\n<\/li>\n<\/ul>\n<\/li>\n<\/ul>\n<\/li>\n<\/ul>\n<p style=\"padding-left: 80px;\"><strong>PART ESPEC\u00cdFICA &#8230;.PER A TOTS ELS ASPIRANTS ( excepte casos d&#8217;exempcions)<a href=\"https:\/\/triaeducativa.gencat.cat\/ca\/proves\/proves-acces\/apd\/apd-gm\/\"><span style=\"color: #0000ff;\"><em> consulteu aqu\u00ed<\/em><\/span><\/a><\/strong><\/p>\n<p style=\"padding-left: 80px;\">La prova va relacionada amb els continguts clau de la mat\u00e8ria Educaci\u00f3 visual i pl\u00e0stica de l&#8217;ESO. Percepci\u00f3 i escolta, Expressi\u00f3,representaci\u00f3 i creaci\u00f3 i Societat icultura<\/p>\n<p style=\"padding-left: 80px;\">EXEMPLES de PROVA ESPEC\u00cdFICA ( PER OMPLIR)<\/p>\n<h5><strong>INSCRIPCI\u00d3 I CALENDARI<\/strong><\/h5>\n<h5><span style=\"color: #993300;\"><em><strong>Prova de car\u00e0cter general d&#8217;acc\u00e9s al grau mitj\u00e0<\/strong><\/em><\/span><\/h5>\n<ul>\n<li>DEL 17 AL 30 DE MAR\u00c7 DE 2025<\/li>\n<\/ul>\n<h5><span style=\"color: #993300;\"><em><strong>\u00a0Convocat\u00f2ria d&#8217;incid\u00e8ncies<\/strong><\/em><\/span><\/h5>\n<ul>\n<li>FINS EL14 DE MAIG DE 2025<\/li>\n<\/ul>\n<div>\n<h5><span style=\"color: #993300;\"><strong>Convocat\u00f2ria extraordin\u00e0ria mes de juny de les proves d&#8217;acc\u00e9s als cicles formatius de grau mitj\u00e0\u00a0 (nom\u00e9s part espec\u00edfica)<\/strong><\/span><\/h5>\n<ul>\n<li>DEL 23 AL 30 DE MAIG DE 2025<\/li>\n<\/ul>\n<\/div>\n<h6><\/h6>\n<h5><span style=\"color: #993300;\"><em><strong>Convocat\u00f2ria del mes de setembre de les proves d&#8217;acc\u00e9s als cicles formatius de grau mitj\u00e0<span style=\"font-family: inherit; font-size: 1em;\">\u00a0 (nom\u00e9s part espec\u00edfica)<\/span><\/strong><\/em><\/span><\/h5>\n<div>\n<ul>\n<li>DE L&#8217;1 AL 5 DE SETEMBRE DE 2025<\/li>\n<\/ul>\n<\/div>\n","protected":false},"excerpt":{"rendered":"<p>ACC\u00c9S ALS CICLES DE GRAU MITJ\u00c0 D&#8217;ARTS PL\u00c0STIQUES I DISSENY<br \/>\n_________________________________________________________________________________________________________________<br \/>\nEn el cas de no tenir els requisit d&#8217;acc\u00e9s especificats a sota, caldr\u00e0 realitzar una prova comuna i una prova espec\u00edfica o nom\u00e9s l&#8217;espec\u00edfica per acreditar el nivell necessari.<br \/>\nREQUISITS D&#8217;ACC\u00c9S<br \/>\nPer accedir als cicles de formaci\u00f3 espec\u00edfica&hellip;  <a href=\"https:\/\/agora.xtec.cat\/eamoralanova\/acces-al-grau-mitja\/\" title=\"Read Acc\u00e9s al Grau mitj\u00e0\">Llegeix m\u00e9s\u00bb<\/a><\/p>\n","protected":false},"author":1,"featured_media":0,"parent":0,"menu_order":0,"comment_status":"closed","ping_status":"closed","template":"","meta":{"_bbp_topic_count":0,"_bbp_reply_count":0,"_bbp_total_topic_count":0,"_bbp_total_reply_count":0,"_bbp_voice_count":0,"_bbp_anonymous_reply_count":0,"_bbp_topic_count_hidden":0,"_bbp_reply_count_hidden":0,"_bbp_forum_subforum_count":0,"footnotes":""},"class_list":["post-698","page","type-page","status-publish","hentry"],"post_mailing_queue_ids":[],"_links":{"self":[{"href":"https:\/\/agora.xtec.cat\/eamoralanova\/wp-json\/wp\/v2\/pages\/698","targetHints":{"allow":["GET"]}}],"collection":[{"href":"https:\/\/agora.xtec.cat\/eamoralanova\/wp-json\/wp\/v2\/pages"}],"about":[{"href":"https:\/\/agora.xtec.cat\/eamoralanova\/wp-json\/wp\/v2\/types\/page"}],"author":[{"embeddable":true,"href":"https:\/\/agora.xtec.cat\/eamoralanova\/wp-json\/wp\/v2\/users\/1"}],"replies":[{"embeddable":true,"href":"https:\/\/agora.xtec.cat\/eamoralanova\/wp-json\/wp\/v2\/comments?post=698"}],"version-history":[{"count":6,"href":"https:\/\/agora.xtec.cat\/eamoralanova\/wp-json\/wp\/v2\/pages\/698\/revisions"}],"predecessor-version":[{"id":1342,"href":"https:\/\/agora.xtec.cat\/eamoralanova\/wp-json\/wp\/v2\/pages\/698\/revisions\/1342"}],"wp:attachment":[{"href":"https:\/\/agora.xtec.cat\/eamoralanova\/wp-json\/wp\/v2\/media?parent=698"}],"curies":[{"name":"wp","href":"https:\/\/api.w.org\/{rel}","templated":true}]}}