{"id":693,"date":"2023-05-14T22:28:23","date_gmt":"2023-05-14T20:28:23","guid":{"rendered":"https:\/\/agora.xtec.cat\/eamoralanova\/?page_id=693"},"modified":"2025-03-05T18:43:23","modified_gmt":"2025-03-05T17:43:23","slug":"acces-a-grau-superior","status":"publish","type":"page","link":"https:\/\/agora.xtec.cat\/eamoralanova\/acces-a-grau-superior\/","title":{"rendered":"Acc\u00e9s a Grau superior"},"content":{"rendered":"<p>En el cas de no tenir els requisit d&#8217;acc\u00e9s especificats a sota caldr\u00e0 realitzar una PROVA COMUNA i una PROVA ESPEC\u00cdFICA O NOM\u00c9S L&#8217;ESPEC\u00cdFICA per acreditar el nivell necessari. CONSULTEU DATES A L&#8217;AGENDA.<\/p>\n<p><strong>REQUISITS D&#8217;ACC\u00c9S<\/strong><\/p>\n<p>____________________________________________________________________________________________________<\/p>\n<p><strong>Cicles formatius de grau superior d&#8217;arts pl\u00e0stiques i disseny<\/strong><\/p>\n<p>Les persones amb la titulaci\u00f3 acad\u00e8mica o ensenyaments equivalents que permeten l&#8217;acc\u00e9s directe als cicles de grau\u00a0 superior d&#8217;arts pl\u00e0stiques i disseny <strong><em>NO HAN DE FER LA PART COMUNA de la prova d&#8217;acc\u00e9s.\u00a0<\/em><\/strong><\/p>\n<p>Poden realitzar la part espec\u00edfica de la prova les persones que tenen un<strong><em> t\u00edtol de batxiller o de t\u00e8cnic o t\u00e8cnica de Formaci\u00f3 Professional, o un t\u00edtol declarat equivalent*,<\/em><\/strong> a efectes d&#8217;acc\u00e9s a aquests ensenyaments d&#8217;arts pl\u00e0stiques i disseny.<\/p>\n<p style=\"padding-left: 80px;\">*<strong>Equivalents<\/strong><\/p>\n<ul>\n<li style=\"list-style-type: none;\">\n<ul>\n<li style=\"list-style-type: none;\">\n<ul>\n<li style=\"list-style-type: none;\">\n<ul>\n<li style=\"list-style-type: none;\">\n<ul>\n<li>T\u00edtol de batxiller (no art\u00edstic)<\/li>\n<li>T\u00edtol de t\u00e8cnic o t\u00e8cnica de Formaci\u00f3 Professional<\/li>\n<li>Qui ha superat la prova d&#8217;acc\u00e9s a grau superior de formaci\u00f3 professional<\/li>\n<li>Acc\u00e9s amb prova espec\u00edfica i general<\/li>\n<\/ul>\n<\/li>\n<\/ul>\n<\/li>\n<\/ul>\n<\/li>\n<\/ul>\n<\/li>\n<\/ul>\n<p><strong><em>Poden realitzar la prova comuna i espec\u00edfica les persones que tinguin 19 anys complerts o que els compleixi el mateix any de la prova<\/em><\/strong>, <strong><em>tot i no tenir cap dels t\u00edtols o acreditacions esmentats anteriorment<\/em><\/strong><\/p>\n<p>Tamb\u00e9 poden realitzar la part espec\u00edfica de la prova les persones que superin la part comuna de la prova. En aquest cas, per inscriure&#8217;s en aquesta convocat\u00f2ria <strong><em>\u00e9s necessari tenir 19 anys o complir-los dins l&#8217;any natural d&#8217;execuci\u00f3 de la prova.<\/em><\/strong><\/p>\n<p style=\"padding-left: 80px;\"><strong>Exempci\u00f3 prova espec\u00edfica\u00a0<\/strong><\/p>\n<ul>\n<li style=\"list-style-type: none;\">\n<ul>\n<li style=\"list-style-type: none;\">\n<ul>\n<li style=\"list-style-type: none;\">\n<ul>\n<li>T\u00edtol de batxiller de modalitat d&#8217;arts o l&#8217;art\u00edstic experimental.<\/li>\n<li>T\u00edtol de batxiller d&#8217;altres modalitats si s&#8217;han cursat 3 mat\u00e8ries de la via d&#8217;arts pl\u00e0stiques de la modalitat d&#8217;arts.<\/li>\n<li>T\u00edtol de t\u00e8cnic\/a (grau mitj\u00e0) d&#8217;arts pl\u00e0stiques i disseny o de t\u00e8cnic\/a superior (grau superior) d&#8217;arts pl\u00e0stiques i disseny.<\/li>\n<li>T\u00edtol de t\u00e8cnic superior de formaci\u00f3 professional d&#8217;una fam\u00edlia equivalent a una d&#8217;arts pl\u00e0stiques i disseny a efectes de la prova d&#8217;acc\u00e9s, d&#8217;acord amb la taula d&#8217;equival\u00e8ncies de l&#8217;annex 6.<\/li>\n<li>T\u00edtol superior d&#8217;arts pl\u00e0stiques o t\u00edtol superior de disseny, en les seves diferents especialitats.<\/li>\n<li>T\u00edtol de graduat en arts aplicades i oficis art\u00edstics, en alguna de les especialitats dels plans d&#8217;estudis establerts els anys 1963, 1984 o 1986.<\/li>\n<li>T\u00edtol superior de conservaci\u00f3 i restauraci\u00f3 de b\u00e9ns culturals, en les seves diferents especialitats.<\/li>\n<li>Llicenciatura en belles arts o certificat de superaci\u00f3 de la prova espec\u00edfica d&#8217;acc\u00e9s a aquests ensenyaments.<\/li>\n<li>Arquitectura.<\/li>\n<li>Enginyeria t\u00e8cnica en disseny industrial.<\/li>\n<li>Resoluci\u00f3 d&#8217;exempci\u00f3 reconeguda per la Direcci\u00f3 General de Formaci\u00f3 Professional Inicial i Ensenyaments de R\u00e8gim Especial.<\/li>\n<li>Persones amb requisit d&#8217;acc\u00e9s pendent de titulaci\u00f3.<\/li>\n<\/ul>\n<\/li>\n<\/ul>\n<\/li>\n<\/ul>\n<\/li>\n<\/ul>\n<p style=\"padding-left: 40px;\">*Les persones que estiguin cursant l&#8217;\u00faltim curs d&#8217;algun dels t\u00edtols que donen acc\u00e9s als cicles tamb\u00e9 es poden inscriure i portar quan l&#8217;acabin la documnetaci\u00f3<\/p>\n<p><strong>Persones que volen millorar les seves qualificacions en la prova d&#8217;acc\u00e9s.<\/strong><\/p>\n<ul>\n<li style=\"list-style-type: none;\">\n<ul>\n<li style=\"list-style-type: none;\">\n<ul>\n<li>Les persones que hagin superat amb anterioritat la prova d&#8217;acc\u00e9s poden tornar-s&#8217;hi a inscriure<\/li>\n<li>Si l&#8217;aspirant no vol que se li recuperi la nota obtinguda en qualsevol de les dues parts hi pot renunciar<\/li>\n<\/ul>\n<\/li>\n<\/ul>\n<\/li>\n<\/ul>\n<p><strong>ALTRES EXEMPCIONS<\/strong><br \/>\n<strong>Exempci\u00f3 de la part comuna<\/strong><\/p>\n<p>Tenen dret a l&#8217;exempci\u00f3 de la part comuna les persones que hagin superat<\/p>\n<ul>\n<li style=\"list-style-type: none;\">\n<ul>\n<li style=\"list-style-type: none;\">\n<ul>\n<li>El curs espec\u00edfic per a l&#8217;acc\u00e9s a cicles formatius de grau superior.<\/li>\n<li>Les proves d&#8217;acc\u00e9s a la Universitat per a majors de 25 anys o de 45 anys o hagi accedit a la Universitat per haver acreditat experi\u00e8ncia laboral o professional tenint complerts 40 anys d&#8217;edat.<\/li>\n<li>Document justificatiu: el certificat acad\u00e8mic expedit pel centre o per l&#8217;entitat on s&#8217;ha cursat, on consti la durada total i la qualificaci\u00f3 final.<\/li>\n<\/ul>\n<\/li>\n<\/ul>\n<\/li>\n<\/ul>\n<p>____________________________________________________________________________________________________<\/p>\n<p><strong>CONTINGUTS DE LA PROVA<\/strong><\/p>\n<p>____________________________________________________________________________________________________<\/p>\n<p><strong>PROVA COMUNA<\/strong><\/p>\n<p><em><strong>Compr\u00e8n les mat\u00e8ries de llengua catalana, llengua castellana, llengua estrangera (angl\u00e8s, franc\u00e8s ) i una quarta a escollir entre hist\u00f2ria i matem\u00e0tiques. <\/strong><\/em><\/p>\n<ul>\n<li style=\"list-style-type: none;\">\n<ul>\n<li style=\"list-style-type: none;\">\n<ul>\n<li style=\"list-style-type: none;\">\n<ul>\n<li style=\"list-style-type: none;\">\n<ul>\n<li style=\"list-style-type: none;\">\n<ul>\n<li style=\"list-style-type: none;\">\n<ul>\n<li><em>Superar aquesta part de la prova tamb\u00e9 pot donar acc\u00e9s a cicles de formaci\u00f3 professional \u00fanicament en el cas d&#8217;haver-se examinat de matem\u00e0tiques<\/em>.<\/li>\n<li>La Direcci\u00f3 General de Formaci\u00f3 Professional Inicial i Ensenyaments de R\u00e8gim Especial elabora les proves, d&#8217;acord amb els temaris i els criteris d&#8217;avaluaci\u00f3 que aprova la Resoluci\u00f3 EDU\/3983\/2010, de 9 de desembre.<\/li>\n<\/ul>\n<\/li>\n<\/ul>\n<\/li>\n<\/ul>\n<\/li>\n<\/ul>\n<\/li>\n<\/ul>\n<\/li>\n<\/ul>\n<\/li>\n<\/ul>\n<p><strong>PROVA ESPEC\u00cdFICA <\/strong><\/p>\n<p><strong>C<\/strong><em><strong>onsta d&#8217;un exercici en qu\u00e8 l&#8217;alumne\/a elaborar\u00e0 una proposta de projecte\u00a0 a escollir entre tres projecte<\/strong><strong>s relacionats amb:<\/strong><\/em><\/p>\n<p style=\"padding-left: 40px;\">L&#8217;\u00e0mbit de <strong>la<\/strong> <strong>comunicaci\u00f3 i el disseny<\/strong> que integri els continguts de les mat\u00e8ries de Cultura audiovisual i Disseny.<br \/>\nL&#8217;\u00e0mbit de<strong> l&#8217;expressi\u00f3 art\u00edstica<\/strong> que integri els continguts de les mat\u00e8ries de Fonaments de les arts i Dibuix art\u00edstic.<br \/>\nL&#8217;\u00e0mbit de<strong> l&#8217;art i la tecnologia<\/strong> que integri els continguts de les mat\u00e8ries de Dibuix t\u00e8cnic i Disseny.<\/p>\n<ul>\n<li style=\"list-style-type: none;\">\n<ul>\n<li style=\"list-style-type: none;\">\n<ul>\n<li style=\"list-style-type: none;\">\n<ul>\n<li style=\"list-style-type: none;\">\n<ul>\n<li style=\"list-style-type: none;\">\n<ul>\n<li style=\"list-style-type: none;\">\n<ul>\n<li>La Direcci\u00f3 General de Formaci\u00f3 Professional Inicial i Ensenyaments de R\u00e8gim Especial elaborar\u00e0 les proves,Segons l&#8217;annex 7 de la Resoluci\u00f3 ENS\/519\/2011, de 17 de febrer, modificada per la Resoluci\u00f3 ENS\/1770\/2018, de 29 de juliol.<\/li>\n<li><\/li>\n<\/ul>\n<\/li>\n<\/ul>\n<\/li>\n<\/ul>\n<\/li>\n<\/ul>\n<\/li>\n<li><strong>MATERIAL ACONSELLAT<\/strong><\/li>\n<\/ul>\n<ul>\n<li>Fulls de dibuix DIN A3, pels dibuixos preparatoris i esbossos.<\/li>\n<li>Un full DIN A3 adient per a la t\u00e8cnica a emprar per a realitzar la proposta definitiva.<\/li>\n<li>Llapis grafit. Goma d\u2019esborrar . Comp\u00e0s. Regle i joc d\u2019escaires.<\/li>\n<li>Triar entre\u00a0 llapis color, retoladors, tempera, acr\u00edlic o aquarel\u00b7la&#8230;<\/li>\n<li>Tisores, bistur\u00ed o c\u00fater. Cinta , adhesiu de barra o cola blanca.<\/li>\n<\/ul>\n<\/li>\n<\/ul>\n<\/li>\n<\/ul>\n<p><strong>\u00a0<\/strong><\/p>\n","protected":false},"excerpt":{"rendered":"<p>En el cas de no tenir els requisit d&#8217;acc\u00e9s especificats a sota caldr\u00e0 realitzar una PROVA COMUNA i una PROVA ESPEC\u00cdFICA O NOM\u00c9S L&#8217;ESPEC\u00cdFICA per acreditar el nivell necessari. CONSULTEU DATES A L&#8217;AGENDA.<br \/>\nREQUISITS D&#8217;ACC\u00c9S<br \/>\n____________________________________________________________________________________________________<br \/>\nCicles formatius de grau superior d&#8217;arts pl\u00e0stiques i disseny<br \/>\nLes persones amb la&hellip;  <a href=\"https:\/\/agora.xtec.cat\/eamoralanova\/acces-a-grau-superior\/\" title=\"Read Acc\u00e9s a Grau superior\">Llegeix m\u00e9s\u00bb<\/a><\/p>\n","protected":false},"author":1,"featured_media":0,"parent":0,"menu_order":0,"comment_status":"closed","ping_status":"closed","template":"","meta":{"_bbp_topic_count":0,"_bbp_reply_count":0,"_bbp_total_topic_count":0,"_bbp_total_reply_count":0,"_bbp_voice_count":0,"_bbp_anonymous_reply_count":0,"_bbp_topic_count_hidden":0,"_bbp_reply_count_hidden":0,"_bbp_forum_subforum_count":0,"footnotes":""},"class_list":["post-693","page","type-page","status-publish","hentry"],"post_mailing_queue_ids":[],"_links":{"self":[{"href":"https:\/\/agora.xtec.cat\/eamoralanova\/wp-json\/wp\/v2\/pages\/693","targetHints":{"allow":["GET"]}}],"collection":[{"href":"https:\/\/agora.xtec.cat\/eamoralanova\/wp-json\/wp\/v2\/pages"}],"about":[{"href":"https:\/\/agora.xtec.cat\/eamoralanova\/wp-json\/wp\/v2\/types\/page"}],"author":[{"embeddable":true,"href":"https:\/\/agora.xtec.cat\/eamoralanova\/wp-json\/wp\/v2\/users\/1"}],"replies":[{"embeddable":true,"href":"https:\/\/agora.xtec.cat\/eamoralanova\/wp-json\/wp\/v2\/comments?post=693"}],"version-history":[{"count":6,"href":"https:\/\/agora.xtec.cat\/eamoralanova\/wp-json\/wp\/v2\/pages\/693\/revisions"}],"predecessor-version":[{"id":1339,"href":"https:\/\/agora.xtec.cat\/eamoralanova\/wp-json\/wp\/v2\/pages\/693\/revisions\/1339"}],"wp:attachment":[{"href":"https:\/\/agora.xtec.cat\/eamoralanova\/wp-json\/wp\/v2\/media?parent=693"}],"curies":[{"name":"wp","href":"https:\/\/api.w.org\/{rel}","templated":true}]}}