{"id":640,"date":"2023-05-14T15:20:23","date_gmt":"2023-05-14T13:20:23","guid":{"rendered":"https:\/\/agora.xtec.cat\/eamoralanova\/?page_id=640"},"modified":"2023-05-14T16:35:51","modified_gmt":"2023-05-14T14:35:51","slug":"proves-dacces-grau-superior","status":"publish","type":"page","link":"https:\/\/agora.xtec.cat\/eamoralanova\/serveis\/proves-dacces-grau-superior\/","title":{"rendered":"PROVES D&#8217;ACC\u00c9S GRAU SUPERIOR"},"content":{"rendered":"<p>En el cas de no tenir els requisit d&#8217;acc\u00e9s especificats a sota caldr\u00e0 realitzar una prova comuna i una prova espec\u00edfica o nom\u00e9s l&#8217;espec\u00edfica per acreditar el nivell necessari.<\/p>\n<ul style=\"list-style-type: disc;\">\n<li>\n<h5><span style=\"color: #ff0000;\"><strong><strong style=\"color: #222222;\">PROVES DE GRAU SUPERIOR: DATES<\/strong><\/strong><\/span><\/h5>\n<\/li>\n<\/ul>\n<p>&nbsp;<\/p>\n<ul style=\"list-style-type: disc;\">\n<li><span style=\"color: #ff0000;\"><strong>CONVOCAT\u00d2RIA ORDIN\u00c0RIA<\/strong><\/span>\u00a0 <strong>PROVA COMUNA I\/O ESPEC\u00cdFICA<\/strong><\/li>\n<li><strong><em>Inscripci\u00f3: del 7 al 20 de mar\u00e7 2023<\/em><\/strong><\/li>\n<li>Pagament de la taxa: fins al 21 de mar\u00e7 de 2023<\/li>\n<li>Llista provisional d&#8217;admesos i exclosos: a partir del 11 d&#8217;abril de 2023<\/li>\n<li>Llista definitiva d&#8217;admesos i exclosos: a partir del 28 d&#8217;abril de 2023<\/li>\n<li><strong><em>Part comuna: 23 de maig de 2023\u00a0 \u00a0 16.00 h.<\/em><\/strong><\/li>\n<li><strong><em>Part espec\u00edfica: 24 de maig de 2023\u00a0 16:00 h.<\/em><\/strong><\/li>\n<\/ul>\n<ul>\n<li>Qualificacions provisionals: a partir del 7 de juny de 2023<\/li>\n<li>Termini per presentar reclamacions\u00a0 del 7 al 10 de juny de 2023<\/li>\n<li>Qualificacions definitives: a partir del 15 de juny de 2023<\/li>\n<\/ul>\n<p>&nbsp;<\/p>\n<ul>\n<li><span style=\"color: #ff0000;\"><strong>CONVOCAT\u00d2RIA D&#8217;INCID\u00c8NCIES<\/strong><\/span><\/li>\n<li>S&#8217;adre\u00e7a a aspirants inscrits que no es poden presentar a la convocat\u00f2ria ordin\u00e0ria per causes de for\u00e7a major que cal acreditar.<\/li>\n<li><em><strong>Sol\u00b7licitud per a poder presentar-se: no m\u00e9s tard de les 12 hores del 25 de maig de 2023<\/strong><\/em><\/li>\n<li>Llista d&#8217;admesos i exclosos: no m\u00e9s tard del 29 de maig de 2023<\/li>\n<li><strong><em>Prova: 31 de maig de 2023, part comuna a les 9.30 h i part espec\u00edfica\u00a0 \u00a0 16.00 h<\/em><\/strong><\/li>\n<\/ul>\n<p>&nbsp;<\/p>\n<ul>\n<li><strong><span style=\"color: #ff0000;\">CONVOCAT\u00d2RIA EXTRAORDIN\u00c0RIA DE LA PART ESPEC\u00cdFICA: JUNY<\/span><\/strong><\/li>\n<li><em><strong>Inscripci\u00f3: del 25\u00a0 al 31 de maig de 2023<\/strong><\/em><\/li>\n<li>Llista provisional d&#8217;admesos i exclosos: a partir del 6 de juny 2023<\/li>\n<li>Presentaci\u00f3 de la documentaci\u00f3 al centre: del 7 al 20 de juny de 2023<\/li>\n<li>Llista definitiva d&#8217;admesos i exclosos: 21 de juny de 2023<\/li>\n<li><strong><em>Prova: 27 de juny de 2023\u00a0 \u00a09.30 h<\/em><\/strong><\/li>\n<li>Qualificacions provisionals: a partir del 30 de juny 2023<\/li>\n<li>Termini per presentar reclamacions al centre: del 3 al 5 de juliol de 2023<\/li>\n<li>Qualificacions definitives: a partir del 7 de juliol de 2023<\/li>\n<\/ul>\n<p>&nbsp;<\/p>\n<ul>\n<li><strong><span style=\"color: #ff0000;\">CONVOCAT\u00d2RIA EXTRAORDIN\u00c0RIA DE LA PART ESPEC\u00cdFICA: SETEMBRE<\/span><\/strong><\/li>\n<li><strong><em>Inscripci\u00f3: del 4 al 8 de setembre de 2023<\/em><\/strong><\/li>\n<li>Llista provisional d&#8217;admesos i exclosos: 12 de setembre de 2023<\/li>\n<li>Presentaci\u00f3 de la documentaci\u00f3 al centre: del 13 al 26 de setembre de 2023<\/li>\n<li>Llista definitiva d&#8217;admesos i exclosos: 28 de setembre de 2023<\/li>\n<li><strong><em>Proves: 29 de setembre de 2023\u00a0 \u00a09.30 h<\/em><\/strong><\/li>\n<li>Qualificacions provisionals: 3 d&#8217;octubre de 2023<\/li>\n<li>Termini per presentar reclamacions al centre: del 3 al 6 d&#8217;octubre de 2023<\/li>\n<li>Qualificacions definitives: 10 d&#8217;octubre de 2023<\/li>\n<\/ul>\n<p><a href=\"https:\/\/dogc.gencat.cat\/ca\/document-del-dogc\/?documentId=948954\" target=\"_blank\" rel=\"noopener\">M\u00c9S INFORMACI\u00d3 AQU\u00cd<\/a><\/p>\n<p><strong>REQUISITS D&#8217;ACC\u00c9S<\/strong><\/p>\n<p>Les persones que posseeixin la titulaci\u00f3 acad\u00e8mica o ensenyaments equivalents que permeten l&#8217;acc\u00e9s directe als cicles de grau mitj\u00e0 o superior d&#8217;arts pl\u00e0stiques i disseny no es poden presentar a la part comuna de la prova d&#8217;acc\u00e9s corresponent.<\/p>\n<p><strong>Cicles formatius de grau superior d&#8217;arts pl\u00e0stiques i disseny<\/strong><\/p>\n<p>Poden realitzar la part espec\u00edfica de la prova les persones que tenen un t\u00edtol de batxiller o de t\u00e8cnic o t\u00e8cnica de Formaci\u00f3 Professional, o un t\u00edtol declarat equivalent, a efectes d&#8217;acc\u00e9s a aquests ensenyaments d&#8217;arts pl\u00e0stiques i disseny.<\/p>\n<p>Tamb\u00e9 poden realitzar la part espec\u00edfica de la prova les persones que, tot i no tenir cap dels t\u00edtols o acreditacions esmentats a l&#8217;apartat anterior, superin la part comuna de la prova. En aquest cas, per inscriure&#8217;s en aquesta convocat\u00f2ria \u00e9s necessari tenir 19 anys o complir-los dins l&#8217;any natural d&#8217;execuci\u00f3 de la prova.<br \/>\nNo han de realitzar la prova espec\u00edfica les persones que tinguin algun dels t\u00edtols o acreditacions seg\u00fcents, o equivalents a efectes d&#8217;acc\u00e9s a aquests ensenyaments:<\/p>\n<p style=\"padding-left: 80px;\">T\u00edtol de batxiller de modalitat d&#8217;arts o l&#8217;art\u00edstic experimental.<br \/>\nT\u00edtol de batxiller d&#8217;altres modalitats si s&#8217;han cursat 3 mat\u00e8ries de la via d&#8217;arts pl\u00e0stiques de la modalitat d&#8217;arts.<br \/>\nT\u00edtol de t\u00e8cnic\/a (grau mitj\u00e0) d&#8217;arts pl\u00e0stiques i disseny o de t\u00e8cnic\/a superior (grau superior) d&#8217;arts pl\u00e0stiques i disseny.<br \/>\nT\u00edtol de t\u00e8cnic superior de formaci\u00f3 professional d&#8217;una fam\u00edlia equivalent a una d&#8217;arts pl\u00e0stiques i disseny a efectes de la prova d&#8217;acc\u00e9s, d&#8217;acord amb la taula d&#8217;equival\u00e8ncies de l&#8217;annex 6.<br \/>\nT\u00edtol superior d&#8217;arts pl\u00e0stiques o t\u00edtol superior de disseny, en les seves diferents especialitats.<br \/>\nT\u00edtol de graduat en arts aplicades i oficis art\u00edstics, en alguna de les especialitats dels plans d&#8217;estudis establerts els anys 1963, 1984 o 1986.<br \/>\nT\u00edtol superior de conservaci\u00f3 i restauraci\u00f3 de b\u00e9ns culturals, en les seves diferents especialitats.<br \/>\nLlicenciatura en belles arts o certificat de superaci\u00f3 de la prova espec\u00edfica d&#8217;acc\u00e9s a aquests ensenyaments.<br \/>\nArquitectura.<br \/>\nEnginyeria t\u00e8cnica en disseny industrial.<br \/>\nResoluci\u00f3 d&#8217;exempci\u00f3 reconeguda per la Direcci\u00f3 General de Formaci\u00f3 Professional Inicial i Ensenyaments de R\u00e8gim Especial.<br \/>\nPersones amb requisit d&#8217;acc\u00e9s pendent de titulaci\u00f3.<\/p>\n<p>Les persones que estiguin cursant l&#8217;\u00faltim curs d&#8217;algun dels t\u00edtols que donen acc\u00e9s als cicles formatius d&#8217;arts pl\u00e0stiques i disseny i encara no disposin de les qualificacions corresponents, es poden inscriure a la prova espec\u00edfica i presentar-s&#8217;hi. Posteriorment, durant el proc\u00e9s de matr\u00edcula al centre, han d&#8217;acreditar la possessi\u00f3 de la titulaci\u00f3 acad\u00e8mica.<\/p>\n<p>Persones que volen millorar les seves qualificacions en la prova d&#8217;acc\u00e9s.<\/p>\n<ul>\n<li>Les persones que hagin superat amb anterioritat la prova d&#8217;acc\u00e9s poden tornar-s&#8217;hi a inscriure, sempre i quan no hagin assolit algun dels altres requisits d&#8217;acc\u00e9s directe. Aix\u00ed mateix, poden optar per recuperar la qualificaci\u00f3 d&#8217;una de les parts de la prova.<\/li>\n<li>Si l&#8217;aspirant no vol que se li recuperi la nota obtinguda en qualsevol de les dues parts de qu\u00e8 consta la prova, ha de manifestar la seva ren\u00fancia mitjan\u00e7ant un escrit adre\u00e7at al centre en qu\u00e8 realitzar\u00e0 la prova.<\/li>\n<\/ul>\n<p><strong>CONTINGUTS DE LA PROVA<\/strong><br \/>\nLa prova d&#8217;acc\u00e9s s&#8217;organitza en dues parts, la part comuna, nom\u00e9s per aquelles persones que no disposen dels requisits acad\u00e8mics, i una altra de car\u00e0cter espec\u00edfic, per a totes les persones que volen accedir a un cicle<\/p>\n<p>Compr\u00e8n les mat\u00e8ries de llengua catalana, llengua castellana, llengua estrangera (angl\u00e8s, franc\u00e8s o alemany) i una quarta a escollir entre hist\u00f2ria i matem\u00e0tiques. Cal tenir present que la superaci\u00f3 d&#8217;aquesta part de la prova tamb\u00e9 pot donar acc\u00e9s a cicles de formaci\u00f3 professional \u00fanicament en el cas d&#8217;haver-se examinat de matem\u00e0tiques. La Direcci\u00f3 General de Formaci\u00f3 Professional Inicial i Ensenyaments de R\u00e8gim Especial elabora les proves, d&#8217;acord amb els temaris i els criteris d&#8217;avaluaci\u00f3 que aprova la Resoluci\u00f3 EDU\/3983\/2010, de 9 de desembre.<\/p>\n<p>Pel que fa a la part espec\u00edfica la prova consta d&#8217;un exercici en qu\u00e8 l&#8217;alumne\/a elaborar\u00e0 una proposta de projecte a partir d&#8217;uns condicionants preestablerts, a escollir entre tres projectes relacionats amb:<\/p>\n<p>L&#8217;\u00e0mbit de la comunicaci\u00f3 i el disseny que integri els continguts de les mat\u00e8ries de Cultura audiovisual i Disseny.<br \/>\nL&#8217;\u00e0mbit de l&#8217;expressi\u00f3 art\u00edstica que integri els continguts de les mat\u00e8ries de Fonaments de les arts i Dibuix art\u00edstic.<br \/>\nL&#8217;\u00e0mbit de l&#8217;art i la tecnologia que integri els continguts de les mat\u00e8ries de Dibuix t\u00e8cnic i Disseny.<br \/>\nLa Direcci\u00f3 General de Formaci\u00f3 Professional Inicial i Ensenyaments de R\u00e8gim Especial elaborar\u00e0 les proves, d&#8217;acord amb els temaris i els criteris d&#8217;avaluaci\u00f3 aprovats a l&#8217;annex 7 de la Resoluci\u00f3 ENS\/519\/2011, de 17 de febrer, modificada per la Resoluci\u00f3 ENS\/1770\/2018, de 29 de juliol.<\/p>\n<p>Materials necessaris per fer la part espec\u00edfica<br \/>\nUn m\u00ednim de dos fulls de dibuix DIN A3, un d\u2019ells per a realitzar els dibuixos preparatoris i esbossos.<br \/>\nUn full DIN A3 adient per a la t\u00e8cnica a emprar per a realitzar la proposta definitiva.<br \/>\nUn full DIN A3 de cartolina.<br \/>\nLlapis grafit.<br \/>\nGoma d\u2019esborrar.<br \/>\nMaquineta de fer punta.<br \/>\nComp\u00e0s.<br \/>\nRegle.<br \/>\nJoc d\u2019escaires.<br \/>\nPer aplicar color, a escollir entre llapis color, retoladors, tempera, acr\u00edlic o aquarel\u00b7la.<br \/>\nPer a tallar, estisores, bistur\u00ed o c\u00fater.<br \/>\nPer a enganxar, cinta doble cara, goma d\u2019enganxar o cola blanca.<br \/>\nModels de la part espec\u00edfica<br \/>\nModel 1: model_prova_acces_cfgs_apd_1.pdf<br \/>\nModel 2: model_prova_acces_cfgs_apd_2.pdf<br \/>\nModel 3: model_prova_acces_cfgs_apd_3.pdf<br \/>\nModel 4: model_prova_acces_cfgs_apd_4.pdf<br \/>\nModel 5: model_prova_acces_cfgs_apd_5.pdf<br \/>\nR\u00fabrica d&#8217;avaluaci\u00f3 de la prova: rubrica_avaluacio_prova_cfgs_apd_dgfpiere-1.pdf<\/p>\n<p>Acc\u00e9s directe<br \/>\nTitulacions o certificacions que permeten no haver de realitzar la prova espec\u00edfica<\/p>\n<p style=\"padding-left: 80px;\">T\u00edtol de batxiller de modalitat d&#8217;arts o l&#8217;art\u00edstic experimental.<br \/>\nT\u00edtol de batxiller d&#8217;altres modalitats si s&#8217;han cursat 3 mat\u00e8ries de la via d&#8217;arts pl\u00e0stiques de la modalitat d&#8217;arts.<br \/>\nT\u00edtol de t\u00e8cnic\/a (grau mitj\u00e0) d&#8217;arts pl\u00e0stiques i disseny o de t\u00e8cnic\/a superior (grau superior) d&#8217;arts pl\u00e0stiques i disseny.<br \/>\nT\u00edtol de t\u00e8cnic superior de formaci\u00f3 professional d&#8217;una fam\u00edlia equivalent a una d&#8217;arts pl\u00e0stiques i disseny a efectes de la prova d&#8217;acc\u00e9s, d&#8217;acord amb la taula d&#8217;equival\u00e8ncies de l&#8217;annex 6.<br \/>\nT\u00edtol superior d&#8217;arts pl\u00e0stiques o t\u00edtol superior de disseny, en les seves diferents especialitats.<br \/>\nT\u00edtol de graduat en arts aplicades i oficis art\u00edstics, en alguna de les especialitats dels plans d&#8217;estudis establerts els anys 1963, 1984 o 1986.<br \/>\nT\u00edtol superior de conservaci\u00f3 i restauraci\u00f3 de b\u00e9ns culturals, en les seves diferents especialitats.<br \/>\nLlicenciatura en belles arts o certificat de superaci\u00f3 de la prova espec\u00edfica d&#8217;acc\u00e9s a aquests ensenyaments.<br \/>\nArquitectura.<br \/>\nEnginyeria t\u00e8cnica en disseny industrial.<br \/>\nResoluci\u00f3 d&#8217;exempci\u00f3 reconeguda per la Direcci\u00f3 General de Formaci\u00f3 Professional Inicial i Ensenyaments de R\u00e8gim Especial.<br \/>\n(Consultar al centre)<\/p>\n<p>Acc\u00e9s amb prova espec\u00edfica<br \/>\nT\u00edtol de batxiller (no art\u00edstic)<br \/>\nT\u00edtol de t\u00e8cnic o t\u00e8cnica de Formaci\u00f3 Professional<br \/>\nQui ha superat la prova d&#8217;acc\u00e9s a grau superior de formaci\u00f3 professional<br \/>\nAcc\u00e9s amb prova espec\u00edfica i general<br \/>\nEn aquest cas, poden presentar-se:<\/p>\n<p>Poden realitzar la prova les persones que tinguin 19 anys complerts o que els compleixi el mateix any de la prova, tot i no tenir cap dels t\u00edtols o acreditacions esmentats anteriorment<\/p>\n<p><strong>EXEMPCIONS<\/strong><br \/>\nExempci\u00f3 de la part comuna<\/p>\n<p>Tenen dret a l&#8217;exempci\u00f3 de la part comuna les persones que hagin superat<\/p>\n<p style=\"padding-left: 120px;\">El curs espec\u00edfic per a l&#8217;acc\u00e9s a cicles formatius de grau superior.<br \/>\nLes proves d&#8217;acc\u00e9s a la Universitat per a majors de 25 anys o de 45 anys o hagi accedit a la Universitat per haver acreditat experi\u00e8ncia laboral o professional tenint complerts 40 anys d&#8217;edat.<br \/>\nDocument justificatiu: el certificat acad\u00e8mic expedit pel centre o per l&#8217;entitat on s&#8217;ha cursat, on consti la durada total i la qualificaci\u00f3 final.<br \/>\nLloc de presentaci\u00f3 de la documentaci\u00f3: si escau, centre triat per a realitzar la prova d&#8217;acc\u00e9s.<\/p>\n<p>Exempcions de la part espec\u00edfica<\/p>\n<p>La poden sol\u00b7licitar les persones que es trobin en qualsevol de les situacions seg\u00fcents:<\/p>\n<p style=\"padding-left: 120px;\">a) Tenir experi\u00e8ncia laboral, relacionada directament amb el cicle a qu\u00e8 es vol accedir, a jornada completa (o el temps proporcional en cas de jornada a temps parcial reconeguda oficialment): d&#8217;un any o m\u00e9s amb una categoria professional igual o superior a la que correspon el cicle formatiu del grau en qu\u00e8 s&#8217;hagi inscrit (en general, oficial de primera o de segona); o de tres anys o m\u00e9s si la categoria reconeguda oficialment (grup de cotitzaci\u00f3) \u00e9s inferior.<\/p>\n<p style=\"padding-left: 120px;\">Documents justificatius: 1) informe de vida laboral, original, expedit per la Tresoreria General de la Seguretat Social o la mutualitat laboral, o Full de serveis o certificat de l&#8217;administraci\u00f3 corresponent; i 2) certificat de l&#8217;empresa o de l&#8217;entitat legalment constitu\u00efda, que detalli les tasques o activitats realitzades i el temps de dedicaci\u00f3.<\/p>\n<p style=\"padding-left: 120px;\">Lloc de presentaci\u00f3: Direcci\u00f3 General de Formaci\u00f3 Professional Inicial i Ensenyaments de R\u00e8gim Especial (Via Augusta, 202-226, Barcelona).<\/p>\n<p style=\"padding-left: 120px;\">b) Disposar d&#8217;una titulaci\u00f3 universit\u00e0ria homologada o pr\u00f2pia, sempre que s&#8217;hagin cursat un m\u00ednim de 18 cr\u00e8dits relacionats directament amb els continguts procedimentals del cicle al qual es vol accedir.<\/p>\n<p style=\"padding-left: 120px;\">Document justificatiu: expedient acad\u00e8mic.<\/p>\n<p>Lloc de presentaci\u00f3: Direcci\u00f3 General de Formaci\u00f3 Professional Inicial i Ensenyaments de R\u00e8gim Especial (Via Augusta, 202-226, Barcelona).<\/p>\n<p>Termini de presentaci\u00f3 de la documentaci\u00f3: fins a l&#8217;11 de mar\u00e7 de 2022 (convocat\u00f2ria ordin\u00e0ria), 3 de maig de 2022 (convocat\u00f2ria extraordin\u00e0ria) o 28 de juny de 2022 (convocat\u00f2ries de setembre).<\/p>\n<p>Normativa<br \/>\nRESOLUCI\u00d3 EDU\/30\/2023, de 2 de gener, per la qual es convoquen les proves d\u2019acc\u00e9s als cicles formatius de formaci\u00f3 professional i als cicles formatius d\u2019arts pl\u00e0stiques i disseny, les proves de car\u00e0cter general d\u2019ensenyaments esportius i les proves d\u2019acc\u00e9s a les formacions esportives de nivell 1 i de nivell 3, corresponents a l\u2019any 2023.<\/p>\n","protected":false},"excerpt":{"rendered":"<p>En el cas de no tenir els requisit d&#8217;acc\u00e9s especificats a sota caldr\u00e0 realitzar una prova comuna i una prova espec\u00edfica o nom\u00e9s l&#8217;espec\u00edfica per acreditar el nivell necessari.<\/p>\n<ul style=\"list-style-type: disc;\">\n<li>\nPROVES DE GRAU SUPERIOR: DATES\n<\/li>\n<\/ul>\n<p>&nbsp;<\/p>\n<ul style=\"list-style-type: disc;\">\n<li>CONVOCAT\u00d2RIA ORDIN\u00c0RIA\u00a0 PROVA COMUNA I\/O ESPEC\u00cdFICA<\/li>\n<li>Inscripci\u00f3: del 7 al&hellip;  <a href=\"https:\/\/agora.xtec.cat\/eamoralanova\/serveis\/proves-dacces-grau-superior\/\" title=\"Read PROVES D&#8217;ACC\u00c9S GRAU SUPERIOR\">Llegeix m\u00e9s\u00bb<\/a><br \/>\n","protected":false},"author":1,"featured_media":0,"parent":63,"menu_order":0,"comment_status":"closed","ping_status":"closed","template":"","meta":{"_bbp_topic_count":0,"_bbp_reply_count":0,"_bbp_total_topic_count":0,"_bbp_total_reply_count":0,"_bbp_voice_count":0,"_bbp_anonymous_reply_count":0,"_bbp_topic_count_hidden":0,"_bbp_reply_count_hidden":0,"_bbp_forum_subforum_count":0,"footnotes":""},"class_list":["post-640","page","type-page","status-publish","hentry"],"post_mailing_queue_ids":[],"_links":{"self":[{"href":"https:\/\/agora.xtec.cat\/eamoralanova\/wp-json\/wp\/v2\/pages\/640","targetHints":{"allow":["GET"]}}],"collection":[{"href":"https:\/\/agora.xtec.cat\/eamoralanova\/wp-json\/wp\/v2\/pages"}],"about":[{"href":"https:\/\/agora.xtec.cat\/eamoralanova\/wp-json\/wp\/v2\/types\/page"}],"author":[{"embeddable":true,"href":"https:\/\/agora.xtec.cat\/eamoralanova\/wp-json\/wp\/v2\/users\/1"}],"replies":[{"embeddable":true,"href":"https:\/\/agora.xtec.cat\/eamoralanova\/wp-json\/wp\/v2\/comments?post=640"}],"version-history":[{"count":4,"href":"https:\/\/agora.xtec.cat\/eamoralanova\/wp-json\/wp\/v2\/pages\/640\/revisions"}],"predecessor-version":[{"id":645,"href":"https:\/\/agora.xtec.cat\/eamoralanova\/wp-json\/wp\/v2\/pages\/640\/revisions\/645"}],"up":[{"embeddable":true,"href":"https:\/\/agora.xtec.cat\/eamoralanova\/wp-json\/wp\/v2\/pages\/63"}],"wp:attachment":[{"href":"https:\/\/agora.xtec.cat\/eamoralanova\/wp-json\/wp\/v2\/media?parent=640"}],"curies":[{"name":"wp","href":"https:\/\/api.w.org\/{rel}","templated":true}]}}