{"id":55,"date":"2014-09-17T16:59:49","date_gmt":"2014-09-17T16:59:49","guid":{"rendered":"http:\/\/agora.xtec.cat\/eamoralanova\/?page_id=55"},"modified":"2025-09-18T12:46:11","modified_gmt":"2025-09-18T10:46:11","slug":"horaris","status":"publish","type":"page","link":"https:\/\/agora.xtec.cat\/eamoralanova\/linstitut\/horaris\/","title":{"rendered":"Horaris curs 2025-26"},"content":{"rendered":"<p><a href=\"https:\/\/drive.google.com\/file\/d\/1oI9mL4RAe4qGzG0uHeZbCZ8RSidWB_84\/view?usp=sharing\">Cicle Mitj\u00e0 <strong>DECORACI\u00d3 CER\u00c0MICA<\/strong> 1r<\/a><\/p>\n<p><a href=\"https:\/\/drive.google.com\/file\/d\/1uWujIFz1w5X9U43xhwboemWy0qvW3DD2\/view?usp=sharing\">Cicle Mitj\u00e0<strong> DECORACI\u00d3 CER\u00c0MICA<\/strong> 2n<\/a><\/p>\n<p><a href=\"https:\/\/drive.google.com\/file\/d\/1pUDa9szCrEU7K1hvwsjtIOvS8j7pbR08\/view?usp=sharing\">Cicle Mitj\u00e0 <strong>ESMALTATGE SOBRE METALL<\/strong> 1r<\/a><\/p>\n<p><a href=\"https:\/\/drive.google.com\/file\/d\/1ZY5q8BHJpko4AfS8f8phATMa165OaaoW\/view?usp=sharing\">Cicle Mitj\u00e0 <strong>ESMALTATGE SOBRE METALL<\/strong> 2n<\/a><\/p>\n<p>&nbsp;<\/p>\n<p><a href=\"https:\/\/drive.google.com\/file\/d\/1bgejGVq7K6y3jLLRcZ2QL-dW2DGrOCTW\/view?usp=sharing\">Cicle Superior <strong>CER\u00c0MICA ART\u00cdSTICA<\/strong> 1r<\/a><\/p>\n<p><a href=\"https:\/\/docs.google.com\/document\/d\/1oaq81_-18fVkkVUsxOGBAIC3nan50Akd\/edit?usp=sharing&amp;ouid=114523023346471846337&amp;rtpof=true&amp;sd=true\">Cicle Superior <strong>CER\u00c0MICA ART\u00cdSTICA<\/strong> 2n<\/a><\/p>\n<p><a href=\"https:\/\/drive.google.com\/file\/d\/1dB00fqqfmVZAA7s4dS7DAuwibAPWin9B\/view?usp=sharing\">Cicle Superior <strong>ESMALT ART\u00cdSCTIC AL FOC SOBRE METALL<\/strong> 1r<\/a><\/p>\n<p><a href=\"https:\/\/docs.google.com\/document\/d\/1L1UcdQdJAyGJNXrVXMy3fFywsp2ZqVDP\/edit?usp=sharing&amp;ouid=114523023346471846337&amp;rtpof=true&amp;sd=true\">Cicle Superior <strong>ESMALT ART\u00cdSCTIC AL FOC SOBRE METALL<\/strong> 2n<\/a><\/p>\n<p>&nbsp;<\/p>\n<p><strong>L&#8217;ACTUAL CURS NO S&#8217;OFERTA<\/strong><\/p>\n<p><strong>DECORACI\u00d3 CER\u00c0MICA + BATXILLERAT D\u00b4ARTS<\/strong> 1r<\/p>\n<p><strong>DECORACI\u00d3 CER\u00c0MICA + BATXILLERAT D\u00b4ARTS<\/strong> 2n<\/p>\n","protected":false},"excerpt":{"rendered":"<p><a href=\"https:\/\/drive.google.com\/file\/d\/1oI9mL4RAe4qGzG0uHeZbCZ8RSidWB_84\/view?usp=sharing\">Cicle Mitj\u00e0 DECORACI\u00d3 CER\u00c0MICA 1r<\/a><br \/>\n<a href=\"https:\/\/drive.google.com\/file\/d\/1uWujIFz1w5X9U43xhwboemWy0qvW3DD2\/view?usp=sharing\">Cicle Mitj\u00e0 DECORACI\u00d3 CER\u00c0MICA 2n<\/a><br \/>\n<a href=\"https:\/\/drive.google.com\/file\/d\/1pUDa9szCrEU7K1hvwsjtIOvS8j7pbR08\/view?usp=sharing\">Cicle Mitj\u00e0 ESMALTATGE SOBRE METALL 1r<\/a><br \/>\n<a href=\"https:\/\/drive.google.com\/file\/d\/1ZY5q8BHJpko4AfS8f8phATMa165OaaoW\/view?usp=sharing\">Cicle Mitj\u00e0 ESMALTATGE SOBRE METALL 2n<\/a><br \/>\n&nbsp;<br \/>\n<a href=\"https:\/\/drive.google.com\/file\/d\/1bgejGVq7K6y3jLLRcZ2QL-dW2DGrOCTW\/view?usp=sharing\">Cicle Superior CER\u00c0MICA ART\u00cdSTICA 1r<\/a><br \/>\n<a href=\"https:\/\/docs.google.com\/document\/d\/1oaq81_-18fVkkVUsxOGBAIC3nan50Akd\/edit?usp=sharing&amp;ouid=114523023346471846337&amp;rtpof=true&amp;sd=true\">Cicle Superior CER\u00c0MICA ART\u00cdSTICA 2n<\/a><br \/>\n<a href=\"https:\/\/drive.google.com\/file\/d\/1dB00fqqfmVZAA7s4dS7DAuwibAPWin9B\/view?usp=sharing\">Cicle Superior ESMALT ART\u00cdSCTIC AL FOC SOBRE METALL 1r<\/a><br \/>\n<a href=\"https:\/\/docs.google.com\/document\/d\/1L1UcdQdJAyGJNXrVXMy3fFywsp2ZqVDP\/edit?usp=sharing&amp;ouid=114523023346471846337&amp;rtpof=true&amp;sd=true\">Cicle Superior ESMALT&hellip;  <a href=\"https:\/\/agora.xtec.cat\/eamoralanova\/linstitut\/horaris\/\" title=\"Read Horaris curs 2025-26\">Llegeix m\u00e9s\u00bb<\/a><\/p>\n","protected":false},"author":1,"featured_media":0,"parent":19,"menu_order":80,"comment_status":"closed","ping_status":"closed","template":"page-templates\/side-menu.php","meta":{"_bbp_topic_count":0,"_bbp_reply_count":0,"_bbp_total_topic_count":0,"_bbp_total_reply_count":0,"_bbp_voice_count":0,"_bbp_anonymous_reply_count":0,"_bbp_topic_count_hidden":0,"_bbp_reply_count_hidden":0,"_bbp_forum_subforum_count":0,"footnotes":""},"class_list":["post-55","page","type-page","status-publish","hentry"],"post_mailing_queue_ids":[],"_links":{"self":[{"href":"https:\/\/agora.xtec.cat\/eamoralanova\/wp-json\/wp\/v2\/pages\/55","targetHints":{"allow":["GET"]}}],"collection":[{"href":"https:\/\/agora.xtec.cat\/eamoralanova\/wp-json\/wp\/v2\/pages"}],"about":[{"href":"https:\/\/agora.xtec.cat\/eamoralanova\/wp-json\/wp\/v2\/types\/page"}],"author":[{"embeddable":true,"href":"https:\/\/agora.xtec.cat\/eamoralanova\/wp-json\/wp\/v2\/users\/1"}],"replies":[{"embeddable":true,"href":"https:\/\/agora.xtec.cat\/eamoralanova\/wp-json\/wp\/v2\/comments?post=55"}],"version-history":[{"count":6,"href":"https:\/\/agora.xtec.cat\/eamoralanova\/wp-json\/wp\/v2\/pages\/55\/revisions"}],"predecessor-version":[{"id":1392,"href":"https:\/\/agora.xtec.cat\/eamoralanova\/wp-json\/wp\/v2\/pages\/55\/revisions\/1392"}],"up":[{"embeddable":true,"href":"https:\/\/agora.xtec.cat\/eamoralanova\/wp-json\/wp\/v2\/pages\/19"}],"wp:attachment":[{"href":"https:\/\/agora.xtec.cat\/eamoralanova\/wp-json\/wp\/v2\/media?parent=55"}],"curies":[{"name":"wp","href":"https:\/\/api.w.org\/{rel}","templated":true}]}}