{"id":49,"date":"2014-09-17T16:55:55","date_gmt":"2014-09-17T16:55:55","guid":{"rendered":"http:\/\/agora.xtec.cat\/eamoralanova\/?page_id=49"},"modified":"2024-09-09T16:26:23","modified_gmt":"2024-09-09T14:26:23","slug":"normes-dorganitzacio-i-funcionament","status":"publish","type":"page","link":"https:\/\/agora.xtec.cat\/eamoralanova\/linstitut\/normes-dorganitzacio-i-funcionament\/","title":{"rendered":"Normes i funcionament"},"content":{"rendered":"<p><a href=\"https:\/\/agora.xtec.cat\/eamoralanova\/wp-content\/uploads\/usu2378\/2023\/05\/einstein-e1684751236220.jpg\"><img loading=\"lazy\" decoding=\"async\" class=\"alignnone wp-image-997\" src=\"https:\/\/agora.xtec.cat\/eamoralanova\/wp-content\/uploads\/usu2378\/2023\/05\/einstein-e1684751236220.jpg\" alt=\"\" width=\"487\" height=\"213\" srcset=\"https:\/\/agora.xtec.cat\/eamoralanova\/wp-content\/uploads\/usu2378\/2023\/05\/einstein-e1684751236220.jpg 483w, https:\/\/agora.xtec.cat\/eamoralanova\/wp-content\/uploads\/usu2378\/2023\/05\/einstein-e1684751236220-300x131.jpg 300w\" sizes=\"auto, (max-width: 487px) 100vw, 487px\" \/><\/a><\/p>\n<p><strong>DRETS I DEURES DE L\u2019ALUMNE<\/strong><\/p>\n<ol>\n<li>Tots els alumnes tenen els mateixos drets i deures.<\/li>\n<li>L\u2019assist\u00e8ncia a classe \u00e9s obligat\u00f2ria per aquells alumnes que cursin estudis oficials<\/li>\n<li>Cal portar el material necessari pel desenvolupament de cada exercici.<\/li>\n<li>El material del centre s\u2019utilitzar\u00e0 amb el m\u00e0xim respecte per tal de garantir la seva conservaci\u00f3.<\/li>\n<li>L\u2019alumne gaudir\u00e0 de 20 minuts d\u2019esbarjo per cada 3 hores lectives.<\/li>\n<li>La relaci\u00f3 professor &#8211; alumne es basar\u00e0 en el mutu respecte i es fomentar\u00e0<br \/>\nespecialment el di\u00e0leg constant i directe entre tots dos.<\/li>\n<li>L\u2019alumne pot expressar les seves queixes o suggeriments parlant directament amb el<br \/>\nprofessor\u00a0 o el seu tutor, o b\u00e9 mitjan\u00e7ant la b\u00fastia corresponent<\/li>\n<li>Qualssevol conducta inadequada o que\u00a0 fomenti cap\u00a0 tipus de bulling ser\u00e0 comunicada inmediatament<\/li>\n<li>Tots els integrants de l\u2019escola han de con\u00e8ixer la normativa disciplinaria i de funcionament del centre.<\/li>\n<\/ol>\n<p>&nbsp;<\/p>\n<p><strong>NORMATIVA INTERNA DEL CENTRE<\/strong><\/p>\n<p>1.\u00a0 \u00a0 Les classes comen\u00e7aran puntuals.<br \/>\n2.\u00a0 \u00a0 No es podr\u00e0 accedir a l \u0301aula transcorreguts 10 minuts i a criteri del professor.<br \/>\n3.\u00a0 \u00a0 Cal respectar l\u2019horari de les classes oficials i lliures ocupant les aules corresponents.<br \/>\n4.\u00a0 \u00a0 No es podr\u00e0 assistir als taller lliures de l\u2019especialitat oficial que s\u2019est\u00e0 cursant.<br \/>\n5.\u00a0 \u00a0 Abans d&#8217;iniciar el curs escolar s \u0301ha d \u0301haver pagat la corresponent matr\u00edcula.<br \/>\n6.\u00a0 \u00a0Cal mantenir i netejar les eines , els estris i el lloc de treball a l\u2019 acabar laclasse . El mal \u00fas de les eines i els materials comporta unes despeses que en res beneficien a l\u2019escola ni als seus alumnes.<br \/>\n7.\u00a0 \u00a0 Despr\u00e9s de sonar el timbre l\u2019aula es tancar\u00e0 en un quart d\u2019hora . Cal preveure les tasques que es comencen i l\u2019estona necess\u00e0ria per netejar-ho tot en les darreres hores de classe.<br \/>\n8.\u00a0 \u00a0 L\u2018escola s\u2019afegeix a la campanya de reciclatge de l\u2019ajuntament de M\u00f3ra la Nova .Trobareu contenidors separats de paper, rebuig i pl\u00e0stic a cada aula i al passad\u00eds.<br \/>\n9.\u00a0 \u00a0 Si consulteu un llibre o revista retorneu-lo al lloc despr\u00e9s de fer-lo servir.<br \/>\n10.\u00a0 Per tal d\u2019evitar la seva p\u00e8rdua no es pot treure de l\u2019escola cap llibre, o revista sense que quedi anotat per un professor.<br \/>\n11.\u00a0 Els tallers de la planta baixa i esmalts no estaran oberts fora del seu horari de classe i sense la pres\u00e8ncia o amb el perm\u00eds del professorat o claustre.<\/p>\n<p>12\u00a0 \u00a0.Les peces acabades dels tallers d\u2019esmalts , escultura i cer\u00e0mica no es prendran fins que els professors les hagin mesurat i s\u2019hagin pagat. Totes les<br \/>\npeces per curs s\u2019han d\u2019abonar, encara que el resultat no sigui el satisfactori i a criteri del professor.<br \/>\n13\u00a0 \u00a0.Els deutes pendents s\u2019abonaran cada fi de mes. No es podr\u00e0 subministrar material nou fins el seu pagament.<br \/>\n14.\u00a0 \u00a0Les peces de menys de 4 cm es cobraran per unitat en funci\u00f3 del preu decada taller.<br \/>\n15.\u00a0 \u00a0L\u2019escola \u00e9s un centre d\u2019aprenentatge, no un taller propi, cal fer-ne un \u00fas prudent.<br \/>\n16.\u00a0 \u00a0L\u2019alumne es far\u00e0 c\u00e0rrec del total de les despeses derivades del cost econ\u00f2mic per un mal \u00fas o trencament accidental de les eines o equipaments del centre.<br \/>\n17.\u00a0 \u00a0A l\u2019 acabar el curs, es prega a tothom que s\u2019emporti els seus treballs i estris. L\u2019escola no es far\u00e0 responsable de qualsevol deteriorament o p\u00e8rdua.<br \/>\n18\u00a0 \u00a0 .L\u2019assist\u00e8ncia a l\u2019assemblea general \u00e9s obligat\u00f2ria per a tot l\u2019alumnat oficial i lliure.<br \/>\n19.\u00a0 \u00a0 No es podr\u00e0 imprimir res a l \u0301aula d&#8217;inform\u00e0tica sense el perm\u00eds del professorat.<\/p>\n<p><strong>TALLERS D\u2019ESMALTS \/ CER\u00c0MICA \/ ESCULTURA<\/strong><\/p>\n<p>20.\u00a0 \u00a0Per carregar i coure al forn d\u2019esmalts o cer\u00e0mica \u00e9s necess\u00e0ria la supervisi\u00f3 inicial dels professors.<br \/>\n21.\u00a0 \u00a0Les peces que estan en proc\u00e9s d\u2019assecat no es podran tocar sense el perm\u00eds dels professors.<br \/>\n22.\u00a0 \u00a0Durant l\u2019hora de classe infantil no hi hauran m\u00e9s alumnes a l\u2019aula.<br \/>\n23.\u00a0 \u00a0S\u00f3n d\u2019obligat compliment les normes de seguretat i higiene en la manipulaci\u00f3 de productes t\u00f2xics , aix\u00ed com en el treball amb determinades m\u00e0quines o eines.<br \/>\n24.\u00a0 \u00a0Per respecte als altres companys hem de deixar les eines ben netes i al seu lloc.<br \/>\n25.\u00a0 \u00a0L\u2019escola proporciona el fang de les pasteres per a treballar, per\u00f2 les pastilles s\u2019hauran de pagar.<br \/>\n26.\u00a0 \u00a0No feu servir la pica per a rentar les restes d\u2019escaiola o de fang, ja que s\u2019embussa .<br \/>\n27.\u00a0 \u00a0Per motius d\u2019higiene i seguretat no \u00e9s perm\u00e8s de menjar als tallers ,ho podeu fer a l\u2018entrada i al pati procurant que l\u2019horari coincideixi amb el de l\u2019esbarjo .<\/p>\n<p>28.\u00a0 \u00a0Les eines i materials d\u2019aquests tallers no es podran treure del centre.<\/p>\n<p><strong>TALLER DE PINTURA<\/strong><br \/>\n29.\u00a0 \u00a0Cal reciclar l\u2019aiguarr\u00e0s , i els colors secs de la paleta els llen\u00e7arem a la paperera, mai a la pica.<\/p>\n<p><strong>TALLER DE DIBUIX \/ INFORM\u00c0TICA<\/strong><br \/>\n30.\u00a0 \u00a0Abans d\u2019instal\u00b7lar ,configurar o manipular qualsevol cosa de l\u2019ordinador caldr\u00e0 el vist-i-plau dels professors. Es recomana portar l \u0301ordinador personal.<br \/>\n31.\u00a0 \u00a0Cada alumne disposa a l\u2019ordinador i a dibuix de carpeta pr\u00f2pia i un llapis USB on guardar els treballs, ja que l\u2019ordinador no conserva cap arxiu en tancar la sessi\u00f3<br \/>\n32.\u00a0 \u00a0Internet no ha de tenir \u00fas l\u00fadic ni mal \u00fas per part de l\u2019alumne<\/p>\n<p><strong>***L\u2019incompliment de la normativa interna aix\u00ed com la manca de respecte envers professorat o altre alumnat es considera falta greu i pot ser motiu <\/strong><strong>d\u2019expulsi\u00f3 del centre.<\/strong><\/p>\n<p>&nbsp;<\/p>\n","protected":false},"excerpt":{"rendered":"<p><a href=\"https:\/\/agora.xtec.cat\/eamoralanova\/wp-content\/uploads\/usu2378\/2023\/05\/einstein-e1684751236220.jpg\"><\/a><br \/>\nDRETS I DEURES DE L\u2019ALUMNE<\/p>\n<ol>\n<li>Tots els alumnes tenen els mateixos drets i deures.<\/li>\n<li>L\u2019assist\u00e8ncia a classe \u00e9s obligat\u00f2ria per aquells alumnes que cursin estudis oficials<\/li>\n<li>Cal portar el material necessari pel desenvolupament de cada exercici.<\/li>\n<li>El material del centre s\u2019utilitzar\u00e0 amb el m\u00e0xim respecte per tal de&hellip;  <a href=\"https:\/\/agora.xtec.cat\/eamoralanova\/linstitut\/normes-dorganitzacio-i-funcionament\/\" title=\"Read Normes i funcionament\">Llegeix m\u00e9s\u00bb<\/a><br \/>\n","protected":false},"author":1,"featured_media":0,"parent":19,"menu_order":60,"comment_status":"closed","ping_status":"closed","template":"page-templates\/side-menu.php","meta":{"_bbp_topic_count":0,"_bbp_reply_count":0,"_bbp_total_topic_count":0,"_bbp_total_reply_count":0,"_bbp_voice_count":0,"_bbp_anonymous_reply_count":0,"_bbp_topic_count_hidden":0,"_bbp_reply_count_hidden":0,"_bbp_forum_subforum_count":0,"footnotes":""},"class_list":["post-49","page","type-page","status-publish","hentry"],"post_mailing_queue_ids":[],"_links":{"self":[{"href":"https:\/\/agora.xtec.cat\/eamoralanova\/wp-json\/wp\/v2\/pages\/49","targetHints":{"allow":["GET"]}}],"collection":[{"href":"https:\/\/agora.xtec.cat\/eamoralanova\/wp-json\/wp\/v2\/pages"}],"about":[{"href":"https:\/\/agora.xtec.cat\/eamoralanova\/wp-json\/wp\/v2\/types\/page"}],"author":[{"embeddable":true,"href":"https:\/\/agora.xtec.cat\/eamoralanova\/wp-json\/wp\/v2\/users\/1"}],"replies":[{"embeddable":true,"href":"https:\/\/agora.xtec.cat\/eamoralanova\/wp-json\/wp\/v2\/comments?post=49"}],"version-history":[{"count":5,"href":"https:\/\/agora.xtec.cat\/eamoralanova\/wp-json\/wp\/v2\/pages\/49\/revisions"}],"predecessor-version":[{"id":1330,"href":"https:\/\/agora.xtec.cat\/eamoralanova\/wp-json\/wp\/v2\/pages\/49\/revisions\/1330"}],"up":[{"embeddable":true,"href":"https:\/\/agora.xtec.cat\/eamoralanova\/wp-json\/wp\/v2\/pages\/19"}],"wp:attachment":[{"href":"https:\/\/agora.xtec.cat\/eamoralanova\/wp-json\/wp\/v2\/media?parent=49"}],"curies":[{"name":"wp","href":"https:\/\/api.w.org\/{rel}","templated":true}]}}