{"id":195,"date":"2014-09-22T10:39:39","date_gmt":"2014-09-22T10:39:39","guid":{"rendered":"http:\/\/agora.xtec.cat\/eamoralanova\/?page_id=195"},"modified":"2023-05-20T21:48:35","modified_gmt":"2023-05-20T19:48:35","slug":"estudis","status":"publish","type":"page","link":"https:\/\/agora.xtec.cat\/eamoralanova\/estudis\/","title":{"rendered":"Estudis oficials"},"content":{"rendered":"<p>&nbsp;<\/p>\n<p style=\"color: #444444;\">Cadascun dels cicles o etapes educatives\u00a0t\u00e9 un\u00a0espai propi, que es crea mitjan\u00e7ant les categories, sense necessitat de crear una &#8220;P\u00e0gina&#8221; nova.\u00a0Les categories es defineixen des del men\u00fa de les entrades del blog. Paral\u00b7lelament als cicles o etapes educatives\u00a0tamb\u00e9 es poden definir m\u00e9s categories i, d&#8217;aquesta manera afegir p\u00e0gines al nivell de navegaci\u00f3 d'&#8221;Oferta formativa&#8221;.<\/p>\n<header class=\"entry-header\" style=\"color: #444444;\"><\/header>\n<div class=\"entry-content\" style=\"color: #444444;\">\n<div class=\"entry-content\">\n<p>&nbsp;<\/p>\n<\/div>\n<\/div>\n<header class=\"entry-header\" style=\"color: #444444;\">\n<h1 class=\"entry-title\" style=\"font-weight: 400; color: #087eb6;\">CFGM<\/h1>\n<\/header>\n<div class=\"entry-content\" style=\"color: #444444;\">\n<ul>\n<li>pr\u00e0ctiques a empreses (FCT)<\/li>\n<li>projectes de mobilitat<\/li>\n<li>mesures flexibilitzadores: servei d\u2019assessorament, servei de reconeixement acad\u00e8mic, formaci\u00f3 dual,\u2026<\/li>\n<\/ul>\n<header class=\"entry-header\">\n<h1 class=\"entry-title\" style=\"font-weight: 400; color: #087eb6;\">CFGS<\/h1>\n<\/header>\n<div class=\"entry-content\">\n<ul>\n<li>pr\u00e0ctiques a empreses (FCT)<\/li>\n<li>projectes de mobilitat<\/li>\n<li>mesures flexibilitzadores: servei d\u2019assessorament, servei de reconeixement acad\u00e8mic, formaci\u00f3 dual<\/li>\n<\/ul>\n<\/div>\n<\/div>\n","protected":false},"excerpt":{"rendered":"<p>&nbsp;<br \/>\nCadascun dels cicles o etapes educatives\u00a0t\u00e9 un\u00a0espai propi, que es crea mitjan\u00e7ant les categories, sense necessitat de crear una &#8220;P\u00e0gina&#8221; nova.\u00a0Les categories es defineixen des del men\u00fa de les entrades del blog. Paral\u00b7lelament als cicles o etapes educatives\u00a0tamb\u00e9 es poden definir m\u00e9s categories i, d&#8217;aquesta&hellip;  <a href=\"https:\/\/agora.xtec.cat\/eamoralanova\/estudis\/\" title=\"Read Estudis oficials\">Llegeix m\u00e9s\u00bb<\/a><\/p>\n","protected":false},"author":1,"featured_media":0,"parent":0,"menu_order":0,"comment_status":"closed","ping_status":"closed","template":"","meta":{"_bbp_topic_count":0,"_bbp_reply_count":0,"_bbp_total_topic_count":0,"_bbp_total_reply_count":0,"_bbp_voice_count":0,"_bbp_anonymous_reply_count":0,"_bbp_topic_count_hidden":0,"_bbp_reply_count_hidden":0,"_bbp_forum_subforum_count":0,"footnotes":""},"class_list":["post-195","page","type-page","status-publish","hentry"],"post_mailing_queue_ids":[],"_links":{"self":[{"href":"https:\/\/agora.xtec.cat\/eamoralanova\/wp-json\/wp\/v2\/pages\/195","targetHints":{"allow":["GET"]}}],"collection":[{"href":"https:\/\/agora.xtec.cat\/eamoralanova\/wp-json\/wp\/v2\/pages"}],"about":[{"href":"https:\/\/agora.xtec.cat\/eamoralanova\/wp-json\/wp\/v2\/types\/page"}],"author":[{"embeddable":true,"href":"https:\/\/agora.xtec.cat\/eamoralanova\/wp-json\/wp\/v2\/users\/1"}],"replies":[{"embeddable":true,"href":"https:\/\/agora.xtec.cat\/eamoralanova\/wp-json\/wp\/v2\/comments?post=195"}],"version-history":[{"count":1,"href":"https:\/\/agora.xtec.cat\/eamoralanova\/wp-json\/wp\/v2\/pages\/195\/revisions"}],"predecessor-version":[{"id":813,"href":"https:\/\/agora.xtec.cat\/eamoralanova\/wp-json\/wp\/v2\/pages\/195\/revisions\/813"}],"wp:attachment":[{"href":"https:\/\/agora.xtec.cat\/eamoralanova\/wp-json\/wp\/v2\/media?parent=195"}],"curies":[{"name":"wp","href":"https:\/\/api.w.org\/{rel}","templated":true}]}}