{"id":1312,"date":"2024-09-06T16:06:26","date_gmt":"2024-09-06T14:06:26","guid":{"rendered":"https:\/\/agora.xtec.cat\/eamoralanova\/?page_id=1312"},"modified":"2025-09-23T17:38:03","modified_gmt":"2025-09-23T15:38:03","slug":"programacio-general-2024-25","status":"publish","type":"page","link":"https:\/\/agora.xtec.cat\/eamoralanova\/programacio-general-2024-25\/","title":{"rendered":"Programaci\u00f3 general"},"content":{"rendered":"<p><a href=\"https:\/\/drive.google.com\/file\/d\/1o1v_SaJ0of8fpb6i1SzkJZQIWMa2bdHz\/view?usp=drive_link\">Cliqueu l&#8217;enlla\u00e7 PROGRAMACI\u00d3 GENERAL en preparci\u00f3<\/a><\/p>\n","protected":false},"excerpt":{"rendered":"<p><a href=\"https:\/\/drive.google.com\/file\/d\/1o1v_SaJ0of8fpb6i1SzkJZQIWMa2bdHz\/view?usp=drive_link\">Cliqueu l&#8217;enlla\u00e7 PROGRAMACI\u00d3 GENERAL en preparci\u00f3<\/a><\/p>\n","protected":false},"author":1,"featured_media":0,"parent":0,"menu_order":0,"comment_status":"closed","ping_status":"closed","template":"","meta":{"_bbp_topic_count":0,"_bbp_reply_count":0,"_bbp_total_topic_count":0,"_bbp_total_reply_count":0,"_bbp_voice_count":0,"_bbp_anonymous_reply_count":0,"_bbp_topic_count_hidden":0,"_bbp_reply_count_hidden":0,"_bbp_forum_subforum_count":0,"footnotes":""},"class_list":["post-1312","page","type-page","status-publish","hentry"],"post_mailing_queue_ids":[],"_links":{"self":[{"href":"https:\/\/agora.xtec.cat\/eamoralanova\/wp-json\/wp\/v2\/pages\/1312","targetHints":{"allow":["GET"]}}],"collection":[{"href":"https:\/\/agora.xtec.cat\/eamoralanova\/wp-json\/wp\/v2\/pages"}],"about":[{"href":"https:\/\/agora.xtec.cat\/eamoralanova\/wp-json\/wp\/v2\/types\/page"}],"author":[{"embeddable":true,"href":"https:\/\/agora.xtec.cat\/eamoralanova\/wp-json\/wp\/v2\/users\/1"}],"replies":[{"embeddable":true,"href":"https:\/\/agora.xtec.cat\/eamoralanova\/wp-json\/wp\/v2\/comments?post=1312"}],"version-history":[{"count":6,"href":"https:\/\/agora.xtec.cat\/eamoralanova\/wp-json\/wp\/v2\/pages\/1312\/revisions"}],"predecessor-version":[{"id":1411,"href":"https:\/\/agora.xtec.cat\/eamoralanova\/wp-json\/wp\/v2\/pages\/1312\/revisions\/1411"}],"wp:attachment":[{"href":"https:\/\/agora.xtec.cat\/eamoralanova\/wp-json\/wp\/v2\/media?parent=1312"}],"curies":[{"name":"wp","href":"https:\/\/api.w.org\/{rel}","templated":true}]}}