{"id":1231,"date":"2023-09-14T12:48:58","date_gmt":"2023-09-14T10:48:58","guid":{"rendered":"https:\/\/agora.xtec.cat\/eamoralanova\/?page_id=1231"},"modified":"2025-09-18T12:49:16","modified_gmt":"2025-09-18T10:49:16","slug":"matricula-on-line","status":"publish","type":"page","link":"https:\/\/agora.xtec.cat\/eamoralanova\/matricula-on-line\/","title":{"rendered":"MATR\u00cdCULA ON LINE"},"content":{"rendered":"<p>Podeu fer la matr\u00edcula en aquest enlla\u00e7:\u00a0 <a href=\"https:\/\/www.moralanova.cat\/sollicitud-alta-matricula-assistencia-escola-municipal-darts-plastiques-i-disseny\/\">MATR\u00cdCULA ON LINE<\/a><\/p>\n<p>Necessitareu l&#8217;\u00a0 IdCATt m\u00f2bil per accedir al tr\u00e0mit i anar seguint els passos<\/p>\n<p><strong>DOCUMENTACI\u00d3 PER ADJUNTAR<\/strong><\/p>\n<ul>\n<li>DNI<\/li>\n<li>Targeta sanit\u00e0ria<\/li>\n<li>Resguard de pagament de la quota de matr\u00edcula<\/li>\n<\/ul>\n<p>En cas que no disposeu de l&#8217; Id CAT\u00a0 m\u00f2bil o tingueu cap mena de problema, porteu la documentaci\u00f3 a la secretaria del centre per a a formalitzar la matr\u00edcula<\/p>\n<p>*Al centre omplireu la fitxa d&#8217;alumne i signareu els documents de protecci\u00f3 de dades<\/p>\n","protected":false},"excerpt":{"rendered":"<p>Podeu fer la matr\u00edcula en aquest enlla\u00e7:\u00a0 <a href=\"https:\/\/www.moralanova.cat\/sollicitud-alta-matricula-assistencia-escola-municipal-darts-plastiques-i-disseny\/\">MATR\u00cdCULA ON LINE<\/a><br \/>\nNecessitareu l&#8217;\u00a0 IdCATt m\u00f2bil per accedir al tr\u00e0mit i anar seguint els passos<br \/>\nDOCUMENTACI\u00d3 PER ADJUNTAR<\/p>\n<ul>\n<li>DNI<\/li>\n<li>Targeta sanit\u00e0ria<\/li>\n<li>Resguard de pagament de la quota de matr\u00edcula<\/li>\n<\/ul>\n<p>En cas que no disposeu de l&#8217; Id CAT\u00a0 m\u00f2bil o tingueu cap&hellip;  <a href=\"https:\/\/agora.xtec.cat\/eamoralanova\/matricula-on-line\/\" title=\"Read MATR\u00cdCULA ON LINE\">Llegeix m\u00e9s\u00bb<\/a><\/p>\n","protected":false},"author":1,"featured_media":0,"parent":0,"menu_order":0,"comment_status":"closed","ping_status":"closed","template":"","meta":{"_bbp_topic_count":0,"_bbp_reply_count":0,"_bbp_total_topic_count":0,"_bbp_total_reply_count":0,"_bbp_voice_count":0,"_bbp_anonymous_reply_count":0,"_bbp_topic_count_hidden":0,"_bbp_reply_count_hidden":0,"_bbp_forum_subforum_count":0,"footnotes":""},"class_list":["post-1231","page","type-page","status-publish","hentry"],"post_mailing_queue_ids":[],"_links":{"self":[{"href":"https:\/\/agora.xtec.cat\/eamoralanova\/wp-json\/wp\/v2\/pages\/1231","targetHints":{"allow":["GET"]}}],"collection":[{"href":"https:\/\/agora.xtec.cat\/eamoralanova\/wp-json\/wp\/v2\/pages"}],"about":[{"href":"https:\/\/agora.xtec.cat\/eamoralanova\/wp-json\/wp\/v2\/types\/page"}],"author":[{"embeddable":true,"href":"https:\/\/agora.xtec.cat\/eamoralanova\/wp-json\/wp\/v2\/users\/1"}],"replies":[{"embeddable":true,"href":"https:\/\/agora.xtec.cat\/eamoralanova\/wp-json\/wp\/v2\/comments?post=1231"}],"version-history":[{"count":5,"href":"https:\/\/agora.xtec.cat\/eamoralanova\/wp-json\/wp\/v2\/pages\/1231\/revisions"}],"predecessor-version":[{"id":1395,"href":"https:\/\/agora.xtec.cat\/eamoralanova\/wp-json\/wp\/v2\/pages\/1231\/revisions\/1395"}],"wp:attachment":[{"href":"https:\/\/agora.xtec.cat\/eamoralanova\/wp-json\/wp\/v2\/media?parent=1231"}],"curies":[{"name":"wp","href":"https:\/\/api.w.org\/{rel}","templated":true}]}}