{"id":679,"date":"2018-11-30T10:02:37","date_gmt":"2018-11-30T09:02:37","guid":{"rendered":"https:\/\/agora.xtec.cat\/eaemporda\/?page_id=679"},"modified":"2026-04-01T17:34:07","modified_gmt":"2026-04-01T15:34:07","slug":"sistema-de-gestio-de-la-qualitat","status":"publish","type":"page","link":"https:\/\/agora.xtec.cat\/eaemporda\/lescola\/sistema-de-gestio-de-la-qualitat\/","title":{"rendered":"Sistema de Gesti\u00f3 Integrat de la Qualitat"},"content":{"rendered":"<p style=\"text-align: justify;\">L\u2019<strong>Escola Agr\u00e0ria i Aliment\u00e0ria de l\u2019Empord\u00e0, <\/strong>com a part integrant del Servei de Formaci\u00f3 Agr\u00e0ria, est\u00e0 certificada amb el sistema <strong>ISO 9001<\/strong>\u00a0de <strong>gesti\u00f3 de la qualitat i <\/strong>el sistema <strong>ISO 14001 <\/strong>de <strong>gesti\u00f3 ambiental<\/strong><\/p>\n<p style=\"text-align: justify;\">Per nosaltres, la qualitat i la sostenibilitat mediambiental s\u00f3n una part fonamental i priorit\u00e0ria en la filosofia i l\u2019estrat\u00e8gia de la nostra escola. A continuaci\u00f3, podeu consultar la <strong>pol\u00edtica de qualitat del Sistema Integrat de Gesti\u00f3<\/strong> del Servei de Formaci\u00f3 Agr\u00e0ria:<\/p>\n<p>&nbsp;<\/p>\n<p><a href=\"https:\/\/agricultura.gencat.cat\/ca\/ambits\/formacio-innovacio\/formacio-agraria\/qualitat\/index.html\">Pol\u00edtica Sistema Integrat de Gesti\u00f3<\/a><\/p>\n<p><a href=\"https:\/\/agora.xtec.cat\/eaemporda\/wp-content\/uploads\/usu1941\/2026\/04\/9001-CAT-SERVEI-DE-FORMACIO-AGRARIA-DEPARTAMENT-DAGRICULTURA-RAMADERIA-PESCA-I-ALIMENTACIO_signed.pdf\">Certificat ISO 9001<\/a><\/p>\n<p><a href=\"https:\/\/agora.xtec.cat\/eaemporda\/wp-content\/uploads\/usu1941\/2026\/04\/14001-CAT-SERVEI-DE-FORMACIO-AGRARIA-DEPARTAMENT-DAGRICULTURA-RAMADERIA-PESCA-I-ALIMENTACIO_signed.pdf\">Certificat ISO 14001 <\/a><\/p>\n","protected":false},"excerpt":{"rendered":"<p>L\u2019Escola Agr\u00e0ria i Aliment\u00e0ria de l\u2019Empord\u00e0, com a part integrant del Servei de Formaci\u00f3 Agr\u00e0ria, est\u00e0 certificada amb el sistema ISO 9001\u00a0de gesti\u00f3 de la qualitat i el sistema ISO 14001 de gesti\u00f3 ambiental<br \/>\nPer nosaltres, la qualitat i la sostenibilitat mediambiental s\u00f3n una part fonamental&hellip;  <a href=\"https:\/\/agora.xtec.cat\/eaemporda\/lescola\/sistema-de-gestio-de-la-qualitat\/\" title=\"Read Sistema de Gesti\u00f3 Integrat de la Qualitat\">Llegeix m\u00e9s\u00bb<\/a><\/p>\n","protected":false},"author":1,"featured_media":0,"parent":581,"menu_order":0,"comment_status":"closed","ping_status":"closed","template":"","meta":{"_bbp_topic_count":0,"_bbp_reply_count":0,"_bbp_total_topic_count":0,"_bbp_total_reply_count":0,"_bbp_voice_count":0,"_bbp_anonymous_reply_count":0,"_bbp_topic_count_hidden":0,"_bbp_reply_count_hidden":0,"_bbp_forum_subforum_count":0,"footnotes":""},"class_list":["post-679","page","type-page","status-publish","hentry"],"post_mailing_queue_ids":[],"_links":{"self":[{"href":"https:\/\/agora.xtec.cat\/eaemporda\/wp-json\/wp\/v2\/pages\/679","targetHints":{"allow":["GET"]}}],"collection":[{"href":"https:\/\/agora.xtec.cat\/eaemporda\/wp-json\/wp\/v2\/pages"}],"about":[{"href":"https:\/\/agora.xtec.cat\/eaemporda\/wp-json\/wp\/v2\/types\/page"}],"author":[{"embeddable":true,"href":"https:\/\/agora.xtec.cat\/eaemporda\/wp-json\/wp\/v2\/users\/1"}],"replies":[{"embeddable":true,"href":"https:\/\/agora.xtec.cat\/eaemporda\/wp-json\/wp\/v2\/comments?post=679"}],"version-history":[{"count":6,"href":"https:\/\/agora.xtec.cat\/eaemporda\/wp-json\/wp\/v2\/pages\/679\/revisions"}],"predecessor-version":[{"id":3272,"href":"https:\/\/agora.xtec.cat\/eaemporda\/wp-json\/wp\/v2\/pages\/679\/revisions\/3272"}],"up":[{"embeddable":true,"href":"https:\/\/agora.xtec.cat\/eaemporda\/wp-json\/wp\/v2\/pages\/581"}],"wp:attachment":[{"href":"https:\/\/agora.xtec.cat\/eaemporda\/wp-json\/wp\/v2\/media?parent=679"}],"curies":[{"name":"wp","href":"https:\/\/api.w.org\/{rel}","templated":true}]}}