{"id":613,"date":"2018-11-23T09:48:10","date_gmt":"2018-11-23T08:48:10","guid":{"rendered":"https:\/\/agora.xtec.cat\/eaemporda\/?page_id=613"},"modified":"2026-03-26T08:53:27","modified_gmt":"2026-03-26T07:53:27","slug":"calendari-i-horaris","status":"publish","type":"page","link":"https:\/\/agora.xtec.cat\/eaemporda\/estudis\/calendari-i-horaris\/","title":{"rendered":"Calendari i horaris"},"content":{"rendered":"<h3><strong>CALENDARI ESCOLAR 25\/26<\/strong><\/h3>\n<p><strong>Inici del curs<\/strong>: 12 de setembre de 2025<\/p>\n<p><strong>\u00a0 \u00a0 \u00a01<sup>a<\/sup> Avaluaci\u00f3<\/strong>: del 12 de setembre al 28 de novembre de 2025<\/p>\n<p><strong>\u00a0 \u00a0 \u00a02<sup>a<\/sup> Avaluaci\u00f3<\/strong>: de l&#8217;1 de desembre de 2025 al 6 e mar\u00e7 de 2026<\/p>\n<p><strong>\u00a0 \u00a0 \u00a03<sup>a<\/sup> Avaluaci\u00f3<\/strong>: del 9 de mar\u00e7 al 5 de juny de 2026<\/p>\n<p><strong>Ex\u00e0mens i proves per a la recuperaci\u00f3 extraordin\u00e0ria: \u00a0<\/strong>Del 11 al 16 de juny de 2025<\/p>\n<p><strong>Vacances de Nadal<\/strong>: del 22 de desembre de 2025 al 7 de gener de 2026, ambd\u00f3s inclosos<\/p>\n<p><strong>Vacances de Setmana Santa<\/strong>: del 30 de mar\u00e7 al 6 d&#8217;abril de 2026, ambd\u00f3s inclosos<\/p>\n<p><strong>Dies de lliure disposici\u00f3<\/strong>:<\/p>\n<ul>\n<li>13 d&#8217;octubre de 2025<\/li>\n<li>13 i 16 de febrer de 2026<\/li>\n<li>4 de maig de 2026<\/li>\n<\/ul>\n<p><strong>Acabament de curs:<\/strong> 21 de juny de 2026<\/p>\n<p><strong style=\"font-size: 1.6875em;\">HORARIS 25\/26<\/strong><\/p>\n<p>L&#8217;horari del Cicle Formatiu \u00e9s de dilluns i dimarts, de 8.30 a 15.00 i dimecres, dijous i divendres, de 8.30 a 14.30<\/p>\n<p>Els alumnes de segon curs fan classe a l&#8217;escola el dilluns i el dimarts i la resta de la setmana fan l&#8217;estada a l&#8217;empresa en formaci\u00f3 dual<\/p>\n","protected":false},"excerpt":{"rendered":"<p>CALENDARI ESCOLAR 25\/26<br \/>\nInici del curs: 12 de setembre de 2025<br \/>\n\u00a0 \u00a0 \u00a01a Avaluaci\u00f3: del 12 de setembre al 28 de novembre de 2025<br \/>\n\u00a0 \u00a0 \u00a02a Avaluaci\u00f3: de l&#8217;1 de desembre de 2025 al 6 e mar\u00e7 de 2026<br \/>\n\u00a0 \u00a0 \u00a03a Avaluaci\u00f3: del 9 de mar\u00e7&hellip;  <a href=\"https:\/\/agora.xtec.cat\/eaemporda\/estudis\/calendari-i-horaris\/\" title=\"Read Calendari i horaris\">Llegeix m\u00e9s\u00bb<\/a><\/p>\n","protected":false},"author":1,"featured_media":0,"parent":195,"menu_order":0,"comment_status":"closed","ping_status":"closed","template":"","meta":{"_bbp_topic_count":0,"_bbp_reply_count":0,"_bbp_total_topic_count":0,"_bbp_total_reply_count":0,"_bbp_voice_count":0,"_bbp_anonymous_reply_count":0,"_bbp_topic_count_hidden":0,"_bbp_reply_count_hidden":0,"_bbp_forum_subforum_count":0,"footnotes":""},"class_list":["post-613","page","type-page","status-publish","hentry"],"post_mailing_queue_ids":[],"_links":{"self":[{"href":"https:\/\/agora.xtec.cat\/eaemporda\/wp-json\/wp\/v2\/pages\/613","targetHints":{"allow":["GET"]}}],"collection":[{"href":"https:\/\/agora.xtec.cat\/eaemporda\/wp-json\/wp\/v2\/pages"}],"about":[{"href":"https:\/\/agora.xtec.cat\/eaemporda\/wp-json\/wp\/v2\/types\/page"}],"author":[{"embeddable":true,"href":"https:\/\/agora.xtec.cat\/eaemporda\/wp-json\/wp\/v2\/users\/1"}],"replies":[{"embeddable":true,"href":"https:\/\/agora.xtec.cat\/eaemporda\/wp-json\/wp\/v2\/comments?post=613"}],"version-history":[{"count":6,"href":"https:\/\/agora.xtec.cat\/eaemporda\/wp-json\/wp\/v2\/pages\/613\/revisions"}],"predecessor-version":[{"id":3259,"href":"https:\/\/agora.xtec.cat\/eaemporda\/wp-json\/wp\/v2\/pages\/613\/revisions\/3259"}],"up":[{"embeddable":true,"href":"https:\/\/agora.xtec.cat\/eaemporda\/wp-json\/wp\/v2\/pages\/195"}],"wp:attachment":[{"href":"https:\/\/agora.xtec.cat\/eaemporda\/wp-json\/wp\/v2\/media?parent=613"}],"curies":[{"name":"wp","href":"https:\/\/api.w.org\/{rel}","templated":true}]}}