{"id":603,"date":"2018-11-22T14:19:37","date_gmt":"2018-11-22T13:19:37","guid":{"rendered":"https:\/\/agora.xtec.cat\/eaemporda\/?page_id=603"},"modified":"2026-02-24T11:56:03","modified_gmt":"2026-02-24T10:56:03","slug":"continguts-del-cfgs","status":"publish","type":"page","link":"https:\/\/agora.xtec.cat\/eaemporda\/estudis\/continguts-del-cfgs\/","title":{"rendered":"Continguts del CFGS"},"content":{"rendered":"<p>El <a href=\"https:\/\/agora.xtec.cat\/eaemporda\/estudis\/\">CFGS de Processos i Qualitat en Ind\u00fastries Aliment\u00e0ries<\/a> consta de <strong>dos cursos acad\u00e8mics<\/strong>, i un total de <strong>2.000 hores<\/strong> de formaci\u00f3. Durant el segon curs, es pot fer la <a href=\"https:\/\/agora.xtec.cat\/eaemporda\/estudis\/formacio-dual\/\">formaci\u00f3 dual intensiva<\/a>, que consisteix a fer 1000 hores de formaci\u00f3 a l&#8217;empresa amb una beca formativa, o b\u00e9 seguir l&#8217;itinerari de formaci\u00f3 dual convencional, que consta de 516 hores a l&#8217;empresa i un projecte a l&#8217;escola.<\/p>\n<h4><strong><u>1r CURS<\/u><\/strong><strong><img loading=\"lazy\" decoding=\"async\" class=\"alignright wp-image-2253 \" src=\"https:\/\/agora.xtec.cat\/eaemporda\/wp-content\/uploads\/usu1941\/2023\/03\/1.jpg\" alt=\"\" width=\"361\" height=\"641\" srcset=\"https:\/\/agora.xtec.cat\/eaemporda\/wp-content\/uploads\/usu1941\/2023\/03\/1.jpg 421w, https:\/\/agora.xtec.cat\/eaemporda\/wp-content\/uploads\/usu1941\/2023\/03\/1-169x300.jpg 169w\" sizes=\"auto, (max-width: 361px) 100vw, 361px\" \/><br \/>\n<\/strong><\/h4>\n<p>&nbsp;<\/p>\n<p><strong>TECNOLOGIA ALIMENT\u00c0RIA<\/strong><br \/>\nRA &#8211; Reconeix els processos d&#8217;elaboraci\u00f3 de la ind\u00fastria c\u00e0rnia, de productes derivats de la pesca i aq\u00fcicultura, de productes lactis, de conserves i\/o sucs vegetals, de derivats de cereals i de dol\u00e7os i d&#8217;altres productes alimentaris descrivint els procediments i les t\u00e8cniques associades<\/p>\n<p><strong>AN\u00c0LISI D\u2019ALIMENTS<\/strong><br \/>\nRA &#8211; Organitza el laboratori, realitza el mostreig i la preparaci\u00f3 de la mostra, aplica t\u00e8cniques d&#8217;an\u00e0lisis f\u00edsiques i qu\u00edmics en aliments i elabora informes t\u00e8cnics<\/p>\n<p><strong>TRACTAMENTS DE PREPARACI\u00d3 I CONSERVACI\u00d3 DELS ALIMENTS<\/strong><br \/>\nRA &#8211; Organitza el condicionament i la transformaci\u00f3 de les mat\u00e8ries primeres, condueix i aplica els tractaments de conservaci\u00f3, supervisa els tractaments d\u2019assecatge i de concentraci\u00f3 dels productes alimentaris i els elabora i organitza l\u2019envasament i embalatge dels productes elaborats<\/p>\n<p><strong>ORGANITZACI\u00d3 DE LA PRODUCCI\u00d3 ALIMENT\u00c0RIA<\/strong><br \/>\nRA &#8211; Determina els programes de producci\u00f3 d\u2019una unitat productiva, coordina grups de treball, supervisa la producci\u00f3 i calcula els costos de producci\u00f3<\/p>\n<p><strong>INNOVACI\u00d3 ALIMENT\u00c0RIA<\/strong><br \/>\nRA &#8211; Supervisa l&#8217;elaboraci\u00f3 d&#8217;aliments amb major vida \u00fatil, descrivint els seus fonaments tecnol\u00f2gics, condueix l&#8217;elaboraci\u00f3 d&#8217;aliments adaptats a noves vetes de mercat, controla l&#8217;elaboraci\u00f3 d&#8217;aliments funcionals i condueix l&#8217;elaboraci\u00f3 d&#8217;aliments adaptats a grups de poblaci\u00f3 amb intoler\u00e0ncia aliment\u00e0ria<\/p>\n<p><strong>CONTROL MICROBIOL\u00d2GIC I SENSORIAL D\u2019ALIMENTS<\/strong><br \/>\nRA &#8211; Organitza el laboratori de microbiologia. realitza assajos microbiol\u00f2gics, condiciona la sala de tast i els materials i realitza l&#8217;an\u00e0lisi sensorial<\/p>\n<p><strong>NUTRICI\u00d3 I SEGURETAT ALIMENT\u00c0RIA<\/strong><br \/>\nRA &#8211; Reconeix els conceptes b\u00e0sics d&#8217;una correcta nutrici\u00f3 i els productes alimentaris destinats a poblacions espec\u00edfiques, supervisa l&#8217;aplicaci\u00f3 de bones pr\u00e0ctiques higi\u00e8niques i de manipulaci\u00f3 dels aliments, supervisa els plans de suport o prerequisits d&#8217;obligat compliment i gestiona sistemes d&#8217;autocontrol basats en l\u2019APPCC<\/p>\n<p><strong>BIOTECNOLOGIA ALIMENT\u00c0RIA<\/strong><br \/>\nRA &#8211; Reconeix els processos d&#8217;elaboraci\u00f3 d&#8217;altres productes alimentaris, analitza els fonaments de la microbiologia, caracteritza els bioreactors, descriu les aplicacions de la biotecnologia en la ind\u00fastria aliment\u00e0ria i reconeix els biosensors i altres aplicacions de la biotecnologia<a href=\"https:\/\/agora.xtec.cat\/eaemporda\/wp-content\/uploads\/usu1941\/2024\/11\/EAAEmporda_1.jpeg\"><img loading=\"lazy\" decoding=\"async\" class=\"wp-image-2841 alignright\" src=\"https:\/\/agora.xtec.cat\/eaemporda\/wp-content\/uploads\/usu1941\/2024\/11\/EAAEmporda_1.jpeg\" alt=\"\" width=\"432\" height=\"324\" srcset=\"https:\/\/agora.xtec.cat\/eaemporda\/wp-content\/uploads\/usu1941\/2024\/11\/EAAEmporda_1.jpeg 1600w, https:\/\/agora.xtec.cat\/eaemporda\/wp-content\/uploads\/usu1941\/2024\/11\/EAAEmporda_1-300x225.jpeg 300w, https:\/\/agora.xtec.cat\/eaemporda\/wp-content\/uploads\/usu1941\/2024\/11\/EAAEmporda_1-1024x768.jpeg 1024w, https:\/\/agora.xtec.cat\/eaemporda\/wp-content\/uploads\/usu1941\/2024\/11\/EAAEmporda_1-768x576.jpeg 768w, https:\/\/agora.xtec.cat\/eaemporda\/wp-content\/uploads\/usu1941\/2024\/11\/EAAEmporda_1-1536x1152.jpeg 1536w, https:\/\/agora.xtec.cat\/eaemporda\/wp-content\/uploads\/usu1941\/2024\/11\/EAAEmporda_1-200x150.jpeg 200w\" sizes=\"auto, (max-width: 432px) 100vw, 432px\" \/><\/a><\/p>\n<p><strong>ANGL\u00c8S PROFESSIONAL<\/strong><br \/>\nRA &#8211; Compr\u00e8n i emet informaci\u00f3, d&#8217;\u00edndole professional, acad\u00e8mica i quotidiana, continguda en tota mena de discursos orals, compr\u00e8n missatges escrits, redacta documents i informes i aplica actituds i comportaments professionals en situacions de comunicaci\u00f3<\/p>\n<p><strong>ITINERARI PERSONAL PER A L&#8217;OCUPABILITAT I<\/strong><br \/>\nRA &#8211; Distingeix les caracter\u00edstiques del sector productiu i defineix els llocs de treball, assoleix les compet\u00e8ncies necess\u00e0ries per a l&#8217;obtenci\u00f3 del t\u00edtol de T\u00e8cnic B\u00e0sic en Prevenci\u00f3 de Riscos Laborals, analitza les seves condicions laborals com a persona treballadora per compte d&#8217;altri, analitza i avalua el seu potencial professional i els seus interessos per a guiar-se en el proc\u00e9s d\u2019auto orientaci\u00f3 i elabora un full de ruta per a la inserci\u00f3 professional i aplica les estrat\u00e8gies per a l&#8217;aprenentatge aut\u00f2nom reconeixent el seu valor professionalitzador.<\/p>\n<p><strong>ESTAD\u00cdSTICA, CONTROLS OFICIALS I DE PROCESSOS<\/strong><\/p>\n<p><strong>BEGUDES ALCOHOLIQUES I DERIVATS<\/strong><\/p>\n<p>&nbsp;<\/p>\n<h4><strong><u>2n CURS<\/u><\/strong><\/h4>\n<p>&nbsp;<\/p>\n<p><strong>MANTENIMENT ELECTROMEC\u00c0NIC EN IND\u00daSTRIES DE PROC\u00c9S<img loading=\"lazy\" decoding=\"async\" class=\"wp-image-2842 alignright\" src=\"https:\/\/agora.xtec.cat\/eaemporda\/wp-content\/uploads\/usu1941\/2024\/11\/EAAEmporda_4.png\" alt=\"\" width=\"629\" height=\"354\" srcset=\"https:\/\/agora.xtec.cat\/eaemporda\/wp-content\/uploads\/usu1941\/2024\/11\/EAAEmporda_4.png 1920w, https:\/\/agora.xtec.cat\/eaemporda\/wp-content\/uploads\/usu1941\/2024\/11\/EAAEmporda_4-300x169.png 300w, https:\/\/agora.xtec.cat\/eaemporda\/wp-content\/uploads\/usu1941\/2024\/11\/EAAEmporda_4-1024x576.png 1024w, https:\/\/agora.xtec.cat\/eaemporda\/wp-content\/uploads\/usu1941\/2024\/11\/EAAEmporda_4-768x432.png 768w, https:\/\/agora.xtec.cat\/eaemporda\/wp-content\/uploads\/usu1941\/2024\/11\/EAAEmporda_4-1536x864.png 1536w\" sizes=\"auto, (max-width: 629px) 100vw, 629px\" \/><\/strong><br \/>\nRA &#8211; Identifica els materials que constitueixen els equips i instal\u00b7lacions de la ind\u00fastria de proc\u00e9s, analitza els elements mec\u00e0nics d&#8217;equips, m\u00e0quines i instal\u00b7lacions, caracteritza instal\u00b7lacions hidr\u00e0uliques i pneum\u00e0tiques i identifica les m\u00e0quines el\u00e8ctriques<\/p>\n<p><strong>PROCESSOS INTEGRATS EN LA IND\u00daSTRIA ALIMENT\u00c0RIA<\/strong><br \/>\nRA &#8211; Regula els sistemes de control dels processos productius i condueix l\u2019elaboraci\u00f3 d\u2019un producte alimentari de la ind\u00fastria l\u00e0ctia, c\u00e0rnia, de la pesca i del producte vegetal<\/p>\n<p><strong>ITINERARI PERSONAL PER A L&#8217;OCUPABILITAT II<\/strong><br \/>\nRA &#8211; Planifica i posa en marxa estrat\u00e8gies en els diferents processos selectius d&#8217;ocupaci\u00f3, aplica estrat\u00e8gies relacionades amb les compet\u00e8ncies personals, socials i emocionals, posa en pr\u00e0ctica habilitats emprenedores i identifica, defineix i valida idees d\u2019emprenedoria generadores de noves oportunitats<\/p>\n<p><strong>GESTI\u00d3 DE LA QUALITAT I AMBIENTAL<\/strong><br \/>\nRA \u2013 Aplica sistemes de gesti\u00f3 de qualitat, aplica est\u00e0ndards voluntaris de gesti\u00f3 de la seguretat aliment\u00e0ria, elabora els registres de qualitat, controla els abocaments, residus i emissions generades, utilitza els recursos eficientment i aplica sistemes de gesti\u00f3 ambiental<\/p>\n<p><strong>COMERCIALITZACI\u00d3 I LOG\u00cdSTICA EN LA IND\u00daSTRIA ALIMENT\u00c0RIA<\/strong><br \/>\nRA &#8211; Programa el prove\u00efment, controla la recepci\u00f3, l&#8217;expedici\u00f3 i l&#8217;emmagatzematge de mercaderies, comercialitza mat\u00e8ries primeres, auxiliars i productes, promociona els productes elaborats i aplica les tecnologies de la informaci\u00f3 i comunicaci\u00f3 en la gesti\u00f3 log\u00edstica i comercial<img loading=\"lazy\" decoding=\"async\" class=\"wp-image-2843 alignright\" src=\"https:\/\/agora.xtec.cat\/eaemporda\/wp-content\/uploads\/usu1941\/2024\/11\/EAAEmporda_3.jpeg\" alt=\"\" width=\"317\" height=\"423\" srcset=\"https:\/\/agora.xtec.cat\/eaemporda\/wp-content\/uploads\/usu1941\/2024\/11\/EAAEmporda_3.jpeg 1500w, https:\/\/agora.xtec.cat\/eaemporda\/wp-content\/uploads\/usu1941\/2024\/11\/EAAEmporda_3-225x300.jpeg 225w, https:\/\/agora.xtec.cat\/eaemporda\/wp-content\/uploads\/usu1941\/2024\/11\/EAAEmporda_3-768x1024.jpeg 768w, https:\/\/agora.xtec.cat\/eaemporda\/wp-content\/uploads\/usu1941\/2024\/11\/EAAEmporda_3-1152x1536.jpeg 1152w\" sizes=\"auto, (max-width: 317px) 100vw, 317px\" \/><\/p>\n<p><strong>SOSTENIBILITAT APLICADA AL SISTEMA PRODUCTIU<\/strong><br \/>\nRA &#8211; Identifica els aspectes ambientals, socials i de governan\u00e7a (ASG) relatius a la sostenibilitat, caracteritza els reptes ambientals i socials als quals s&#8217;enfronta la societat, estableix l&#8217;aplicaci\u00f3 de criteris de sostenibilitat, proposa productes i serveis responsables, realitza activitats sostenibles i analitza un pla de sostenibilitat d&#8217;una empresa del sector<\/p>\n<p><strong>DIGITALITZACI\u00d3 APLICADA ALS SECTORS PRODUCTIUS<\/strong><br \/>\nRA &#8211; Analitza el concepte de digitalitzaci\u00f3 i la seva repercussi\u00f3 en els sectors productius i caracteritza les tecnologies habilitadores digitals, identifica sistemes basats en n\u00favol, identifica aplicacions de la IA, avalua la import\u00e0ncia de les dades i desenvolupa un projecte de transformaci\u00f3 digital<\/p>\n<p><strong>PROJECTE INTERMODULAR<\/strong><br \/>\nRA &#8211; Identifica necessitats del sector productiu, dissenya projectes relacionats amb les compet\u00e8ncies expressades en el t\u00edtol, planifica l&#8217;execuci\u00f3 del projecte, defineix els procediments per al seguiment i control en l&#8217;execuci\u00f3 del projecte<\/p>\n<p><strong>FORMACI\u00d3 DUAL \u2013 M\u00d2DUL OPTATIU<\/strong><\/p>\n<p>&nbsp;<\/p>\n","protected":false},"excerpt":{"rendered":"<p>El <a href=\"https:\/\/agora.xtec.cat\/eaemporda\/estudis\/\">CFGS de Processos i Qualitat en Ind\u00fastries Aliment\u00e0ries<\/a> consta de dos cursos acad\u00e8mics, i un total de 2.000 hores de formaci\u00f3. Durant el segon curs, es pot fer la <a href=\"https:\/\/agora.xtec.cat\/eaemporda\/estudis\/formacio-dual\/\">formaci\u00f3 dual intensiva<\/a>, que consisteix a fer 1000 hores de formaci\u00f3 a l&#8217;empresa&hellip;  <a href=\"https:\/\/agora.xtec.cat\/eaemporda\/estudis\/continguts-del-cfgs\/\" title=\"Read Continguts del CFGS\">Llegeix m\u00e9s\u00bb<\/a><\/p>\n","protected":false},"author":1,"featured_media":0,"parent":195,"menu_order":0,"comment_status":"closed","ping_status":"closed","template":"","meta":{"_bbp_topic_count":0,"_bbp_reply_count":0,"_bbp_total_topic_count":0,"_bbp_total_reply_count":0,"_bbp_voice_count":0,"_bbp_anonymous_reply_count":0,"_bbp_topic_count_hidden":0,"_bbp_reply_count_hidden":0,"_bbp_forum_subforum_count":0,"footnotes":""},"class_list":["post-603","page","type-page","status-publish","hentry"],"post_mailing_queue_ids":[],"_links":{"self":[{"href":"https:\/\/agora.xtec.cat\/eaemporda\/wp-json\/wp\/v2\/pages\/603","targetHints":{"allow":["GET"]}}],"collection":[{"href":"https:\/\/agora.xtec.cat\/eaemporda\/wp-json\/wp\/v2\/pages"}],"about":[{"href":"https:\/\/agora.xtec.cat\/eaemporda\/wp-json\/wp\/v2\/types\/page"}],"author":[{"embeddable":true,"href":"https:\/\/agora.xtec.cat\/eaemporda\/wp-json\/wp\/v2\/users\/1"}],"replies":[{"embeddable":true,"href":"https:\/\/agora.xtec.cat\/eaemporda\/wp-json\/wp\/v2\/comments?post=603"}],"version-history":[{"count":6,"href":"https:\/\/agora.xtec.cat\/eaemporda\/wp-json\/wp\/v2\/pages\/603\/revisions"}],"predecessor-version":[{"id":3129,"href":"https:\/\/agora.xtec.cat\/eaemporda\/wp-json\/wp\/v2\/pages\/603\/revisions\/3129"}],"up":[{"embeddable":true,"href":"https:\/\/agora.xtec.cat\/eaemporda\/wp-json\/wp\/v2\/pages\/195"}],"wp:attachment":[{"href":"https:\/\/agora.xtec.cat\/eaemporda\/wp-json\/wp\/v2\/media?parent=603"}],"curies":[{"name":"wp","href":"https:\/\/api.w.org\/{rel}","templated":true}]}}