{"id":581,"date":"2018-11-19T16:56:52","date_gmt":"2018-11-19T15:56:52","guid":{"rendered":"https:\/\/agora.xtec.cat\/eaemporda\/?page_id=581"},"modified":"2025-02-19T18:11:18","modified_gmt":"2025-02-19T17:11:18","slug":"lescola","status":"publish","type":"page","link":"https:\/\/agora.xtec.cat\/eaemporda\/lescola\/","title":{"rendered":"L&#8217;Escola"},"content":{"rendered":"<p>L\u2019<strong>Escola Agr\u00e0ria i Aliment\u00e0ria de l\u2019Empord\u00e0\u00a0<\/strong>es troba al municipi de <strong>Monells<\/strong>, al Baix Empord\u00e0, enmig d\u2019un entorn rural ubicat dins del Campus Agroalimentari de Girona, juntament amb l\u2019<a href=\"https:\/\/www.irta.cat\/es\/\">IRTA<\/a>, i forma part de la xarxa d\u2019escoles del\u00a0Servei de Formaci\u00f3 Agr\u00e0ria\u00a0del <a href=\"https:\/\/agricultura.gencat.cat\/ca\/inici\">Departament d\u2019Agricultura, Ramaderia, Pesca i Alimentaci\u00f3.<\/a><\/p>\n<p>Va iniciar la seva activitat l\u2019any 1971 i actualment, est\u00e0 especialitzat en la formaci\u00f3 dirigida a la <strong>ind\u00fastria aliment\u00e0ria.<\/strong> L\u2019escola ofereix formaci\u00f3 reglada a trav\u00e9s del <a href=\"https:\/\/agora.xtec.cat\/eaemporda\/estudis\/\">Cicle Formatiu de Grau Superior de Processos i Qualitat en Ind\u00fastries Aliment\u00e0ries<\/a> en <a href=\"https:\/\/agora.xtec.cat\/eaemporda\/estudis\/formacio-dual\/\">modalitat dual.<\/a> Tamb\u00e9, compta amb una \u00e0mplia oferta de formaci\u00f3 cont\u00ednua amb cursos de durada variable i jornades t\u00e8cniques dirigits als professionals del <strong>sector agroalimentari<\/strong>, als <strong>petits productors i transformadors agroalimentaris<\/strong> i als <strong>productors agraris<\/strong> que es volen iniciar en la transformaci\u00f3 de productes.<\/p>\n<p><a href=\"https:\/\/www.youtube.com\/watch?v=u3qUY6JzatQ\" target=\"_blank\" rel=\"noopener\"><img loading=\"lazy\" decoding=\"async\" class=\"size-full wp-image-2223 aligncenter\" src=\"https:\/\/agora.xtec.cat\/eaemporda\/wp-content\/uploads\/usu1941\/2023\/03\/07.02-Escola-Agraria-Emporda-copia.png\" alt=\"\" width=\"682\" height=\"384\" srcset=\"https:\/\/agora.xtec.cat\/eaemporda\/wp-content\/uploads\/usu1941\/2023\/03\/07.02-Escola-Agraria-Emporda-copia.png 682w, https:\/\/agora.xtec.cat\/eaemporda\/wp-content\/uploads\/usu1941\/2023\/03\/07.02-Escola-Agraria-Emporda-copia-300x169.png 300w\" sizes=\"auto, (max-width: 682px) 100vw, 682px\" \/><\/a><\/p>\n","protected":false},"excerpt":{"rendered":"<p>L\u2019Escola Agr\u00e0ria i Aliment\u00e0ria de l\u2019Empord\u00e0\u00a0es troba al municipi de Monells, al Baix Empord\u00e0, enmig d\u2019un entorn rural ubicat dins del Campus Agroalimentari de Girona, juntament amb l\u2019<a href=\"https:\/\/www.irta.cat\/es\/\">IRTA<\/a>, i forma part de la xarxa d\u2019escoles del\u00a0Servei de Formaci\u00f3 Agr\u00e0ria\u00a0del <a href=\"https:\/\/agricultura.gencat.cat\/ca\/inici\">Departament d\u2019Agricultura, Ramaderia, Pesca&hellip;  <a href=\"https:\/\/agora.xtec.cat\/eaemporda\/lescola\/\" title=\"Read L&#8217;Escola\">Llegeix m\u00e9s\u00bb<\/a><\/p>\n","protected":false},"author":1,"featured_media":0,"parent":0,"menu_order":0,"comment_status":"closed","ping_status":"closed","template":"page-templates\/side-menu.php","meta":{"_bbp_topic_count":0,"_bbp_reply_count":0,"_bbp_total_topic_count":0,"_bbp_total_reply_count":0,"_bbp_voice_count":0,"_bbp_anonymous_reply_count":0,"_bbp_topic_count_hidden":0,"_bbp_reply_count_hidden":0,"_bbp_forum_subforum_count":0,"footnotes":""},"class_list":["post-581","page","type-page","status-publish","hentry"],"post_mailing_queue_ids":[],"_links":{"self":[{"href":"https:\/\/agora.xtec.cat\/eaemporda\/wp-json\/wp\/v2\/pages\/581","targetHints":{"allow":["GET"]}}],"collection":[{"href":"https:\/\/agora.xtec.cat\/eaemporda\/wp-json\/wp\/v2\/pages"}],"about":[{"href":"https:\/\/agora.xtec.cat\/eaemporda\/wp-json\/wp\/v2\/types\/page"}],"author":[{"embeddable":true,"href":"https:\/\/agora.xtec.cat\/eaemporda\/wp-json\/wp\/v2\/users\/1"}],"replies":[{"embeddable":true,"href":"https:\/\/agora.xtec.cat\/eaemporda\/wp-json\/wp\/v2\/comments?post=581"}],"version-history":[{"count":4,"href":"https:\/\/agora.xtec.cat\/eaemporda\/wp-json\/wp\/v2\/pages\/581\/revisions"}],"predecessor-version":[{"id":2873,"href":"https:\/\/agora.xtec.cat\/eaemporda\/wp-json\/wp\/v2\/pages\/581\/revisions\/2873"}],"wp:attachment":[{"href":"https:\/\/agora.xtec.cat\/eaemporda\/wp-json\/wp\/v2\/media?parent=581"}],"curies":[{"name":"wp","href":"https:\/\/api.w.org\/{rel}","templated":true}]}}