{"id":49,"date":"2014-09-17T16:55:55","date_gmt":"2014-09-17T16:55:55","guid":{"rendered":"http:\/\/agora.xtec.cat\/eaemporda\/?page_id=49"},"modified":"2024-03-07T11:40:40","modified_gmt":"2024-03-07T10:40:40","slug":"normes-dorganitzacio-i-funcionament","status":"publish","type":"page","link":"https:\/\/agora.xtec.cat\/eaemporda\/lescola\/documentacio-de-centre\/normes-dorganitzacio-i-funcionament\/","title":{"rendered":"Normes i funcionament"},"content":{"rendered":"<p>Les <strong>Normes d\u2019Organitzaci\u00f3 i Funcionament del Centre (NOFC)<\/strong> neixen com a resposta a la necessitat de regular l\u2019organitzaci\u00f3 i el funcionament de l\u2019escola de forma \u00e0gil, efica\u00e7 i transparent.<\/p>\n<p>El seu objectiu \u00e9s establir de forma clara i coherent les relacions entre els diferents sectors que formen part de la <strong>comunitat educativa.<\/strong> Recullen les normes, pautes, regles o procediments a seguir en la realitzaci\u00f3 de les activitats i indica de manera espec\u00edfica les tasques dels \u00f2rgans i persones de l\u2019escola aix\u00ed com els seus drets.<\/p>\n<p>Consulta-les:<\/p>\n<p><a href=\"https:\/\/agora.xtec.cat\/eaemporda\/wp-content\/uploads\/usu1941\/2024\/03\/NOFC_v6.pdf\">NOFC_v6<\/a><\/p>\n","protected":false},"excerpt":{"rendered":"<p>Les Normes d\u2019Organitzaci\u00f3 i Funcionament del Centre (NOFC) neixen com a resposta a la necessitat de regular l\u2019organitzaci\u00f3 i el funcionament de l\u2019escola de forma \u00e0gil, efica\u00e7 i transparent.<br \/>\nEl seu objectiu \u00e9s establir de forma clara i coherent les relacions entre els diferents sectors que&hellip;  <a href=\"https:\/\/agora.xtec.cat\/eaemporda\/lescola\/documentacio-de-centre\/normes-dorganitzacio-i-funcionament\/\" title=\"Read Normes i funcionament\">Llegeix m\u00e9s\u00bb<\/a><\/p>\n","protected":false},"author":1,"featured_media":0,"parent":2463,"menu_order":60,"comment_status":"closed","ping_status":"closed","template":"page-templates\/side-menu.php","meta":{"_bbp_topic_count":0,"_bbp_reply_count":0,"_bbp_total_topic_count":0,"_bbp_total_reply_count":0,"_bbp_voice_count":0,"_bbp_anonymous_reply_count":0,"_bbp_topic_count_hidden":0,"_bbp_reply_count_hidden":0,"_bbp_forum_subforum_count":0,"footnotes":""},"class_list":["post-49","page","type-page","status-publish","hentry"],"post_mailing_queue_ids":[],"_links":{"self":[{"href":"https:\/\/agora.xtec.cat\/eaemporda\/wp-json\/wp\/v2\/pages\/49","targetHints":{"allow":["GET"]}}],"collection":[{"href":"https:\/\/agora.xtec.cat\/eaemporda\/wp-json\/wp\/v2\/pages"}],"about":[{"href":"https:\/\/agora.xtec.cat\/eaemporda\/wp-json\/wp\/v2\/types\/page"}],"author":[{"embeddable":true,"href":"https:\/\/agora.xtec.cat\/eaemporda\/wp-json\/wp\/v2\/users\/1"}],"replies":[{"embeddable":true,"href":"https:\/\/agora.xtec.cat\/eaemporda\/wp-json\/wp\/v2\/comments?post=49"}],"version-history":[{"count":6,"href":"https:\/\/agora.xtec.cat\/eaemporda\/wp-json\/wp\/v2\/pages\/49\/revisions"}],"predecessor-version":[{"id":2614,"href":"https:\/\/agora.xtec.cat\/eaemporda\/wp-json\/wp\/v2\/pages\/49\/revisions\/2614"}],"up":[{"embeddable":true,"href":"https:\/\/agora.xtec.cat\/eaemporda\/wp-json\/wp\/v2\/pages\/2463"}],"wp:attachment":[{"href":"https:\/\/agora.xtec.cat\/eaemporda\/wp-json\/wp\/v2\/media?parent=49"}],"curies":[{"name":"wp","href":"https:\/\/api.w.org\/{rel}","templated":true}]}}