{"id":3069,"date":"2026-01-12T16:08:34","date_gmt":"2026-01-12T15:08:34","guid":{"rendered":"https:\/\/agora.xtec.cat\/eaemporda\/?page_id=3069"},"modified":"2026-01-12T16:10:26","modified_gmt":"2026-01-12T15:10:26","slug":"cursos-2024","status":"publish","type":"page","link":"https:\/\/agora.xtec.cat\/eaemporda\/formacio-continua\/cursos\/cursos-2024\/","title":{"rendered":"Cursos 2024"},"content":{"rendered":"<p><strong>CURSOS REALITZATS 2024<\/strong><\/p>\n<table>\n<tbody>\n<tr>\n<td><strong>CURS<\/strong><\/td>\n<td><strong>LLOC<\/strong><\/td>\n<td><strong>DATES<\/strong><\/td>\n<td><strong>PROGRAMA I INSCRIPCIONS<\/strong><\/td>\n<\/tr>\n<tr>\n<td>Curs de les terrines c\u00e0rnies a baixa<br \/>\ntemperatura, qualitat, rendiment i textura<\/td>\n<td>Monells<\/td>\n<td>2 d\u2019abril<\/td>\n<td><a href=\"https:\/\/agora.xtec.cat\/eaemporda\/wp-content\/uploads\/usu1941\/2025\/03\/terrinescarnies.pdf\">terrinescarnies<\/a><\/td>\n<\/tr>\n<tr>\n<td>Taller pr\u00e0ctic d\u2019etiquetatge<\/td>\n<td>Monells. Semipresencial<\/td>\n<td>13, 20 i 27 de febrer i 6 de mar\u00e7<\/td>\n<td><a href=\"https:\/\/agora.xtec.cat\/eaemporda\/wp-content\/uploads\/usu1941\/2025\/01\/Taller-practic-detiquetatge.pdf\">Taller pr\u00e0ctic d\u2019etiquetatge<\/a><\/td>\n<\/tr>\n<tr>\n<td>Benestar animal en<br \/>\nexplotacions bovines<\/td>\n<td>Sant Joan de les Abadesses<\/td>\n<td>Del 4 al 25 de febrer<\/td>\n<td><a href=\"https:\/\/agora.xtec.cat\/eaemporda\/wp-content\/uploads\/usu1941\/2025\/01\/Benestar-animal-bovi.pdf\">Benestar animal bov\u00ed<\/a><\/td>\n<\/tr>\n<tr>\n<td>Curs de les terrines c\u00e0rnies a baixa<br \/>\ntemperatura, qualitat, rendiment i textura<\/td>\n<td>Monells<\/td>\n<td>Del 26 de febrer al 20 de mar\u00e7<\/td>\n<td><a href=\"https:\/\/agora.xtec.cat\/eaemporda\/wp-content\/uploads\/usu1941\/2025\/01\/Produccio-agricola-extensiva.pdf\">Producci\u00f3 agr\u00edcola extensiva<\/a><\/td>\n<\/tr>\n<tr>\n<td>Formaci\u00f3 en l\u2019elaboraci\u00f3 de productes carnis cuits tradicionals per a petits productors<\/td>\n<td>Semipresencial (EAA Empord\u00e0)<\/td>\n<td>23 i 30 de gener i 1 de febrer<\/td>\n<td><a href=\"https:\/\/agora.xtec.cat\/eaemporda\/wp-content\/uploads\/usu1941\/2023\/12\/23-01-2023_Formacio-en-lelaboracio-de-productes-carnis-cuits-tradicionals-per-a-petits-productors.pdf\" target=\"_blank\" rel=\"noopener\">Productes carnis cuits<\/a><\/td>\n<\/tr>\n<tr>\n<td>Inseminaci\u00f3 artificial en bov\u00ed de llet<\/td>\n<td>EAA Empord\u00e0<\/td>\n<td>21 i 22 de febrer<\/td>\n<td><a href=\"https:\/\/agora.xtec.cat\/eaemporda\/wp-content\/uploads\/usu1941\/2024\/02\/Inseminacio-artificial-en-bovi-de-llet.pdf\">Inseminaci\u00f3 artificial en bov\u00ed de llet<\/a><\/td>\n<\/tr>\n<tr>\n<td>Producci\u00f3 agr\u00edcola extensiva,<br \/>\nla producci\u00f3 de conreus herbacis<\/td>\n<td>EAA Empord\u00e0<\/td>\n<td>Del 22 de febrer al 4 d\u2019abril<\/td>\n<td><a href=\"https:\/\/agora.xtec.cat\/eaemporda\/wp-content\/uploads\/usu1941\/2024\/01\/Conreus.pdf\">Conreus<\/a><\/td>\n<\/tr>\n<tr>\n<td>Avaluaci\u00f3 de prove\u00efdors<\/td>\n<td>Semipresencial<\/td>\n<td>Del 2 al 16 d\u2019abril<\/td>\n<td><a href=\"https:\/\/agora.xtec.cat\/eaemporda\/wp-content\/uploads\/usu1941\/2024\/02\/Avaluacio-proveidors.pdf\">Avaluacio proveidors<\/a><\/td>\n<\/tr>\n<tr>\n<td>Curs Excel avan\u00e7at per a la gesti\u00f3<br \/>\nde la producci\u00f3 i log\u00edstica<\/td>\n<td>El l\u00ednia<\/td>\n<td>Del 8 al 29 de maig<\/td>\n<td><a href=\"https:\/\/agora.xtec.cat\/eaemporda\/wp-content\/uploads\/usu1941\/2024\/04\/Excel-avancat.pdf\">Excel avan\u00e7at<\/a><\/td>\n<\/tr>\n<tr>\n<td>Elaboraci\u00f3 de pernil dol\u00e7<br \/>\ni pit de gall d\u2019indi<\/td>\n<td>EAA Empord\u00e0<\/td>\n<td>20 de maig<\/td>\n<td><a href=\"https:\/\/agora.xtec.cat\/eaemporda\/wp-content\/uploads\/usu1941\/2024\/04\/240410_Pernildolc_rev-003.pdf\">Pernildolc<\/a><\/td>\n<\/tr>\n<tr>\n<td>Curs pr\u00e0ctic sobre APPCC i prerequisits en productes carnis crus curats<\/td>\n<td>Semipresencial EAA Empord\u00e0<\/td>\n<td>4, 11, 18 i 25 de juny<\/td>\n<td><a href=\"https:\/\/agora.xtec.cat\/eaemporda\/wp-content\/uploads\/usu1941\/2024\/04\/APPCC-sector-carni.pdf\">APPCC sector carni<\/a><\/td>\n<\/tr>\n<tr>\n<td>Elaboraci\u00f3 de cerveses \u00e0cides<\/td>\n<td>Semipresencial EAA Empord\u00e0<\/td>\n<td>Del 25 de juny al 9 de juliol<\/td>\n<td><a href=\"https:\/\/agora.xtec.cat\/eaemporda\/wp-content\/uploads\/usu1941\/2024\/05\/Cerveses-acides.pdf\">Cerveses \u00e0cides<\/a><\/td>\n<\/tr>\n<tr>\n<td>Elaboraci\u00f3 d\u2019embotits tradicionals de caldera<\/td>\n<td>Monells<\/td>\n<td>23 de setembre<\/td>\n<td><a href=\"https:\/\/agora.xtec.cat\/eaemporda\/wp-content\/uploads\/usu1941\/2024\/09\/Embotitscaldera.pdf\">Embotitscaldera<\/a><\/td>\n<\/tr>\n<tr>\n<td>Bov\u00ed de carn<\/td>\n<td>Vall de Bianya<\/td>\n<td>25 de setembre a 29 d\u2019octubre<\/td>\n<td><a href=\"https:\/\/agora.xtec.cat\/eaemporda\/wp-content\/uploads\/usu1941\/2024\/09\/Bovi-de-carn.pdf\">Bov\u00ed de carn<\/a><\/td>\n<\/tr>\n<tr>\n<td>Pla de prevenci\u00f3 i reducci\u00f3 de les p\u00e8rdues i el malbaratament alimentaris<\/td>\n<td>Semipresencial Monells<\/td>\n<td>Del 30 de setembre al 25 d\u2019octubre<\/td>\n<td><a href=\"https:\/\/agora.xtec.cat\/eaemporda\/wp-content\/uploads\/usu1941\/2024\/09\/Malbaratament.pdf\">Malbaratament<\/a><\/td>\n<\/tr>\n<tr>\n<td>Taller pr\u00e0ctic d\u2019etiquetatge<\/td>\n<td>Semipresencial Monells<\/td>\n<td>Del 10 al 31 d\u2019octubre<\/td>\n<td><a href=\"https:\/\/agora.xtec.cat\/eaemporda\/wp-content\/uploads\/usu1941\/2024\/09\/Taller-detiquetatge-practic.pdf\">Taller d\u2019etiquetatge pr\u00e0ctic<\/a><\/td>\n<\/tr>\n<tr>\n<td>Qualificaci\u00f3 per executar accions de control poblacional d\u2019esp\u00e8cies cineg\u00e8tiques<\/td>\n<td>Monells i Vic<\/td>\n<td>13 de novembre i 13 de desembre<\/td>\n<td><a href=\"https:\/\/agora.xtec.cat\/eaemporda\/wp-content\/uploads\/usu1941\/2024\/11\/Cinegetica.pdf\">Cineg\u00e8tica<\/a><\/td>\n<\/tr>\n<tr>\n<td>Benestar animal en explotacions bovines<\/td>\n<td>Monells<\/td>\n<td>Del 5 al 18 de novembre<\/td>\n<td><a href=\"https:\/\/agora.xtec.cat\/eaemporda\/wp-content\/uploads\/usu1941\/2024\/09\/Benestar-animal-en-explotacions-bovines.pdf\">Benestar animal en explotacions bovines<\/a><\/td>\n<\/tr>\n<\/tbody>\n<\/table>\n<p>&nbsp;<\/p>\n<div class=\"addtoany_share_save_container addtoany_content addtoany_content_bottom\">\n<div class=\"a2a_kit a2a_kit_size_25 addtoany_list\" data-a2a-url=\"https:\/\/agora.xtec.cat\/eaemporda\/formacio-continua\/cursos\/\" data-a2a-title=\"Cursos\"><a class=\"a2a_button_facebook\" title=\"Facebook\" href=\"https:\/\/agora.xtec.cat\/#facebook\" target=\"_blank\" rel=\"nofollow noopener\"><span class=\"a2a_label\">Facebook<\/span><\/a><a class=\"a2a_button_twitter\" title=\"Twitter\" href=\"https:\/\/agora.xtec.cat\/#twitter\" target=\"_blank\" rel=\"nofollow noopener\"><span class=\"a2a_label\">Twitter<\/span><\/a><a class=\"a2a_button_whatsapp\" title=\"WhatsApp\" href=\"https:\/\/agora.xtec.cat\/#whatsapp\" target=\"_blank\" rel=\"nofollow noopener\"><span class=\"a2a_label\">WhatsApp<\/span><\/a><a class=\"a2a_button_google_gmail\" title=\"Gmail\" href=\"https:\/\/agora.xtec.cat\/#google_gmail\" target=\"_blank\" rel=\"nofollow noopener\"><span class=\"a2a_label\">Gmail<\/span><\/a><\/div>\n<\/div>\n","protected":false},"excerpt":{"rendered":"<p>CURSOS REALITZATS 2024<\/p>\n<p>CURS<br \/>\nLLOC<br \/>\nDATES<br \/>\nPROGRAMA I INSCRIPCIONS<\/p>\n<p>Curs de les terrines c\u00e0rnies a baixa<br \/>\ntemperatura, qualitat, rendiment i textura<br \/>\nMonells<br \/>\n2 d\u2019abril<br \/>\n<a href=\"https:\/\/agora.xtec.cat\/eaemporda\/wp-content\/uploads\/usu1941\/2025\/03\/terrinescarnies.pdf\">terrinescarnies<\/a><\/p>\n<p>Taller pr\u00e0ctic d\u2019etiquetatge<br \/>\nMonells. Semipresencial<br \/>\n13, 20 i 27 de febrer i 6 de mar\u00e7<br \/>\n<a href=\"https:\/\/agora.xtec.cat\/eaemporda\/wp-content\/uploads\/usu1941\/2025\/01\/Taller-practic-detiquetatge.pdf\">Taller pr\u00e0ctic d\u2019etiquetatge<\/a><\/p>\n<p>Benestar animal en<br \/>\nexplotacions bovines<br \/>\nSant Joan de les Abadesses<br \/>\nDel 4 al 25 de febrer<br \/>\n<a href=\"https:\/\/agora.xtec.cat\/eaemporda\/wp-content\/uploads\/usu1941\/2025\/01\/Benestar-animal-bovi.pdf\">Benestar&hellip;  <a href=\"https:\/\/agora.xtec.cat\/eaemporda\/formacio-continua\/cursos\/cursos-2024\/\" title=\"Read Cursos 2024\">Llegeix m\u00e9s\u00bb<\/a><\/p>\n","protected":false},"author":1,"featured_media":0,"parent":664,"menu_order":0,"comment_status":"closed","ping_status":"closed","template":"","meta":{"_bbp_topic_count":0,"_bbp_reply_count":0,"_bbp_total_topic_count":0,"_bbp_total_reply_count":0,"_bbp_voice_count":0,"_bbp_anonymous_reply_count":0,"_bbp_topic_count_hidden":0,"_bbp_reply_count_hidden":0,"_bbp_forum_subforum_count":0,"footnotes":""},"class_list":["post-3069","page","type-page","status-publish","hentry"],"post_mailing_queue_ids":[],"_links":{"self":[{"href":"https:\/\/agora.xtec.cat\/eaemporda\/wp-json\/wp\/v2\/pages\/3069","targetHints":{"allow":["GET"]}}],"collection":[{"href":"https:\/\/agora.xtec.cat\/eaemporda\/wp-json\/wp\/v2\/pages"}],"about":[{"href":"https:\/\/agora.xtec.cat\/eaemporda\/wp-json\/wp\/v2\/types\/page"}],"author":[{"embeddable":true,"href":"https:\/\/agora.xtec.cat\/eaemporda\/wp-json\/wp\/v2\/users\/1"}],"replies":[{"embeddable":true,"href":"https:\/\/agora.xtec.cat\/eaemporda\/wp-json\/wp\/v2\/comments?post=3069"}],"version-history":[{"count":2,"href":"https:\/\/agora.xtec.cat\/eaemporda\/wp-json\/wp\/v2\/pages\/3069\/revisions"}],"predecessor-version":[{"id":3074,"href":"https:\/\/agora.xtec.cat\/eaemporda\/wp-json\/wp\/v2\/pages\/3069\/revisions\/3074"}],"up":[{"embeddable":true,"href":"https:\/\/agora.xtec.cat\/eaemporda\/wp-json\/wp\/v2\/pages\/664"}],"wp:attachment":[{"href":"https:\/\/agora.xtec.cat\/eaemporda\/wp-json\/wp\/v2\/media?parent=3069"}],"curies":[{"name":"wp","href":"https:\/\/api.w.org\/{rel}","templated":true}]}}