{"id":2569,"date":"2024-01-10T14:16:18","date_gmt":"2024-01-10T13:16:18","guid":{"rendered":"https:\/\/agora.xtec.cat\/eaemporda\/?page_id=2569"},"modified":"2024-01-10T14:16:18","modified_gmt":"2024-01-10T13:16:18","slug":"cursos-2023","status":"publish","type":"page","link":"https:\/\/agora.xtec.cat\/eaemporda\/formacio-continua\/cursos\/cursos-2023\/","title":{"rendered":"Cursos 2023"},"content":{"rendered":"<p><strong>CURSOS REALITZATS 2023<\/strong><\/p>\n<table>\n<tbody>\n<tr>\n<td><strong>CURS<\/strong><\/td>\n<td><strong>LLOC<\/strong><\/td>\n<td><strong>DATES<\/strong><\/td>\n<td><strong>PROGRAMA I INSCRIPCIONS<\/strong><\/td>\n<\/tr>\n<tr>\n<td>Desenvolupa el teu projecte de transformaci\u00f3 aliment\u00e0ria<\/td>\n<td>Escola Agr\u00e0ria i Aliment\u00e0ria de l\u2019Empord\u00e0 \u2013 En l\u00ednia<\/td>\n<td>Del 14 de febrer al 24 d\u2019abril<\/td>\n<td><a href=\"https:\/\/ruralcat.gencat.cat\/documents\/20181\/10364298\/20221219_151222_desenvolupa_rev.pdf\/92800bd1-6738-462a-8272-054fb7e19cc4\" target=\"_blank\" rel=\"noopener\">Programa complet<\/a><\/td>\n<\/tr>\n<tr>\n<td>Producci\u00f3 agr\u00edcola extensiva,<br \/>\nla producci\u00f3 de conreus herbacis<\/td>\n<td>Escola Agr\u00e0ria i Aliment\u00e0ria de l\u2019Empord\u00e0 \u2013 En l\u00ednia<\/td>\n<td>Del 16 de febrer al 21 de mar\u00e7<\/td>\n<td><a href=\"https:\/\/ruralcat.gencat.cat\/documents\/20181\/10414929\/20230130_230123_Conreus_rev.pdf\/dd170643-1fc5-47a4-90a3-a78a610f1862\" target=\"_blank\" rel=\"noopener\">Programa complet<\/a><\/td>\n<\/tr>\n<tr>\n<td>Curs d\u2019auditors en base a IFS i BRC, noves versions<\/td>\n<td>Escola Agr\u00e0ria i Aliment\u00e0ria de l\u2019Empord\u00e0 \u2013 En l\u00ednia<\/td>\n<td>Del 3 al 17 de febrer<\/td>\n<td><a href=\"https:\/\/ruralcat.gencat.cat\/documents\/20181\/102278\/03-02-2023_Auditors%20en%20base%20a%20IFS%20i%20BRC,%20noves%20versions\" target=\"_blank\" rel=\"noopener\">Programa complet<\/a><\/td>\n<\/tr>\n<tr>\n<td>Manipulador i aplicador de productes fitosanitaris. Nivell b\u00e0sic<\/td>\n<td>Escola Agr\u00e0ria i Aliment\u00e0ria de l\u2019Empord\u00e0<\/td>\n<td>Del 21 de febrer al 16 de mar\u00e7<\/td>\n<td><a href=\"https:\/\/ruralcat.gencat.cat\/documents\/20181\/10492946\/20230217_80223_fitisanitaris_rev.pdf\/a9ada5c8-1e93-4a5f-aa29-5fa65ac01c91\" target=\"_blank\" rel=\"noopener\">Programa complet<\/a><\/td>\n<\/tr>\n<tr>\n<td>La seguretat aliment\u00e0ria, poca lletra i molta ci\u00e8ncia<\/td>\n<td>En l\u00ednia<\/td>\n<td>Del 28 al 31 de maig<\/td>\n<td><a href=\"https:\/\/ruralcat.gencat.cat\/documents\/20181\/10665289\/20230412_110423_Poclletramoltaciencia_rev.pdf\/eba38bbb-3667-4f7e-b282-b0c733da9947\" target=\"_blank\" rel=\"noopener\">Programa complet<\/a><\/td>\n<\/tr>\n<tr>\n<td>Taller pr\u00e0ctic d\u2019etiquetatge (MUCAI)<\/td>\n<td>Escola Agr\u00e0ria i Aliment\u00e0ria de l\u2019Empord\u00e0 \u2013 En l\u00ednia<\/td>\n<td>Del 5 al 19 de maig<\/td>\n<td><a href=\"https:\/\/ruralcat.gencat.cat\/documents\/20181\/102278\/05-05-2023_Taller%20pr%C3%A0ctic%20D'Etiquetatge.%20MUCAI\" target=\"_blank\" rel=\"noopener\">Programa complet<\/a><\/td>\n<\/tr>\n<tr>\n<td>Aprofitament i maneig de pastures<\/td>\n<td>Espai Jove de La Vall de<br \/>\nBianya<\/td>\n<td>Del 10 al 31 de maig<\/td>\n<td><a href=\"https:\/\/ruralcat.gencat.cat\/documents\/20181\/10665289\/20230412_110423_pastures_rev.pdf\/dfd490ac-eb75-4618-80cc-8516cb384496\" target=\"_blank\" rel=\"noopener\">Programa complet<\/a><\/td>\n<\/tr>\n<tr>\n<td>Desenvolupa el pla de prevenci\u00f3 de p\u00e8rdues i malbaratament alimentaris de la teva empresa de transformaci\u00f3 aliment\u00e0ria<\/td>\n<td>Escola Agr\u00e0ria i Aliment\u00e0ria de l\u2019Empord\u00e0 \u2013 En l\u00ednia<\/td>\n<td>Del 22 de maig al 22 de juny<\/td>\n<td><a href=\"https:\/\/ruralcat.gencat.cat\/documents\/20181\/102278\/22-05-2023_Desenvolupa%20el%20pla%20de%20prevenci%C3%B3%20de%20p%C3%A8rdues%20i%20malbaratament%20alimentaris%20de%20la%20teva%20empresa%20de%20transformaci%C3%B3%20aliment%C3%A0ria\" target=\"_blank\" rel=\"noopener\">Programa complet<\/a><\/td>\n<\/tr>\n<tr>\n<td>Curs de mostrejador de ll\u00fapol per a productors<br \/>\nque intervenen en el proc\u00e9s de certificaci\u00f3<\/td>\n<td>En l\u00ednia<\/td>\n<td>Del 13 al 28 de juny de 2023<\/td>\n<td><a href=\"https:\/\/ruralcat.gencat.cat\/documents\/20181\/102278\/13-06-2023_Curs%20de%20mostrejador%20de%20ll%C3%BApol%20per%20a%20productors%20que%20intervenen%20en%20el%20proc%C3%A9s%20de%20certificaci%C3%B3\" target=\"_blank\" rel=\"noopener\">Programa complet<\/a><\/td>\n<\/tr>\n<tr>\n<td>Formaci\u00f3 en l\u2019elaboraci\u00f3 d\u2019embotits crus-curats per a petits productors<\/td>\n<td>Escola Agr\u00e0ria i Aliment\u00e0ria de l\u2019Empord\u00e0 \u2013 En l\u00ednia<\/td>\n<td>3, 9 i 17 d\u2019octubre de 2023<\/td>\n<td><a href=\"https:\/\/ruralcat.gencat.cat\/documents\/20181\/102278\/03-10-2023_Formaci%C3%B3%20en%20l%E2%80%99elaboraci%C3%B3%20d%E2%80%99embotits%20crus-curats%20per%20a%20petits%20productors\" target=\"_blank\" rel=\"noopener\">Programa complet<\/a><\/td>\n<\/tr>\n<tr>\n<td>Bov\u00ed de carn<\/td>\n<td>Espai jove de la Vall<br \/>\nde Bianya<\/td>\n<td>Del 25 d\u2019octubre al 29 de<br \/>\nnovembre<\/td>\n<td><a href=\"https:\/\/ruralcat.gencat.cat\/documents\/20181\/102278\/25-10-2023_Bov%C3%AD%20de%20carn\" target=\"_blank\" rel=\"noopener\">Programa complet<\/a><\/td>\n<\/tr>\n<tr>\n<td>Elaboraci\u00f3 de pat\u00e9s<\/td>\n<td>EAA de l\u2019Empord\u00e0<\/td>\n<td>20 de novembre<\/td>\n<td><a href=\"https:\/\/agora.xtec.cat\/eaemporda\/wp-content\/uploads\/usu1941\/2023\/10\/Pates.pdf\">Pat\u00e9s<\/a><\/td>\n<\/tr>\n<tr>\n<td>Gesti\u00f3 i presa de decisions log\u00edstiques en<br \/>\nun mercat canviant i imprevisible<\/td>\n<td>En l\u00ednia<\/td>\n<td>Del 15 al 29 de novembre<\/td>\n<td><a href=\"https:\/\/agora.xtec.cat\/eaemporda\/wp-content\/uploads\/usu1941\/2023\/10\/Gestio-i-pressa-de-decisions-logistiques.pdf\">Gesti\u00f3\u00a0i\u00a0pressa de decisions log\u00edstiques<\/a><\/td>\n<\/tr>\n<tr>\n<td>Qualitat en la ind\u00fastria aliment\u00e0ria<\/td>\n<td>Semipresencial (Monells)<\/td>\n<td>Del 27 de novembre al 18 de desembre<\/td>\n<td><a href=\"https:\/\/agora.xtec.cat\/eaemporda\/wp-content\/uploads\/usu1941\/2023\/10\/Qualitat-a-la-industria-alimentaria.pdf\">Qualitat a la ind\u00fastria aliment\u00e0ria<\/a><\/td>\n<\/tr>\n<\/tbody>\n<\/table>\n<p>&nbsp;<\/p>\n","protected":false},"excerpt":{"rendered":"<p>CURSOS REALITZATS 2023<\/p>\n<p>CURS<br \/>\nLLOC<br \/>\nDATES<br \/>\nPROGRAMA I INSCRIPCIONS<\/p>\n<p>Desenvolupa el teu projecte de transformaci\u00f3 aliment\u00e0ria<br \/>\nEscola Agr\u00e0ria i Aliment\u00e0ria de l\u2019Empord\u00e0 \u2013 En l\u00ednia<br \/>\nDel 14 de febrer al 24 d\u2019abril<br \/>\n<a href=\"https:\/\/ruralcat.gencat.cat\/documents\/20181\/10364298\/20221219_151222_desenvolupa_rev.pdf\/92800bd1-6738-462a-8272-054fb7e19cc4\" target=\"_blank\" rel=\"noopener\">Programa complet<\/a><\/p>\n<p>Producci\u00f3 agr\u00edcola extensiva,<br \/>\nla producci\u00f3 de conreus herbacis<br \/>\nEscola Agr\u00e0ria i Aliment\u00e0ria de l\u2019Empord\u00e0 \u2013 En l\u00ednia<br \/>\nDel 16 de&hellip;  <a href=\"https:\/\/agora.xtec.cat\/eaemporda\/formacio-continua\/cursos\/cursos-2023\/\" title=\"Read Cursos 2023\">Llegeix m\u00e9s\u00bb<\/a><\/p>\n","protected":false},"author":1,"featured_media":0,"parent":664,"menu_order":0,"comment_status":"closed","ping_status":"closed","template":"","meta":{"_bbp_topic_count":0,"_bbp_reply_count":0,"_bbp_total_topic_count":0,"_bbp_total_reply_count":0,"_bbp_voice_count":0,"_bbp_anonymous_reply_count":0,"_bbp_topic_count_hidden":0,"_bbp_reply_count_hidden":0,"_bbp_forum_subforum_count":0,"footnotes":""},"class_list":["post-2569","page","type-page","status-publish","hentry"],"post_mailing_queue_ids":[],"_links":{"self":[{"href":"https:\/\/agora.xtec.cat\/eaemporda\/wp-json\/wp\/v2\/pages\/2569","targetHints":{"allow":["GET"]}}],"collection":[{"href":"https:\/\/agora.xtec.cat\/eaemporda\/wp-json\/wp\/v2\/pages"}],"about":[{"href":"https:\/\/agora.xtec.cat\/eaemporda\/wp-json\/wp\/v2\/types\/page"}],"author":[{"embeddable":true,"href":"https:\/\/agora.xtec.cat\/eaemporda\/wp-json\/wp\/v2\/users\/1"}],"replies":[{"embeddable":true,"href":"https:\/\/agora.xtec.cat\/eaemporda\/wp-json\/wp\/v2\/comments?post=2569"}],"version-history":[{"count":1,"href":"https:\/\/agora.xtec.cat\/eaemporda\/wp-json\/wp\/v2\/pages\/2569\/revisions"}],"predecessor-version":[{"id":2570,"href":"https:\/\/agora.xtec.cat\/eaemporda\/wp-json\/wp\/v2\/pages\/2569\/revisions\/2570"}],"up":[{"embeddable":true,"href":"https:\/\/agora.xtec.cat\/eaemporda\/wp-json\/wp\/v2\/pages\/664"}],"wp:attachment":[{"href":"https:\/\/agora.xtec.cat\/eaemporda\/wp-json\/wp\/v2\/media?parent=2569"}],"curies":[{"name":"wp","href":"https:\/\/api.w.org\/{rel}","templated":true}]}}