{"id":2472,"date":"2023-10-19T10:26:28","date_gmt":"2023-10-19T08:26:28","guid":{"rendered":"https:\/\/agora.xtec.cat\/eaemporda\/?page_id=2472"},"modified":"2025-03-05T15:30:59","modified_gmt":"2025-03-05T14:30:59","slug":"pla-daccio-tutorial-i-orientacio","status":"publish","type":"page","link":"https:\/\/agora.xtec.cat\/eaemporda\/lescola\/documentacio-de-centre\/pla-daccio-tutorial-i-orientacio\/","title":{"rendered":"Pla d&#8217;Acci\u00f3 Tutorial i Orientaci\u00f3"},"content":{"rendered":"<p>L\u2019Escola Agr\u00e0ria i Aliment\u00e0ria (EAA) de l\u2019Empord\u00e0 t\u00e9 com a missi\u00f3 formar i qualificar professionalment les persones que volen desenvolupar la seva activitat en el sector de la ind\u00fastria agroaliment\u00e0ria amb l\u2019objectiu que els alumnes assoleixin els coneixements, habilitats, actituds, valors i capacitats que els faciliti el desenvolupament integral i la preparaci\u00f3 per incorporar-se al m\u00f3n laboral o accedir als estudis universitaris.<\/p>\n<p>El Pla d&#8217;Acci\u00f3 Tutorial i Orientaci\u00f3 (PATO) indica els objectius i concreta les activitats que s\u2019han de dur a terme perqu\u00e8 aquests objectius es puguin complir.<\/p>\n<p>Podeu consultar el PATO aqu\u00ed:<\/p>\n<p><a href=\"https:\/\/agora.xtec.cat\/eaemporda\/wp-content\/uploads\/usu1941\/2024\/09\/PEC_A6_v5-PATO.pdf\">PEC_A6_v5 PATO<\/a><\/p>\n","protected":false},"excerpt":{"rendered":"<p>L\u2019Escola Agr\u00e0ria i Aliment\u00e0ria (EAA) de l\u2019Empord\u00e0 t\u00e9 com a missi\u00f3 formar i qualificar professionalment les persones que volen desenvolupar la seva activitat en el sector de la ind\u00fastria agroaliment\u00e0ria amb l\u2019objectiu que els alumnes assoleixin els coneixements, habilitats, actituds, valors i capacitats que els&hellip;  <a href=\"https:\/\/agora.xtec.cat\/eaemporda\/lescola\/documentacio-de-centre\/pla-daccio-tutorial-i-orientacio\/\" title=\"Read Pla d&#8217;Acci\u00f3 Tutorial i Orientaci\u00f3\">Llegeix m\u00e9s\u00bb<\/a><\/p>\n","protected":false},"author":1,"featured_media":0,"parent":2463,"menu_order":0,"comment_status":"closed","ping_status":"closed","template":"","meta":{"_bbp_topic_count":0,"_bbp_reply_count":0,"_bbp_total_topic_count":0,"_bbp_total_reply_count":0,"_bbp_voice_count":0,"_bbp_anonymous_reply_count":0,"_bbp_topic_count_hidden":0,"_bbp_reply_count_hidden":0,"_bbp_forum_subforum_count":0,"footnotes":""},"class_list":["post-2472","page","type-page","status-publish","hentry"],"post_mailing_queue_ids":[],"_links":{"self":[{"href":"https:\/\/agora.xtec.cat\/eaemporda\/wp-json\/wp\/v2\/pages\/2472","targetHints":{"allow":["GET"]}}],"collection":[{"href":"https:\/\/agora.xtec.cat\/eaemporda\/wp-json\/wp\/v2\/pages"}],"about":[{"href":"https:\/\/agora.xtec.cat\/eaemporda\/wp-json\/wp\/v2\/types\/page"}],"author":[{"embeddable":true,"href":"https:\/\/agora.xtec.cat\/eaemporda\/wp-json\/wp\/v2\/users\/1"}],"replies":[{"embeddable":true,"href":"https:\/\/agora.xtec.cat\/eaemporda\/wp-json\/wp\/v2\/comments?post=2472"}],"version-history":[{"count":4,"href":"https:\/\/agora.xtec.cat\/eaemporda\/wp-json\/wp\/v2\/pages\/2472\/revisions"}],"predecessor-version":[{"id":2798,"href":"https:\/\/agora.xtec.cat\/eaemporda\/wp-json\/wp\/v2\/pages\/2472\/revisions\/2798"}],"up":[{"embeddable":true,"href":"https:\/\/agora.xtec.cat\/eaemporda\/wp-json\/wp\/v2\/pages\/2463"}],"wp:attachment":[{"href":"https:\/\/agora.xtec.cat\/eaemporda\/wp-json\/wp\/v2\/media?parent=2472"}],"curies":[{"name":"wp","href":"https:\/\/api.w.org\/{rel}","templated":true}]}}