{"id":2466,"date":"2023-10-19T10:06:27","date_gmt":"2023-10-19T08:06:27","guid":{"rendered":"https:\/\/agora.xtec.cat\/eaemporda\/?page_id=2466"},"modified":"2023-10-19T10:23:38","modified_gmt":"2023-10-19T08:23:38","slug":"projecte-linguistic","status":"publish","type":"page","link":"https:\/\/agora.xtec.cat\/eaemporda\/lescola\/documentacio-de-centre\/projecte-linguistic\/","title":{"rendered":"Projecte ling\u00fc\u00edstic"},"content":{"rendered":"<p>Aqu\u00ed podeu consultar el projecte ling\u00fc\u00edstic de l&#8217;Escola Agr\u00e0ria i Aliment\u00e0ria de l&#8217;Empord\u00e0:<\/p>\n<p><a href=\"https:\/\/agora.xtec.cat\/eaemporda\/wp-content\/uploads\/usu1941\/2023\/10\/PEC_A7_v0-PROJECTE-LINGUISTIC.pdf\">PEC_A7_v0 PROJECTE LING\u00dcISTIC<\/a><\/p>\n","protected":false},"excerpt":{"rendered":"<p>Aqu\u00ed podeu consultar el projecte ling\u00fc\u00edstic de l&#8217;Escola Agr\u00e0ria i Aliment\u00e0ria de l&#8217;Empord\u00e0:<br \/>\n<a href=\"https:\/\/agora.xtec.cat\/eaemporda\/wp-content\/uploads\/usu1941\/2023\/10\/PEC_A7_v0-PROJECTE-LINGUISTIC.pdf\">PEC_A7_v0 PROJECTE LING\u00dcISTIC<\/a><\/p>\n","protected":false},"author":1,"featured_media":0,"parent":2463,"menu_order":0,"comment_status":"closed","ping_status":"closed","template":"","meta":{"_bbp_topic_count":0,"_bbp_reply_count":0,"_bbp_total_topic_count":0,"_bbp_total_reply_count":0,"_bbp_voice_count":0,"_bbp_anonymous_reply_count":0,"_bbp_topic_count_hidden":0,"_bbp_reply_count_hidden":0,"_bbp_forum_subforum_count":0,"footnotes":""},"class_list":["post-2466","page","type-page","status-publish","hentry"],"post_mailing_queue_ids":[],"_links":{"self":[{"href":"https:\/\/agora.xtec.cat\/eaemporda\/wp-json\/wp\/v2\/pages\/2466","targetHints":{"allow":["GET"]}}],"collection":[{"href":"https:\/\/agora.xtec.cat\/eaemporda\/wp-json\/wp\/v2\/pages"}],"about":[{"href":"https:\/\/agora.xtec.cat\/eaemporda\/wp-json\/wp\/v2\/types\/page"}],"author":[{"embeddable":true,"href":"https:\/\/agora.xtec.cat\/eaemporda\/wp-json\/wp\/v2\/users\/1"}],"replies":[{"embeddable":true,"href":"https:\/\/agora.xtec.cat\/eaemporda\/wp-json\/wp\/v2\/comments?post=2466"}],"version-history":[{"count":2,"href":"https:\/\/agora.xtec.cat\/eaemporda\/wp-json\/wp\/v2\/pages\/2466\/revisions"}],"predecessor-version":[{"id":2471,"href":"https:\/\/agora.xtec.cat\/eaemporda\/wp-json\/wp\/v2\/pages\/2466\/revisions\/2471"}],"up":[{"embeddable":true,"href":"https:\/\/agora.xtec.cat\/eaemporda\/wp-json\/wp\/v2\/pages\/2463"}],"wp:attachment":[{"href":"https:\/\/agora.xtec.cat\/eaemporda\/wp-json\/wp\/v2\/media?parent=2466"}],"curies":[{"name":"wp","href":"https:\/\/api.w.org\/{rel}","templated":true}]}}