{"id":2429,"date":"2023-06-15T13:57:02","date_gmt":"2023-06-15T11:57:02","guid":{"rendered":"https:\/\/agora.xtec.cat\/eaemporda\/?page_id=2429"},"modified":"2023-06-15T14:04:50","modified_gmt":"2023-06-15T12:04:50","slug":"estrategia-digital-de-centre","status":"publish","type":"page","link":"https:\/\/agora.xtec.cat\/eaemporda\/lescola\/estrategia-digital-de-centre\/","title":{"rendered":"Estrat\u00e8gia digital de centre"},"content":{"rendered":"<p>L\u2019<strong>Estrat\u00e8gia Digital de Centre<\/strong> (EDC) de l&#8217;<strong>Escola Agr\u00e0ria i Aliment\u00e0ria de l&#8217;Empord\u00e0<\/strong> recull les accions que es realitzen, i les que es realitzaran a mitj\u00e0 termini, per aconseguir la m\u00e0xima compet\u00e8ncia digital de l\u2019alumnat, del professorat i de l&#8217;escola.<\/p>\n<p>Aquest document consta de dues parts diferenciades: <strong>ESTRAT\u00c8GIA<\/strong> (Diagnosi \/ Objectius \/ Planificaci\u00f3 \/ Seguiment) i <strong>CULTURA<\/strong> (conjunt de documents que reflecteixen l&#8217;organitzaci\u00f3 del centre en l&#8217;\u00e0mbit digital).<\/p>\n<p><a href=\"https:\/\/sites.google.com\/xtec.cat\/edc-eaemporda\/edc\" target=\"_blank\" rel=\"noopener\"><img loading=\"lazy\" decoding=\"async\" class=\"aligncenter wp-image-2433 \" src=\"https:\/\/agora.xtec.cat\/eaemporda\/wp-content\/uploads\/usu1941\/2023\/06\/Estrategia-Digital-300x300.png\" alt=\"\" width=\"390\" height=\"390\" srcset=\"https:\/\/agora.xtec.cat\/eaemporda\/wp-content\/uploads\/usu1941\/2023\/06\/Estrategia-Digital-300x300.png 300w, https:\/\/agora.xtec.cat\/eaemporda\/wp-content\/uploads\/usu1941\/2023\/06\/Estrategia-Digital-1024x1024.png 1024w, https:\/\/agora.xtec.cat\/eaemporda\/wp-content\/uploads\/usu1941\/2023\/06\/Estrategia-Digital-150x150.png 150w, https:\/\/agora.xtec.cat\/eaemporda\/wp-content\/uploads\/usu1941\/2023\/06\/Estrategia-Digital-768x768.png 768w, https:\/\/agora.xtec.cat\/eaemporda\/wp-content\/uploads\/usu1941\/2023\/06\/Estrategia-Digital.png 1080w\" sizes=\"auto, (max-width: 390px) 100vw, 390px\" \/><\/a><\/p>\n","protected":false},"excerpt":{"rendered":"<p>L\u2019Estrat\u00e8gia Digital de Centre (EDC) de l&#8217;Escola Agr\u00e0ria i Aliment\u00e0ria de l&#8217;Empord\u00e0 recull les accions que es realitzen, i les que es realitzaran a mitj\u00e0 termini, per aconseguir la m\u00e0xima compet\u00e8ncia digital de l\u2019alumnat, del professorat i de l&#8217;escola.<br \/>\nAquest document consta de dues parts diferenciades:&hellip;  <a href=\"https:\/\/agora.xtec.cat\/eaemporda\/lescola\/estrategia-digital-de-centre\/\" title=\"Read Estrat\u00e8gia digital de centre\">Llegeix m\u00e9s\u00bb<\/a><\/p>\n","protected":false},"author":1,"featured_media":0,"parent":581,"menu_order":0,"comment_status":"closed","ping_status":"closed","template":"page-templates\/side-menu.php","meta":{"_bbp_topic_count":0,"_bbp_reply_count":0,"_bbp_total_topic_count":0,"_bbp_total_reply_count":0,"_bbp_voice_count":0,"_bbp_anonymous_reply_count":0,"_bbp_topic_count_hidden":0,"_bbp_reply_count_hidden":0,"_bbp_forum_subforum_count":0,"footnotes":""},"class_list":["post-2429","page","type-page","status-publish","hentry"],"post_mailing_queue_ids":[],"_links":{"self":[{"href":"https:\/\/agora.xtec.cat\/eaemporda\/wp-json\/wp\/v2\/pages\/2429","targetHints":{"allow":["GET"]}}],"collection":[{"href":"https:\/\/agora.xtec.cat\/eaemporda\/wp-json\/wp\/v2\/pages"}],"about":[{"href":"https:\/\/agora.xtec.cat\/eaemporda\/wp-json\/wp\/v2\/types\/page"}],"author":[{"embeddable":true,"href":"https:\/\/agora.xtec.cat\/eaemporda\/wp-json\/wp\/v2\/users\/1"}],"replies":[{"embeddable":true,"href":"https:\/\/agora.xtec.cat\/eaemporda\/wp-json\/wp\/v2\/comments?post=2429"}],"version-history":[{"count":3,"href":"https:\/\/agora.xtec.cat\/eaemporda\/wp-json\/wp\/v2\/pages\/2429\/revisions"}],"predecessor-version":[{"id":2435,"href":"https:\/\/agora.xtec.cat\/eaemporda\/wp-json\/wp\/v2\/pages\/2429\/revisions\/2435"}],"up":[{"embeddable":true,"href":"https:\/\/agora.xtec.cat\/eaemporda\/wp-json\/wp\/v2\/pages\/581"}],"wp:attachment":[{"href":"https:\/\/agora.xtec.cat\/eaemporda\/wp-json\/wp\/v2\/media?parent=2429"}],"curies":[{"name":"wp","href":"https:\/\/api.w.org\/{rel}","templated":true}]}}