{"id":2290,"date":"2023-03-13T13:03:11","date_gmt":"2023-03-13T12:03:11","guid":{"rendered":"https:\/\/agora.xtec.cat\/eaemporda\/?page_id=2290"},"modified":"2023-03-13T15:45:05","modified_gmt":"2023-03-13T14:45:05","slug":"premsa-2","status":"publish","type":"page","link":"https:\/\/agora.xtec.cat\/eaemporda\/enllacos\/premsa-2\/","title":{"rendered":"Premsa"},"content":{"rendered":"<table style=\"border-collapse: collapse; width: 100%;\">\n<tbody>\n<tr>\n<td style=\"width: 50%;\">\n<div class=\"mceTemp\" style=\"text-align: center;\"><\/div>\n<p><a href=\"https:\/\/revistabaixemporda.cat\/amplia-oferta-de-coneixement-i-formacio-continua-del-sector-agroalimentari-a-lescola-agraria-i-alimentaria-de-monells\/\" target=\"_blank\" rel=\"noopener\"><img loading=\"lazy\" decoding=\"async\" class=\"size-medium wp-image-2321 aligncenter\" src=\"https:\/\/agora.xtec.cat\/eaemporda\/wp-content\/uploads\/usu1941\/2023\/03\/monells-1-300x225.jpg\" alt=\"\" width=\"300\" height=\"225\" srcset=\"https:\/\/agora.xtec.cat\/eaemporda\/wp-content\/uploads\/usu1941\/2023\/03\/monells-1-300x225.jpg 300w, https:\/\/agora.xtec.cat\/eaemporda\/wp-content\/uploads\/usu1941\/2023\/03\/monells-1-768x576.jpg 768w, https:\/\/agora.xtec.cat\/eaemporda\/wp-content\/uploads\/usu1941\/2023\/03\/monells-1-200x150.jpg 200w, https:\/\/agora.xtec.cat\/eaemporda\/wp-content\/uploads\/usu1941\/2023\/03\/monells-1.jpg 800w\" sizes=\"auto, (max-width: 300px) 100vw, 300px\" \/><\/a><\/td>\n<td style=\"width: 50%;\">\n<h5 style=\"text-align: center;\"><a href=\"https:\/\/revistabaixemporda.cat\/amplia-oferta-de-coneixement-i-formacio-continua-del-sector-agroalimentari-a-lescola-agraria-i-alimentaria-de-monells\/\" target=\"_blank\" rel=\"noopener\">\u00c0mplia oferta de coneixement i formaci\u00f3 cont\u00ednua del sector agroalimentari a l\u2019Escola Agr\u00e0ria i Aliment\u00e0ria de Monells<\/a><\/h5>\n<p style=\"text-align: center;\">Mar\u00e7, 2023<\/p>\n<\/td>\n<\/tr>\n<tr>\n<td style=\"width: 50%;\">\n<h5 class=\"mceTemp\"><a href=\"https:\/\/www.territoris.cat\/articulo\/mon-rural\/lea-l-emporda-teixeix-aliances-amb-sector-agroalimentari\/20230123175701088567.html?utm_medium=social&amp;utm_source=twitter&amp;utm_campaign=share_button\" target=\"_blank\" rel=\"noopener\"><img loading=\"lazy\" decoding=\"async\" class=\"size-medium wp-image-2271 aligncenter\" src=\"https:\/\/agora.xtec.cat\/eaemporda\/wp-content\/uploads\/usu1941\/2023\/03\/298654629_999945740686693_7230837657011700127_n-300x157.jpg\" alt=\"\" width=\"300\" height=\"157\" srcset=\"https:\/\/agora.xtec.cat\/eaemporda\/wp-content\/uploads\/usu1941\/2023\/03\/298654629_999945740686693_7230837657011700127_n-300x157.jpg 300w, https:\/\/agora.xtec.cat\/eaemporda\/wp-content\/uploads\/usu1941\/2023\/03\/298654629_999945740686693_7230837657011700127_n-1024x537.jpg 1024w, https:\/\/agora.xtec.cat\/eaemporda\/wp-content\/uploads\/usu1941\/2023\/03\/298654629_999945740686693_7230837657011700127_n-768x402.jpg 768w, https:\/\/agora.xtec.cat\/eaemporda\/wp-content\/uploads\/usu1941\/2023\/03\/298654629_999945740686693_7230837657011700127_n.jpg 1080w\" sizes=\"auto, (max-width: 300px) 100vw, 300px\" \/><\/a><\/h5>\n<\/td>\n<td style=\"width: 50%;\">\n<h5 style=\"text-align: center;\"><a href=\"https:\/\/www.territoris.cat\/articulo\/mon-rural\/lea-l-emporda-teixeix-aliances-amb-sector-agroalimentari\/20230123175701088567.html?utm_medium=social&amp;utm_source=twitter&amp;utm_campaign=share_button\" target=\"_blank\" rel=\"noopener\">L&#8217;EAA de l\u2019Empord\u00e0 teixeix aliances amb el sector agroalimentari<\/a><\/h5>\n<h5 style=\"text-align: center;\">Gener, 2023<\/h5>\n<\/td>\n<\/tr>\n<tr>\n<td style=\"width: 50%;\">\n<div class=\"mceTemp\"><\/div>\n<p><a href=\"https:\/\/cadenaser.com\/2022\/02\/08\/sergi-altarriba-cada-any-hem-de-deixar-ofertes-de-feina-sense-atendre-perque-no-tenim-prou-alumnes\/\" target=\"_blank\" rel=\"noopener\"><img loading=\"lazy\" decoding=\"async\" class=\"size-medium wp-image-2320 aligncenter\" src=\"https:\/\/agora.xtec.cat\/eaemporda\/wp-content\/uploads\/usu1941\/2023\/03\/12-300x169.jpg\" alt=\"\" width=\"300\" height=\"169\" srcset=\"https:\/\/agora.xtec.cat\/eaemporda\/wp-content\/uploads\/usu1941\/2023\/03\/12-300x169.jpg 300w, https:\/\/agora.xtec.cat\/eaemporda\/wp-content\/uploads\/usu1941\/2023\/03\/12-1024x576.jpg 1024w, https:\/\/agora.xtec.cat\/eaemporda\/wp-content\/uploads\/usu1941\/2023\/03\/12-768x432.jpg 768w, https:\/\/agora.xtec.cat\/eaemporda\/wp-content\/uploads\/usu1941\/2023\/03\/12.jpg 1200w\" sizes=\"auto, (max-width: 300px) 100vw, 300px\" \/><\/a><\/td>\n<td style=\"width: 50%; text-align: center;\">\n<h5><a href=\"https:\/\/cadenaser.com\/2022\/02\/08\/sergi-altarriba-cada-any-hem-de-deixar-ofertes-de-feina-sense-atendre-perque-no-tenim-prou-alumnes\/\" target=\"_blank\" rel=\"noopener\">Sergi Altarriba : &#8220;Cada any hem de deixar ofertes de feina sense atendre perqu\u00e8 no tenim prou alumnes&#8221;<\/a><\/h5>\n<p>Febrer, 2022<\/td>\n<\/tr>\n<tr>\n<td style=\"width: 50%;\">\n<div class=\"mceTemp\"><\/div>\n<h5><a href=\"https:\/\/www.emporda.info\/educacio\/2022\/02\/07\/mes-200-estudiants-assistiran-als-62406957.html\" target=\"_blank\" rel=\"noopener\"><img loading=\"lazy\" decoding=\"async\" class=\"size-medium wp-image-2320 aligncenter\" src=\"https:\/\/agora.xtec.cat\/eaemporda\/wp-content\/uploads\/usu1941\/2023\/03\/12-300x169.jpg\" alt=\"\" width=\"300\" height=\"169\" srcset=\"https:\/\/agora.xtec.cat\/eaemporda\/wp-content\/uploads\/usu1941\/2023\/03\/12-300x169.jpg 300w, https:\/\/agora.xtec.cat\/eaemporda\/wp-content\/uploads\/usu1941\/2023\/03\/12-1024x576.jpg 1024w, https:\/\/agora.xtec.cat\/eaemporda\/wp-content\/uploads\/usu1941\/2023\/03\/12-768x432.jpg 768w, https:\/\/agora.xtec.cat\/eaemporda\/wp-content\/uploads\/usu1941\/2023\/03\/12.jpg 1200w\" sizes=\"auto, (max-width: 300px) 100vw, 300px\" \/><\/a><\/h5>\n<\/td>\n<td style=\"width: 50%; text-align: center;\">\n<h5><a href=\"https:\/\/www.emporda.info\/educacio\/2022\/02\/07\/mes-200-estudiants-assistiran-als-62406957.html\" target=\"_blank\" rel=\"noopener\">M\u00e9s de 200 estudiants assistiran als tallers de l&#8217;Escola Agr\u00e0ria i Aliment\u00e0ria de l&#8217;Empord\u00e0 per descobrir el sector alimentari<\/a><\/h5>\n<p>Febrer, 2022<\/td>\n<\/tr>\n<tr>\n<td style=\"width: 50%;\">\n<div class=\"mceTemp\"><\/div>\n<p><a href=\"https:\/\/arrels.info\/agenda\/lescola-agraria-de-lemporda-organitza-un-curs-per-a-petits-elaboradors-alimentaris\/\" target=\"_blank\" rel=\"noopener\"><img loading=\"lazy\" decoding=\"async\" class=\"size-medium wp-image-2313 aligncenter\" src=\"https:\/\/agora.xtec.cat\/eaemporda\/wp-content\/uploads\/usu1941\/2023\/03\/6-300x146.jpg\" alt=\"\" width=\"300\" height=\"146\" srcset=\"https:\/\/agora.xtec.cat\/eaemporda\/wp-content\/uploads\/usu1941\/2023\/03\/6-300x146.jpg 300w, https:\/\/agora.xtec.cat\/eaemporda\/wp-content\/uploads\/usu1941\/2023\/03\/6-1024x499.jpg 1024w, https:\/\/agora.xtec.cat\/eaemporda\/wp-content\/uploads\/usu1941\/2023\/03\/6-768x374.jpg 768w, https:\/\/agora.xtec.cat\/eaemporda\/wp-content\/uploads\/usu1941\/2023\/03\/6.jpg 1280w\" sizes=\"auto, (max-width: 300px) 100vw, 300px\" \/><\/a><\/td>\n<td style=\"width: 50%; text-align: center;\">\n<h5><a href=\"https:\/\/arrels.info\/agenda\/lescola-agraria-de-lemporda-organitza-un-curs-per-a-petits-elaboradors-alimentaris\/\" target=\"_blank\" rel=\"noopener\">L\u2019Escola Agr\u00e0ria de l\u2019Empord\u00e0 organitza un curs per a petits elaboradors alimentaris<\/a><\/h5>\n<p>Gener, 2022<\/td>\n<\/tr>\n<tr>\n<td style=\"width: 50%;\">\n<div class=\"mceTemp\"><\/div>\n<p><a href=\"https:\/\/www.ccma.cat\/catradio\/alacarta\/catalunya-al-dia\/les-escoles-agraries-clau-per-garantir-el-relleu-generacional-del-sector\/audio\/1104966\/\" target=\"_blank\" rel=\"noopener\"><img loading=\"lazy\" decoding=\"async\" class=\"size-medium wp-image-2319 aligncenter\" src=\"https:\/\/agora.xtec.cat\/eaemporda\/wp-content\/uploads\/usu1941\/2023\/03\/11-300x174.png\" alt=\"\" width=\"300\" height=\"174\" srcset=\"https:\/\/agora.xtec.cat\/eaemporda\/wp-content\/uploads\/usu1941\/2023\/03\/11-300x174.png 300w, https:\/\/agora.xtec.cat\/eaemporda\/wp-content\/uploads\/usu1941\/2023\/03\/11.png 434w\" sizes=\"auto, (max-width: 300px) 100vw, 300px\" \/><\/a><\/td>\n<td style=\"width: 50%; text-align: center;\">\n<h5><a href=\"https:\/\/www.ccma.cat\/catradio\/alacarta\/catalunya-al-dia\/les-escoles-agraries-clau-per-garantir-el-relleu-generacional-del-sector\/audio\/1104966\/\" target=\"_blank\" rel=\"noopener\">Les escoles agr\u00e0ries, clau per garantir el relleu generacional del sector<\/a><\/h5>\n<p>Juny, 2021<\/td>\n<\/tr>\n<tr>\n<td style=\"width: 50%;\"><a href=\"https:\/\/www.elpuntavui.cat\/societat\/article\/5-societat\/1785189-l-escola-agraria-de-l-emporda-formacio-de-qualitat.html\" target=\"_blank\" rel=\"noopener\"><img loading=\"lazy\" decoding=\"async\" class=\"size-medium wp-image-2318 aligncenter\" src=\"https:\/\/agora.xtec.cat\/eaemporda\/wp-content\/uploads\/usu1941\/2023\/03\/10-300x186.jpg\" alt=\"\" width=\"300\" height=\"186\" srcset=\"https:\/\/agora.xtec.cat\/eaemporda\/wp-content\/uploads\/usu1941\/2023\/03\/10-300x186.jpg 300w, https:\/\/agora.xtec.cat\/eaemporda\/wp-content\/uploads\/usu1941\/2023\/03\/10-768x475.jpg 768w, https:\/\/agora.xtec.cat\/eaemporda\/wp-content\/uploads\/usu1941\/2023\/03\/10.jpg 800w\" sizes=\"auto, (max-width: 300px) 100vw, 300px\" \/><\/a><\/td>\n<td style=\"width: 50%; text-align: center;\">\n<h5><a href=\"https:\/\/www.elpuntavui.cat\/societat\/article\/5-societat\/1785189-l-escola-agraria-de-l-emporda-formacio-de-qualitat.html\" target=\"_blank\" rel=\"noopener\">L\u2019Escola Agr\u00e0ria de l\u2019Empord\u00e0, formaci\u00f3 de qualitat<\/a><\/h5>\n<p>Maig, 2020<\/p>\n<p>&nbsp;<\/td>\n<\/tr>\n<tr>\n<td style=\"width: 50%;\"><a href=\"https:\/\/www.diaridegirona.cat\/educacio\/2020\/05\/04\/l-escola-agraria-l-emporda-48716253.html\" target=\"_blank\" rel=\"noopener\"><img loading=\"lazy\" decoding=\"async\" class=\"size-medium wp-image-2317 aligncenter\" src=\"https:\/\/agora.xtec.cat\/eaemporda\/wp-content\/uploads\/usu1941\/2023\/03\/9-300x169.jpg\" alt=\"\" width=\"300\" height=\"169\" srcset=\"https:\/\/agora.xtec.cat\/eaemporda\/wp-content\/uploads\/usu1941\/2023\/03\/9-300x169.jpg 300w, https:\/\/agora.xtec.cat\/eaemporda\/wp-content\/uploads\/usu1941\/2023\/03\/9-768x432.jpg 768w, https:\/\/agora.xtec.cat\/eaemporda\/wp-content\/uploads\/usu1941\/2023\/03\/9.jpg 880w\" sizes=\"auto, (max-width: 300px) 100vw, 300px\" \/><\/a><\/td>\n<td style=\"width: 50%; text-align: center;\"><a href=\"https:\/\/www.diaridegirona.cat\/educacio\/2020\/05\/04\/l-escola-agraria-l-emporda-48716253.html\" target=\"_blank\" rel=\"noopener\">L&#8217;Escola Agr\u00e0ria de l&#8217;Empord\u00e0, l\u00edder en formaci\u00f3 professional del sector agroalimentari<\/a><\/p>\n<p>Maig, 2020<\/td>\n<\/tr>\n<tr>\n<td style=\"width: 50%;\">\n<h5><a href=\"https:\/\/www.ccma.cat\/catradio\/alacarta\/el-primer-sector\/pagesos-de-lemporda-troben-la-inspiracio-per-als-seus-productes-a-lescola-agraria\/audio\/1065988\/\" target=\"_blank\" rel=\"noopener\"><img loading=\"lazy\" decoding=\"async\" class=\"size-medium wp-image-2316 aligncenter\" src=\"https:\/\/agora.xtec.cat\/eaemporda\/wp-content\/uploads\/usu1941\/2023\/03\/8-300x173.png\" alt=\"\" width=\"300\" height=\"173\" srcset=\"https:\/\/agora.xtec.cat\/eaemporda\/wp-content\/uploads\/usu1941\/2023\/03\/8-300x173.png 300w, https:\/\/agora.xtec.cat\/eaemporda\/wp-content\/uploads\/usu1941\/2023\/03\/8.png 436w\" sizes=\"auto, (max-width: 300px) 100vw, 300px\" \/><\/a><\/h5>\n<\/td>\n<td style=\"width: 50%;\">\n<h5 style=\"text-align: center;\"><a href=\"https:\/\/www.ccma.cat\/catradio\/alacarta\/el-primer-sector\/pagesos-de-lemporda-troben-la-inspiracio-per-als-seus-productes-a-lescola-agraria\/audio\/1065988\/\" target=\"_blank\" rel=\"noopener\">Pagesos de l&#8217;Empord\u00e0 troben la inspiraci\u00f3 per als seus productes a l&#8217;Escola Agr\u00e0ria<\/a><\/h5>\n<p style=\"text-align: center;\">Mar\u00e7, 2020<\/p>\n<\/td>\n<\/tr>\n<tr>\n<td style=\"width: 50%;\"><img loading=\"lazy\" decoding=\"async\" class=\"size-medium wp-image-2315 aligncenter\" src=\"https:\/\/agora.xtec.cat\/eaemporda\/wp-content\/uploads\/usu1941\/2023\/03\/5-2-300x146.jpg\" alt=\"\" width=\"300\" height=\"146\" srcset=\"https:\/\/agora.xtec.cat\/eaemporda\/wp-content\/uploads\/usu1941\/2023\/03\/5-2-300x146.jpg 300w, https:\/\/agora.xtec.cat\/eaemporda\/wp-content\/uploads\/usu1941\/2023\/03\/5-2-1024x499.jpg 1024w, https:\/\/agora.xtec.cat\/eaemporda\/wp-content\/uploads\/usu1941\/2023\/03\/5-2-768x374.jpg 768w, https:\/\/agora.xtec.cat\/eaemporda\/wp-content\/uploads\/usu1941\/2023\/03\/5-2.jpg 1280w\" sizes=\"auto, (max-width: 300px) 100vw, 300px\" \/><\/td>\n<td style=\"width: 50%;\">\n<h5 style=\"text-align: center;\"><a href=\"https:\/\/www.emporda.info\/economia\/2020\/01\/29\/l-escola-agraria-l-emporda-50781391.html\" target=\"_blank\" rel=\"noopener\"><strong>L&#8217;Escola Agr\u00e0ria de l&#8217;Empord\u00e0 es consolida com a centre de refer\u00e8ncia pels productors<\/strong><\/a><\/h5>\n<p style=\"text-align: center;\">Gener, 2020<\/p>\n<\/td>\n<\/tr>\n<tr>\n<td style=\"width: 50%; text-align: center;\"><a href=\"https:\/\/www.emporda.info\/comarca\/2019\/12\/19\/premi-per-fuet-innovador-d-50787263.html\" target=\"_blank\" rel=\"noopener\"><img loading=\"lazy\" decoding=\"async\" class=\"size-medium wp-image-2314 aligncenter\" src=\"https:\/\/agora.xtec.cat\/eaemporda\/wp-content\/uploads\/usu1941\/2023\/03\/7-300x169.jpg\" alt=\"\" width=\"300\" height=\"169\" srcset=\"https:\/\/agora.xtec.cat\/eaemporda\/wp-content\/uploads\/usu1941\/2023\/03\/7-300x169.jpg 300w, https:\/\/agora.xtec.cat\/eaemporda\/wp-content\/uploads\/usu1941\/2023\/03\/7-768x432.jpg 768w, https:\/\/agora.xtec.cat\/eaemporda\/wp-content\/uploads\/usu1941\/2023\/03\/7.jpg 880w\" sizes=\"auto, (max-width: 300px) 100vw, 300px\" \/><\/a><\/td>\n<td style=\"width: 50%;\">\n<h5 style=\"text-align: center;\"><a href=\"https:\/\/www.emporda.info\/comarca\/2019\/12\/19\/premi-per-fuet-innovador-d-50787263.html\" target=\"_blank\" rel=\"noopener\">Premi per a un fuet innovador d&#8217;un alumne de l&#8217;Escola Agr\u00e0ria de l&#8217;Empord\u00e0<\/a><\/h5>\n<p style=\"text-align: center;\">Desembre, 2019<\/p>\n<\/td>\n<\/tr>\n<tr>\n<td style=\"width: 50%;\"><a href=\"https:\/\/ruralcat.gencat.cat\/web\/guest\/reportatge\/-\/journal_content\/2002\/20181\/5839544\/l-escola-agraria-de-l-emporda-un-referent-en-la-formacio-agroalimentaria\" target=\"_blank\" rel=\"noopener\"><img loading=\"lazy\" decoding=\"async\" class=\"size-medium wp-image-2313 aligncenter\" src=\"https:\/\/agora.xtec.cat\/eaemporda\/wp-content\/uploads\/usu1941\/2023\/03\/6-300x146.jpg\" alt=\"\" width=\"300\" height=\"146\" srcset=\"https:\/\/agora.xtec.cat\/eaemporda\/wp-content\/uploads\/usu1941\/2023\/03\/6-300x146.jpg 300w, https:\/\/agora.xtec.cat\/eaemporda\/wp-content\/uploads\/usu1941\/2023\/03\/6-1024x499.jpg 1024w, https:\/\/agora.xtec.cat\/eaemporda\/wp-content\/uploads\/usu1941\/2023\/03\/6-768x374.jpg 768w, https:\/\/agora.xtec.cat\/eaemporda\/wp-content\/uploads\/usu1941\/2023\/03\/6.jpg 1280w\" sizes=\"auto, (max-width: 300px) 100vw, 300px\" \/><\/a><\/td>\n<td style=\"width: 50%;\">\n<h5 style=\"text-align: center;\"><a href=\"https:\/\/ruralcat.gencat.cat\/web\/guest\/reportatge\/-\/journal_content\/2002\/20181\/5839544\/l-escola-agraria-de-l-emporda-un-referent-en-la-formacio-agroalimentaria\" target=\"_blank\" rel=\"noopener\">L\u2019Escola Agr\u00e0ria de l\u2019Empord\u00e0, un referent en la formaci\u00f3 agroaliment\u00e0ria<\/a><\/h5>\n<p style=\"text-align: center;\">Maig, 2019<\/p>\n<\/td>\n<\/tr>\n<tr>\n<td style=\"width: 50%;\"><a href=\"https:\/\/ruralcat.gencat.cat\/web\/guest\/noticia\/-\/journal_content\/2002\/20181\/5336836\/l-ea-de-l-emporda-dona-impuls-als-petits-transformadors-agroalimentaris\" target=\"_blank\" rel=\"noopener\"><img loading=\"lazy\" decoding=\"async\" class=\"size-medium wp-image-2312 aligncenter\" src=\"https:\/\/agora.xtec.cat\/eaemporda\/wp-content\/uploads\/usu1941\/2023\/03\/5-1-300x146.jpg\" alt=\"\" width=\"300\" height=\"146\" srcset=\"https:\/\/agora.xtec.cat\/eaemporda\/wp-content\/uploads\/usu1941\/2023\/03\/5-1-300x146.jpg 300w, https:\/\/agora.xtec.cat\/eaemporda\/wp-content\/uploads\/usu1941\/2023\/03\/5-1-1024x499.jpg 1024w, https:\/\/agora.xtec.cat\/eaemporda\/wp-content\/uploads\/usu1941\/2023\/03\/5-1-768x374.jpg 768w, https:\/\/agora.xtec.cat\/eaemporda\/wp-content\/uploads\/usu1941\/2023\/03\/5-1.jpg 1280w\" sizes=\"auto, (max-width: 300px) 100vw, 300px\" \/><\/a><\/td>\n<td style=\"width: 50%;\">\n<h5 style=\"text-align: center;\"><a href=\"https:\/\/ruralcat.gencat.cat\/web\/guest\/noticia\/-\/journal_content\/2002\/20181\/5336836\/l-ea-de-l-emporda-dona-impuls-als-petits-transformadors-agroalimentaris\" target=\"_blank\" rel=\"noopener\">L\u2019EA de l\u2019Empord\u00e0 d\u00f3na impuls als petits transformadors agroalimentaris<\/a><\/h5>\n<p style=\"text-align: center;\">Mar\u00e7, 2019<\/p>\n<\/td>\n<\/tr>\n<tr>\n<td style=\"width: 50%; text-align: center;\"><a href=\"https:\/\/www.diaridegirona.cat\/economia\/2019\/01\/19\/neix-oficialment-l-associacio-dones-48863466.html\" target=\"_blank\" rel=\"noopener\"><img loading=\"lazy\" decoding=\"async\" class=\"size-medium wp-image-2311 aligncenter\" src=\"https:\/\/agora.xtec.cat\/eaemporda\/wp-content\/uploads\/usu1941\/2023\/03\/4-1-300x169.jpg\" alt=\"\" width=\"300\" height=\"169\" srcset=\"https:\/\/agora.xtec.cat\/eaemporda\/wp-content\/uploads\/usu1941\/2023\/03\/4-1-300x169.jpg 300w, https:\/\/agora.xtec.cat\/eaemporda\/wp-content\/uploads\/usu1941\/2023\/03\/4-1-768x432.jpg 768w, https:\/\/agora.xtec.cat\/eaemporda\/wp-content\/uploads\/usu1941\/2023\/03\/4-1.jpg 880w\" sizes=\"auto, (max-width: 300px) 100vw, 300px\" \/><\/a><\/td>\n<td style=\"width: 50%;\">\n<h5 style=\"text-align: center;\"><a href=\"https:\/\/www.diaridegirona.cat\/economia\/2019\/01\/19\/neix-oficialment-l-associacio-dones-48863466.html\" target=\"_blank\" rel=\"noopener\">Neix oficialment l&#8217;Associaci\u00f3 de Dones del M\u00f3n Rural de Catalunya<\/a><\/h5>\n<p style=\"text-align: center;\">Gener, 2019<\/p>\n<\/td>\n<\/tr>\n<tr>\n<td style=\"width: 50%;\"><a href=\"https:\/\/www.ccma.cat\/tv3\/alacarta\/telenoticies-comarques\/mes-ofertes-de-feina-que-alumnes-als-estudis-agroalimentaris\/video\/5787944\/\" target=\"_blank\" rel=\"noopener\"><img loading=\"lazy\" decoding=\"async\" class=\"size-medium wp-image-2310 aligncenter\" src=\"https:\/\/agora.xtec.cat\/eaemporda\/wp-content\/uploads\/usu1941\/2023\/03\/3-300x165.png\" alt=\"\" width=\"300\" height=\"165\" srcset=\"https:\/\/agora.xtec.cat\/eaemporda\/wp-content\/uploads\/usu1941\/2023\/03\/3-300x165.png 300w, https:\/\/agora.xtec.cat\/eaemporda\/wp-content\/uploads\/usu1941\/2023\/03\/3.png 541w\" sizes=\"auto, (max-width: 300px) 100vw, 300px\" \/><\/a><\/td>\n<td style=\"width: 50%;\">\n<h5 style=\"text-align: center;\"><a href=\"https:\/\/www.ccma.cat\/tv3\/alacarta\/telenoticies-comarques\/mes-ofertes-de-feina-que-alumnes-als-estudis-agroalimentaris\/video\/5787944\/\" target=\"_blank\" rel=\"noopener\">M\u00e9s ofertes de feina que alumnes als estudis agroalimentaris<\/a><\/h5>\n<p style=\"text-align: center;\">Setembre, 2018<\/p>\n<\/td>\n<\/tr>\n<tr>\n<td style=\"width: 50%; text-align: center;\"><a href=\"https:\/\/agora.xtec.cat\/eaemporda\/wp-content\/uploads\/usu1941\/2019\/01\/Especial-formaci%C3%B3.pdf\" target=\"_blank\" rel=\"noopener\"><img loading=\"lazy\" decoding=\"async\" class=\"alignnone size-medium wp-image-2309\" src=\"https:\/\/agora.xtec.cat\/eaemporda\/wp-content\/uploads\/usu1941\/2023\/03\/2-300x138.png\" alt=\"\" width=\"300\" height=\"138\" srcset=\"https:\/\/agora.xtec.cat\/eaemporda\/wp-content\/uploads\/usu1941\/2023\/03\/2-300x138.png 300w, https:\/\/agora.xtec.cat\/eaemporda\/wp-content\/uploads\/usu1941\/2023\/03\/2.png 653w\" sizes=\"auto, (max-width: 300px) 100vw, 300px\" \/><\/a><\/td>\n<td style=\"width: 50%;\">\n<h5 style=\"text-align: center;\"><a href=\"https:\/\/agora.xtec.cat\/eaemporda\/wp-content\/uploads\/usu1941\/2019\/01\/Especial-formaci%C3%B3.pdf\" target=\"_blank\" rel=\"noopener\">Ind\u00fastria aliment\u00e0ria: uns estudis amb molt de futur<\/a><\/h5>\n<p style=\"text-align: center;\">Setembre, 2018<\/p>\n<\/td>\n<\/tr>\n<tr>\n<td style=\"width: 50%;\">\u00a0<a href=\"https:\/\/agricultura.gencat.cat\/ca\/detalls\/Noticia\/Post-jornada-00004\" target=\"_blank\" rel=\"noopener\"><img loading=\"lazy\" decoding=\"async\" class=\"size-medium wp-image-2308 aligncenter\" src=\"https:\/\/agora.xtec.cat\/eaemporda\/wp-content\/uploads\/usu1941\/2023\/03\/1-2-300x197.jpg\" alt=\"\" width=\"300\" height=\"197\" srcset=\"https:\/\/agora.xtec.cat\/eaemporda\/wp-content\/uploads\/usu1941\/2023\/03\/1-2-300x197.jpg 300w, https:\/\/agora.xtec.cat\/eaemporda\/wp-content\/uploads\/usu1941\/2023\/03\/1-2.jpg 367w\" sizes=\"auto, (max-width: 300px) 100vw, 300px\" \/><\/a><\/td>\n<td style=\"width: 50%;\">\n<h5 class=\"NG-menu__title\" style=\"text-align: center;\"><a href=\"https:\/\/agricultura.gencat.cat\/ca\/detalls\/Noticia\/Post-jornada-00004\" target=\"_blank\" rel=\"noopener\"><strong>La ind\u00fastria agroaliment\u00e0ria necessita m\u00e9s professionals qualificats<\/strong><\/a><\/h5>\n<p style=\"text-align: center;\">Juny, 2018<\/p>\n<\/td>\n<\/tr>\n<\/tbody>\n<\/table>\n","protected":false},"excerpt":{"rendered":"<p><a href=\"https:\/\/revistabaixemporda.cat\/amplia-oferta-de-coneixement-i-formacio-continua-del-sector-agroalimentari-a-lescola-agraria-i-alimentaria-de-monells\/\" target=\"_blank\" rel=\"noopener\"><\/a><\/p>\n<p><a href=\"https:\/\/revistabaixemporda.cat\/amplia-oferta-de-coneixement-i-formacio-continua-del-sector-agroalimentari-a-lescola-agraria-i-alimentaria-de-monells\/\" target=\"_blank\" rel=\"noopener\">\u00c0mplia oferta de coneixement i formaci\u00f3 cont\u00ednua del sector agroalimentari a l\u2019Escola Agr\u00e0ria i Aliment\u00e0ria de Monells<\/a><br \/>\nMar\u00e7, 2023<\/p>\n<p><a href=\"https:\/\/www.territoris.cat\/articulo\/mon-rural\/lea-l-emporda-teixeix-aliances-amb-sector-agroalimentari\/20230123175701088567.html?utm_medium=social&amp;utm_source=twitter&amp;utm_campaign=share_button\" target=\"_blank\" rel=\"noopener\"><\/a><\/p>\n<p><a href=\"https:\/\/www.territoris.cat\/articulo\/mon-rural\/lea-l-emporda-teixeix-aliances-amb-sector-agroalimentari\/20230123175701088567.html?utm_medium=social&amp;utm_source=twitter&amp;utm_campaign=share_button\" target=\"_blank\" rel=\"noopener\">L&#8217;EAA de l\u2019Empord\u00e0 teixeix aliances amb el sector agroalimentari<\/a><br \/>\nGener, 2023<\/p>\n<p><a href=\"https:\/\/cadenaser.com\/2022\/02\/08\/sergi-altarriba-cada-any-hem-de-deixar-ofertes-de-feina-sense-atendre-perque-no-tenim-prou-alumnes\/\" target=\"_blank\" rel=\"noopener\"><\/a><\/p>\n<p><a href=\"https:\/\/cadenaser.com\/2022\/02\/08\/sergi-altarriba-cada-any-hem-de-deixar-ofertes-de-feina-sense-atendre-perque-no-tenim-prou-alumnes\/\" target=\"_blank\" rel=\"noopener\">Sergi&hellip;  <a href=\"https:\/\/agora.xtec.cat\/eaemporda\/enllacos\/premsa-2\/\" title=\"Read Premsa\">Llegeix m\u00e9s\u00bb<\/a><\/p>\n","protected":false},"author":1,"featured_media":0,"parent":592,"menu_order":0,"comment_status":"closed","ping_status":"closed","template":"page-templates\/side-menu.php","meta":{"_bbp_topic_count":0,"_bbp_reply_count":0,"_bbp_total_topic_count":0,"_bbp_total_reply_count":0,"_bbp_voice_count":0,"_bbp_anonymous_reply_count":0,"_bbp_topic_count_hidden":0,"_bbp_reply_count_hidden":0,"_bbp_forum_subforum_count":0,"footnotes":""},"class_list":["post-2290","page","type-page","status-publish","hentry"],"post_mailing_queue_ids":[],"_links":{"self":[{"href":"https:\/\/agora.xtec.cat\/eaemporda\/wp-json\/wp\/v2\/pages\/2290","targetHints":{"allow":["GET"]}}],"collection":[{"href":"https:\/\/agora.xtec.cat\/eaemporda\/wp-json\/wp\/v2\/pages"}],"about":[{"href":"https:\/\/agora.xtec.cat\/eaemporda\/wp-json\/wp\/v2\/types\/page"}],"author":[{"embeddable":true,"href":"https:\/\/agora.xtec.cat\/eaemporda\/wp-json\/wp\/v2\/users\/1"}],"replies":[{"embeddable":true,"href":"https:\/\/agora.xtec.cat\/eaemporda\/wp-json\/wp\/v2\/comments?post=2290"}],"version-history":[{"count":3,"href":"https:\/\/agora.xtec.cat\/eaemporda\/wp-json\/wp\/v2\/pages\/2290\/revisions"}],"predecessor-version":[{"id":2323,"href":"https:\/\/agora.xtec.cat\/eaemporda\/wp-json\/wp\/v2\/pages\/2290\/revisions\/2323"}],"up":[{"embeddable":true,"href":"https:\/\/agora.xtec.cat\/eaemporda\/wp-json\/wp\/v2\/pages\/592"}],"wp:attachment":[{"href":"https:\/\/agora.xtec.cat\/eaemporda\/wp-json\/wp\/v2\/media?parent=2290"}],"curies":[{"name":"wp","href":"https:\/\/api.w.org\/{rel}","templated":true}]}}