{"id":2266,"date":"2023-03-13T12:43:13","date_gmt":"2023-03-13T11:43:13","guid":{"rendered":"https:\/\/agora.xtec.cat\/eaemporda\/?page_id=2266"},"modified":"2023-03-13T12:48:21","modified_gmt":"2023-03-13T11:48:21","slug":"sortides-professionals","status":"publish","type":"page","link":"https:\/\/agora.xtec.cat\/eaemporda\/estudis\/sortides-professionals\/","title":{"rendered":"Sortides professionals"},"content":{"rendered":"<p>El perfil professional del <strong>Cicle Formatiu de Grau Superior de Processos i Qualitat en Ind\u00fastries Aliment\u00e0ries <\/strong>\u00e9s de t\u00e8cnic superior d\u2019ind\u00fastria aliment\u00e0ria, amb tasques relacionades amb diversos \u00e0mbits d\u2019aquest sector: la gesti\u00f3 de la qualitat, la seguretat aliment\u00e0ria, el control de la producci\u00f3\u2026 entre d\u2019altres.<\/p>\n<p>Vols con\u00e8ixer les <strong>sortides laborals<\/strong> que et proporciona aquest cicle? Aquestes s\u00f3n algunes d\u2019elles:<\/p>\n<p>&#8211; Gesti\u00f3 de\u00a0qualitat\u00a0i\u00a0seguretat aliment\u00e0ria<br \/>\n&#8211; T\u00e8cnic de laboratori<br \/>\n&#8211; Encarregat de producci\u00f3<br \/>\n&#8211; Encarregat de control ambiental<br \/>\n&#8211; Consultor alimentari<br \/>\n&#8211; Elaborador de productes<\/p>\n<p><img loading=\"lazy\" decoding=\"async\" class=\" wp-image-2271 aligncenter\" src=\"https:\/\/agora.xtec.cat\/eaemporda\/wp-content\/uploads\/usu1941\/2023\/03\/298654629_999945740686693_7230837657011700127_n-1024x537.jpg\" alt=\"\" width=\"828\" height=\"434\" srcset=\"https:\/\/agora.xtec.cat\/eaemporda\/wp-content\/uploads\/usu1941\/2023\/03\/298654629_999945740686693_7230837657011700127_n-1024x537.jpg 1024w, https:\/\/agora.xtec.cat\/eaemporda\/wp-content\/uploads\/usu1941\/2023\/03\/298654629_999945740686693_7230837657011700127_n-300x157.jpg 300w, https:\/\/agora.xtec.cat\/eaemporda\/wp-content\/uploads\/usu1941\/2023\/03\/298654629_999945740686693_7230837657011700127_n-768x402.jpg 768w, https:\/\/agora.xtec.cat\/eaemporda\/wp-content\/uploads\/usu1941\/2023\/03\/298654629_999945740686693_7230837657011700127_n.jpg 1080w\" sizes=\"auto, (max-width: 828px) 100vw, 828px\" \/><\/p>\n","protected":false},"excerpt":{"rendered":"<p>El perfil professional del Cicle Formatiu de Grau Superior de Processos i Qualitat en Ind\u00fastries Aliment\u00e0ries \u00e9s de t\u00e8cnic superior d\u2019ind\u00fastria aliment\u00e0ria, amb tasques relacionades amb diversos \u00e0mbits d\u2019aquest sector: la gesti\u00f3 de la qualitat, la seguretat aliment\u00e0ria, el control de la producci\u00f3\u2026 entre d\u2019altres.<br \/>\nVols&hellip;  <a href=\"https:\/\/agora.xtec.cat\/eaemporda\/estudis\/sortides-professionals\/\" title=\"Read Sortides professionals\">Llegeix m\u00e9s\u00bb<\/a><\/p>\n","protected":false},"author":1,"featured_media":0,"parent":195,"menu_order":0,"comment_status":"closed","ping_status":"closed","template":"page-templates\/side-menu.php","meta":{"_bbp_topic_count":0,"_bbp_reply_count":0,"_bbp_total_topic_count":0,"_bbp_total_reply_count":0,"_bbp_voice_count":0,"_bbp_anonymous_reply_count":0,"_bbp_topic_count_hidden":0,"_bbp_reply_count_hidden":0,"_bbp_forum_subforum_count":0,"footnotes":""},"class_list":["post-2266","page","type-page","status-publish","hentry"],"post_mailing_queue_ids":[],"_links":{"self":[{"href":"https:\/\/agora.xtec.cat\/eaemporda\/wp-json\/wp\/v2\/pages\/2266","targetHints":{"allow":["GET"]}}],"collection":[{"href":"https:\/\/agora.xtec.cat\/eaemporda\/wp-json\/wp\/v2\/pages"}],"about":[{"href":"https:\/\/agora.xtec.cat\/eaemporda\/wp-json\/wp\/v2\/types\/page"}],"author":[{"embeddable":true,"href":"https:\/\/agora.xtec.cat\/eaemporda\/wp-json\/wp\/v2\/users\/1"}],"replies":[{"embeddable":true,"href":"https:\/\/agora.xtec.cat\/eaemporda\/wp-json\/wp\/v2\/comments?post=2266"}],"version-history":[{"count":3,"href":"https:\/\/agora.xtec.cat\/eaemporda\/wp-json\/wp\/v2\/pages\/2266\/revisions"}],"predecessor-version":[{"id":2272,"href":"https:\/\/agora.xtec.cat\/eaemporda\/wp-json\/wp\/v2\/pages\/2266\/revisions\/2272"}],"up":[{"embeddable":true,"href":"https:\/\/agora.xtec.cat\/eaemporda\/wp-json\/wp\/v2\/pages\/195"}],"wp:attachment":[{"href":"https:\/\/agora.xtec.cat\/eaemporda\/wp-json\/wp\/v2\/media?parent=2266"}],"curies":[{"name":"wp","href":"https:\/\/api.w.org\/{rel}","templated":true}]}}