{"id":2239,"date":"2023-03-13T12:02:50","date_gmt":"2023-03-13T11:02:50","guid":{"rendered":"https:\/\/agora.xtec.cat\/eaemporda\/?page_id=2239"},"modified":"2023-10-19T09:59:46","modified_gmt":"2023-10-19T07:59:46","slug":"pla-estrategic","status":"publish","type":"page","link":"https:\/\/agora.xtec.cat\/eaemporda\/lescola\/documentacio-de-centre\/pla-estrategic\/","title":{"rendered":"Pla estrat\u00e8gic"},"content":{"rendered":"<p>Per tal d\u2019adaptar-nos a la realitat del <strong>sector agroalimentari<\/strong>, hem desenvolupar el <strong>Pla Estrat\u00e8gic<\/strong> de l\u2019<strong>Escola Agr\u00e0ria i Aliment\u00e0ria de l\u2019Empord\u00e0 2019 \u2013 2023<\/strong>, que estableix els objectius a mitj\u00e0 termini, les grans l\u00ednies d&#8217;actuaci\u00f3 (estrat\u00e8gies) i una descripci\u00f3 gen\u00e8rica, global i temporitzada per cursos dels recursos addicionals que s\u00f3n necessaris per aplicar el pla.<\/p>\n<p><a href=\"https:\/\/agora.xtec.cat\/eaemporda\/wp-content\/uploads\/usu1941\/2023\/03\/PLA-ESTRATEGIC-EA-Emporda.pdf\" target=\"_blank\" rel=\"noopener\"><img loading=\"lazy\" decoding=\"async\" class=\"aligncenter wp-image-2240 \" src=\"https:\/\/agora.xtec.cat\/eaemporda\/wp-content\/uploads\/usu1941\/2023\/03\/EA-EMPORDA-Banners-web-Xtec-8-300x300.png\" alt=\"\" width=\"396\" height=\"396\" srcset=\"https:\/\/agora.xtec.cat\/eaemporda\/wp-content\/uploads\/usu1941\/2023\/03\/EA-EMPORDA-Banners-web-Xtec-8-300x300.png 300w, https:\/\/agora.xtec.cat\/eaemporda\/wp-content\/uploads\/usu1941\/2023\/03\/EA-EMPORDA-Banners-web-Xtec-8-1024x1024.png 1024w, https:\/\/agora.xtec.cat\/eaemporda\/wp-content\/uploads\/usu1941\/2023\/03\/EA-EMPORDA-Banners-web-Xtec-8-150x150.png 150w, https:\/\/agora.xtec.cat\/eaemporda\/wp-content\/uploads\/usu1941\/2023\/03\/EA-EMPORDA-Banners-web-Xtec-8-768x768.png 768w, https:\/\/agora.xtec.cat\/eaemporda\/wp-content\/uploads\/usu1941\/2023\/03\/EA-EMPORDA-Banners-web-Xtec-8.png 1080w\" sizes=\"auto, (max-width: 396px) 100vw, 396px\" \/><\/a><\/p>\n","protected":false},"excerpt":{"rendered":"<p>Per tal d\u2019adaptar-nos a la realitat del sector agroalimentari, hem desenvolupar el Pla Estrat\u00e8gic de l\u2019Escola Agr\u00e0ria i Aliment\u00e0ria de l\u2019Empord\u00e0 2019 \u2013 2023, que estableix els objectius a mitj\u00e0 termini, les grans l\u00ednies d&#8217;actuaci\u00f3 (estrat\u00e8gies) i una descripci\u00f3 gen\u00e8rica, global i temporitzada per cursos&hellip;  <a href=\"https:\/\/agora.xtec.cat\/eaemporda\/lescola\/documentacio-de-centre\/pla-estrategic\/\" title=\"Read Pla estrat\u00e8gic\">Llegeix m\u00e9s\u00bb<\/a><\/p>\n","protected":false},"author":1,"featured_media":0,"parent":2463,"menu_order":0,"comment_status":"closed","ping_status":"closed","template":"page-templates\/side-menu.php","meta":{"_bbp_topic_count":0,"_bbp_reply_count":0,"_bbp_total_topic_count":0,"_bbp_total_reply_count":0,"_bbp_voice_count":0,"_bbp_anonymous_reply_count":0,"_bbp_topic_count_hidden":0,"_bbp_reply_count_hidden":0,"_bbp_forum_subforum_count":0,"footnotes":""},"class_list":["post-2239","page","type-page","status-publish","hentry"],"post_mailing_queue_ids":[],"_links":{"self":[{"href":"https:\/\/agora.xtec.cat\/eaemporda\/wp-json\/wp\/v2\/pages\/2239","targetHints":{"allow":["GET"]}}],"collection":[{"href":"https:\/\/agora.xtec.cat\/eaemporda\/wp-json\/wp\/v2\/pages"}],"about":[{"href":"https:\/\/agora.xtec.cat\/eaemporda\/wp-json\/wp\/v2\/types\/page"}],"author":[{"embeddable":true,"href":"https:\/\/agora.xtec.cat\/eaemporda\/wp-json\/wp\/v2\/users\/1"}],"replies":[{"embeddable":true,"href":"https:\/\/agora.xtec.cat\/eaemporda\/wp-json\/wp\/v2\/comments?post=2239"}],"version-history":[{"count":1,"href":"https:\/\/agora.xtec.cat\/eaemporda\/wp-json\/wp\/v2\/pages\/2239\/revisions"}],"predecessor-version":[{"id":2244,"href":"https:\/\/agora.xtec.cat\/eaemporda\/wp-json\/wp\/v2\/pages\/2239\/revisions\/2244"}],"up":[{"embeddable":true,"href":"https:\/\/agora.xtec.cat\/eaemporda\/wp-json\/wp\/v2\/pages\/2463"}],"wp:attachment":[{"href":"https:\/\/agora.xtec.cat\/eaemporda\/wp-json\/wp\/v2\/media?parent=2239"}],"curies":[{"name":"wp","href":"https:\/\/api.w.org\/{rel}","templated":true}]}}