{"id":21,"date":"2014-09-17T16:14:14","date_gmt":"2014-09-17T16:14:14","guid":{"rendered":"http:\/\/agora.xtec.cat\/eaemporda\/?page_id=21"},"modified":"2025-12-03T11:41:19","modified_gmt":"2025-12-03T10:41:19","slug":"https-www-google-es-maps-place-escolaagrariaemporda-41-97644642-998099815z-data4m23m11s0x00x657c0afe6730ef85ved2ahukewjpimigyb_eahxez1akhtyidcgq_biwcnoecauqca","status":"publish","type":"page","link":"https:\/\/agora.xtec.cat\/eaemporda\/lescola\/https-www-google-es-maps-place-escolaagrariaemporda-41-97644642-998099815z-data4m23m11s0x00x657c0afe6730ef85ved2ahukewjpimigyb_eahxez1akhtyidcgq_biwcnoecauqca\/","title":{"rendered":"Com arribar"},"content":{"rendered":"<p><strong>Les nostres dades<img loading=\"lazy\" decoding=\"async\" class=\"wp-image-2225 alignright\" src=\"https:\/\/agora.xtec.cat\/eaemporda\/wp-content\/uploads\/usu1941\/2023\/03\/Captura.png\" alt=\"\" width=\"421\" height=\"411\" srcset=\"https:\/\/agora.xtec.cat\/eaemporda\/wp-content\/uploads\/usu1941\/2023\/03\/Captura.png 732w, https:\/\/agora.xtec.cat\/eaemporda\/wp-content\/uploads\/usu1941\/2023\/03\/Captura-300x293.png 300w\" sizes=\"auto, (max-width: 421px) 100vw, 421px\" \/><\/strong><\/p>\n<p>Escola Agr\u00e0ria i Aliment\u00e0ria de l\u2019Empord\u00e0<\/p>\n<p>Finca Camps i Armet s\/n<\/p>\n<p>17121, Monells (Baix Empord\u00e0)<\/p>\n<p>\ud83d\udcde 972 63 01 23 \/ 972 63 06 22<\/p>\n<p>\ud83d\udce9 <a title=\"B\u00fastia electr\u00f2nica\" href=\"mailto:eaa_emporda.agricultura@gencat.cat\">eaa_emporda.agricultura@gencat.cat<\/a><\/p>\n<p><strong>\u00a0<\/strong><\/p>\n<p><strong>Com arribar &#8211; hi<\/strong><\/p>\n<p>Amb cotxe: Sortida AP-7 Girona Nord, C-66 direcci\u00f3 Palam\u00f3s fins a Cor\u00e7\u00e0, i desviament a Monells<\/p>\n<p>Amb tren: L\u00ednea Barcelona-figueres, parada a Fla\u00e7\u00e0<\/p>\n<p>Amb bus: Sarfa Girona-Monells<\/p>\n","protected":false},"excerpt":{"rendered":"<p>Les nostres dades<br \/>\nEscola Agr\u00e0ria i Aliment\u00e0ria de l\u2019Empord\u00e0<br \/>\nFinca Camps i Armet s\/n<br \/>\n17121, Monells (Baix Empord\u00e0)<br \/>\n\ud83d\udcde 972 63 01 23 \/ 972 63 06 22<br \/>\n\ud83d\udce9 <a title=\"B\u00fastia electr\u00f2nica\" href=\"mailto:eaa_emporda.agricultura@gencat.cat\">eaa_emporda.agricultura@gencat.cat<\/a><br \/>\n\u00a0<br \/>\nCom arribar &#8211; hi<br \/>\nAmb cotxe: Sortida AP-7 Girona Nord, C-66 direcci\u00f3 Palam\u00f3s fins a Cor\u00e7\u00e0, i desviament a&hellip;  <a href=\"https:\/\/agora.xtec.cat\/eaemporda\/lescola\/https-www-google-es-maps-place-escolaagrariaemporda-41-97644642-998099815z-data4m23m11s0x00x657c0afe6730ef85ved2ahukewjpimigyb_eahxez1akhtyidcgq_biwcnoecauqca\/\" title=\"Read Com arribar\">Llegeix m\u00e9s\u00bb<\/a><\/p>\n","protected":false},"author":1,"featured_media":0,"parent":581,"menu_order":10,"comment_status":"closed","ping_status":"closed","template":"page-templates\/side-menu.php","meta":{"_bbp_topic_count":0,"_bbp_reply_count":0,"_bbp_total_topic_count":0,"_bbp_total_reply_count":0,"_bbp_voice_count":0,"_bbp_anonymous_reply_count":0,"_bbp_topic_count_hidden":0,"_bbp_reply_count_hidden":0,"_bbp_forum_subforum_count":0,"footnotes":""},"class_list":["post-21","page","type-page","status-publish","hentry"],"post_mailing_queue_ids":[],"_links":{"self":[{"href":"https:\/\/agora.xtec.cat\/eaemporda\/wp-json\/wp\/v2\/pages\/21","targetHints":{"allow":["GET"]}}],"collection":[{"href":"https:\/\/agora.xtec.cat\/eaemporda\/wp-json\/wp\/v2\/pages"}],"about":[{"href":"https:\/\/agora.xtec.cat\/eaemporda\/wp-json\/wp\/v2\/types\/page"}],"author":[{"embeddable":true,"href":"https:\/\/agora.xtec.cat\/eaemporda\/wp-json\/wp\/v2\/users\/1"}],"replies":[{"embeddable":true,"href":"https:\/\/agora.xtec.cat\/eaemporda\/wp-json\/wp\/v2\/comments?post=21"}],"version-history":[{"count":4,"href":"https:\/\/agora.xtec.cat\/eaemporda\/wp-json\/wp\/v2\/pages\/21\/revisions"}],"predecessor-version":[{"id":3028,"href":"https:\/\/agora.xtec.cat\/eaemporda\/wp-json\/wp\/v2\/pages\/21\/revisions\/3028"}],"up":[{"embeddable":true,"href":"https:\/\/agora.xtec.cat\/eaemporda\/wp-json\/wp\/v2\/pages\/581"}],"wp:attachment":[{"href":"https:\/\/agora.xtec.cat\/eaemporda\/wp-json\/wp\/v2\/media?parent=21"}],"curies":[{"name":"wp","href":"https:\/\/api.w.org\/{rel}","templated":true}]}}