{"id":1785,"date":"2022-01-10T12:21:12","date_gmt":"2022-01-10T11:21:12","guid":{"rendered":"https:\/\/agora.xtec.cat\/eaemporda\/?page_id=1785"},"modified":"2022-01-10T12:22:34","modified_gmt":"2022-01-10T11:22:34","slug":"cursos-2021","status":"publish","type":"page","link":"https:\/\/agora.xtec.cat\/eaemporda\/formacio-continua\/cursos\/cursos-2021\/","title":{"rendered":"Cursos 2021"},"content":{"rendered":"<p>&nbsp;<\/p>\n<p>&nbsp;<\/p>\n<table>\n<tbody>\n<tr>\n<td><strong>CURS<\/strong><\/td>\n<td><strong>LLOC<\/strong><\/td>\n<td><strong>DATES<\/strong><\/td>\n<td><strong>PROGRAMA I INSCRIPCIONS<\/strong><\/td>\n<\/tr>\n<tr>\n<td>Principis b\u00e0sics de carnisseria.<br \/>\nEl treball de la carn fresca<\/td>\n<td>Semipresencial. Barcelona<\/td>\n<td>Del 31 de gener a l\u20191 de juny<\/td>\n<td><a href=\"https:\/\/agora.xtec.cat\/eaemporda\/wp-content\/uploads\/usu1941\/2021\/12\/carnissers.pdf\">carnissers<\/a><\/td>\n<\/tr>\n<tr>\n<td>Conserves vegetals<\/td>\n<td>EA Empord\u00e0<\/td>\n<td>1,2 i 3 de desembre<\/td>\n<td><a href=\"https:\/\/agora.xtec.cat\/eaemporda\/wp-content\/uploads\/usu1941\/2021\/10\/conserves.pdf\">conserves<\/a><\/td>\n<\/tr>\n<tr>\n<td>BRC v8 i IFS v7<\/td>\n<td>On-line<\/td>\n<td>4, 11, 18 i 25 de novembre<\/td>\n<td><a href=\"https:\/\/agora.xtec.cat\/eaemporda\/wp-content\/uploads\/usu1941\/2021\/10\/BRC.pdf\">BRC<\/a><\/td>\n<\/tr>\n<tr>\n<td>Neteja i desinfecci\u00f3<\/td>\n<td>EA Empord\u00e0 (semi presencial)<\/td>\n<td>18 i 20 d\u2019octubre i 3 de novembre<\/td>\n<td><a href=\"https:\/\/agora.xtec.cat\/eaemporda\/wp-content\/uploads\/usu1941\/2021\/09\/neteja.pdf\">neteja<\/a><\/td>\n<\/tr>\n<tr>\n<td>Planificaci\u00f3 de cultius d\u2019horta<\/td>\n<td>EA Empord\u00e0 (semi presencial)<\/td>\n<td>Del 23 de novembre al 16 de desembre<\/td>\n<td><a href=\"https:\/\/agora.xtec.cat\/eaemporda\/wp-content\/uploads\/usu1941\/2021\/10\/horta.pdf\">horta<\/a><\/td>\n<\/tr>\n<tr>\n<td>Iniciaci\u00f3 a l\u2019agricultura regenerativa<\/td>\n<td>EA Empord\u00e0 (semi presencial)<\/td>\n<td>Del 15 de setembre al 20 d\u2019octubre<\/td>\n<td><a href=\"https:\/\/agora.xtec.cat\/eaemporda\/wp-content\/uploads\/usu1941\/2021\/07\/regenerativa.pdf\">regenerativa<\/a><\/td>\n<\/tr>\n<tr>\n<td>Assessorament en fertilitzaci\u00f3<br \/>\na les pr\u00f2pies finques<\/td>\n<td>On-line<\/td>\n<td>Del 20 de maig al 3 de juny<\/td>\n<td><a href=\"https:\/\/agora.xtec.cat\/eaemporda\/wp-content\/uploads\/usu1941\/2021\/05\/fertilitzacio.pdf\">fertilitzacio<\/a><\/td>\n<\/tr>\n<tr>\n<td>Elaboraci\u00f3 de melmelades.<\/td>\n<td>Semipresencial (Monells)<\/td>\n<td>17, 18, 20 i 21 de maig<\/td>\n<td><a href=\"https:\/\/agora.xtec.cat\/eaemporda\/wp-content\/uploads\/usu1941\/2021\/05\/melmelades.pdf\">melmelades<\/a><\/td>\n<\/tr>\n<tr>\n<td>Introducci\u00f3 al Sushi<\/td>\n<td>Semipresencial (Monells)<\/td>\n<td>10,11 i 12 de maig<\/td>\n<td><a href=\"https:\/\/agora.xtec.cat\/eaemporda\/wp-content\/uploads\/usu1941\/2021\/04\/sushi.pdf\">sushi<\/a><\/td>\n<\/tr>\n<tr>\n<td>La fitxa t\u00e8cnica del producte alimentari<\/td>\n<td>On-line<\/td>\n<td>5, 12, 17 i 31 de maig<\/td>\n<td><a href=\"https:\/\/agora.xtec.cat\/eaemporda\/wp-content\/uploads\/usu1941\/2021\/04\/Fitxes.pdf\">Fitxes<\/a><\/td>\n<\/tr>\n<tr>\n<td>Aprofitament i maneig de les pastures<\/td>\n<td>Curs semi presencial<\/td>\n<td>Del 27 d\u2019abril al 18 de maig<\/td>\n<td><a href=\"https:\/\/agora.xtec.cat\/eaemporda\/wp-content\/uploads\/usu1941\/2021\/03\/aprofitament_pastures.pdf\">aprofitament_pastures<\/a><\/td>\n<\/tr>\n<tr>\n<td>Principis b\u00e0sics de carnisseria i elaboraci\u00f3 de productes carnis<\/td>\n<td>Barcelona (semi presencial)<\/td>\n<td>Del 7 d\u2019abril al 3 de novembre<\/td>\n<td><a href=\"https:\/\/agora.xtec.cat\/eaemporda\/wp-content\/uploads\/usu1941\/2021\/03\/carnisseries.pdf\">carnisseries<\/a><\/td>\n<\/tr>\n<tr>\n<td>Homologaci\u00f3 de prove\u00efdors<\/td>\n<td>On-line<\/td>\n<td>12, 19 i 26 d\u2019abril<\/td>\n<td><a href=\"https:\/\/agora.xtec.cat\/eaemporda\/wp-content\/uploads\/usu1941\/2021\/03\/homologacio.pdf\">homologacio<\/a><\/td>\n<\/tr>\n<tr>\n<td>Desenvolupa el teu projecte de transformaci\u00f3 aliment\u00e0ria 2020<\/td>\n<td>Monells<\/td>\n<td>Febrer-Maig<\/td>\n<td><a href=\"https:\/\/agora.xtec.cat\/eaemporda\/wp-content\/uploads\/usu1941\/2021\/01\/Espai-test-2021.pdf\">Espai test 2021<\/a><\/td>\n<\/tr>\n<tr>\n<td>El risc alimentari en el nostre dia a dia<\/td>\n<td>On-line<\/td>\n<td>De l\u201911 de mar\u00e7 al 20 de maig<\/td>\n<td><a href=\"https:\/\/agora.xtec.cat\/eaemporda\/wp-content\/uploads\/usu1941\/2021\/01\/El-risc-microbiol%C3%B2gic-en-el-nostre-dia-a-dia.pdf\">El risc microbiol\u00f2gic en el nostre dia a dia<\/a><\/td>\n<\/tr>\n<tr>\n<td>Gesti\u00f3 de les herbes en conreus d\u2019horta ecol\u00f2gica<\/td>\n<td>On-line<\/td>\n<td>Del 17 de febrer al 25 de mar\u00e7<\/td>\n<td><a href=\"https:\/\/agora.xtec.cat\/eaemporda\/wp-content\/uploads\/usu1941\/2021\/01\/herbesconreus.pdf\">herbesconreus<\/a><\/td>\n<\/tr>\n<tr>\n<td>Curs pr\u00e0ctic sobre APPCC i prerequisits<br \/>\nen productes carnis crus curats<\/td>\n<td>On-line<\/td>\n<td>De l\u20191 al 22 de mar\u00e7<\/td>\n<td><a href=\"https:\/\/agora.xtec.cat\/eaemporda\/wp-content\/uploads\/usu1941\/2021\/02\/APPCCcarni.pdf\">APPCCcarni<\/a><\/td>\n<\/tr>\n<tr>\n<td>Excel avan\u00e7at per a la gesti\u00f3 de la producci\u00f3 i la log\u00edstica a l\u00b4incert mercat actual<\/td>\n<td>\u00a0On-line<\/td>\n<td>Del 2 al 23 de febrer<\/td>\n<td><a href=\"https:\/\/agora.xtec.cat\/eaemporda\/wp-content\/uploads\/usu1941\/2021\/01\/Excel-avan%C3%A7at-per-la-gesti%C3%B3-de-la-producci%C3%B3-i-log%C3%ADstica-en-l%C3%ADnia.pdf\">Excel avan\u00e7at per la gesti\u00f3 de la producci\u00f3 i log\u00edstica en l\u00ednia<\/a><\/td>\n<\/tr>\n<tr>\n<td>Principals punts cr\u00edtics en la norma BRC Global<br \/>\nStandards<\/td>\n<td>On-line<\/td>\n<td>11, 21 i 29 de gener<\/td>\n<td><a href=\"https:\/\/agora.xtec.cat\/eaemporda\/wp-content\/uploads\/usu1941\/2020\/11\/BRC.pdf\">BRC<\/a><\/td>\n<\/tr>\n<tr>\n<td>Comer\u00e7 digital del vi<\/td>\n<td>On-line<\/td>\n<td>Del 19 al 28 de gener<\/td>\n<td><a href=\"https:\/\/agora.xtec.cat\/eaemporda\/wp-content\/uploads\/usu1941\/2020\/12\/Comer%C3%A7_digital_vi.pdf\">Comer\u00e7_digital_vi<\/a><\/td>\n<\/tr>\n<tr>\n<td>Producci\u00f3 agr\u00edcola extensiva,<br \/>\nla producci\u00f3 de coreus herbacis<\/td>\n<td>On-line<\/td>\n<td>Del 28 de gener al 23 de febrer<\/td>\n<td><a href=\"https:\/\/agora.xtec.cat\/eaemporda\/wp-content\/uploads\/usu1941\/2021\/01\/conreusherbacis.pdf\">conreusherbacis<\/a><\/td>\n<\/tr>\n<tr>\n<td>Curs de poda i regeneraci\u00f3 d\u2019oliveres a l\u2019Empord\u00e0<\/td>\n<td>Semipresencial<\/td>\n<td>Del 9 al 25 de febrer<\/td>\n<td><a href=\"https:\/\/agora.xtec.cat\/eaemporda\/wp-content\/uploads\/usu1941\/2021\/01\/OliveresPoda.pdf\">OliveresPoda<\/a><\/td>\n<\/tr>\n<\/tbody>\n<\/table>\n<div class=\"addtoany_share_save_container addtoany_content addtoany_content_bottom\">\n<div class=\"a2a_kit a2a_kit_size_25 addtoany_list\" data-a2a-url=\"https:\/\/agora.xtec.cat\/eaemporda\/formacio-continua\/cursos\/\" data-a2a-title=\"Cursos\"><a class=\"a2a_button_facebook\" title=\"Facebook\" href=\"https:\/\/agora.xtec.cat\/#facebook\" target=\"_blank\" rel=\"nofollow noopener\"><span class=\"a2a_label\">Facebook<\/span><\/a><a class=\"a2a_button_twitter\" title=\"Twitter\" href=\"https:\/\/agora.xtec.cat\/#twitter\" target=\"_blank\" rel=\"nofollow noopener\"><span class=\"a2a_label\">Twitter<\/span><\/a><a class=\"a2a_button_whatsapp\" title=\"WhatsApp\" href=\"https:\/\/agora.xtec.cat\/#whatsapp\" target=\"_blank\" rel=\"nofollow noopener\"><span class=\"a2a_label\">WhatsApp<\/span><\/a><a class=\"a2a_button_google_gmail\" title=\"Gmail\" href=\"https:\/\/agora.xtec.cat\/#google_gmail\" target=\"_blank\" rel=\"nofollow noopener\"><span class=\"a2a_label\">Gmail<\/span><\/a><\/div>\n<\/div>\n","protected":false},"excerpt":{"rendered":"<p>&nbsp;<br \/>\n&nbsp;<\/p>\n<p>CURS<br \/>\nLLOC<br \/>\nDATES<br \/>\nPROGRAMA I INSCRIPCIONS<\/p>\n<p>Principis b\u00e0sics de carnisseria.<br \/>\nEl treball de la carn fresca<br \/>\nSemipresencial. Barcelona<br \/>\nDel 31 de gener a l\u20191 de juny<br \/>\n<a href=\"https:\/\/agora.xtec.cat\/eaemporda\/wp-content\/uploads\/usu1941\/2021\/12\/carnissers.pdf\">carnissers<\/a><\/p>\n<p>Conserves vegetals<br \/>\nEA Empord\u00e0<br \/>\n1,2 i 3 de desembre<br \/>\n<a href=\"https:\/\/agora.xtec.cat\/eaemporda\/wp-content\/uploads\/usu1941\/2021\/10\/conserves.pdf\">conserves<\/a><\/p>\n<p>BRC v8 i IFS v7<br \/>\nOn-line<br \/>\n4, 11, 18 i 25 de novembre<br \/>\n<a href=\"https:\/\/agora.xtec.cat\/eaemporda\/wp-content\/uploads\/usu1941\/2021\/10\/BRC.pdf\">BRC<\/a><\/p>\n<p>Neteja i desinfecci\u00f3<br \/>\nEA Empord\u00e0 (semi presencial)<br \/>\n18 i 20&hellip;  <a href=\"https:\/\/agora.xtec.cat\/eaemporda\/formacio-continua\/cursos\/cursos-2021\/\" title=\"Read Cursos 2021\">Llegeix m\u00e9s\u00bb<\/a><\/p>\n","protected":false},"author":1,"featured_media":0,"parent":664,"menu_order":0,"comment_status":"closed","ping_status":"closed","template":"","meta":{"_bbp_topic_count":0,"_bbp_reply_count":0,"_bbp_total_topic_count":0,"_bbp_total_reply_count":0,"_bbp_voice_count":0,"_bbp_anonymous_reply_count":0,"_bbp_topic_count_hidden":0,"_bbp_reply_count_hidden":0,"_bbp_forum_subforum_count":0,"footnotes":""},"class_list":["post-1785","page","type-page","status-publish","hentry"],"post_mailing_queue_ids":[],"_links":{"self":[{"href":"https:\/\/agora.xtec.cat\/eaemporda\/wp-json\/wp\/v2\/pages\/1785","targetHints":{"allow":["GET"]}}],"collection":[{"href":"https:\/\/agora.xtec.cat\/eaemporda\/wp-json\/wp\/v2\/pages"}],"about":[{"href":"https:\/\/agora.xtec.cat\/eaemporda\/wp-json\/wp\/v2\/types\/page"}],"author":[{"embeddable":true,"href":"https:\/\/agora.xtec.cat\/eaemporda\/wp-json\/wp\/v2\/users\/1"}],"replies":[{"embeddable":true,"href":"https:\/\/agora.xtec.cat\/eaemporda\/wp-json\/wp\/v2\/comments?post=1785"}],"version-history":[{"count":2,"href":"https:\/\/agora.xtec.cat\/eaemporda\/wp-json\/wp\/v2\/pages\/1785\/revisions"}],"predecessor-version":[{"id":1787,"href":"https:\/\/agora.xtec.cat\/eaemporda\/wp-json\/wp\/v2\/pages\/1785\/revisions\/1787"}],"up":[{"embeddable":true,"href":"https:\/\/agora.xtec.cat\/eaemporda\/wp-json\/wp\/v2\/pages\/664"}],"wp:attachment":[{"href":"https:\/\/agora.xtec.cat\/eaemporda\/wp-json\/wp\/v2\/media?parent=1785"}],"curies":[{"name":"wp","href":"https:\/\/api.w.org\/{rel}","templated":true}]}}