{"id":1498,"date":"2021-01-11T13:21:45","date_gmt":"2021-01-11T12:21:45","guid":{"rendered":"https:\/\/agora.xtec.cat\/eaemporda\/?page_id=1498"},"modified":"2021-01-11T13:23:04","modified_gmt":"2021-01-11T12:23:04","slug":"cursos-2020","status":"publish","type":"page","link":"https:\/\/agora.xtec.cat\/eaemporda\/formacio-continua\/cursos\/cursos-2020\/","title":{"rendered":"Cursos 2020"},"content":{"rendered":"<p>&nbsp;<\/p>\n<p><strong>CURSOS ANTERIORS (2020)<\/strong><\/p>\n<table>\n<tbody>\n<tr>\n<td>El gran repte de l\u2019etiquetatge<\/td>\n<td>On-line<\/td>\n<td>5, 12, 19 i 26 de novembre<\/td>\n<td><a href=\"https:\/\/agora.xtec.cat\/eaemporda\/wp-content\/uploads\/usu1941\/2020\/10\/Etiquetatge.pdf\">Etiquetatge<\/a><\/td>\n<\/tr>\n<tr>\n<td>Fertilitzaci\u00f3 org\u00e0nica i compostatge per al conreu de la vinya<\/td>\n<td>Riudarenes\/Capmany\/on-line<\/td>\n<td>Del 3 al 19 de novembre<\/td>\n<td><a href=\"https:\/\/agora.xtec.cat\/eaemporda\/wp-content\/uploads\/usu1941\/2020\/10\/300920_fertilitzacio_rev.pdf\">fertilitzacio<\/a><\/td>\n<\/tr>\n<tr>\n<td>L\u2019aviram de posta ecol\u00f2gic, una oportunitat<\/td>\n<td>On-line<\/td>\n<td>17, 18 i 26 de novembre, i 1 i 3 de desembre<\/td>\n<td><a href=\"https:\/\/agora.xtec.cat\/eaemporda\/wp-content\/uploads\/usu1941\/2020\/10\/aviramposta_rev.pdf\">aviramposta<\/a><\/td>\n<\/tr>\n<tr>\n<td>Nivell avan\u00e7at de viticultura biodin\u00e0mica<\/td>\n<td>Figueres<\/td>\n<td>Del 25 de novembre al 17 de desembre<\/td>\n<td><a href=\"https:\/\/agora.xtec.cat\/eaemporda\/wp-content\/uploads\/usu1941\/2020\/11\/viticultura_biodin%C3%A0mica.pdf\">viticultura_biodin\u00e0mica<\/a><\/td>\n<\/tr>\n<tr>\n<td>Un pas cap a l\u2019ecologia en el bov\u00ed de carn<\/td>\n<td>Vall de Bianya<\/td>\n<td>Setembre-octubre 2020<\/td>\n<td><a href=\"https:\/\/agora.xtec.cat\/eaemporda\/wp-content\/uploads\/usu1941\/2020\/10\/060720_bovi_rev.pdf\">bovi<\/a><\/td>\n<\/tr>\n<tr>\n<td>El frau alimentari des del punt de vista legal<\/td>\n<td>Santa Coloma de Farners<\/td>\n<td>16, 23 i 30 de setembre<\/td>\n<td><a href=\"https:\/\/agora.xtec.cat\/eaemporda\/wp-content\/uploads\/usu1941\/2020\/09\/Curs-frau-setembre.pdf\">frau<\/a><\/td>\n<\/tr>\n<tr>\n<td>Maneig de les pastures sotabosc i aprofitament del prat<\/td>\n<td>Vic<\/td>\n<td>15, 17, 22 i 24 de setembre<\/td>\n<td><a href=\"https:\/\/agora.xtec.cat\/eaemporda\/wp-content\/uploads\/usu1941\/2020\/09\/Curs-pastures-sotabosc.pdf\">pastures sotabosc<\/a><\/td>\n<\/tr>\n<tr>\n<td>T\u00e8cniques d\u2019auditor intern<\/td>\n<td>On-line<\/td>\n<td>Del 7 de setembre al 9 d\u2019octubre<\/td>\n<td><a href=\"https:\/\/agora.xtec.cat\/eaemporda\/wp-content\/uploads\/usu1941\/2020\/09\/Auditor-intern-en-l%C3%ADnia-edici%C3%B3-setembre.pdf\">Auditor intern\u00a0<\/a><\/td>\n<\/tr>\n<tr>\n<td>Excel avan\u00e7at per a la gesti\u00f3 de la producci\u00f3 i la<br \/>\nlog\u00edstica a l\u2019incert mercat actual<\/td>\n<td>On-line<\/td>\n<td>Del 19 de maig al 9 de juny<\/td>\n<td><a href=\"https:\/\/agora.xtec.cat\/eaemporda\/wp-content\/uploads\/usu1941\/2020\/04\/Excel.pdf\">Excel<\/a><\/td>\n<\/tr>\n<tr>\n<td>El sistema APPCC i prerequisits per a petits i mitjans<br \/>\nestabliments del sector alimentari post covid<\/td>\n<td>On-line<\/td>\n<td>Del 4 al 29 de maig<\/td>\n<td><a href=\"https:\/\/agora.xtec.cat\/eaemporda\/wp-content\/uploads\/usu1941\/2020\/04\/Prerequisits-i-APPCC-b%C3%A0sic-en-l%C3%ADnia.pdf\">Prerequisits i APPCC b\u00e0sic en l\u00ednia<\/a><\/td>\n<\/tr>\n<tr>\n<td>T\u00e8cniques d\u2019auditor intern<\/td>\n<td>On-line<\/td>\n<td>Del 8 de juny al 10 de juliol<\/td>\n<td><a href=\"https:\/\/agora.xtec.cat\/eaemporda\/wp-content\/uploads\/usu1941\/2020\/05\/Auditor-intern-en-l%C3%ADnia.pdf\">Auditor intern en l\u00ednia<\/a><\/td>\n<\/tr>\n<tr>\n<td>El risc microbiol\u00f2gic, un nou repte de la seguretat aliment\u00e0ria<\/td>\n<td>Barcelona<\/td>\n<td>12, 17, 19, 24, 26 i 31 de<br \/>\nmar\u00e7<\/td>\n<td><a href=\"https:\/\/agora.xtec.cat\/eaemporda\/wp-content\/uploads\/usu1941\/2020\/02\/risc.pdf\">risc<\/a><\/td>\n<\/tr>\n<tr>\n<td>La rutina de munyir en les explotacions de bov\u00ed lleter<\/td>\n<td>Monells<\/td>\n<td>3, 5, 10 i 12 de mar\u00e7<\/td>\n<td><a href=\"https:\/\/agora.xtec.cat\/eaemporda\/wp-content\/uploads\/usu1941\/2020\/01\/munyidors.pdf\">munyidors<\/a><\/td>\n<\/tr>\n<tr>\n<td>Cocci\u00f3 a baixa temperatura<\/td>\n<td>Monells<\/td>\n<td>4 i 5 de mar\u00e7<\/td>\n<td><a href=\"https:\/\/agora.xtec.cat\/eaemporda\/wp-content\/uploads\/usu1941\/2020\/02\/Cocci%C3%B3-a-baixa-temperatura-Monells.pdf\">Cocci\u00f3 a baixa temperatura<\/a><\/td>\n<\/tr>\n<tr>\n<td>Desenvolupa el teu projecte de transformaci\u00f3 aliment\u00e0ria 2020<\/td>\n<td>Monells<\/td>\n<td>febrer-abril<\/td>\n<td><a href=\"https:\/\/agora.xtec.cat\/eaemporda\/wp-content\/uploads\/usu1941\/2019\/12\/Espai-test-1.pdf\">Espai test<\/a><a href=\"https:\/\/agora.xtec.cat\/eaemporda\/wp-content\/uploads\/usu1941\/2019\/12\/curs-desenvolupa-el-teu-projecte-de-transformaci%C3%B3-agroaliment%C3%A0ria-2020.pdf\">curs espai test desenvolupat<\/a><\/td>\n<\/tr>\n<tr>\n<td>Introducci\u00f3 als autocontrols per a petits i mitjans operadors alimentaris<\/td>\n<td>Sta. Coloma de Farners<\/td>\n<td>20, 27 de febrer, 5 i 12 de mar\u00e7<\/td>\n<td><a href=\"https:\/\/agora.xtec.cat\/eaemporda\/wp-content\/uploads\/usu1941\/2020\/01\/Autocontrols.pdf\">Autocontrols<\/a><\/td>\n<\/tr>\n<tr>\n<td>T\u00e8cniques d\u2019auditor intern<\/td>\n<td>Vic<\/td>\n<td>18 i 25 de febrer, 3 i 10 de mar\u00e7<\/td>\n<td><a href=\"https:\/\/agora.xtec.cat\/eaemporda\/wp-content\/uploads\/usu1941\/2020\/01\/Auditor-intern-1.pdf\">Auditor intern<\/a><\/td>\n<\/tr>\n<tr>\n<td>Cocci\u00f3 a baixa temperatura<\/td>\n<td>Monells<\/td>\n<td>5 i 6 de febrer<\/td>\n<td><a href=\"https:\/\/agora.xtec.cat\/eaemporda\/wp-content\/uploads\/usu1941\/2020\/01\/Cocci%C3%B3-a-baixa-temperatura-Monells.pdf\">Cocci\u00f3 a baixa temperatura Monells<\/a><\/td>\n<\/tr>\n<tr>\n<td>Curs de manteniment de les centr\u00edfugues d\u2019un trull<\/td>\n<td>Vilaju\u00efga<\/td>\n<td>4 i 5 de febrer<\/td>\n<td><a href=\"https:\/\/agora.xtec.cat\/eaemporda\/wp-content\/uploads\/usu1941\/2020\/01\/trull.pdf\">trull<\/a><\/td>\n<\/tr>\n<tr>\n<td>Producci\u00f3 agr\u00edcola extensiva, la producci\u00f3 de conreus herbacis<\/td>\n<td>Sta. Coloma de Farners<\/td>\n<td>Del 30 de gener al 18 de febrer<\/td>\n<td><a href=\"https:\/\/agora.xtec.cat\/eaemporda\/wp-content\/uploads\/usu1941\/2020\/01\/Curs-Conreus.pdf\">Curs Conreus<\/a><\/td>\n<\/tr>\n<tr>\n<td>Documentaci\u00f3 legal i els impostos especials aplicables als cellers<\/td>\n<td>Vilaju\u00efga<\/td>\n<td>Del 13 al 30 de gener<\/td>\n<td><a href=\"https:\/\/agora.xtec.cat\/eaemporda\/wp-content\/uploads\/usu1941\/2019\/12\/Curs-Documentaci%C3%B3_cellers.pdf\">Curs Documentaci\u00f3_cellers<\/a><\/td>\n<\/tr>\n<tr>\n<td>Principis b\u00e0sics de carnisseria i elaboraci\u00f3 de productes carnis<\/td>\n<td>Barcelona<\/td>\n<td>Gener-mar\u00e7 2020<\/td>\n<td><a href=\"https:\/\/agora.xtec.cat\/eaemporda\/wp-content\/uploads\/usu1941\/2019\/10\/PROGRAMA-PB-CARNISSERIA.pdf\">Programa complet<\/a><\/td>\n<\/tr>\n<\/tbody>\n<\/table>\n<p>&nbsp;<\/p>\n","protected":false},"excerpt":{"rendered":"<p>&nbsp;<br \/>\nCURSOS ANTERIORS (2020)<\/p>\n<p>El gran repte de l\u2019etiquetatge<br \/>\nOn-line<br \/>\n5, 12, 19 i 26 de novembre<br \/>\n<a href=\"https:\/\/agora.xtec.cat\/eaemporda\/wp-content\/uploads\/usu1941\/2020\/10\/Etiquetatge.pdf\">Etiquetatge<\/a><\/p>\n<p>Fertilitzaci\u00f3 org\u00e0nica i compostatge per al conreu de la vinya<br \/>\nRiudarenes\/Capmany\/on-line<br \/>\nDel 3 al 19 de novembre<br \/>\n<a href=\"https:\/\/agora.xtec.cat\/eaemporda\/wp-content\/uploads\/usu1941\/2020\/10\/300920_fertilitzacio_rev.pdf\">fertilitzacio<\/a><\/p>\n<p>L\u2019aviram de posta ecol\u00f2gic, una oportunitat<br \/>\nOn-line<br \/>\n17, 18 i 26 de novembre, i 1 i 3 de desembre<br \/>\n<a&hellip;  <a href=\"https:\/\/agora.xtec.cat\/eaemporda\/formacio-continua\/cursos\/cursos-2020\/\" title=\"Read Cursos 2020\">Llegeix m\u00e9s\u00bb<\/a><\/p>\n","protected":false},"author":1,"featured_media":0,"parent":664,"menu_order":0,"comment_status":"closed","ping_status":"closed","template":"","meta":{"_bbp_topic_count":0,"_bbp_reply_count":0,"_bbp_total_topic_count":0,"_bbp_total_reply_count":0,"_bbp_voice_count":0,"_bbp_anonymous_reply_count":0,"_bbp_topic_count_hidden":0,"_bbp_reply_count_hidden":0,"_bbp_forum_subforum_count":0,"footnotes":""},"class_list":["post-1498","page","type-page","status-publish","hentry"],"post_mailing_queue_ids":[],"_links":{"self":[{"href":"https:\/\/agora.xtec.cat\/eaemporda\/wp-json\/wp\/v2\/pages\/1498","targetHints":{"allow":["GET"]}}],"collection":[{"href":"https:\/\/agora.xtec.cat\/eaemporda\/wp-json\/wp\/v2\/pages"}],"about":[{"href":"https:\/\/agora.xtec.cat\/eaemporda\/wp-json\/wp\/v2\/types\/page"}],"author":[{"embeddable":true,"href":"https:\/\/agora.xtec.cat\/eaemporda\/wp-json\/wp\/v2\/users\/1"}],"replies":[{"embeddable":true,"href":"https:\/\/agora.xtec.cat\/eaemporda\/wp-json\/wp\/v2\/comments?post=1498"}],"version-history":[{"count":2,"href":"https:\/\/agora.xtec.cat\/eaemporda\/wp-json\/wp\/v2\/pages\/1498\/revisions"}],"predecessor-version":[{"id":1500,"href":"https:\/\/agora.xtec.cat\/eaemporda\/wp-json\/wp\/v2\/pages\/1498\/revisions\/1500"}],"up":[{"embeddable":true,"href":"https:\/\/agora.xtec.cat\/eaemporda\/wp-json\/wp\/v2\/pages\/664"}],"wp:attachment":[{"href":"https:\/\/agora.xtec.cat\/eaemporda\/wp-json\/wp\/v2\/media?parent=1498"}],"curies":[{"name":"wp","href":"https:\/\/api.w.org\/{rel}","templated":true}]}}