{"id":9141,"date":"2021-09-11T16:13:56","date_gmt":"2021-09-11T14:13:56","guid":{"rendered":"https:\/\/projectes.xtec.cat\/xtcd\/?page_id=9141"},"modified":"2021-09-11T16:13:56","modified_gmt":"2021-09-11T14:13:56","slug":"competencia-digital-docent","status":"publish","type":"page","link":"https:\/\/agora.xtec.cat\/demoinstitut\/competencia-digital-docent\/","title":{"rendered":"Subxarxa de la Compet\u00e8ncia digital docent (CDD)"},"content":{"rendered":"<div class=\"seccio gris-petita\">\n<p class=\"text-destacat\">Aquesta subxarxa proporciona un espai de comunicaci\u00f3<span style=\"font-weight: 400;\"> i treball en xarxa per fer difusi\u00f3 del nou Marc competencial i promoure el desenvolupament de la compet\u00e8ncia digital docent. <\/span>Cada sessi\u00f3 est\u00e0 formada per un <strong>seminari web<\/strong>, <strong>seminaris territorials<\/strong> relacionats i converses al <strong>Nus<\/strong>, dins del grup &#8220;Compet\u00e8ncia digital docent&#8221;.<\/p>\n<\/div>\n<div class=\"seccio blanc\">\n<div class=\"wp-block-columns\">\n<div class=\"wp-block-column\"><\/div>\n<\/div>\n<div class=\"wp-block-columns\">\n<div class=\"wp-block-column\" style=\"flex-basis: 50%;\">\n<h3>Qu\u00e8 \u00e9s la compet\u00e8ncia digital docent?<\/h3>\n<p>S\u2019ent\u00e9n per <a href=\"https:\/\/educacio.gencat.cat\/ca\/departament\/publicacions\/colleccions\/pla-educacio-digital\/marc-referencia-competencia-digital-docent\/\" target=\"_blank\" rel=\"noopener\">compet\u00e8ncia digital docent<\/a> la capacitat que tenen els docents de mobilitzar i transferir tots els seus coneixements, estrat\u00e8gies, habilitats i actituds sobre les tecnologies per a l\u2019E-A en situacions reals i concretes de la seva pr\u00e0ctica professional per tal de facilitar l\u2019aprenentatge de tot l\u2019alumnat i l\u2019adquisici\u00f3 de la seva compet\u00e8ncia digital.<\/p>\n<p>Aquesta capacitat ha de permetre dur a terme processos de millora i innovaci\u00f3 a l\u2019ensenyament d\u2019acord amb les necessitats de l\u2019era digital, i contribuir al desenvolupament professional d\u2019acord amb els processos de canvi que tenen lloc a la societat i als centres educatius.<\/p>\n<\/div>\n<div class=\"wp-block-column\" style=\"flex-basis: 50%;\">\n<p><a href=\"https:\/\/projectes.xtec.cat\/xtcd\/competencia-digital-docent\/marc-de-la-cdd\/\" rel=\"noopener\"><img loading=\"lazy\" decoding=\"async\" class=\"alignnone size-full wp-image-11165\" src=\"https:\/\/agora.xtec.cat\/demoinstitut\/wp-content\/uploads\/usu314\/2022\/09\/Captura-de-Pantalla-2022-09-23-a-les-13.10.00.png\" alt=\"\" width=\"844\" height=\"442\"><\/a><\/p>\n<div style=\"text-align: center; margin-top: 2em;\"><a class=\"button has-text-align-center\" href=\"https:\/\/projectes.xtec.cat\/xtcd\/competencia-digital-docent\/marc-de-la-cdd\/\" rel=\"noopener noreferrer\">Acc\u00e9s al marc<\/a><\/div>\n<\/div>\n<\/div>\n<\/div>\n<div class=\"seccio gris\">\n<div class=\"wp-block-columns\">\n<div class=\"wp-block-column\">\n<h2>Sessi\u00f3 de tancament<\/h2>\n<p><strong>Data:<\/strong> 29 de juny de 2023, 18:15 h.<\/p>\n<ul>\n<li style=\"list-style-type: none;\">\n<ul>\n<li>Valoraci\u00f3 de la subxarxa CDD<\/li>\n<li>Novetats pel curs 23-24<\/li>\n<li>Tancament de la subxarxa<\/li>\n<\/ul>\n<\/li>\n<\/ul>\n<div class=\"wp-block-columns\">\n<div class=\"wp-block-column\"><a class=\"button has-text-align-center\" href=\"https:\/\/projectes.xtec.cat\/xtcd\/competencia-digital-docent\/sessions-2022-23\/subxarxa-de-competencia-digital-docent-sessio-de-tancament\/\">M\u00e9s informaci\u00f3<\/a><\/div>\n<\/div>\n<\/div>\n<div class=\"wp-block-column has-text-align-right\">\n<div class=\"video-responsive\"><iframe loading=\"lazy\" width=\"606\" height=\"341\" src=\"https:\/\/www.youtube.com\/embed\/T074FabRHPw\" title=\"XTCD - Sessi\u00f3 de tancament curs 22-23\" frameborder=\"0\" allow=\"accelerometer; autoplay; clipboard-write; encrypted-media; gyroscope; picture-in-picture; web-share\" allowfullscreen=\"\"><\/iframe><\/div>\n<\/div>\n<\/div>\n<div class=\"seccio\">\n<div class=\"wp-block-columns\">\n<div class=\"wp-block-column\">\n<h2>Certificaci\u00f3 de la formaci\u00f3<\/h2>\n<div class=\"wp-block-columns\">\n<div class=\"wp-block-column\">\n<p class=\"text-destacat\">La participaci\u00f3 en aquesta subxarxa no acredita directament la Compet\u00e8ncia Digital Docent, per\u00f2 certifica 30 hores de formaci\u00f3 que podran servir per realitzar l\u2019acreditaci\u00f3 quan estiguin establerts els mecanismes d\u2019acreditaci\u00f3. Per certificar cal complir els seg\u00fcents requisits: \u2063<\/p>\n<div class=\"wp-block-columns\">\n<div class=\"wp-block-column\">\n<p>1. <strong>Assist\u00e8ncia m\u00ednima del 80%<\/strong> sumant els <a href=\"https:\/\/projectes.xtec.cat\/xtcd\/competencia-digital-docent\/sessions-2022-23\/\" target=\"_blank\" rel=\"noopener\">seminaris web<\/a> (cal omplir els formularis d&#8217;assist\u00e8ncia) i els seminaris territorials<span style=\"font-size: 16px;\"> organitzats pels CRP.<\/span><\/p>\n<\/div>\n<div><\/div>\n<div><\/div>\n<div class=\"wp-block-column\">2. <strong>Elaboraci\u00f3 i presentaci\u00f3 d\u2019una situaci\u00f3 d\u2019aprenentatge i proposta did\u00e0ctica col\u00b7laborativa<\/strong><\/div>\n<\/div>\n<\/div>\n<\/div>\n<\/div>\n<\/div>\n<\/div>\n<div class=\"seccio negre\">\n<div class=\"wp-block-columns\">\n<div class=\"wp-block-column\">\n<h2>Totes les sessions<\/h2>\n<p>Al llarg del curs 22-23 es realitzaran 7 seminaris web on es desplegaran les diferents \u00e0rees de la CDD i on es comptar\u00e0 amb la col\u00b7laboraci\u00f3 de persones expertes en cada una de les diferents \u00e0rees.<\/p>\n<p><a class=\"button blanc has-text-align-center\" href=\"https:\/\/projectes.xtec.cat\/xtcd\/competencia-digital-docent\/sessions-2022-23\/\">Sessions<\/a><\/p>\n<\/div>\n<div class=\"wp-block-column\">\n<h2>Cerca per tema<\/h2>\n<p>Pots cercar per temes, etapes, ponents o qualsevol paraula clau relacionada amb la xarxa de compet\u00e8ncia digital docent. Per cada pon\u00e8ncia trobar\u00e0s un enlla\u00e7 al v\u00eddeo i un enlla\u00e7 a la conversa associada al Nus.<\/p>\n<p><a class=\"button blanc has-text-align-center\" href=\"https:\/\/projectes.xtec.cat\/xtcd\/xarxa-territorial-de-cultura-digital\/temes\/?sub=cdd\">Cercador per temes<\/a><\/p>\n<\/div>\n<\/div>\n<\/div>\n<div class=\"seccio\">\n<div class=\"wp-block-columns\">\n<div class=\"wp-block-column\">\n<h2>Documents clau<\/h2>\n<p><a href=\"https:\/\/educacio.gencat.cat\/ca\/departament\/publicacions\/colleccions\/pla-educacio-digital\/orientacions-avaluacio-cda-primaria\/\" target=\"_blank\" rel=\"noopener\"><img loading=\"lazy\" decoding=\"async\" class=\"vora alignleft\" src=\"https:\/\/projectes.xtec.cat\/xtcd\/wp-content\/uploads\/usu1403\/2021\/09\/orientacions-avaluacio-cda-primaria-268x378.jpg_2026732490.jpg\" alt=\"\" width=\"165\" height=\"232\"><\/a><a href=\"https:\/\/educacio.gencat.cat\/web\/.content\/home\/departament\/publicacions\/colleccions\/pla-educacio-digital\/orientacions-entorn-virtual-aprenentatge\/orientacions-entorn-virtual-aprenentatge.pdf\" target=\"_blank\" rel=\"noopener\"><img loading=\"lazy\" decoding=\"async\" class=\"vora alignnone\" src=\"https:\/\/projectes.xtec.cat\/xtcd\/wp-content\/uploads\/usu1403\/2021\/09\/pers-eva.jpg\" alt=\"\" width=\"165\" height=\"230\"><\/a><\/p>\n<p>Altres documents de refer\u00e8ncia:<\/p>\n<ul>\n<li><a href=\"https:\/\/educacio.gencat.cat\/ca\/departament\/publicacions\/colleccions\/pla-educacio-digital\/orientacions-avaluacio-cda-eso\/\" target=\"_blank\" rel=\"noopener\">Orientacions per l\u2019avaluaci\u00f3 de la compet\u00e8ncia digital de l\u2019alumnat a l\u2019ESO<\/a><\/li>\n<li><a href=\"https:\/\/educacio.gencat.cat\/web\/.content\/home\/departament\/publicacions\/colleccions\/pla-educacio-digital\/orientacions-entorn-virtual-aprenentatge\/orientacions-entorn-virtual-aprenentatge.pdf\" target=\"_blank\" rel=\"noopener\">Orientacions per a la personalitzaci\u00f3 de l\u2019entorn virtual d\u2019aprenentatge en diferents escenaris educatius<\/a><\/li>\n<li><a href=\"https:\/\/repositori.educacio.gencat.cat\/bitstream\/handle\/20.500.12694\/229\/competencia_digital_docent_del_professorat_de_catalunya_2018.pdf?sequence=1\" target=\"_blank\" rel=\"noopener\">Compet\u00e8ncia digital docent del professorat de Catalunya<\/a><\/li>\n<\/ul>\n<\/div>\n<div class=\"wp-block-column\">\n<h2>Recursos<\/h2>\n<p>Acc\u00e9s a diferents projectes, recursos i propostes did\u00e0ctiques pel desenvolupament de les compet\u00e8ncies de l\u2019alumnat mitjan\u00e7ant l\u2019\u00fas de les tecnologies educatives.<\/p>\n<p><a href=\"https:\/\/www.edu365.cat\/\" target=\"_blank\" rel=\"noopener\"><img loading=\"lazy\" decoding=\"async\" class=\"vora alignleft\" src=\"https:\/\/projectes.xtec.cat\/xtcd\/wp-content\/uploads\/usu1403\/2021\/09\/edu365-copia.jpg\" alt=\"\" width=\"165\" height=\"232\"><\/a><a href=\"https:\/\/projectes.xtec.cat\/programacioirobotica\/\" target=\"_blank\" rel=\"noopener\"><img loading=\"lazy\" decoding=\"async\" class=\"vora alignnone\" src=\"https:\/\/projectes.xtec.cat\/xtcd\/wp-content\/uploads\/usu1403\/2021\/09\/robot.jpg\" alt=\"\" width=\"165\" height=\"99\"><\/a><\/p>\n<p>Altres recursos:<\/p>\n<ul>\n<li><a href=\"https:\/\/projectes.xtec.cat\/transformaciodigital\/\" target=\"_blank\" rel=\"noopener\">Projecte de transformaci\u00f3 digital<\/a><\/li>\n<li><a href=\"https:\/\/agora.xtec.cat\/mobilsedu\/\" target=\"_blank\" rel=\"noopener\">Projecte M\u00f2bils.edu<\/a><\/li>\n<li><a href=\"https:\/\/mschools.com\/ca\/\" target=\"_blank\" rel=\"noopener\">mSchools<\/a><\/li>\n<\/ul>\n<\/div>\n<div class=\"wp-block-column\">\n<h2>Grup al Nus<\/h2>\n<p>Espai virtual per compartir idees, inquietuds i recursos entre els docents participants, fomentant el treball i la interacci\u00f3 en xarxa. Aquesta plataforma permet la creaci\u00f3 de fils de conversa de manera senzilla i ordenada, amb inserci\u00f3 d\u2019etiquetes, enquestes, citacions, etc.<\/p>\n<p><a href=\"https:\/\/comunitat.edigital.cat\/c\/cdd\/129\" target=\"blank\" rel=\"noopener\"><img decoding=\"async\" class=\"vora\" src=\"https:\/\/projectes.xtec.cat\/xtcd\/wp-content\/uploads\/usu1403\/2021\/09\/nus-cdd.jpg\"><\/a><\/p>\n<\/div>\n<\/div>\n<\/div>\n<\/div>\n","protected":false},"excerpt":{"rendered":"<p>Aquesta subxarxa proporciona un espai de comunicaci\u00f3 i treball en xarxa per fer difusi\u00f3 del nou Marc competencial i promoure [&hellip;]<\/p>\n","protected":false},"author":1,"featured_media":0,"parent":0,"menu_order":0,"comment_status":"closed","ping_status":"closed","template":"","meta":{"site-sidebar-layout":"no-sidebar","site-content-layout":"page-builder","ast-site-content-layout":"","site-content-style":"default","site-sidebar-style":"default","ast-global-header-display":"","ast-banner-title-visibility":"","ast-main-header-display":"disabled","ast-hfb-above-header-display":"","ast-hfb-below-header-display":"","ast-hfb-mobile-header-display":"","site-post-title":"disabled","ast-breadcrumbs-content":"","ast-featured-img":"","footer-sml-layout":"","theme-transparent-header-meta":"default","adv-header-id-meta":"9143","stick-header-meta":"default","header-above-stick-meta":"","header-main-stick-meta":"","header-below-stick-meta":"","astra-migrate-meta-layouts":"default","ast-page-background-enabled":"default","ast-page-background-meta":{"desktop":{"background-color":"var(--ast-global-color-4)","background-image":"","background-repeat":"repeat","background-position":"center center","background-size":"auto","background-attachment":"scroll","background-type":"","background-media":"","overlay-type":"","overlay-color":"","overlay-opacity":"","overlay-gradient":""},"tablet":{"background-color":"","background-image":"","background-repeat":"repeat","background-position":"center center","background-size":"auto","background-attachment":"scroll","background-type":"","background-media":"","overlay-type":"","overlay-color":"","overlay-opacity":"","overlay-gradient":""},"mobile":{"background-color":"","background-image":"","background-repeat":"repeat","background-position":"center center","background-size":"auto","background-attachment":"scroll","background-type":"","background-media":"","overlay-type":"","overlay-color":"","overlay-opacity":"","overlay-gradient":""}},"ast-content-background-meta":{"desktop":{"background-color":"var(--ast-global-color-5)","background-image":"","background-repeat":"repeat","background-position":"center center","background-size":"auto","background-attachment":"scroll","background-type":"","background-media":"","overlay-type":"","overlay-color":"","overlay-opacity":"","overlay-gradient":""},"tablet":{"background-color":"var(--ast-global-color-5)","background-image":"","background-repeat":"repeat","background-position":"center center","background-size":"auto","background-attachment":"scroll","background-type":"","background-media":"","overlay-type":"","overlay-color":"","overlay-opacity":"","overlay-gradient":""},"mobile":{"background-color":"var(--ast-global-color-5)","background-image":"","background-repeat":"repeat","background-position":"center center","background-size":"auto","background-attachment":"scroll","background-type":"","background-media":"","overlay-type":"","overlay-color":"","overlay-opacity":"","overlay-gradient":""}},"footnotes":""},"class_list":["post-9141","page","type-page","status-publish","hentry"],"post_mailing_queue_ids":[],"_links":{"self":[{"href":"https:\/\/agora.xtec.cat\/demoinstitut\/wp-json\/wp\/v2\/pages\/9141","targetHints":{"allow":["GET"]}}],"collection":[{"href":"https:\/\/agora.xtec.cat\/demoinstitut\/wp-json\/wp\/v2\/pages"}],"about":[{"href":"https:\/\/agora.xtec.cat\/demoinstitut\/wp-json\/wp\/v2\/types\/page"}],"author":[{"embeddable":true,"href":"https:\/\/agora.xtec.cat\/demoinstitut\/wp-json\/wp\/v2\/users\/1"}],"replies":[{"embeddable":true,"href":"https:\/\/agora.xtec.cat\/demoinstitut\/wp-json\/wp\/v2\/comments?post=9141"}],"version-history":[{"count":0,"href":"https:\/\/agora.xtec.cat\/demoinstitut\/wp-json\/wp\/v2\/pages\/9141\/revisions"}],"wp:attachment":[{"href":"https:\/\/agora.xtec.cat\/demoinstitut\/wp-json\/wp\/v2\/media?parent=9141"}],"curies":[{"name":"wp","href":"https:\/\/api.w.org\/{rel}","templated":true}]}}