{"id":9102,"date":"2021-05-17T19:46:32","date_gmt":"2021-05-17T17:46:32","guid":{"rendered":"http:\/\/agora.xtec.cat\/demoinstitut\/?page_id=9102"},"modified":"2021-05-17T19:58:02","modified_gmt":"2021-05-17T17:58:02","slug":"delegats-de-classe","status":"publish","type":"page","link":"https:\/\/agora.xtec.cat\/demoinstitut\/afa\/organitzacio-de-lafa\/delegats-de-classe\/","title":{"rendered":"DELEGATS DE CLASSE"},"content":{"rendered":"<p>Els<strong>\u00a0Delegats de classe<\/strong>\u00a0s\u00f3n els\u00a0<strong>representants de les fam\u00edlies de cada grup classe<\/strong>. El conjunt dels representants de tots els cursos formen l&#8217;<strong>Assemblea de Delegats<\/strong>. Els delegats s\u00f3n\u00a0<strong>escollits cada nou curs<\/strong>\u00a0a la reuni\u00f3 d&#8217;inici de curs que es fa per nivells.<\/p>\n<p>Les funcions del delegats de classe s\u00f3n les seg\u00fcents:<\/p>\n<p>\u25a0\u00a0Dinamitzar la participaci\u00f3 dels pares i mares en la vida escolar.<br \/>\n\u25a0\u00a0Fer-se ress\u00f2, a nivell general i de curs, de les inquietuds pedag\u00f2giques de les fam\u00edlies.<br \/>\n\u25a0\u00a0Fer de transmissors d&#8217;informacions, avisos, consultes, propostes,&#8230; entre el mestre\/a tutor i la resta de pares i mares de la classe en els assumptes d&#8217;inter\u00e8s general.<br \/>\n\u25a0\u00a0Animar la participaci\u00f3 en aquelles activitats col\u2022lectives programades.<br \/>\n\u25a0\u00a0Ajudar el tutor\/a i l&#8217;Escola en aquelles tasques en les quals calgui la coordinaci\u00f3 de les fam\u00edlies del curs.<br \/>\n\u25a0\u00a0Convocar les fam\u00edlies del curs en cas que sigui convenient, pr\u00e8via comunicaci\u00f3 a la direcci\u00f3 del centre de l&#8217;ordre del dia previst. S&#8217;informar\u00e0 de la reuni\u00f3 al mestre\/a tutor per si creu convenient assistir-hi.<br \/>\n\u25a0\u00a0Representar el grup de classe en l&#8217;Assemblea de Delegats.<\/p>\n<p><strong>L&#8217;Assemblea de Delegats<\/strong><\/p>\n<p>L&#8217;Assemblea de Delegats \u00e9s un\u00a0<strong>\u00f2rgan de participaci\u00f3 i d&#8217;informaci\u00f3<\/strong>\u00a0de l&#8217;Escola cap a les fam\u00edlies, i tamb\u00e9 d&#8217;aquestes cap a l&#8217;Escola.<\/p>\n<p>Es reuneix de forma ordin\u00e0ria\u00a0<strong>un cop per trimestre<\/strong>, convocada per la Directora del Centre. De forma extraordin\u00e0ria es podr\u00e0 convocar a petici\u00f3 del\u00a0<a href=\"http:\/\/www.escolaelsagrer.cat\/ampa\/index\/continguts\/con_codigo\/38\">Consell Escolar<\/a>, de l&#8217;Equip Directiu del Centre o de com a m\u00ednim cinc delegats de classe.<\/p>\n","protected":false},"excerpt":{"rendered":"<p>Els\u00a0Delegats de classe\u00a0s\u00f3n els\u00a0representants de les fam\u00edlies de cada grup classe. El conjunt dels representants de tots els cursos formen [&hellip;]<\/p>\n","protected":false},"author":2,"featured_media":0,"parent":9082,"menu_order":50,"comment_status":"closed","ping_status":"closed","template":"","meta":{"site-sidebar-layout":"default","site-content-layout":"","ast-site-content-layout":"","site-content-style":"default","site-sidebar-style":"default","ast-global-header-display":"","ast-banner-title-visibility":"","ast-main-header-display":"","ast-hfb-above-header-display":"","ast-hfb-below-header-display":"","ast-hfb-mobile-header-display":"","site-post-title":"","ast-breadcrumbs-content":"","ast-featured-img":"","footer-sml-layout":"","theme-transparent-header-meta":"","adv-header-id-meta":"","stick-header-meta":"","header-above-stick-meta":"","header-main-stick-meta":"","header-below-stick-meta":"","astra-migrate-meta-layouts":"default","ast-page-background-enabled":"default","ast-page-background-meta":{"desktop":{"background-color":"var(--ast-global-color-4)","background-image":"","background-repeat":"repeat","background-position":"center center","background-size":"auto","background-attachment":"scroll","background-type":"","background-media":"","overlay-type":"","overlay-color":"","overlay-opacity":"","overlay-gradient":""},"tablet":{"background-color":"","background-image":"","background-repeat":"repeat","background-position":"center center","background-size":"auto","background-attachment":"scroll","background-type":"","background-media":"","overlay-type":"","overlay-color":"","overlay-opacity":"","overlay-gradient":""},"mobile":{"background-color":"","background-image":"","background-repeat":"repeat","background-position":"center center","background-size":"auto","background-attachment":"scroll","background-type":"","background-media":"","overlay-type":"","overlay-color":"","overlay-opacity":"","overlay-gradient":""}},"ast-content-background-meta":{"desktop":{"background-color":"var(--ast-global-color-5)","background-image":"","background-repeat":"repeat","background-position":"center center","background-size":"auto","background-attachment":"scroll","background-type":"","background-media":"","overlay-type":"","overlay-color":"","overlay-opacity":"","overlay-gradient":""},"tablet":{"background-color":"var(--ast-global-color-5)","background-image":"","background-repeat":"repeat","background-position":"center center","background-size":"auto","background-attachment":"scroll","background-type":"","background-media":"","overlay-type":"","overlay-color":"","overlay-opacity":"","overlay-gradient":""},"mobile":{"background-color":"var(--ast-global-color-5)","background-image":"","background-repeat":"repeat","background-position":"center center","background-size":"auto","background-attachment":"scroll","background-type":"","background-media":"","overlay-type":"","overlay-color":"","overlay-opacity":"","overlay-gradient":""}},"footnotes":""},"class_list":["post-9102","page","type-page","status-publish","hentry"],"post_mailing_queue_ids":[],"_links":{"self":[{"href":"https:\/\/agora.xtec.cat\/demoinstitut\/wp-json\/wp\/v2\/pages\/9102","targetHints":{"allow":["GET"]}}],"collection":[{"href":"https:\/\/agora.xtec.cat\/demoinstitut\/wp-json\/wp\/v2\/pages"}],"about":[{"href":"https:\/\/agora.xtec.cat\/demoinstitut\/wp-json\/wp\/v2\/types\/page"}],"author":[{"embeddable":true,"href":"https:\/\/agora.xtec.cat\/demoinstitut\/wp-json\/wp\/v2\/users\/2"}],"replies":[{"embeddable":true,"href":"https:\/\/agora.xtec.cat\/demoinstitut\/wp-json\/wp\/v2\/comments?post=9102"}],"version-history":[{"count":2,"href":"https:\/\/agora.xtec.cat\/demoinstitut\/wp-json\/wp\/v2\/pages\/9102\/revisions"}],"predecessor-version":[{"id":12503,"href":"https:\/\/agora.xtec.cat\/demoinstitut\/wp-json\/wp\/v2\/pages\/9102\/revisions\/12503"}],"up":[{"embeddable":true,"href":"https:\/\/agora.xtec.cat\/demoinstitut\/wp-json\/wp\/v2\/pages\/9082"}],"wp:attachment":[{"href":"https:\/\/agora.xtec.cat\/demoinstitut\/wp-json\/wp\/v2\/media?parent=9102"}],"curies":[{"name":"wp","href":"https:\/\/api.w.org\/{rel}","templated":true}]}}