{"id":9100,"date":"2021-05-17T19:45:33","date_gmt":"2021-05-17T17:45:33","guid":{"rendered":"http:\/\/agora.xtec.cat\/demoinstitut\/?page_id=9100"},"modified":"2021-05-17T19:58:02","modified_gmt":"2021-05-17T17:58:02","slug":"comissions","status":"publish","type":"page","link":"https:\/\/agora.xtec.cat\/demoinstitut\/afa\/organitzacio-de-lafa\/comissions\/","title":{"rendered":"COMISSIONS"},"content":{"rendered":"<p>Les\u00a0<strong>Comissions<\/strong>\u00a0constitueixen<strong>\u00a0grups de treball delegats<\/strong>\u00a0de la\u00a0<a href=\"http:\/\/www.escolaelsagrer.cat\/ampa\/index\/continguts\/con_codigo\/35\">Junta Directiva<\/a>\u00a0per tal d&#8217;assolir els objectius que en cada moment s&#8217;estableixen a l&#8217;associaci\u00f3. Aquestes comissions tenen, en la majoria de casos, un representant o\u00a0<strong>vocal<\/strong>\u00a0a la Junta Directiva.<\/p>\n<p>La din\u00e0mica de treball de les comissions \u00e9s\u00a0<strong>aut\u00f2noma<\/strong>\u00a0i ve marcada per les caracter\u00edstiques del seu \u00e0mbit. Les Comissions actuals s\u00f3n les seg\u00fcents:<\/p>\n<p>\u25a0\u00a0<a href=\"http:\/\/www.escolaelsagrer.cat\/ampa\/index\/comissio\/com_codigo\/1\">Econ\u00f2mica i Administrativa<\/a><br \/>\n\u25a0\u00a0<a href=\"http:\/\/www.escolaelsagrer.cat\/ampa\/index\/comissio\/com_codigo\/2\">Espai Migdia<\/a><br \/>\n\u25a0\u00a0<a href=\"http:\/\/www.escolaelsagrer.cat\/ampa\/index\/comissio\/com_codigo\/3\">Esports, Activitats Extraescolars i de Socis<\/a><br \/>\n\u25a0\u00a0<a href=\"http:\/\/www.escolaelsagrer.cat\/ampa\/index\/comissio\/com_codigo\/4\">Servei Mat\u00ed i Tarda<\/a><br \/>\n\u25a0\u00a0<a href=\"http:\/\/www.escolaelsagrer.cat\/ampa\/index\/comissio\/com_codigo\/5\">Escola de Fam\u00edlies\u00a0<\/a><br \/>\n\u25a0\u00a0<a href=\"http:\/\/www.escolaelsagrer.cat\/ampa\/index\/comissio\/com_codigo\/6\">El Butllet\u00ed<\/a><br \/>\n\u25a0\u00a0<a href=\"http:\/\/www.escolaelsagrer.cat\/ampa\/index\/comissio\/com_codigo\/7\">Relacions Externes<\/a><br \/>\n\u25a0\u00a0<a href=\"http:\/\/www.escolaelsagrer.cat\/ampa\/index\/comissio\/com_codigo\/14\">Inclusi\u00f3<\/a><br \/>\n\u25a0\u00a0<a href=\"http:\/\/www.escolaelsagrer.cat\/ampa\/index\/comissio\/com_codigo\/9\">Casals d&#8217;Estiu<\/a><br \/>\n\u25a0\u00a0<a href=\"http:\/\/www.escolaelsagrer.cat\/ampa\/index\/comissio\/com_codigo\/10\">Festes<\/a><br \/>\n\u25a0\u00a0<a href=\"http:\/\/www.escolaelsagrer.cat\/ampa\/index\/comissio\/com_codigo\/11\">Web<\/a><br \/>\n\u25a0\u00a0<a href=\"http:\/\/www.escolaelsagrer.cat\/ampa\/index\/comissio\/com_codigo\/12\">Intercanvi de Llibres<\/a><br \/>\n\u25a0\u00a0<a href=\"http:\/\/www.escolaelsagrer.cat\/ampa\/index\/comissio\/com_codigo\/13\">Llibres i material pedag\u00f2gic socialitzat<\/a><\/p>\n<p>Si voleu participar en alguna de les comissions de l&#8217;AMPA sereu molt benvinguts. Poseu-vos en\u00a0<a href=\"http:\/\/www.escolaelsagrer.cat\/ampa\/index\/continguts\/con_codigo\/57\">contacte\u00a0<\/a>amb nosaltres.<\/p>\n","protected":false},"excerpt":{"rendered":"<p>Les\u00a0Comissions\u00a0constitueixen\u00a0grups de treball delegats\u00a0de la\u00a0Junta Directiva\u00a0per tal d&#8217;assolir els objectius que en cada moment s&#8217;estableixen a l&#8217;associaci\u00f3. Aquestes comissions tenen, [&hellip;]<\/p>\n","protected":false},"author":2,"featured_media":0,"parent":9082,"menu_order":30,"comment_status":"closed","ping_status":"closed","template":"","meta":{"site-sidebar-layout":"default","site-content-layout":"","ast-site-content-layout":"","site-content-style":"default","site-sidebar-style":"default","ast-global-header-display":"","ast-banner-title-visibility":"","ast-main-header-display":"","ast-hfb-above-header-display":"","ast-hfb-below-header-display":"","ast-hfb-mobile-header-display":"","site-post-title":"","ast-breadcrumbs-content":"","ast-featured-img":"","footer-sml-layout":"","theme-transparent-header-meta":"","adv-header-id-meta":"","stick-header-meta":"","header-above-stick-meta":"","header-main-stick-meta":"","header-below-stick-meta":"","astra-migrate-meta-layouts":"default","ast-page-background-enabled":"default","ast-page-background-meta":{"desktop":{"background-color":"var(--ast-global-color-4)","background-image":"","background-repeat":"repeat","background-position":"center center","background-size":"auto","background-attachment":"scroll","background-type":"","background-media":"","overlay-type":"","overlay-color":"","overlay-opacity":"","overlay-gradient":""},"tablet":{"background-color":"","background-image":"","background-repeat":"repeat","background-position":"center center","background-size":"auto","background-attachment":"scroll","background-type":"","background-media":"","overlay-type":"","overlay-color":"","overlay-opacity":"","overlay-gradient":""},"mobile":{"background-color":"","background-image":"","background-repeat":"repeat","background-position":"center center","background-size":"auto","background-attachment":"scroll","background-type":"","background-media":"","overlay-type":"","overlay-color":"","overlay-opacity":"","overlay-gradient":""}},"ast-content-background-meta":{"desktop":{"background-color":"var(--ast-global-color-5)","background-image":"","background-repeat":"repeat","background-position":"center center","background-size":"auto","background-attachment":"scroll","background-type":"","background-media":"","overlay-type":"","overlay-color":"","overlay-opacity":"","overlay-gradient":""},"tablet":{"background-color":"var(--ast-global-color-5)","background-image":"","background-repeat":"repeat","background-position":"center center","background-size":"auto","background-attachment":"scroll","background-type":"","background-media":"","overlay-type":"","overlay-color":"","overlay-opacity":"","overlay-gradient":""},"mobile":{"background-color":"var(--ast-global-color-5)","background-image":"","background-repeat":"repeat","background-position":"center center","background-size":"auto","background-attachment":"scroll","background-type":"","background-media":"","overlay-type":"","overlay-color":"","overlay-opacity":"","overlay-gradient":""}},"footnotes":""},"class_list":["post-9100","page","type-page","status-publish","hentry"],"post_mailing_queue_ids":[],"_links":{"self":[{"href":"https:\/\/agora.xtec.cat\/demoinstitut\/wp-json\/wp\/v2\/pages\/9100","targetHints":{"allow":["GET"]}}],"collection":[{"href":"https:\/\/agora.xtec.cat\/demoinstitut\/wp-json\/wp\/v2\/pages"}],"about":[{"href":"https:\/\/agora.xtec.cat\/demoinstitut\/wp-json\/wp\/v2\/types\/page"}],"author":[{"embeddable":true,"href":"https:\/\/agora.xtec.cat\/demoinstitut\/wp-json\/wp\/v2\/users\/2"}],"replies":[{"embeddable":true,"href":"https:\/\/agora.xtec.cat\/demoinstitut\/wp-json\/wp\/v2\/comments?post=9100"}],"version-history":[{"count":1,"href":"https:\/\/agora.xtec.cat\/demoinstitut\/wp-json\/wp\/v2\/pages\/9100\/revisions"}],"predecessor-version":[{"id":9101,"href":"https:\/\/agora.xtec.cat\/demoinstitut\/wp-json\/wp\/v2\/pages\/9100\/revisions\/9101"}],"up":[{"embeddable":true,"href":"https:\/\/agora.xtec.cat\/demoinstitut\/wp-json\/wp\/v2\/pages\/9082"}],"wp:attachment":[{"href":"https:\/\/agora.xtec.cat\/demoinstitut\/wp-json\/wp\/v2\/media?parent=9100"}],"curies":[{"name":"wp","href":"https:\/\/api.w.org\/{rel}","templated":true}]}}