{"id":9098,"date":"2021-05-17T19:44:38","date_gmt":"2021-05-17T17:44:38","guid":{"rendered":"http:\/\/agora.xtec.cat\/demoinstitut\/?page_id=9098"},"modified":"2021-05-17T19:58:02","modified_gmt":"2021-05-17T17:58:02","slug":"la-junta","status":"publish","type":"page","link":"https:\/\/agora.xtec.cat\/demoinstitut\/afa\/organitzacio-de-lafa\/la-junta\/","title":{"rendered":"LA JUNTA"},"content":{"rendered":"<p>La\u00a0<strong>Junta Directiva<\/strong>\u00a0\u00e9s l&#8217;\u00f2rgan de\u00a0<strong>representaci\u00f3, gesti\u00f3 i administraci\u00f3 de l&#8217;associaci\u00f3<\/strong>, i actua com a \u00f2rgan executiu de l&#8217;<a href=\"http:\/\/www.escolaelsagrer.cat\/ampa\/index\/continguts\/con_codigo\/34\">Assemblea General<\/a>.<\/p>\n<p>La componen:<\/p>\n<p>\u25a0\u00a0El\/la President\/a<br \/>\n\u25a0\u00a0El\/la Vicepresident\/a<br \/>\n\u25a0\u00a0El\/la Tresorer\/a<br \/>\n\u25a0\u00a0El\/la Secretari\/a<br \/>\n\u25a0\u00a0Un\/a representant o vocal de cadascuna de les comissions en qu\u00e8 s&#8217;organitza l&#8217;AFA<\/p>\n<p>Per\u00f2 les Juntes s\u00f3n\u00a0<strong>reunions obertes on habitualment assisteixen lliurement fam\u00edlies interessades<\/strong>\u00a0en els temes que es tracten i per fer sentir la seva veu. La Junta es reuneix habitualment un cop al mes.<\/p>\n<p>La Junta Directiva t\u00e9, entre altres, les facultats seg\u00fcents:<\/p>\n<p>\u25a0\u00a0Governar, gestionar i representar els interessos de l&#8217;associaci\u00f3.<br \/>\n\u25a0\u00a0Analitzar peri\u00f2dicament i conjuntament amb els membres del Consell Escolar la situaci\u00f3 general del centre i fer propostes per al seu millor funcionament.<br \/>\n\u25a0\u00a0Organitzar serveis i activitats, editar publicacions, i crear comissions i grups de treball per al millor assoliment dels objectius de l&#8217;AFA.<br \/>\n\u25a0\u00a0Convocar les assemblees generals.<br \/>\n\u25a0\u00a0Redactar els programes anuals d&#8217;activitats i les mem\u00f2ries.<br \/>\n\u25a0\u00a0Elaborar els pressupostos anuals i els balan\u00e7os i estats de comptes anuals.<br \/>\n\u25a0\u00a0Executar els acords de l&#8217;Assemblea General i assumir qualsevol altre compet\u00e8ncia que li atorgui.<br \/>\n\u25a0\u00a0Complir i fer complir els estatuts.<\/p>\n<p>A m\u00e9s del car\u00e0cter gestor i administrador de la Junta, aquesta tamb\u00e9 sol ser un<strong>\u00a0f\u00f2rum de debat sobre l&#8217;associaci\u00f3 mateixa i sobre l&#8217;educaci\u00f3<\/strong>\u00a0dels nostres infants a l&#8217;escola.<\/p>\n<p>Si voleu con\u00e8ixer amb m\u00e9s detall les caracter\u00edstiques de la Junta Directiva i dels c\u00e0rrecs de l&#8217;associaci\u00f3 podeu consultar els nostres\u00a0<a href=\"http:\/\/www.escolaelsagrer.cat\/ampa\/index\/download\/table\/contenidodocs\/codigo\/8\">Estatuts<\/a>.<\/p>\n<p>&nbsp;<\/p>\n","protected":false},"excerpt":{"rendered":"<p>La\u00a0Junta Directiva\u00a0\u00e9s l&#8217;\u00f2rgan de\u00a0representaci\u00f3, gesti\u00f3 i administraci\u00f3 de l&#8217;associaci\u00f3, i actua com a \u00f2rgan executiu de l&#8217;Assemblea General. La componen: [&hellip;]<\/p>\n","protected":false},"author":2,"featured_media":0,"parent":9082,"menu_order":20,"comment_status":"closed","ping_status":"closed","template":"","meta":{"site-sidebar-layout":"default","site-content-layout":"","ast-site-content-layout":"","site-content-style":"default","site-sidebar-style":"default","ast-global-header-display":"","ast-banner-title-visibility":"","ast-main-header-display":"","ast-hfb-above-header-display":"","ast-hfb-below-header-display":"","ast-hfb-mobile-header-display":"","site-post-title":"","ast-breadcrumbs-content":"","ast-featured-img":"","footer-sml-layout":"","theme-transparent-header-meta":"","adv-header-id-meta":"","stick-header-meta":"","header-above-stick-meta":"","header-main-stick-meta":"","header-below-stick-meta":"","astra-migrate-meta-layouts":"default","ast-page-background-enabled":"default","ast-page-background-meta":{"desktop":{"background-color":"var(--ast-global-color-4)","background-image":"","background-repeat":"repeat","background-position":"center center","background-size":"auto","background-attachment":"scroll","background-type":"","background-media":"","overlay-type":"","overlay-color":"","overlay-opacity":"","overlay-gradient":""},"tablet":{"background-color":"","background-image":"","background-repeat":"repeat","background-position":"center center","background-size":"auto","background-attachment":"scroll","background-type":"","background-media":"","overlay-type":"","overlay-color":"","overlay-opacity":"","overlay-gradient":""},"mobile":{"background-color":"","background-image":"","background-repeat":"repeat","background-position":"center center","background-size":"auto","background-attachment":"scroll","background-type":"","background-media":"","overlay-type":"","overlay-color":"","overlay-opacity":"","overlay-gradient":""}},"ast-content-background-meta":{"desktop":{"background-color":"var(--ast-global-color-5)","background-image":"","background-repeat":"repeat","background-position":"center center","background-size":"auto","background-attachment":"scroll","background-type":"","background-media":"","overlay-type":"","overlay-color":"","overlay-opacity":"","overlay-gradient":""},"tablet":{"background-color":"var(--ast-global-color-5)","background-image":"","background-repeat":"repeat","background-position":"center center","background-size":"auto","background-attachment":"scroll","background-type":"","background-media":"","overlay-type":"","overlay-color":"","overlay-opacity":"","overlay-gradient":""},"mobile":{"background-color":"var(--ast-global-color-5)","background-image":"","background-repeat":"repeat","background-position":"center center","background-size":"auto","background-attachment":"scroll","background-type":"","background-media":"","overlay-type":"","overlay-color":"","overlay-opacity":"","overlay-gradient":""}},"footnotes":""},"class_list":["post-9098","page","type-page","status-publish","hentry"],"post_mailing_queue_ids":[],"_links":{"self":[{"href":"https:\/\/agora.xtec.cat\/demoinstitut\/wp-json\/wp\/v2\/pages\/9098","targetHints":{"allow":["GET"]}}],"collection":[{"href":"https:\/\/agora.xtec.cat\/demoinstitut\/wp-json\/wp\/v2\/pages"}],"about":[{"href":"https:\/\/agora.xtec.cat\/demoinstitut\/wp-json\/wp\/v2\/types\/page"}],"author":[{"embeddable":true,"href":"https:\/\/agora.xtec.cat\/demoinstitut\/wp-json\/wp\/v2\/users\/2"}],"replies":[{"embeddable":true,"href":"https:\/\/agora.xtec.cat\/demoinstitut\/wp-json\/wp\/v2\/comments?post=9098"}],"version-history":[{"count":1,"href":"https:\/\/agora.xtec.cat\/demoinstitut\/wp-json\/wp\/v2\/pages\/9098\/revisions"}],"predecessor-version":[{"id":9099,"href":"https:\/\/agora.xtec.cat\/demoinstitut\/wp-json\/wp\/v2\/pages\/9098\/revisions\/9099"}],"up":[{"embeddable":true,"href":"https:\/\/agora.xtec.cat\/demoinstitut\/wp-json\/wp\/v2\/pages\/9082"}],"wp:attachment":[{"href":"https:\/\/agora.xtec.cat\/demoinstitut\/wp-json\/wp\/v2\/media?parent=9098"}],"curies":[{"name":"wp","href":"https:\/\/api.w.org\/{rel}","templated":true}]}}