{"id":9093,"date":"2021-05-17T19:41:53","date_gmt":"2021-05-17T17:41:53","guid":{"rendered":"http:\/\/agora.xtec.cat\/demoinstitut\/?page_id=9093"},"modified":"2021-05-17T19:58:02","modified_gmt":"2021-05-17T17:58:02","slug":"contactes","status":"publish","type":"page","link":"https:\/\/agora.xtec.cat\/demoinstitut\/afa\/contactes\/","title":{"rendered":"CONTACTES"},"content":{"rendered":"<h2>ADRECES ELECTR\u00d2NIQUES DE LES COMISSIONS<\/h2>\n<p style=\"font-weight: 400;\">A continuaci\u00f3 s&#8217;indiquen les adreces electr\u00f2niques de les diferents COMISSIONS i dels COORDINADORS dels serveis que ofereix l&#8217;AFA.<\/p>\n<p style=\"font-weight: 400;\"><strong>\ud83c\udfe0<\/strong><strong>\u00a0AFA\u00a0<\/strong><\/p>\n<p style=\"font-weight: 400;\">\ud83d\udce7\u00a0<a href=\"mailto:ampa@escolaelsagrer.cat\">ampa@escolaelsagrer.cat<\/a><\/p>\n<p style=\"font-weight: 400;\">\u260e\ufe0f 93.351.60.45<\/p>\n<p style=\"font-weight: 400;\"><strong>\u2757<\/strong><strong>ABS\u00c8NCIES<\/strong><\/p>\n<p style=\"font-weight: 400;\"><a href=\"mailto:avisos.ampa@escolaelsagrer.cat\">avisos.ampa@escolaelsagrer.cat<\/a><\/p>\n<p style=\"font-weight: 400;\"><strong>&#8211; SERVEI MAT\u00cd \/ TARDA<\/strong><\/p>\n<p style=\"font-weight: 400;\"><a href=\"mailto:serveimati.ampa@escolaelsagrer.cat\">serveimati.ampa@escolaelsagrer.cat<\/a><\/p>\n<p style=\"font-weight: 400;\"><a href=\"mailto:coord.serveimati.ampa@escolaelsagrer.cat\">coord.serveimati.ampa@escolaelsagrer.cat\u00a0<\/a>(coordinaci\u00f3 servei mat\u00ed)<\/p>\n<p style=\"font-weight: 400;\"><a href=\"mailto:coord.serveimigdia.ampa@escolaelsagrer.cat\">coord.serveimigdia.ampa@escolaelsagrer.cat<\/a>\u00a0 (coordinaci\u00f3 servei tarda)<\/p>\n<p style=\"font-weight: 400;\"><strong>-SERVEI MIGDIA<\/strong><\/p>\n<p style=\"font-weight: 400;\"><a href=\"mailto:espaimigdia.ampa@escolaelsagrer.cat\">espaimigdia.ampa@escolaelsagrer.cat<\/a><\/p>\n<p style=\"font-weight: 400;\"><a href=\"mailto:coord.serveimigdia.ampa@escolaelsagrer.cat\">coord.serveimigdia.ampa@escolaelsagrer.cat<\/a><\/p>\n<p style=\"font-weight: 400;\"><strong>&#8211; ACTIVITATS ESPORTIVES i EXTRAESCOLARS<\/strong><\/p>\n<p style=\"font-weight: 400;\"><a href=\"mailto:activitatsesportives.ampa@escolaelsagrer.cat\">activitatsesportives.ampa@escolaelsagrer.cat<\/a><\/p>\n<p style=\"font-weight: 400;\"><a href=\"mailto:coord.extraescolars.ampa@escolaelsagrer.cat\">coord.extraescolars.ampa@escolaelsagrer.cat<\/a><\/p>\n<p style=\"font-weight: 400;\"><strong>&#8211; CASAL<\/strong><\/p>\n<p style=\"font-weight: 400;\"><a href=\"mailto:casals.ampa@escolaelsagrer.cat\">casals.ampa@escolaelsagrer.cat<\/a><\/p>\n<p style=\"font-weight: 400;\"><a href=\"mailto:coord.casal.ampa@escolaelsagrer.cat\">coord.casal.ampa@escolaelsagrer.cat<\/a><\/p>\n<p style=\"font-weight: 400;\"><a href=\"mailto:coord.acampada.ampa@escolaelsagrer.cat\">coord.acampada.ampa@escolaelsagrer.cat<\/a><\/p>\n<p style=\"font-weight: 400;\"><strong>&#8211; ESCOLA MARES PARES<\/strong><\/p>\n<p style=\"font-weight: 400;\"><a href=\"mailto:escolafamilies.ampa@escolaelsagrer.cat\">escolafamilies.ampa@escolaelsagrer.cat<\/a><\/p>\n<p style=\"font-weight: 400;\"><strong>&#8211; INCLUSI\u00d3<\/strong><\/p>\n<p style=\"font-weight: 400;\"><a href=\"mailto:inclusio.ampa@escolaelsagrer.cat\">inclusio.ampa@escolaelsagrer.cat<\/a><\/p>\n<p style=\"font-weight: 400;\"><strong>&#8211; FESTES<\/strong><\/p>\n<p style=\"font-weight: 400;\"><a href=\"mailto:festes.ampa@escolaelsagrer.cat\">festes.ampa@escolaelsagrer.cat<\/a><\/p>\n<p style=\"font-weight: 400;\"><strong>&#8211; RELACIONS EXTERNES<\/strong><\/p>\n<p style=\"font-weight: 400;\"><a href=\"mailto:relacionsexternes.ampa@escolaelsagrer.cat\">relacionsexternes.ampa@escolaelsagrer.cat<\/a><\/p>\n<p style=\"font-weight: 400;\"><strong>&#8211; INTERCANVI LLIBRES<\/strong><\/p>\n<p style=\"font-weight: 400;\"><a href=\"mailto:intercanvillibres.ampa@escolaelsagrer.cat\">intercanvillibres.ampa@escolaelsagrer.cat<\/a><\/p>\n<p style=\"font-weight: 400;\"><strong>&#8211; SOCIALITZACIO LLIBRES<\/strong><\/p>\n<p style=\"font-weight: 400;\"><a href=\"mailto:socialitzaciollibres.ampa@escolaelsagrer.cat\">socialitzaciollibres.ampa@escolaelsagrer.cat<\/a><\/p>\n<p style=\"font-weight: 400;\"><strong>&#8211; BUTLLET\u00cd<\/strong><\/p>\n<p style=\"font-weight: 400;\"><a href=\"mailto:butlleti.ampa@escolaelsagrer.cat\">butlleti.ampa@escolaelsagrer.cat\u00a0<\/a><\/p>\n<p style=\"font-weight: 400;\"><strong>&#8211; ECONOMICA<\/strong><\/p>\n<p style=\"font-weight: 400;\"><a href=\"mailto:economica.ampa@escolaelsagrer.cat\">economica.ampa@escolaelsagrer.cat<\/a><\/p>\n<p style=\"font-weight: 400;\"><strong>&#8211; WEB<\/strong><\/p>\n<p style=\"font-weight: 400;\"><a href=\"mailto:web.ampa@escolaelsagrer.cat\">web.ampa@escolaelsagrer.cat<\/a><\/p>\n<p>&nbsp;<\/p>\n","protected":false},"excerpt":{"rendered":"<p>ADRECES ELECTR\u00d2NIQUES DE LES COMISSIONS A continuaci\u00f3 s&#8217;indiquen les adreces electr\u00f2niques de les diferents COMISSIONS i dels COORDINADORS dels serveis [&hellip;]<\/p>\n","protected":false},"author":2,"featured_media":0,"parent":9077,"menu_order":60,"comment_status":"closed","ping_status":"closed","template":"","meta":{"site-sidebar-layout":"default","site-content-layout":"","ast-site-content-layout":"","site-content-style":"default","site-sidebar-style":"default","ast-global-header-display":"","ast-banner-title-visibility":"","ast-main-header-display":"","ast-hfb-above-header-display":"","ast-hfb-below-header-display":"","ast-hfb-mobile-header-display":"","site-post-title":"","ast-breadcrumbs-content":"","ast-featured-img":"","footer-sml-layout":"","theme-transparent-header-meta":"","adv-header-id-meta":"","stick-header-meta":"","header-above-stick-meta":"","header-main-stick-meta":"","header-below-stick-meta":"","astra-migrate-meta-layouts":"default","ast-page-background-enabled":"default","ast-page-background-meta":{"desktop":{"background-color":"var(--ast-global-color-4)","background-image":"","background-repeat":"repeat","background-position":"center center","background-size":"auto","background-attachment":"scroll","background-type":"","background-media":"","overlay-type":"","overlay-color":"","overlay-opacity":"","overlay-gradient":""},"tablet":{"background-color":"","background-image":"","background-repeat":"repeat","background-position":"center center","background-size":"auto","background-attachment":"scroll","background-type":"","background-media":"","overlay-type":"","overlay-color":"","overlay-opacity":"","overlay-gradient":""},"mobile":{"background-color":"","background-image":"","background-repeat":"repeat","background-position":"center center","background-size":"auto","background-attachment":"scroll","background-type":"","background-media":"","overlay-type":"","overlay-color":"","overlay-opacity":"","overlay-gradient":""}},"ast-content-background-meta":{"desktop":{"background-color":"var(--ast-global-color-5)","background-image":"","background-repeat":"repeat","background-position":"center center","background-size":"auto","background-attachment":"scroll","background-type":"","background-media":"","overlay-type":"","overlay-color":"","overlay-opacity":"","overlay-gradient":""},"tablet":{"background-color":"var(--ast-global-color-5)","background-image":"","background-repeat":"repeat","background-position":"center center","background-size":"auto","background-attachment":"scroll","background-type":"","background-media":"","overlay-type":"","overlay-color":"","overlay-opacity":"","overlay-gradient":""},"mobile":{"background-color":"var(--ast-global-color-5)","background-image":"","background-repeat":"repeat","background-position":"center center","background-size":"auto","background-attachment":"scroll","background-type":"","background-media":"","overlay-type":"","overlay-color":"","overlay-opacity":"","overlay-gradient":""}},"footnotes":""},"class_list":["post-9093","page","type-page","status-publish","hentry"],"post_mailing_queue_ids":[],"_links":{"self":[{"href":"https:\/\/agora.xtec.cat\/demoinstitut\/wp-json\/wp\/v2\/pages\/9093","targetHints":{"allow":["GET"]}}],"collection":[{"href":"https:\/\/agora.xtec.cat\/demoinstitut\/wp-json\/wp\/v2\/pages"}],"about":[{"href":"https:\/\/agora.xtec.cat\/demoinstitut\/wp-json\/wp\/v2\/types\/page"}],"author":[{"embeddable":true,"href":"https:\/\/agora.xtec.cat\/demoinstitut\/wp-json\/wp\/v2\/users\/2"}],"replies":[{"embeddable":true,"href":"https:\/\/agora.xtec.cat\/demoinstitut\/wp-json\/wp\/v2\/comments?post=9093"}],"version-history":[{"count":2,"href":"https:\/\/agora.xtec.cat\/demoinstitut\/wp-json\/wp\/v2\/pages\/9093\/revisions"}],"predecessor-version":[{"id":9095,"href":"https:\/\/agora.xtec.cat\/demoinstitut\/wp-json\/wp\/v2\/pages\/9093\/revisions\/9095"}],"up":[{"embeddable":true,"href":"https:\/\/agora.xtec.cat\/demoinstitut\/wp-json\/wp\/v2\/pages\/9077"}],"wp:attachment":[{"href":"https:\/\/agora.xtec.cat\/demoinstitut\/wp-json\/wp\/v2\/media?parent=9093"}],"curies":[{"name":"wp","href":"https:\/\/api.w.org\/{rel}","templated":true}]}}