{"id":9089,"date":"2021-05-17T19:39:10","date_gmt":"2021-05-17T17:39:10","guid":{"rendered":"http:\/\/agora.xtec.cat\/demoinstitut\/?page_id=9089"},"modified":"2021-05-17T19:58:02","modified_gmt":"2021-05-17T17:58:02","slug":"educacio-i-escola","status":"publish","type":"page","link":"https:\/\/agora.xtec.cat\/demoinstitut\/afa\/educacio-i-escola\/","title":{"rendered":"EDUCACI\u00d3 I ESCOLA"},"content":{"rendered":"<p>L&#8217;inter\u00e8s dels pares per l&#8217;educaci\u00f3 dels nostres fills \u00e9s un dels trets de la nostra associaci\u00f3. Aquest inter\u00e8s ens duu a participar en la vida de l&#8217;escola i a plantejar-nos la necessitat de con\u00e8ixer el m\u00f3n de l&#8217;educaci\u00f3. En aquest apartat de la nostra web volem crear un espai d&#8217;informaci\u00f3 i comunicaci\u00f3 al voltant del m\u00f3n educatiu. Volem fer-vos arribar diverses informacions sobre diferents aspectes de l&#8217;educaci\u00f3 dels nens de prim\u00e0ria i recollir les vostres inquietuds sobre els temes que m\u00e9s us interessin.<\/p>\n<p>En aquesta l\u00ednia se situen quatre activitats que venim desenvolupant des de fa temps:<\/p>\n<p>\u25a0\u00a0L&#8217;edici\u00f3 de EL BUTLLET\u00cd de l&#8217;Escola El Sagrer que rebeu peri\u00f2dicament.<\/p>\n<p>\u25a0\u00a0Les diverses iniciatives que es proposen a l&#8217;Escola de Mares i Pares.<\/p>\n<p>\u25a0\u00a0Les activitats de representaci\u00f3 fora de l&#8217;escola de la Comissi\u00f3 de Relacions Externes.<\/p>\n<p>\u25a0\u00a0La gesti\u00f3 de la compra de llibres i el suport a la Biblioteca com a recursos pedag\u00f2gics.<\/p>\n","protected":false},"excerpt":{"rendered":"<p>L&#8217;inter\u00e8s dels pares per l&#8217;educaci\u00f3 dels nostres fills \u00e9s un dels trets de la nostra associaci\u00f3. Aquest inter\u00e8s ens duu [&hellip;]<\/p>\n","protected":false},"author":2,"featured_media":0,"parent":9077,"menu_order":40,"comment_status":"closed","ping_status":"closed","template":"","meta":{"site-sidebar-layout":"default","site-content-layout":"","ast-site-content-layout":"","site-content-style":"default","site-sidebar-style":"default","ast-global-header-display":"","ast-banner-title-visibility":"","ast-main-header-display":"","ast-hfb-above-header-display":"","ast-hfb-below-header-display":"","ast-hfb-mobile-header-display":"","site-post-title":"","ast-breadcrumbs-content":"","ast-featured-img":"","footer-sml-layout":"","theme-transparent-header-meta":"","adv-header-id-meta":"","stick-header-meta":"","header-above-stick-meta":"","header-main-stick-meta":"","header-below-stick-meta":"","astra-migrate-meta-layouts":"default","ast-page-background-enabled":"default","ast-page-background-meta":{"desktop":{"background-color":"var(--ast-global-color-4)","background-image":"","background-repeat":"repeat","background-position":"center center","background-size":"auto","background-attachment":"scroll","background-type":"","background-media":"","overlay-type":"","overlay-color":"","overlay-opacity":"","overlay-gradient":""},"tablet":{"background-color":"","background-image":"","background-repeat":"repeat","background-position":"center center","background-size":"auto","background-attachment":"scroll","background-type":"","background-media":"","overlay-type":"","overlay-color":"","overlay-opacity":"","overlay-gradient":""},"mobile":{"background-color":"","background-image":"","background-repeat":"repeat","background-position":"center center","background-size":"auto","background-attachment":"scroll","background-type":"","background-media":"","overlay-type":"","overlay-color":"","overlay-opacity":"","overlay-gradient":""}},"ast-content-background-meta":{"desktop":{"background-color":"var(--ast-global-color-5)","background-image":"","background-repeat":"repeat","background-position":"center center","background-size":"auto","background-attachment":"scroll","background-type":"","background-media":"","overlay-type":"","overlay-color":"","overlay-opacity":"","overlay-gradient":""},"tablet":{"background-color":"var(--ast-global-color-5)","background-image":"","background-repeat":"repeat","background-position":"center center","background-size":"auto","background-attachment":"scroll","background-type":"","background-media":"","overlay-type":"","overlay-color":"","overlay-opacity":"","overlay-gradient":""},"mobile":{"background-color":"var(--ast-global-color-5)","background-image":"","background-repeat":"repeat","background-position":"center center","background-size":"auto","background-attachment":"scroll","background-type":"","background-media":"","overlay-type":"","overlay-color":"","overlay-opacity":"","overlay-gradient":""}},"footnotes":""},"class_list":["post-9089","page","type-page","status-publish","hentry"],"post_mailing_queue_ids":[],"_links":{"self":[{"href":"https:\/\/agora.xtec.cat\/demoinstitut\/wp-json\/wp\/v2\/pages\/9089","targetHints":{"allow":["GET"]}}],"collection":[{"href":"https:\/\/agora.xtec.cat\/demoinstitut\/wp-json\/wp\/v2\/pages"}],"about":[{"href":"https:\/\/agora.xtec.cat\/demoinstitut\/wp-json\/wp\/v2\/types\/page"}],"author":[{"embeddable":true,"href":"https:\/\/agora.xtec.cat\/demoinstitut\/wp-json\/wp\/v2\/users\/2"}],"replies":[{"embeddable":true,"href":"https:\/\/agora.xtec.cat\/demoinstitut\/wp-json\/wp\/v2\/comments?post=9089"}],"version-history":[{"count":1,"href":"https:\/\/agora.xtec.cat\/demoinstitut\/wp-json\/wp\/v2\/pages\/9089\/revisions"}],"predecessor-version":[{"id":9090,"href":"https:\/\/agora.xtec.cat\/demoinstitut\/wp-json\/wp\/v2\/pages\/9089\/revisions\/9090"}],"up":[{"embeddable":true,"href":"https:\/\/agora.xtec.cat\/demoinstitut\/wp-json\/wp\/v2\/pages\/9077"}],"wp:attachment":[{"href":"https:\/\/agora.xtec.cat\/demoinstitut\/wp-json\/wp\/v2\/media?parent=9089"}],"curies":[{"name":"wp","href":"https:\/\/api.w.org\/{rel}","templated":true}]}}