{"id":9087,"date":"2021-05-17T19:38:10","date_gmt":"2021-05-17T17:38:10","guid":{"rendered":"http:\/\/agora.xtec.cat\/demoinstitut\/?page_id=9087"},"modified":"2021-05-17T19:58:02","modified_gmt":"2021-05-17T17:58:02","slug":"un-projecte-compartit","status":"publish","type":"page","link":"https:\/\/agora.xtec.cat\/demoinstitut\/afa\/un-projecte-compartit\/","title":{"rendered":"UN PROJECTE COMPARTIT"},"content":{"rendered":"<p>L&#8217;<a href=\"http:\/\/www.escolaelsagrer.cat\/ampa\/index\/continguts\/con_codigo\/62\">AFA<\/a>\u00a0de l&#8217;escola El Sagrer del barri de La Sagrera de Barcelona \u00e9s una\u00a0<strong>associaci\u00f3 sense \u00e0nim de lucre<\/strong>\u00a0que t\u00e9 entre els seus objectius prioritaris<strong>\u00a0participar en el projecte de l&#8217;escola<\/strong>, tot col\u00b7laborant amb els seus mestres, per a aconseguir la millor qualitat de l&#8217;ensenyament per als seus fills. Tanmateix l&#8217;AFA t\u00e9 com a fi\u00a0<strong>organitzar activitats que millorin i complementin la tasca de l&#8217;escola<\/strong>\u00a0i que alhora suposin un servei a les fam\u00edlies. Es tracta de fomentar la participaci\u00f3 i la interrelaci\u00f3 de tota la comunitat educativa en el projecte de l&#8217;escola i la seva integraci\u00f3 en l&#8217;entorn del barri.<\/p>\n<p>L&#8217;escola t\u00e9 m\u00e9s de\u00a0<a href=\"http:\/\/www.escolaelsagrer.cat\/ampa\/index\/continguts\/con_codigo\/33\">30 anys d&#8217;hist\u00f2ria<\/a>\u00a0i l&#8217;AFA,\u00a0<strong>creada l&#8217;any 1983<\/strong>\u00a0i regulada d&#8217;acord amb els seus\u00a0<a href=\"http:\/\/www.escolaelsagrer.cat\/ampa\/index\/download\/table\/contenidodocs\/codigo\/8\">Estatuts<\/a>, sempre ha donat suport a un projecte educatiu proposat pel seu equip de mestres. En aquest sentit l&#8217;AFA defensa una escola basada en el\u00a0<strong>respecte als valors democr\u00e0tics i solidaris, aconfesional i pluralista<\/strong>, que prevegui la\u00a0<strong>formaci\u00f3 integral<\/strong>\u00a0dels alumnes i l<strong>&#8216;educaci\u00f3 en la diversitat<\/strong>\u00a0i que\u00a0<strong>defensi la llengua i la cultura catalana<\/strong>\u00a0com a elements integradors de les fam\u00edlies del barri.<\/p>\n<p>Aquest projecte educatiu requereix un esfor\u00e7 de\u00a0<strong>corresponsabilitat de les fam\u00edliees<\/strong>\u00a0en l&#8217;educaci\u00f3 dels nostres infants i de<strong>\u00a0participaci\u00f3 activa<\/strong>\u00a0en la vida de l&#8217;escola, juntament amb els mestres, monitors i personal d&#8217;administraci\u00f3 i serveis del centre, en un projecte compartit.<\/p>\n<p>A fi d&#8217;exercir aquest comprom\u00eds i portar a terme el projecte d&#8217;escola, us animem a participar en les diverses inst\u00e0ncies en qu\u00e8 s&#8217;oganitza l&#8217;activitat de l&#8217;AFA i de l&#8217;escola:<\/p>\n<p>\u25a0\u00a0L&#8217;<a href=\"http:\/\/www.escolaelsagrer.cat\/ampa\/index\/continguts\/con_codigo\/34\">Assemblea<\/a>\u00a0de l&#8217;AMPA, la\u00a0<a href=\"http:\/\/www.escolaelsagrer.cat\/ampa\/index\/continguts\/con_codigo\/35\">Junta Directiva<\/a>\u00a0i les\u00a0<a href=\"http:\/\/www.escolaelsagrer.cat\/ampa\/index\/continguts\/con_codigo\/36\">Comissions<\/a>\u00a0delegades.<\/p>\n<p>\u25a0\u00a0El<a href=\"http:\/\/www.escolaelsagrer.cat\/ampa\/index\/continguts\/con_codigo\/38\">\u00a0Consell Escolar<\/a>\u00a0de Centre, l&#8217;\u00f2rgan m\u00e0xim de govern de l&#8217;escola.<\/p>\n<p>\u25a0\u00a0L&#8217;<a href=\"http:\/\/www.escolaelsagrer.cat\/ampa\/index\/continguts\/con_codigo\/37\">Assemblea de Delegats\/des<\/a>\u00a0formada pels representants dels pares i mares de cada classe.<\/p>\n<p>\u25a0 Les m\u00faltiples activitats que s&#8217;organitzen al llarg del curs per part de l&#8217;Escola, de l&#8217;AFA o de la classe.<\/p>\n<p>S\u00f3n molts els pares i mares que durant tot aquests trenta anys han fet possible un model d&#8217;escola reconegut a la comunitat educativa, del qual ens sentim orgullosos. Agra\u00efm la tasca que han exercit tots els exmembres en el passat i la de les fam\u00edlies actuals que continuen fent possible aquest projecte.<\/p>\n<p>Sigueu benvinguts els nous membres a l&#8217;escola El Sagrer. Esperem poder compartir amb vosaltres la vida de l&#8217;escola i traspassar-vos el relleu en la tasca de la nostra associaci\u00f3 que no \u00e9s m\u00e9s que el d&#8217;assolir una educaci\u00f3 millor per als nostres infants amb la participaci\u00f3 de tots.<\/p>\n<p>&nbsp;<\/p>\n<p>&nbsp;<\/p>\n<hr \/>\n<table>\n<tbody>\n<tr>\n<td><img decoding=\"async\" src=\"http:\/\/www.escolaelsagrer.cat\/img\/icons\/pdf32.png\" \/><\/td>\n<td><a href=\"http:\/\/www.escolaelsagrer.cat\/ampa\/index\/download\/table\/contenidodocs\/codigo\/5\">Un projecte compartit<\/a><\/td>\n<\/tr>\n<\/tbody>\n<\/table>\n","protected":false},"excerpt":{"rendered":"<p>L&#8217;AFA\u00a0de l&#8217;escola El Sagrer del barri de La Sagrera de Barcelona \u00e9s una\u00a0associaci\u00f3 sense \u00e0nim de lucre\u00a0que t\u00e9 entre els [&hellip;]<\/p>\n","protected":false},"author":2,"featured_media":0,"parent":9077,"menu_order":30,"comment_status":"closed","ping_status":"closed","template":"","meta":{"site-sidebar-layout":"default","site-content-layout":"","ast-site-content-layout":"","site-content-style":"default","site-sidebar-style":"default","ast-global-header-display":"","ast-banner-title-visibility":"","ast-main-header-display":"","ast-hfb-above-header-display":"","ast-hfb-below-header-display":"","ast-hfb-mobile-header-display":"","site-post-title":"","ast-breadcrumbs-content":"","ast-featured-img":"","footer-sml-layout":"","theme-transparent-header-meta":"","adv-header-id-meta":"","stick-header-meta":"","header-above-stick-meta":"","header-main-stick-meta":"","header-below-stick-meta":"","astra-migrate-meta-layouts":"default","ast-page-background-enabled":"default","ast-page-background-meta":{"desktop":{"background-color":"var(--ast-global-color-4)","background-image":"","background-repeat":"repeat","background-position":"center center","background-size":"auto","background-attachment":"scroll","background-type":"","background-media":"","overlay-type":"","overlay-color":"","overlay-opacity":"","overlay-gradient":""},"tablet":{"background-color":"","background-image":"","background-repeat":"repeat","background-position":"center center","background-size":"auto","background-attachment":"scroll","background-type":"","background-media":"","overlay-type":"","overlay-color":"","overlay-opacity":"","overlay-gradient":""},"mobile":{"background-color":"","background-image":"","background-repeat":"repeat","background-position":"center center","background-size":"auto","background-attachment":"scroll","background-type":"","background-media":"","overlay-type":"","overlay-color":"","overlay-opacity":"","overlay-gradient":""}},"ast-content-background-meta":{"desktop":{"background-color":"var(--ast-global-color-5)","background-image":"","background-repeat":"repeat","background-position":"center center","background-size":"auto","background-attachment":"scroll","background-type":"","background-media":"","overlay-type":"","overlay-color":"","overlay-opacity":"","overlay-gradient":""},"tablet":{"background-color":"var(--ast-global-color-5)","background-image":"","background-repeat":"repeat","background-position":"center center","background-size":"auto","background-attachment":"scroll","background-type":"","background-media":"","overlay-type":"","overlay-color":"","overlay-opacity":"","overlay-gradient":""},"mobile":{"background-color":"var(--ast-global-color-5)","background-image":"","background-repeat":"repeat","background-position":"center center","background-size":"auto","background-attachment":"scroll","background-type":"","background-media":"","overlay-type":"","overlay-color":"","overlay-opacity":"","overlay-gradient":""}},"footnotes":""},"class_list":["post-9087","page","type-page","status-publish","hentry"],"post_mailing_queue_ids":[],"_links":{"self":[{"href":"https:\/\/agora.xtec.cat\/demoinstitut\/wp-json\/wp\/v2\/pages\/9087","targetHints":{"allow":["GET"]}}],"collection":[{"href":"https:\/\/agora.xtec.cat\/demoinstitut\/wp-json\/wp\/v2\/pages"}],"about":[{"href":"https:\/\/agora.xtec.cat\/demoinstitut\/wp-json\/wp\/v2\/types\/page"}],"author":[{"embeddable":true,"href":"https:\/\/agora.xtec.cat\/demoinstitut\/wp-json\/wp\/v2\/users\/2"}],"replies":[{"embeddable":true,"href":"https:\/\/agora.xtec.cat\/demoinstitut\/wp-json\/wp\/v2\/comments?post=9087"}],"version-history":[{"count":1,"href":"https:\/\/agora.xtec.cat\/demoinstitut\/wp-json\/wp\/v2\/pages\/9087\/revisions"}],"predecessor-version":[{"id":9088,"href":"https:\/\/agora.xtec.cat\/demoinstitut\/wp-json\/wp\/v2\/pages\/9087\/revisions\/9088"}],"up":[{"embeddable":true,"href":"https:\/\/agora.xtec.cat\/demoinstitut\/wp-json\/wp\/v2\/pages\/9077"}],"wp:attachment":[{"href":"https:\/\/agora.xtec.cat\/demoinstitut\/wp-json\/wp\/v2\/media?parent=9087"}],"curies":[{"name":"wp","href":"https:\/\/api.w.org\/{rel}","templated":true}]}}