{"id":9084,"date":"2021-05-17T19:36:17","date_gmt":"2021-05-17T17:36:17","guid":{"rendered":"http:\/\/agora.xtec.cat\/demoinstitut\/?page_id=9084"},"modified":"2021-05-17T19:58:02","modified_gmt":"2021-05-17T17:58:02","slug":"una-mica-dhistoria","status":"publish","type":"page","link":"https:\/\/agora.xtec.cat\/demoinstitut\/afa\/una-mica-dhistoria\/","title":{"rendered":"UNA MICA D&#8217;HISTORIA"},"content":{"rendered":"<p>L&#8217;escola\u00a0<strong>El Sagrer<\/strong>\u00a0t\u00e9 els seus or\u00edgens<strong>\u00a0en els primers anys dels 60<\/strong>. Llavors un grup de fami\u00edlies va manifestar l&#8217;inter\u00e8s per crear una escola a La Sagrera i va elaborar un projecte d&#8217;escola participativa basada en la corresponsabilitat entre fam\u00edlies i mestres, que va donar el seu fruit amb la fundaci\u00f3, el setembre de 1968, de\u00a0<strong>l&#8217;Escola Ic\u00e0ria<\/strong>, als locals del carrer Moss\u00e8n Juliana.<\/p>\n<p>Dues mestres, la\u00a0<strong>M. Pura Badenes i la Carme Turr\u00f3<\/strong>, amb la col\u00b7laboraci\u00f3 de la\u00a0<strong>Pilar Sanmart\u00ed<\/strong>, van fer realitat una escola basada en els principis d&#8217;una\u00a0<strong>escola activa, laica, progressista i no discriminat\u00f2ria, mixta, amb l&#8217;ensenyament del catal\u00e0<\/strong>, potenciadora de la relaci\u00f3 fam\u00edlia-mestres, arrelada en el barri i mantinguda pels pares i mares.<\/p>\n<p>L&#8217;any\u00a0<strong>1975<\/strong>, despr\u00e9s d&#8217;intensos debats sobre la titularitat del centre, es decideix en assemblea de fam\u00edlies que aquests es constitueixin com a\u00a0<strong>Cooperativa de Pares<\/strong>\u00a0i n&#8217;assumeixin la titularitat, i que la compet\u00e8ncia pedag\u00f2gica queda a c\u00e0rrec dels mestres.<\/p>\n<p>A partir de<strong>\u00a0l&#8217;Escola d&#8217;Estiu de 1976<\/strong>\u00a0i sota els principis d&#8217;una\u00a0\u00ab<strong>Nova Escola P\u00fablica Catalana<\/strong>\u00bb\u00a0sorgiran les bases per a la creaci\u00f3 posterior, el 1978, del<strong>\u00a0CEPEPC<\/strong>\u00a0(Col\u00b7lectiu d&#8217;Escoles per l&#8217;Escola P\u00fablica Catalana), moviment al qual l&#8217;escola es vincul\u00e0 des del primer moment i que va significar l\u2019extensi\u00f3 del projecte de renovaci\u00f3 pedag\u00f2gica i la potenciaci\u00f3 d&#8217;aven\u00e7os professionals. Durant aquest per\u00edode, i amb l&#8217;esfor\u00e7 de fam\u00edlies i mestres, es va consolidar l&#8217;escola i la millora de l&#8217;ensenyament de prim\u00e0ria dels infants.<\/p>\n<p>&nbsp;<\/p>\n<p>El 1980 s&#8217;aprov\u00e0 el decret de trasp\u00e0s dels serveis de l&#8217;Estat a la Generalitat de Catalunya en mat\u00e8ria d&#8217;ensenyament i, despr\u00e9s de diversos debats i entrebancs, l&#8217;escola opta decididament per\u00a0<strong>esdevenir una escola p\u00fablica<\/strong>\u00a0en el marc de la pol\u00edtica col\u00b7lectiva que representava el CEPEPC. Aix\u00ed va ser com<strong>\u00a0al setembre de 1983 la Cooperativa Escolar Ic\u00e0ria traspass\u00e0 l&#8217;escola al nou centre escolar, que de com\u00fa acord amb l&#8217;Associaci\u00f3 de Ve\u00efns, esdeven\u00ed l&#8217;Escola El Sagrer, al carrer Costa Rica.<\/strong><\/p>\n<p>Una nova etapa s&#8217;obria amb la integraci\u00f3 a la xarxa d&#8217;escoles p\u00fabliques, per\u00f2 amb els mateixos principis fundadors i amb el tret caracter\u00edstic i singular d&#8217;El Sagrer de donar import\u00e0ncia a la implicaci\u00f3 i participaci\u00f3 activa de les fam\u00edlies en la vida de l&#8217;escola. Despr\u00e9s de m\u00e9s de 30 anys d&#8217;hist\u00f2ria el<strong>\u00a0Projecte Educatiu<\/strong>\u00a0de l&#8217;escola segueix treballant pels\u00a0<strong>objectius d&#8217;una formaci\u00f3 integral de la persona, per l&#8217;atenci\u00f3 individualitzada, per una escola entesa com a servei p\u00fablic, per una escola catalana, per la col\u00b7laboraci\u00f3 de fam\u00edlies, mestres i personal no docent.<\/strong><\/p>\n<p>Des del 1983 i al llarg d&#8217;aquests anys<strong>\u00a0s&#8217;ha consolidat una estructura de participaci\u00f3<\/strong>\u00a0que permet al conjunt de la comunitat educativa seguir treballant en com\u00fa amb un esperit col\u00b7laborador, interessat i encoratjador, en\u00a0<strong>un projecte compartit d&#8217;escola<\/strong>.<\/p>\n<ul>\n<li><strong>Junta Fundadora de l&#8217;AMPA<\/strong><\/li>\n<\/ul>\n<ul>\n<li>Setembre 1983-Novembre1984<br \/>\nPresident: Josep Copons<br \/>\nVicepresident: Antonio Prieto<br \/>\nSecretari: Josep M. Gil<br \/>\nTresorera: Frances Delriu<\/li>\n<\/ul>\n<p>&nbsp;<\/p>\n","protected":false},"excerpt":{"rendered":"<p>L&#8217;escola\u00a0El Sagrer\u00a0t\u00e9 els seus or\u00edgens\u00a0en els primers anys dels 60. Llavors un grup de fami\u00edlies va manifestar l&#8217;inter\u00e8s per crear [&hellip;]<\/p>\n","protected":false},"author":2,"featured_media":0,"parent":9077,"menu_order":20,"comment_status":"closed","ping_status":"closed","template":"","meta":{"site-sidebar-layout":"default","site-content-layout":"","ast-site-content-layout":"","site-content-style":"default","site-sidebar-style":"default","ast-global-header-display":"","ast-banner-title-visibility":"","ast-main-header-display":"","ast-hfb-above-header-display":"","ast-hfb-below-header-display":"","ast-hfb-mobile-header-display":"","site-post-title":"","ast-breadcrumbs-content":"","ast-featured-img":"","footer-sml-layout":"","theme-transparent-header-meta":"","adv-header-id-meta":"","stick-header-meta":"","header-above-stick-meta":"","header-main-stick-meta":"","header-below-stick-meta":"","astra-migrate-meta-layouts":"default","ast-page-background-enabled":"default","ast-page-background-meta":{"desktop":{"background-color":"var(--ast-global-color-4)","background-image":"","background-repeat":"repeat","background-position":"center center","background-size":"auto","background-attachment":"scroll","background-type":"","background-media":"","overlay-type":"","overlay-color":"","overlay-opacity":"","overlay-gradient":""},"tablet":{"background-color":"","background-image":"","background-repeat":"repeat","background-position":"center center","background-size":"auto","background-attachment":"scroll","background-type":"","background-media":"","overlay-type":"","overlay-color":"","overlay-opacity":"","overlay-gradient":""},"mobile":{"background-color":"","background-image":"","background-repeat":"repeat","background-position":"center center","background-size":"auto","background-attachment":"scroll","background-type":"","background-media":"","overlay-type":"","overlay-color":"","overlay-opacity":"","overlay-gradient":""}},"ast-content-background-meta":{"desktop":{"background-color":"var(--ast-global-color-5)","background-image":"","background-repeat":"repeat","background-position":"center center","background-size":"auto","background-attachment":"scroll","background-type":"","background-media":"","overlay-type":"","overlay-color":"","overlay-opacity":"","overlay-gradient":""},"tablet":{"background-color":"var(--ast-global-color-5)","background-image":"","background-repeat":"repeat","background-position":"center center","background-size":"auto","background-attachment":"scroll","background-type":"","background-media":"","overlay-type":"","overlay-color":"","overlay-opacity":"","overlay-gradient":""},"mobile":{"background-color":"var(--ast-global-color-5)","background-image":"","background-repeat":"repeat","background-position":"center center","background-size":"auto","background-attachment":"scroll","background-type":"","background-media":"","overlay-type":"","overlay-color":"","overlay-opacity":"","overlay-gradient":""}},"footnotes":""},"class_list":["post-9084","page","type-page","status-publish","hentry"],"post_mailing_queue_ids":[],"_links":{"self":[{"href":"https:\/\/agora.xtec.cat\/demoinstitut\/wp-json\/wp\/v2\/pages\/9084","targetHints":{"allow":["GET"]}}],"collection":[{"href":"https:\/\/agora.xtec.cat\/demoinstitut\/wp-json\/wp\/v2\/pages"}],"about":[{"href":"https:\/\/agora.xtec.cat\/demoinstitut\/wp-json\/wp\/v2\/types\/page"}],"author":[{"embeddable":true,"href":"https:\/\/agora.xtec.cat\/demoinstitut\/wp-json\/wp\/v2\/users\/2"}],"replies":[{"embeddable":true,"href":"https:\/\/agora.xtec.cat\/demoinstitut\/wp-json\/wp\/v2\/comments?post=9084"}],"version-history":[{"count":2,"href":"https:\/\/agora.xtec.cat\/demoinstitut\/wp-json\/wp\/v2\/pages\/9084\/revisions"}],"predecessor-version":[{"id":9086,"href":"https:\/\/agora.xtec.cat\/demoinstitut\/wp-json\/wp\/v2\/pages\/9084\/revisions\/9086"}],"up":[{"embeddable":true,"href":"https:\/\/agora.xtec.cat\/demoinstitut\/wp-json\/wp\/v2\/pages\/9077"}],"wp:attachment":[{"href":"https:\/\/agora.xtec.cat\/demoinstitut\/wp-json\/wp\/v2\/media?parent=9084"}],"curies":[{"name":"wp","href":"https:\/\/api.w.org\/{rel}","templated":true}]}}