{"id":9082,"date":"2021-05-17T19:34:17","date_gmt":"2021-05-17T17:34:17","guid":{"rendered":"http:\/\/agora.xtec.cat\/demoinstitut\/?page_id=9082"},"modified":"2021-05-17T19:58:02","modified_gmt":"2021-05-17T17:58:02","slug":"organitzacio-de-lafa","status":"publish","type":"page","link":"https:\/\/agora.xtec.cat\/demoinstitut\/afa\/organitzacio-de-lafa\/","title":{"rendered":"ORGANITZACI\u00d3 DE L&#8217;AFA"},"content":{"rendered":"<h2>L&#8217;ASSEMBLEA DE S\u00d2CIES I SOCIS<\/h2>\n<p>L&#8217;Assemblea General constitueix\u00a0<strong>l&#8217;\u00f2rgan sobir\u00e0 de l&#8217;associaci\u00f3<\/strong>.\u00a0<strong>Totes les fam\u00edlies de l&#8217;AFA poden assistir-hi com a membres de ple dret<\/strong>. Us animem a exercir aquest dret per fer realitat una de les finalitats que vol caracteritzar la nostra associaci\u00f3: la participaci\u00f3.<\/p>\n<p>&nbsp;<\/p>\n<p>L&#8217;Assemblea es reuneix en sessi\u00f3 ordin\u00e0ria\u00a0<strong>dos cops l&#8217;any<\/strong>\u00a0durant el curs escolar, preferentment durant el primer i tercer trimestre.<\/p>\n<p>&nbsp;<\/p>\n<p>A l&#8217;ordre del dia de l&#8217;Assemblea General s\u00f3n habituals els punts seg\u00fcents:<\/p>\n<p>\u25a0\u00a0Examinar i aprovar el programa d&#8217;activitats de cada curs i la mem\u00f2ria anual del curs escolar anterior.<br \/>\n\u25a0\u00a0L&#8217;aprovaci\u00f3 del pressupost de l&#8217;associaci\u00f3 de cada nou curs i la liquidaci\u00f3 del pressupost del curs anterior.<br \/>\n\u25a0\u00a0Elegir els membres de la Junta Directiva.<\/p>\n<p>&nbsp;<\/p>\n<p>Per\u00f2 l&#8217;Assemblea tracta qualsevol aspecte sobre el funcionament de l&#8217;associaci\u00f3, dels seus serveis o de l&#8217;educaci\u00f3 dels nostres fills i filles a l&#8217;escola.<\/p>\n<p>Si voleu con\u00e8ixer amb m\u00e9s detall les caracter\u00edstiques de l&#8217;Assemblea General podeu consultar els nostres\u00a0<a href=\"http:\/\/www.escolaelsagrer.cat\/ampa\/index\/download\/table\/contenidodocs\/codigo\/8\">Estatuts<\/a>.<\/p>\n<p><span style=\"font-family: inherit; font-size: 1em;\">Si voleu con\u00e8ixer amb m\u00e9s detall les caracter\u00edstiques de l&#8217;Assemblea General podeu consultar els nostres Estatuts.<\/span><\/p>\n","protected":false},"excerpt":{"rendered":"<p>L&#8217;ASSEMBLEA DE S\u00d2CIES I SOCIS L&#8217;Assemblea General constitueix\u00a0l&#8217;\u00f2rgan sobir\u00e0 de l&#8217;associaci\u00f3.\u00a0Totes les fam\u00edlies de l&#8217;AFA poden assistir-hi com a membres [&hellip;]<\/p>\n","protected":false},"author":2,"featured_media":0,"parent":9077,"menu_order":10,"comment_status":"closed","ping_status":"closed","template":"","meta":{"site-sidebar-layout":"default","site-content-layout":"","ast-site-content-layout":"","site-content-style":"default","site-sidebar-style":"default","ast-global-header-display":"","ast-banner-title-visibility":"","ast-main-header-display":"","ast-hfb-above-header-display":"","ast-hfb-below-header-display":"","ast-hfb-mobile-header-display":"","site-post-title":"","ast-breadcrumbs-content":"","ast-featured-img":"","footer-sml-layout":"","theme-transparent-header-meta":"","adv-header-id-meta":"","stick-header-meta":"","header-above-stick-meta":"","header-main-stick-meta":"","header-below-stick-meta":"","astra-migrate-meta-layouts":"default","ast-page-background-enabled":"default","ast-page-background-meta":{"desktop":{"background-color":"var(--ast-global-color-4)","background-image":"","background-repeat":"repeat","background-position":"center center","background-size":"auto","background-attachment":"scroll","background-type":"","background-media":"","overlay-type":"","overlay-color":"","overlay-opacity":"","overlay-gradient":""},"tablet":{"background-color":"","background-image":"","background-repeat":"repeat","background-position":"center center","background-size":"auto","background-attachment":"scroll","background-type":"","background-media":"","overlay-type":"","overlay-color":"","overlay-opacity":"","overlay-gradient":""},"mobile":{"background-color":"","background-image":"","background-repeat":"repeat","background-position":"center center","background-size":"auto","background-attachment":"scroll","background-type":"","background-media":"","overlay-type":"","overlay-color":"","overlay-opacity":"","overlay-gradient":""}},"ast-content-background-meta":{"desktop":{"background-color":"var(--ast-global-color-5)","background-image":"","background-repeat":"repeat","background-position":"center center","background-size":"auto","background-attachment":"scroll","background-type":"","background-media":"","overlay-type":"","overlay-color":"","overlay-opacity":"","overlay-gradient":""},"tablet":{"background-color":"var(--ast-global-color-5)","background-image":"","background-repeat":"repeat","background-position":"center center","background-size":"auto","background-attachment":"scroll","background-type":"","background-media":"","overlay-type":"","overlay-color":"","overlay-opacity":"","overlay-gradient":""},"mobile":{"background-color":"var(--ast-global-color-5)","background-image":"","background-repeat":"repeat","background-position":"center center","background-size":"auto","background-attachment":"scroll","background-type":"","background-media":"","overlay-type":"","overlay-color":"","overlay-opacity":"","overlay-gradient":""}},"footnotes":""},"class_list":["post-9082","page","type-page","status-publish","hentry"],"post_mailing_queue_ids":[],"_links":{"self":[{"href":"https:\/\/agora.xtec.cat\/demoinstitut\/wp-json\/wp\/v2\/pages\/9082","targetHints":{"allow":["GET"]}}],"collection":[{"href":"https:\/\/agora.xtec.cat\/demoinstitut\/wp-json\/wp\/v2\/pages"}],"about":[{"href":"https:\/\/agora.xtec.cat\/demoinstitut\/wp-json\/wp\/v2\/types\/page"}],"author":[{"embeddable":true,"href":"https:\/\/agora.xtec.cat\/demoinstitut\/wp-json\/wp\/v2\/users\/2"}],"replies":[{"embeddable":true,"href":"https:\/\/agora.xtec.cat\/demoinstitut\/wp-json\/wp\/v2\/comments?post=9082"}],"version-history":[{"count":1,"href":"https:\/\/agora.xtec.cat\/demoinstitut\/wp-json\/wp\/v2\/pages\/9082\/revisions"}],"predecessor-version":[{"id":9083,"href":"https:\/\/agora.xtec.cat\/demoinstitut\/wp-json\/wp\/v2\/pages\/9082\/revisions\/9083"}],"up":[{"embeddable":true,"href":"https:\/\/agora.xtec.cat\/demoinstitut\/wp-json\/wp\/v2\/pages\/9077"}],"wp:attachment":[{"href":"https:\/\/agora.xtec.cat\/demoinstitut\/wp-json\/wp\/v2\/media?parent=9082"}],"curies":[{"name":"wp","href":"https:\/\/api.w.org\/{rel}","templated":true}]}}