{"id":8822,"date":"2017-02-10T14:59:17","date_gmt":"2017-02-10T13:59:17","guid":{"rendered":"http:\/\/agora.xtec.cat\/formacio\/scratch\/?page_id=8235"},"modified":"2017-02-10T14:59:17","modified_gmt":"2017-02-10T13:59:17","slug":"sessio-12","status":"publish","type":"page","link":"https:\/\/agora.xtec.cat\/demoinstitut\/modul-2\/sessio-12\/","title":{"rendered":"Sessi\u00f3 12. Presentem el nostre projecte i el valorem"},"content":{"rendered":"<h2>Pla de treball<\/h2>\n<div style=\"padding-left: 50px;\">\n<ul>\n<li>Com fer una presentaci\u00f3?<\/li>\n<li>Ens autoavaluem<\/li>\n<li>Ens avaluem com a grup<\/li>\n<\/ul>\n<\/div>\n<hr \/>\n<h2>Com fer una presentaci\u00f3<\/h2>\n<p>La feina que hem fet al llarg de totes aquestes sessions ha estat molt intensa i \u00e9s per aix\u00f2 que \u00e9s important que la mostrem als nostres companys. A la mateixa vegada, els altres grups tamb\u00e9 han fet una gran feina que volem con\u00e8ixer perqu\u00e8 d&#8217;aquesta forma podem aprendre noves coses que aprofitarem de ben segur en els nostres futurs projectes. Intercanviar, opinar, ajudar-nos com ho fan els equips de programadors i programadores d&#8217;una empresa ens permet aprendre i compartir.<br \/>\nNo n&#8217;hi ha prou amb ensenyar com funciona el projecte final, hem d&#8217;explicar quin proc\u00e9s hem seguit, quines decisions hem pres, quines dificultats hem trobat pel cam\u00ed per arribar al nostre <strong>pinball<\/strong> i, fins i tot, si estem contents del resultat o se&#8217;ns acudeixen algunes millores.<br \/>\n<img decoding=\"async\" class=\"alignnone\" src=\"http:\/\/projectes.xtec.cat\/programacioirobotica\/wp-content\/uploads\/usu604\/2017\/06\/scratch-icona_tasques.png\" alt=\"Icona tasques\" width=\"32\" \/> <strong>Fem-ho pas a pas<\/strong><\/p>\n<div style=\"padding-left: 50px;\">\n<ul>\n<li>En primer lloc hem de triar una eina de presentaci\u00f3 que pot anar des d&#8217;una presentaci\u00f3 m\u00e9s interactiva, com ara Prezi o b\u00e9 una de m\u00e9s est\u00e0tica com Impress de OpenOffice. El nostre mestre ens ajudar\u00e0 a decidir.<\/li>\n<li>A la presentaci\u00f3 hem de reflectir tot el qu\u00e8 hem anat desenvolupant al llarg de les sessions\n<ul>\n<li>Presentaci\u00f3 del grup<\/li>\n<li>Descripci\u00f3 de la hist\u00f2ria reflectida a la postal<\/li>\n<li>Personatges que hi intervenen<\/li>\n<li>Escenaris triats<\/li>\n<li>Presentaci\u00f3 de la postal mostrant el seu funcionament<\/li>\n<li>Valoraci\u00f3 de la feina del nostre grup: dificultats que hem tingut, com les hem superat, qu\u00e8 hem apr\u00e8s,&#8230;<\/li>\n<\/ul>\n<\/li>\n<li>Finalment hem de demanar a la resta de grups que opinin sobre el nostre projecte i ens facin aportacions per millorar-la<\/li>\n<\/ul>\n<\/div>\n<p>Per tal que la nostra presentaci\u00f3 sigui tot un \u00e8xit hem de tenir en compte una s\u00e8rie de consells:<\/p>\n<div style=\"padding-left: 50px;\">\n<ul>\n<li>Cal que tinguem present el temps del qual disposem per no allargar-nos ni fer-ho massa r\u00e0pid<\/li>\n<li>\u00c9s una bona idea que preparem un gui\u00f3 que ens ajudi al llarg de la presentaci\u00f3<\/li>\n<li>Va molt b\u00e9 que assajem pr\u00e8viament davant d&#8217;alg\u00fa que pugui indicar-nos com millorar-la, quins punts no s&#8217;entenen,&#8230;<\/li>\n<li>A la presentaci\u00f3 hem de participar tots. Hem de repartir-nos b\u00e9 el temps i qu\u00e8 explicarem cadasc\u00fa<\/li>\n<li>Estem presentant el nostre projecte davant dels nostres companys que s\u00f3n uns experts en programar. Hem de mantenir una entonaci\u00f3 clara, mirar-los directament i transmetre confian\u00e7a amb els nostres moviments<\/li>\n<\/ul>\n<\/div>\n<hr \/>\n<h2>Per \u00faltim, ens avaluem&#8230;i ens avaluen<\/h2>\n<p>Ara que hem arribat al final de tot el proc\u00e9s, ens toca valorar com ha anat, no nom\u00e9s pel que fa al projecte sin\u00f3 a com hem treballat en grup i individualment.<br \/>\nAqu\u00ed tenim la <a href=\"https:\/\/docs.google.com\/document\/d\/1dsQ12ku0FE2h1nz_nlqWGLgbUBMv3OmnBT_ZPkN5oV0\/edit?usp=sharing\">r\u00fabrica d&#8217;avaluaci\u00f3<\/a> del grup que heu d&#8217;omplir de forma conjunta.<\/p>\n<p>I aqu\u00ed tenim la <a href=\"https:\/\/docs.google.com\/document\/d\/132xdMy2X0C7YEWmeKKSRhjLYrHLFgM8LWMRXNAn02Yo\/edit?usp=sharing\">r\u00fabrica d&#8217;autoavaluaci\u00f3<\/a> que heu d&#8217;omplir de forma individual.<\/p>\n<p>De totes formes, no hi ha millor manera d&#8217;avaluar que jugar amb els <strong>pinballs<\/strong> dels altres grups i veure com ho han fet i com funciona. O sigui que&#8230;. A JUGAR !!!!<\/p>\n","protected":false},"excerpt":{"rendered":"<p>Pla de treball Com fer una presentaci\u00f3? Ens autoavaluem Ens avaluem com a grup Com fer una presentaci\u00f3 La feina [&hellip;]<\/p>\n","protected":false},"author":1,"featured_media":0,"parent":8176,"menu_order":120,"comment_status":"closed","ping_status":"closed","template":"page-templates\/side-menu.php","meta":{"site-sidebar-layout":"default","site-content-layout":"","ast-site-content-layout":"","site-content-style":"default","site-sidebar-style":"default","ast-global-header-display":"","ast-banner-title-visibility":"","ast-main-header-display":"","ast-hfb-above-header-display":"","ast-hfb-below-header-display":"","ast-hfb-mobile-header-display":"","site-post-title":"","ast-breadcrumbs-content":"","ast-featured-img":"","footer-sml-layout":"","theme-transparent-header-meta":"","adv-header-id-meta":"","stick-header-meta":"","header-above-stick-meta":"","header-main-stick-meta":"","header-below-stick-meta":"","astra-migrate-meta-layouts":"default","ast-page-background-enabled":"default","ast-page-background-meta":{"desktop":{"background-color":"var(--ast-global-color-4)","background-image":"","background-repeat":"repeat","background-position":"center center","background-size":"auto","background-attachment":"scroll","background-type":"","background-media":"","overlay-type":"","overlay-color":"","overlay-opacity":"","overlay-gradient":""},"tablet":{"background-color":"","background-image":"","background-repeat":"repeat","background-position":"center center","background-size":"auto","background-attachment":"scroll","background-type":"","background-media":"","overlay-type":"","overlay-color":"","overlay-opacity":"","overlay-gradient":""},"mobile":{"background-color":"","background-image":"","background-repeat":"repeat","background-position":"center center","background-size":"auto","background-attachment":"scroll","background-type":"","background-media":"","overlay-type":"","overlay-color":"","overlay-opacity":"","overlay-gradient":""}},"ast-content-background-meta":{"desktop":{"background-color":"var(--ast-global-color-5)","background-image":"","background-repeat":"repeat","background-position":"center center","background-size":"auto","background-attachment":"scroll","background-type":"","background-media":"","overlay-type":"","overlay-color":"","overlay-opacity":"","overlay-gradient":""},"tablet":{"background-color":"var(--ast-global-color-5)","background-image":"","background-repeat":"repeat","background-position":"center center","background-size":"auto","background-attachment":"scroll","background-type":"","background-media":"","overlay-type":"","overlay-color":"","overlay-opacity":"","overlay-gradient":""},"mobile":{"background-color":"var(--ast-global-color-5)","background-image":"","background-repeat":"repeat","background-position":"center center","background-size":"auto","background-attachment":"scroll","background-type":"","background-media":"","overlay-type":"","overlay-color":"","overlay-opacity":"","overlay-gradient":""}},"footnotes":""},"class_list":["post-8822","page","type-page","status-publish","hentry"],"post_mailing_queue_ids":[],"_links":{"self":[{"href":"https:\/\/agora.xtec.cat\/demoinstitut\/wp-json\/wp\/v2\/pages\/8822","targetHints":{"allow":["GET"]}}],"collection":[{"href":"https:\/\/agora.xtec.cat\/demoinstitut\/wp-json\/wp\/v2\/pages"}],"about":[{"href":"https:\/\/agora.xtec.cat\/demoinstitut\/wp-json\/wp\/v2\/types\/page"}],"author":[{"embeddable":true,"href":"https:\/\/agora.xtec.cat\/demoinstitut\/wp-json\/wp\/v2\/users\/1"}],"replies":[{"embeddable":true,"href":"https:\/\/agora.xtec.cat\/demoinstitut\/wp-json\/wp\/v2\/comments?post=8822"}],"version-history":[{"count":0,"href":"https:\/\/agora.xtec.cat\/demoinstitut\/wp-json\/wp\/v2\/pages\/8822\/revisions"}],"up":[{"embeddable":true,"href":"https:\/\/agora.xtec.cat\/demoinstitut\/wp-json\/wp\/v2\/pages\/8176"}],"wp:attachment":[{"href":"https:\/\/agora.xtec.cat\/demoinstitut\/wp-json\/wp\/v2\/media?parent=8822"}],"curies":[{"name":"wp","href":"https:\/\/api.w.org\/{rel}","templated":true}]}}