{"id":818,"date":"2016-01-25T15:54:56","date_gmt":"2016-01-25T14:54:56","guid":{"rendered":"http:\/\/agora.xtec.cat\/demoinstitut\/?page_id=818"},"modified":"2016-01-25T15:58:03","modified_gmt":"2016-01-25T14:58:03","slug":"tutors","status":"publish","type":"page","link":"https:\/\/agora.xtec.cat\/demoinstitut\/linstitut\/organigrama\/tutors\/","title":{"rendered":"Tutors"},"content":{"rendered":"<table class=\"zebra mceItemTable\">\n<thead>\n<tr>\n<td style=\"text-align: left;\"><strong>Curs<\/strong><\/td>\n<td style=\"text-align: left;\"><strong>Professorat\u00a0<\/strong><\/td>\n<\/tr>\n<\/thead>\n<tbody>\n<tr>\n<td><span data-mce-mark=\"1\">Primer A ESO<\/span><\/td>\n<td><span data-mce-mark=\"1\">\u00c0ngels\u00a0Rius<\/span><\/td>\n<\/tr>\n<tr>\n<td><span data-mce-mark=\"1\">Primer B ESO<\/span><\/td>\n<td><span data-mce-mark=\"1\">Esther\u00a0Sans<\/span><\/td>\n<\/tr>\n<tr>\n<td><span data-mce-mark=\"1\">Primer C ESO<\/span><\/td>\n<td>Joan\u00a0Mora<\/td>\n<\/tr>\n<tr>\n<td><span data-mce-mark=\"1\">Segon A ESO<\/span><\/td>\n<td><span data-mce-mark=\"1\">Rosa\u00a0Rato<\/span><\/td>\n<\/tr>\n<tr>\n<td><span data-mce-mark=\"1\">Segon B ESO<\/span><\/td>\n<td><span data-mce-mark=\"1\">Isabel\u00a0Quer<\/span><\/td>\n<\/tr>\n<tr>\n<td><span data-mce-mark=\"1\">Segon C ESO<\/span><\/td>\n<td><span data-mce-mark=\"1\">Marta\u00a0Bonet<\/span><\/td>\n<\/tr>\n<tr>\n<td><span data-mce-mark=\"1\">Segon D ESO\u00a0<\/span><\/td>\n<td>Merc\u00e8\u00a0Llopis<\/td>\n<\/tr>\n<tr>\n<td valign=\"middle\"><span data-mce-mark=\"1\">Tercer A ESO<\/span><\/td>\n<td valign=\"top\">\u00c0ngel\u00a0Gisbert<\/td>\n<\/tr>\n<tr>\n<td><span data-mce-mark=\"1\">Tercer B ESO<\/span><\/td>\n<td>Isabel Nin<\/td>\n<\/tr>\n<tr>\n<td><span data-mce-mark=\"1\">Tercer C ESO<\/span><\/td>\n<td>Yolanda\u00a0Sais<\/td>\n<\/tr>\n<tr>\n<td><span data-mce-mark=\"1\">Tercer D ESO<\/span><\/td>\n<td><span data-mce-mark=\"1\">\u00c0ngels L\u00f3pez<\/span><\/td>\n<\/tr>\n<tr>\n<td valign=\"middle\"><span data-mce-mark=\"1\">Quart A ESO<\/span><\/td>\n<td valign=\"top\"><span data-mce-mark=\"1\">Anna\u00a0Rius<br \/>\n<\/span><\/td>\n<\/tr>\n<tr>\n<td><span data-mce-mark=\"1\">Quart B ESO<\/span><\/td>\n<td>Dolors\u00a0Guerrero<\/td>\n<\/tr>\n<tr>\n<td><span data-mce-mark=\"1\">Quart C ESO<\/span><\/td>\n<td>Merc\u00e8 Capell<\/td>\n<\/tr>\n<tr>\n<td><span data-mce-mark=\"1\">Primer BTX CCSS-Humanitats<\/span><\/td>\n<td>Carme Herraiz<\/td>\n<\/tr>\n<tr>\n<td><span data-mce-mark=\"1\">Primer BTX Cient\u00edfic-T\u00e8cnic<\/span><\/td>\n<td>Arnau S\u00e1nchez<\/td>\n<\/tr>\n<tr>\n<td><span data-mce-mark=\"1\">Segon BTX CCSS-Humanitats<\/span><\/td>\n<td>Karina Grau<\/td>\n<\/tr>\n<tr>\n<td><span data-mce-mark=\"1\">Segon BTX Cient\u00edfic-T\u00e8cnic<\/span><\/td>\n<td>Vict\u00f2ria Ib\u00e1\u00f1ez<\/td>\n<\/tr>\n<\/tbody>\n<\/table>\n<p>&nbsp;<\/p>\n<p>&nbsp;<\/p>\n","protected":false},"excerpt":{"rendered":"<p>Curs Professorat\u00a0 Primer A ESO \u00c0ngels\u00a0Rius Primer B ESO Esther\u00a0Sans Primer C ESO Joan\u00a0Mora Segon A ESO Rosa\u00a0Rato Segon B [&hellip;]<\/p>\n","protected":false},"author":2,"featured_media":0,"parent":46,"menu_order":40,"comment_status":"closed","ping_status":"closed","template":"page-templates\/side-menu.php","meta":{"site-sidebar-layout":"default","site-content-layout":"","ast-site-content-layout":"","site-content-style":"default","site-sidebar-style":"default","ast-global-header-display":"","ast-banner-title-visibility":"","ast-main-header-display":"","ast-hfb-above-header-display":"","ast-hfb-below-header-display":"","ast-hfb-mobile-header-display":"","site-post-title":"","ast-breadcrumbs-content":"","ast-featured-img":"","footer-sml-layout":"","theme-transparent-header-meta":"","adv-header-id-meta":"","stick-header-meta":"","header-above-stick-meta":"","header-main-stick-meta":"","header-below-stick-meta":"","astra-migrate-meta-layouts":"default","ast-page-background-enabled":"default","ast-page-background-meta":{"desktop":{"background-color":"var(--ast-global-color-4)","background-image":"","background-repeat":"repeat","background-position":"center center","background-size":"auto","background-attachment":"scroll","background-type":"","background-media":"","overlay-type":"","overlay-color":"","overlay-opacity":"","overlay-gradient":""},"tablet":{"background-color":"","background-image":"","background-repeat":"repeat","background-position":"center center","background-size":"auto","background-attachment":"scroll","background-type":"","background-media":"","overlay-type":"","overlay-color":"","overlay-opacity":"","overlay-gradient":""},"mobile":{"background-color":"","background-image":"","background-repeat":"repeat","background-position":"center center","background-size":"auto","background-attachment":"scroll","background-type":"","background-media":"","overlay-type":"","overlay-color":"","overlay-opacity":"","overlay-gradient":""}},"ast-content-background-meta":{"desktop":{"background-color":"var(--ast-global-color-5)","background-image":"","background-repeat":"repeat","background-position":"center center","background-size":"auto","background-attachment":"scroll","background-type":"","background-media":"","overlay-type":"","overlay-color":"","overlay-opacity":"","overlay-gradient":""},"tablet":{"background-color":"var(--ast-global-color-5)","background-image":"","background-repeat":"repeat","background-position":"center center","background-size":"auto","background-attachment":"scroll","background-type":"","background-media":"","overlay-type":"","overlay-color":"","overlay-opacity":"","overlay-gradient":""},"mobile":{"background-color":"var(--ast-global-color-5)","background-image":"","background-repeat":"repeat","background-position":"center center","background-size":"auto","background-attachment":"scroll","background-type":"","background-media":"","overlay-type":"","overlay-color":"","overlay-opacity":"","overlay-gradient":""}},"footnotes":""},"class_list":["post-818","page","type-page","status-publish","hentry"],"post_mailing_queue_ids":[],"_links":{"self":[{"href":"https:\/\/agora.xtec.cat\/demoinstitut\/wp-json\/wp\/v2\/pages\/818","targetHints":{"allow":["GET"]}}],"collection":[{"href":"https:\/\/agora.xtec.cat\/demoinstitut\/wp-json\/wp\/v2\/pages"}],"about":[{"href":"https:\/\/agora.xtec.cat\/demoinstitut\/wp-json\/wp\/v2\/types\/page"}],"author":[{"embeddable":true,"href":"https:\/\/agora.xtec.cat\/demoinstitut\/wp-json\/wp\/v2\/users\/2"}],"replies":[{"embeddable":true,"href":"https:\/\/agora.xtec.cat\/demoinstitut\/wp-json\/wp\/v2\/comments?post=818"}],"version-history":[{"count":2,"href":"https:\/\/agora.xtec.cat\/demoinstitut\/wp-json\/wp\/v2\/pages\/818\/revisions"}],"predecessor-version":[{"id":820,"href":"https:\/\/agora.xtec.cat\/demoinstitut\/wp-json\/wp\/v2\/pages\/818\/revisions\/820"}],"up":[{"embeddable":true,"href":"https:\/\/agora.xtec.cat\/demoinstitut\/wp-json\/wp\/v2\/pages\/46"}],"wp:attachment":[{"href":"https:\/\/agora.xtec.cat\/demoinstitut\/wp-json\/wp\/v2\/media?parent=818"}],"curies":[{"name":"wp","href":"https:\/\/api.w.org\/{rel}","templated":true}]}}