{"id":12747,"date":"2021-01-18T12:00:16","date_gmt":"2021-01-18T11:00:16","guid":{"rendered":"https:\/\/projectes.xtec.cat\/xtcd\/?page_id=8820"},"modified":"2021-01-18T12:00:16","modified_gmt":"2021-01-18T11:00:16","slug":"sessio-3-2020-21","status":"publish","type":"page","link":"https:\/\/agora.xtec.cat\/demoinstitut\/sessio-3-2020-21\/","title":{"rendered":"Sessi\u00f3 3 &#8211; 2020\/2021"},"content":{"rendered":"<p><a href=\"https:\/\/projectes.xtec.cat\/xtcd\/wp-content\/uploads\/usu1403\/2021\/01\/docents5.png\"><img loading=\"lazy\" decoding=\"async\" class=\"aligncenter wp-image-8835\" src=\"https:\/\/projectes.xtec.cat\/xtcd\/wp-content\/uploads\/usu1403\/2021\/01\/docents5-1024x330.png\" alt=\"\" width=\"600\" height=\"194\" \/><\/a><\/p>\n<div>\n<h4><strong>25 de gener de 2021<\/strong> &#8211; <strong>17:30 h<\/strong><\/h4>\n<h4><b><span style=\"color: #808080;\">Observaci\u00f3 i an\u00e0lisi metodol\u00f2gica de la compet\u00e8ncia digital<\/span> <\/b><\/h4>\n<p>Tercera sessi\u00f3 dels Seminaris de la Xarxa Territorial de Cultura Digital #XTCD, punt de trobada de les accions per a la transformaci\u00f3 digital dels centres educatius de Catalunya, treballant en xarxa per construir coneixement i millorar la compet\u00e8ncia digital d\u2019alumnat, docents i centres, facilitant espais digitals per afavorir la reflexi\u00f3 i compartir coneixement.<\/p>\n<p>En el marc de l\u2019eix 3 del <a href=\"http:\/\/ensenyament.gencat.cat\/ca\/departament\/linies-estrategiques\/pla-educacio-digital\" target=\"_blank\" rel=\"noopener noreferrer\">Pla d\u2019educaci\u00f3 digital de Catalunya (PEDC)<\/a>, s\u2019inscriu l\u2019assoliment de la compet\u00e8ncia digital dels centres, en concret en l\u2019objectiu espec\u00edfic 1: Compartir l\u2019Estrat\u00e8gia digital de centre amb el claustre, l\u2019alumnat i la resta de la comunitat educativa.<\/p>\n<p><b>L\u2019estrat\u00e8gia digital de centre<\/b> t\u00e9 com a objectiu principal que l\u2019alumnat assoleixi el m\u00e0xim nivell de compet\u00e8ncia digital, i per elaborar-la, cal partir de la diagnosi de tots aquells aspectes que tenen relaci\u00f3 amb la cultura digital del centre. Un dels elements clau, \u00e9s la compet\u00e8ncia digital dels docents.<\/p>\n<p><b>L\u2019objectiu d\u2019aquesta sessi\u00f3 \u00e9s facilitar orientacions, estrat\u00e8gies i recursos per poder fer una an\u00e0lisi de la pr\u00f2pia compet\u00e8ncia digital per tal de poder prendre accions per tal de millorar-la.<\/b><\/p>\n<\/div>\n<p>&nbsp;<\/p>\n<h4><span style=\"color: #993300;\">Estructura de la sessi\u00f3<\/span><\/h4>\n<p style=\"text-align: left;\">Aquesta tercera sessi\u00f3 est\u00e0 formada per diversos blocs de continguts, com les dues anteriors sessions. Els tres primers blocs es desenvoluparan en format <em>webinar<\/em> que es podr\u00e0 seguir accedint l&#8217;enlla\u00e7 seg\u00fcent:<\/p>\n<p>&nbsp;<\/p>\n<p style=\"text-align: center;\"><a href=\"https:\/\/www.youtube.com\/watch?v=V1MNj3Zw-M0\" target=\"_blank\" rel=\"noopener noreferrer\"><img loading=\"lazy\" decoding=\"async\" class=\"wp-image-8765 size-full aligncenter\" src=\"https:\/\/agora.xtec.cat\/demoinstitut\/wp-content\/uploads\/usu314\/2020\/11\/Captura-de-pantalla-2020-11-23-a-las-13.04.45.png\" alt=\"\" width=\"397\" height=\"224\" srcset=\"https:\/\/agora.xtec.cat\/demoinstitut\/wp-content\/uploads\/usu314\/2020\/11\/Captura-de-pantalla-2020-11-23-a-las-13.04.45.png 397w, https:\/\/agora.xtec.cat\/demoinstitut\/wp-content\/uploads\/usu314\/2020\/11\/Captura-de-pantalla-2020-11-23-a-las-13.04.45-300x169.png 300w\" sizes=\"auto, (max-width: 397px) 100vw, 397px\" \/><\/a>25 de gener de 2021 &#8211; 17:30 h<\/p>\n<p>&nbsp;<\/p>\n<h5>1 &#8211; Introducci\u00f3<\/h5>\n<blockquote>\n<ul style=\"list-style-type: square;\">\n<li><span style=\"color: #404040;\"><span style=\"color: #404040;\">Presentaci\u00f3 de la 3a sessi\u00f3. Contingut i orientacions<\/span><\/span><\/li>\n<\/ul>\n<p style=\"padding-left: 40px;\"><span style=\"color: #404040;\">Previsi\u00f3 de durada: 10&#8242;<\/span><\/p>\n<\/blockquote>\n<h5>2 &#8211; P\u00edndola formativa<\/h5>\n<blockquote>\n<ul style=\"list-style-type: square;\">\n<li><span style=\"color: #404040;\">Partint de la pr\u00e0ctica de la segona sessi\u00f3 en la que heu aplicat recursos digitals a la planificaci\u00f3 de les activitats d&#8217;aula o b\u00e9 heu creat i elaborat una activitat digital adient a l&#8217;alumnat, avancem cap a l&#8217;Observaci\u00f3 i an\u00e0lisi metodol\u00f2gica de la compet\u00e8ncia digital. Els t\u00e8cnics docents de l&#8217;\u00c0rea de Cultura digital, Marta Dom\u00ednguez i Jaume Feliu, presentaran com fer-ho en el context de la compet\u00e8ncia digital.<\/span><\/li>\n<li>R\u00fabrica de la compet\u00e8ncia digital docent: <a href=\"https:\/\/docs.google.com\/spreadsheets\/d\/1c1QNsovrbkMfjhTGW7_qvgVPpMkLGpqUCh5UsBIlJY4\/preview#gid=0\" target=\"_blank\" rel=\"noopener noreferrer\">https:\/\/docs.google.com\/spreadsheets\/d\/1c1QNsovrbkMfjhTGW7_qvgVPpMkLGpqUCh5UsBIlJY4\/preview#gid=0<\/a><\/li>\n<li>Formulari <a href=\"https:\/\/forms.gle\/WudXNZ47fUfML5vc9\" target=\"_blank\" rel=\"noopener noreferrer\">https:\/\/forms.gle\/WudXNZ47fUfML5vc9<\/a><\/li>\n<li>Presentaci\u00f3 de la sessi\u00f3 <a href=\"https:\/\/docs.google.com\/presentation\/d\/1Uimq1OPPfh_QQUPpnWfR1pe1Puy6GmPHXhUm8kcHe-I\/preview#slide=id.p\" target=\"_blank\" rel=\"noopener noreferrer\">https:\/\/docs.google.com\/presentation\/d\/1Uimq1OPPfh_QQUPpnWfR1pe1Puy6GmPHXhUm8kcHe-I\/preview#slide=id.p<\/a><\/li>\n<\/ul>\n<p style=\"padding-left: 40px;\"><span style=\"color: #404040;\">Previsi\u00f3 de durada: 40&#8242;<\/span><\/p>\n<\/blockquote>\n<h5>3 &#8211; Compartim experi\u00e8ncies<\/h5>\n<blockquote><p><span style=\"color: #000000;\">Taula rodona d&#8217;experi\u00e8ncies de centre relacionades amb la planificaci\u00f3 de l&#8217;estrat\u00e8gia digital.<\/span><\/p>\n<p style=\"padding-left: 40px;\"><a href=\"https:\/\/agora.xtec.cat\/ceipmontessori\/\" target=\"_blank\" rel=\"noopener noreferrer\"><b>Escola Montessori<\/b><\/a><span style=\"font-weight: 400;\"> de Rub\u00ed &#8211; Immaculada Velasco, Alex Revert\u00e9 i Conxita Gimeno<br \/>\n<a href=\"https:\/\/drive.google.com\/file\/d\/1tk66MDONYzc20d8sHizA1e3Cxy2bnyIL\/view\" target=\"_blank\" rel=\"noopener noreferrer\">Presentaci\u00f3 de la sessi\u00f3<\/a><br \/>\n<\/span><\/p>\n<p style=\"padding-left: 40px;\"><a href=\"https:\/\/agora.xtec.cat\/escolalavilapalamos\/\" target=\"_blank\" rel=\"noopener noreferrer\"><b>Escola La Vila<\/b><\/a><span style=\"font-weight: 400;\"> de Palam\u00f3s &#8211; Merc\u00e8 Vil\u00e0<br \/>\n<a href=\"https:\/\/drive.google.com\/file\/d\/1YIkcb6q71deGaef1G3VCMdT6CBAdS80n\/view?usp=sharing\" target=\"_blank\" rel=\"noopener noreferrer\">Presentaci\u00f3 de la sessi\u00f3<\/a><br \/>\n<\/span><\/p>\n<p style=\"padding-left: 40px;\"><a href=\"https:\/\/agora.xtec.cat\/iesramoncoll\/\" target=\"_blank\" rel=\"noopener noreferrer\"><b>Institut Ramon Coll i Rod\u00e9s<\/b><\/a><span style=\"font-weight: 400;\"> de Lloret de Mar &#8211; Carla Peraferrer Castro<br \/>\n<a href=\"https:\/\/drive.google.com\/file\/d\/1sV6L_moEqpmLJI7q4xMy_DaAx56InJRF\/view?usp=sharing\" target=\"_blank\" rel=\"noopener noreferrer\">Presentaci\u00f3 de la sessi\u00f3<\/a><br \/>\n<\/span><\/p>\n<p>(En breu afegirem les presentacions dels centres)<\/p>\n<p><span style=\"color: #000000;\">Previsi\u00f3 de durada: 30&#8242;<\/span><\/p><\/blockquote>\n<p><i>Int\u00e8rpret de llengua de signes &#8211; Eva Colldeforn<\/i><\/p>\n<p><!--\n\n\n<h5>4 - Debat i dubtes<\/h5>\n\n\n\n\n<blockquote><span style=\"color: #404040;\">Els participants <strong>inscrits<\/strong> al GTAF, accediran a un grup territorial del <a href=\"https:\/\/odissea.xtec.cat\/course\/view.php?id=71142\" target=\"_blank\" rel=\"noopener noreferrer\">curs creat a Odissea<\/a>. S\u2019hi inclouen tasques concretes sobre el tema de la sessi\u00f3.<\/span>\n<span style=\"color: #404040;\">Aquest espai a Odissea est\u00e0 gestionat i dinamitzat pels Centres de Recursos Pedag\u00f2gics, els Serveis Territorials i l'\u00c0rea de Cultura Digital.\n<\/span>\n\n&nbsp;<\/blockquote>\n\n\n\n\n<h5><\/h5>\n\n\n\n\n<h5>Documentaci\u00f3<\/h5>\n\n\n\n\n<blockquote><a href=\"https:\/\/agora.xtec.cat\/demoinstitut\/wp-content\/uploads\/usu314\/2020\/11\/website.png\"><img loading=\"lazy\" decoding=\"async\" class=\"alignleft wp-image-8783\" src=\"https:\/\/agora.xtec.cat\/demoinstitut\/wp-content\/uploads\/usu314\/2020\/11\/website-150x150.png\" alt=\"\" width=\"50\" height=\"50\" srcset=\"https:\/\/agora.xtec.cat\/demoinstitut\/wp-content\/uploads\/usu314\/2020\/11\/website-150x150.png 150w, https:\/\/agora.xtec.cat\/demoinstitut\/wp-content\/uploads\/usu314\/2020\/11\/website-300x300.png 300w, https:\/\/agora.xtec.cat\/demoinstitut\/wp-content\/uploads\/usu314\/2020\/11\/website.png 512w\" sizes=\"auto, (max-width: 50px) 100vw, 50px\" \/><\/a>\n<span style=\"color: #000000;\">Accediu a la<\/span> <a href=\"https:\/\/projectes.xtec.cat\/xtcd\/sessio-2-2020-21\/sessio-2-2020-21-1\/\" target=\"_blank\" rel=\"noopener noreferrer\">p\u00e0gina amb les presentacions<\/a> <span style=\"color: #000000;\">dels diferents serveis i recursos.<\/span><\/blockquote>\n\n\n&nbsp;\n\n&nbsp;\n--><\/p>\n","protected":false},"excerpt":{"rendered":"<p>25 de gener de 2021 &#8211; 17:30 h Observaci\u00f3 i an\u00e0lisi metodol\u00f2gica de la compet\u00e8ncia digital Tercera sessi\u00f3 dels Seminaris [&hellip;]<\/p>\n","protected":false},"author":1,"featured_media":0,"parent":0,"menu_order":0,"comment_status":"closed","ping_status":"closed","template":"","meta":{"site-sidebar-layout":"default","site-content-layout":"","ast-site-content-layout":"","site-content-style":"default","site-sidebar-style":"default","ast-global-header-display":"","ast-banner-title-visibility":"","ast-main-header-display":"","ast-hfb-above-header-display":"","ast-hfb-below-header-display":"","ast-hfb-mobile-header-display":"","site-post-title":"","ast-breadcrumbs-content":"","ast-featured-img":"","footer-sml-layout":"","theme-transparent-header-meta":"","adv-header-id-meta":"","stick-header-meta":"","header-above-stick-meta":"","header-main-stick-meta":"","header-below-stick-meta":"","astra-migrate-meta-layouts":"default","ast-page-background-enabled":"default","ast-page-background-meta":{"desktop":{"background-color":"var(--ast-global-color-4)","background-image":"","background-repeat":"repeat","background-position":"center center","background-size":"auto","background-attachment":"scroll","background-type":"","background-media":"","overlay-type":"","overlay-color":"","overlay-opacity":"","overlay-gradient":""},"tablet":{"background-color":"","background-image":"","background-repeat":"repeat","background-position":"center center","background-size":"auto","background-attachment":"scroll","background-type":"","background-media":"","overlay-type":"","overlay-color":"","overlay-opacity":"","overlay-gradient":""},"mobile":{"background-color":"","background-image":"","background-repeat":"repeat","background-position":"center center","background-size":"auto","background-attachment":"scroll","background-type":"","background-media":"","overlay-type":"","overlay-color":"","overlay-opacity":"","overlay-gradient":""}},"ast-content-background-meta":{"desktop":{"background-color":"var(--ast-global-color-5)","background-image":"","background-repeat":"repeat","background-position":"center center","background-size":"auto","background-attachment":"scroll","background-type":"","background-media":"","overlay-type":"","overlay-color":"","overlay-opacity":"","overlay-gradient":""},"tablet":{"background-color":"var(--ast-global-color-5)","background-image":"","background-repeat":"repeat","background-position":"center center","background-size":"auto","background-attachment":"scroll","background-type":"","background-media":"","overlay-type":"","overlay-color":"","overlay-opacity":"","overlay-gradient":""},"mobile":{"background-color":"var(--ast-global-color-5)","background-image":"","background-repeat":"repeat","background-position":"center center","background-size":"auto","background-attachment":"scroll","background-type":"","background-media":"","overlay-type":"","overlay-color":"","overlay-opacity":"","overlay-gradient":""}},"footnotes":""},"class_list":["post-12747","page","type-page","status-publish","hentry"],"post_mailing_queue_ids":[],"_links":{"self":[{"href":"https:\/\/agora.xtec.cat\/demoinstitut\/wp-json\/wp\/v2\/pages\/12747","targetHints":{"allow":["GET"]}}],"collection":[{"href":"https:\/\/agora.xtec.cat\/demoinstitut\/wp-json\/wp\/v2\/pages"}],"about":[{"href":"https:\/\/agora.xtec.cat\/demoinstitut\/wp-json\/wp\/v2\/types\/page"}],"author":[{"embeddable":true,"href":"https:\/\/agora.xtec.cat\/demoinstitut\/wp-json\/wp\/v2\/users\/1"}],"replies":[{"embeddable":true,"href":"https:\/\/agora.xtec.cat\/demoinstitut\/wp-json\/wp\/v2\/comments?post=12747"}],"version-history":[{"count":0,"href":"https:\/\/agora.xtec.cat\/demoinstitut\/wp-json\/wp\/v2\/pages\/12747\/revisions"}],"wp:attachment":[{"href":"https:\/\/agora.xtec.cat\/demoinstitut\/wp-json\/wp\/v2\/media?parent=12747"}],"curies":[{"name":"wp","href":"https:\/\/api.w.org\/{rel}","templated":true}]}}