{"id":1194,"date":"2016-02-21T21:03:25","date_gmt":"2016-02-21T20:03:25","guid":{"rendered":"http:\/\/agora.xtec.cat\/demoinstitut\/?page_id=1194"},"modified":"2016-02-21T21:09:22","modified_gmt":"2016-02-21T20:09:22","slug":"jocs-florals","status":"publish","type":"page","link":"https:\/\/agora.xtec.cat\/demoinstitut\/projecte\/jocs-florals\/","title":{"rendered":"Jocs Florals"},"content":{"rendered":"<p>Amb l\u2019<img loading=\"lazy\" decoding=\"async\" class=\"  wp-image-1195 alignright\" src=\"http:\/\/agora.xtec.cat\/demoinstitut\/wp-content\/uploads\/usu314\/2016\/02\/jocsflorals.jpg\" alt=\"jocsflorals\" width=\"236\" height=\"237\" srcset=\"https:\/\/agora.xtec.cat\/demoinstitut\/wp-content\/uploads\/usu314\/2016\/02\/jocsflorals.jpg 471w, https:\/\/agora.xtec.cat\/demoinstitut\/wp-content\/uploads\/usu314\/2016\/02\/jocsflorals-150x150.jpg 150w, https:\/\/agora.xtec.cat\/demoinstitut\/wp-content\/uploads\/usu314\/2016\/02\/jocsflorals-300x300.jpg 300w\" sizes=\"auto, (max-width: 236px) 100vw, 236px\" \/>objectiu de potenciar i estimular l\u2019expressi\u00f3 i la producci\u00f3 escrites dels nois i noies i fomentar i difondre una tradici\u00f3 cultural pr\u00f2pia i arrelada al pa\u00eds.<\/p>\n<p>Durant els jocs florals es desenvolupen moltes activitats com ara:<\/p>\n<ul>\n<li>Concuros literaris, fotogr\u00e0fics, musicals<\/li>\n<li>Tallers amb els diables<\/li>\n<li>Colla de castellers<\/li>\n<li>Lectura de poemes<\/li>\n<li>Teatre<\/li>\n<li>Danza i HipHop<\/li>\n<li>Gimkana cultural<\/li>\n<\/ul>\n<p>Animeu-vos a participar!!!<\/p>\n","protected":false},"excerpt":{"rendered":"<p>Amb l\u2019objectiu de potenciar i estimular l\u2019expressi\u00f3 i la producci\u00f3 escrites dels nois i noies i fomentar i difondre una [&hellip;]<\/p>\n","protected":false},"author":1,"featured_media":0,"parent":1176,"menu_order":0,"comment_status":"closed","ping_status":"closed","template":"page-templates\/side-menu.php","meta":{"site-sidebar-layout":"default","site-content-layout":"","ast-site-content-layout":"","site-content-style":"default","site-sidebar-style":"default","ast-global-header-display":"","ast-banner-title-visibility":"","ast-main-header-display":"","ast-hfb-above-header-display":"","ast-hfb-below-header-display":"","ast-hfb-mobile-header-display":"","site-post-title":"","ast-breadcrumbs-content":"","ast-featured-img":"","footer-sml-layout":"","theme-transparent-header-meta":"","adv-header-id-meta":"","stick-header-meta":"","header-above-stick-meta":"","header-main-stick-meta":"","header-below-stick-meta":"","astra-migrate-meta-layouts":"default","ast-page-background-enabled":"default","ast-page-background-meta":{"desktop":{"background-color":"var(--ast-global-color-4)","background-image":"","background-repeat":"repeat","background-position":"center center","background-size":"auto","background-attachment":"scroll","background-type":"","background-media":"","overlay-type":"","overlay-color":"","overlay-opacity":"","overlay-gradient":""},"tablet":{"background-color":"","background-image":"","background-repeat":"repeat","background-position":"center center","background-size":"auto","background-attachment":"scroll","background-type":"","background-media":"","overlay-type":"","overlay-color":"","overlay-opacity":"","overlay-gradient":""},"mobile":{"background-color":"","background-image":"","background-repeat":"repeat","background-position":"center center","background-size":"auto","background-attachment":"scroll","background-type":"","background-media":"","overlay-type":"","overlay-color":"","overlay-opacity":"","overlay-gradient":""}},"ast-content-background-meta":{"desktop":{"background-color":"var(--ast-global-color-5)","background-image":"","background-repeat":"repeat","background-position":"center center","background-size":"auto","background-attachment":"scroll","background-type":"","background-media":"","overlay-type":"","overlay-color":"","overlay-opacity":"","overlay-gradient":""},"tablet":{"background-color":"var(--ast-global-color-5)","background-image":"","background-repeat":"repeat","background-position":"center center","background-size":"auto","background-attachment":"scroll","background-type":"","background-media":"","overlay-type":"","overlay-color":"","overlay-opacity":"","overlay-gradient":""},"mobile":{"background-color":"var(--ast-global-color-5)","background-image":"","background-repeat":"repeat","background-position":"center center","background-size":"auto","background-attachment":"scroll","background-type":"","background-media":"","overlay-type":"","overlay-color":"","overlay-opacity":"","overlay-gradient":""}},"footnotes":""},"class_list":["post-1194","page","type-page","status-publish","hentry"],"post_mailing_queue_ids":[],"_links":{"self":[{"href":"https:\/\/agora.xtec.cat\/demoinstitut\/wp-json\/wp\/v2\/pages\/1194","targetHints":{"allow":["GET"]}}],"collection":[{"href":"https:\/\/agora.xtec.cat\/demoinstitut\/wp-json\/wp\/v2\/pages"}],"about":[{"href":"https:\/\/agora.xtec.cat\/demoinstitut\/wp-json\/wp\/v2\/types\/page"}],"author":[{"embeddable":true,"href":"https:\/\/agora.xtec.cat\/demoinstitut\/wp-json\/wp\/v2\/users\/1"}],"replies":[{"embeddable":true,"href":"https:\/\/agora.xtec.cat\/demoinstitut\/wp-json\/wp\/v2\/comments?post=1194"}],"version-history":[{"count":3,"href":"https:\/\/agora.xtec.cat\/demoinstitut\/wp-json\/wp\/v2\/pages\/1194\/revisions"}],"predecessor-version":[{"id":1199,"href":"https:\/\/agora.xtec.cat\/demoinstitut\/wp-json\/wp\/v2\/pages\/1194\/revisions\/1199"}],"up":[{"embeddable":true,"href":"https:\/\/agora.xtec.cat\/demoinstitut\/wp-json\/wp\/v2\/pages\/1176"}],"wp:attachment":[{"href":"https:\/\/agora.xtec.cat\/demoinstitut\/wp-json\/wp\/v2\/media?parent=1194"}],"curies":[{"name":"wp","href":"https:\/\/api.w.org\/{rel}","templated":true}]}}