{"id":655,"date":"2024-10-28T16:02:31","date_gmt":"2024-10-28T15:02:31","guid":{"rendered":"https:\/\/agora.xtec.cat\/delta-espiga\/?page_id=655"},"modified":"2025-04-23T12:16:19","modified_gmt":"2025-04-23T10:16:19","slug":"transport-escolar","status":"publish","type":"page","link":"https:\/\/agora.xtec.cat\/delta-espiga\/lescola\/serveis\/transport-escolar\/","title":{"rendered":"Transport escolar"},"content":{"rendered":"<p><a href=\"https:\/\/agora.xtec.cat\/delta-espiga\/wp-content\/uploads\/usu2383\/2025\/04\/furgoneta.png\"><img loading=\"lazy\" decoding=\"async\" class=\"wp-image-693 aligncenter\" src=\"https:\/\/agora.xtec.cat\/delta-espiga\/wp-content\/uploads\/usu2383\/2025\/04\/furgoneta.png\" alt=\"\" width=\"300\" height=\"300\" \/><\/a><\/p>\n<p>El Consell Comarcal \u00e9s qui organitza i gestiona el servei de transport escolar. En cas d\u2019alguna incid\u00e8ncia o de qualsevol informaci\u00f3 que necessiteu, caldr\u00e0 que us poseu en contacte amb l\u2019acompanyant, trucant al tel\u00e8fon que el primer dia se us facilita, o b\u00e9 amb el Consell Comarcal.<\/p>\n<p><strong>Tel\u00e8fon Consell Comarcal Alt Pened\u00e8s: 93 890 00 00<\/strong><\/p>\n","protected":false},"excerpt":{"rendered":"<p>El Consell Comarcal \u00e9s qui organitza i gestiona el servei de transport escolar. En cas d\u2019alguna incid\u00e8ncia o de qualsevol informaci\u00f3 que necessiteu, caldr\u00e0 que us poseu en contacte amb l\u2019acompanyant, trucant al tel\u00e8fon que el primer dia se us facilita, o b\u00e9 amb el Consell Comarcal. Tel\u00e8fon Consell Comarcal Alt Pened\u00e8s: 93 890 00 [&hellip;]<\/p>\n","protected":false},"author":1,"featured_media":0,"parent":651,"menu_order":10,"comment_status":"closed","ping_status":"closed","template":"page-templates\/side-menu.php","meta":{"_bbp_topic_count":0,"_bbp_reply_count":0,"_bbp_total_topic_count":0,"_bbp_total_reply_count":0,"_bbp_voice_count":0,"_bbp_anonymous_reply_count":0,"_bbp_topic_count_hidden":0,"_bbp_reply_count_hidden":0,"_bbp_forum_subforum_count":0,"site-sidebar-layout":"default","site-content-layout":"","ast-site-content-layout":"","site-content-style":"default","site-sidebar-style":"default","ast-global-header-display":"","ast-banner-title-visibility":"","ast-main-header-display":"","ast-hfb-above-header-display":"","ast-hfb-below-header-display":"","ast-hfb-mobile-header-display":"","site-post-title":"","ast-breadcrumbs-content":"","ast-featured-img":"","footer-sml-layout":"","theme-transparent-header-meta":"","adv-header-id-meta":"","stick-header-meta":"","header-above-stick-meta":"","header-main-stick-meta":"","header-below-stick-meta":"","astra-migrate-meta-layouts":"default","ast-page-background-enabled":"default","ast-page-background-meta":{"desktop":{"background-color":"var(--ast-global-color-4)","background-image":"","background-repeat":"repeat","background-position":"center center","background-size":"auto","background-attachment":"scroll","background-type":"","background-media":"","overlay-type":"","overlay-color":"","overlay-opacity":"","overlay-gradient":""},"tablet":{"background-color":"","background-image":"","background-repeat":"repeat","background-position":"center center","background-size":"auto","background-attachment":"scroll","background-type":"","background-media":"","overlay-type":"","overlay-color":"","overlay-opacity":"","overlay-gradient":""},"mobile":{"background-color":"","background-image":"","background-repeat":"repeat","background-position":"center center","background-size":"auto","background-attachment":"scroll","background-type":"","background-media":"","overlay-type":"","overlay-color":"","overlay-opacity":"","overlay-gradient":""}},"ast-content-background-meta":{"desktop":{"background-color":"var(--ast-global-color-5)","background-image":"","background-repeat":"repeat","background-position":"center center","background-size":"auto","background-attachment":"scroll","background-type":"","background-media":"","overlay-type":"","overlay-color":"","overlay-opacity":"","overlay-gradient":""},"tablet":{"background-color":"var(--ast-global-color-5)","background-image":"","background-repeat":"repeat","background-position":"center center","background-size":"auto","background-attachment":"scroll","background-type":"","background-media":"","overlay-type":"","overlay-color":"","overlay-opacity":"","overlay-gradient":""},"mobile":{"background-color":"var(--ast-global-color-5)","background-image":"","background-repeat":"repeat","background-position":"center center","background-size":"auto","background-attachment":"scroll","background-type":"","background-media":"","overlay-type":"","overlay-color":"","overlay-opacity":"","overlay-gradient":""}},"footnotes":""},"class_list":["post-655","page","type-page","status-publish","hentry"],"post_mailing_queue_ids":[],"_links":{"self":[{"href":"https:\/\/agora.xtec.cat\/delta-espiga\/wp-json\/wp\/v2\/pages\/655","targetHints":{"allow":["GET"]}}],"collection":[{"href":"https:\/\/agora.xtec.cat\/delta-espiga\/wp-json\/wp\/v2\/pages"}],"about":[{"href":"https:\/\/agora.xtec.cat\/delta-espiga\/wp-json\/wp\/v2\/types\/page"}],"author":[{"embeddable":true,"href":"https:\/\/agora.xtec.cat\/delta-espiga\/wp-json\/wp\/v2\/users\/1"}],"replies":[{"embeddable":true,"href":"https:\/\/agora.xtec.cat\/delta-espiga\/wp-json\/wp\/v2\/comments?post=655"}],"version-history":[{"count":6,"href":"https:\/\/agora.xtec.cat\/delta-espiga\/wp-json\/wp\/v2\/pages\/655\/revisions"}],"predecessor-version":[{"id":694,"href":"https:\/\/agora.xtec.cat\/delta-espiga\/wp-json\/wp\/v2\/pages\/655\/revisions\/694"}],"up":[{"embeddable":true,"href":"https:\/\/agora.xtec.cat\/delta-espiga\/wp-json\/wp\/v2\/pages\/651"}],"wp:attachment":[{"href":"https:\/\/agora.xtec.cat\/delta-espiga\/wp-json\/wp\/v2\/media?parent=655"}],"curies":[{"name":"wp","href":"https:\/\/api.w.org\/{rel}","templated":true}]}}