{"id":653,"date":"2024-10-28T16:02:15","date_gmt":"2024-10-28T15:02:15","guid":{"rendered":"https:\/\/agora.xtec.cat\/delta-espiga\/?page_id=653"},"modified":"2026-04-08T12:51:38","modified_gmt":"2026-04-08T10:51:38","slug":"menjador-escolar","status":"publish","type":"page","link":"https:\/\/agora.xtec.cat\/delta-espiga\/lescola\/serveis\/menjador-escolar\/","title":{"rendered":"Menjador escolar"},"content":{"rendered":"<p><a href=\"https:\/\/agora.xtec.cat\/delta-espiga\/wp-content\/uploads\/usu2383\/2026\/03\/MENU-MARC-2026.pdf\">MEN\u00da ABRIL 2026<\/a><a href=\"https:\/\/agora.xtec.cat\/delta-espiga\/wp-content\/uploads\/usu2383\/2025\/04\/menjador.png\"><img loading=\"lazy\" decoding=\"async\" class=\" wp-image-690 aligncenter\" src=\"https:\/\/agora.xtec.cat\/delta-espiga\/wp-content\/uploads\/usu2383\/2025\/04\/menjador.png\" alt=\"\" width=\"300\" height=\"300\" srcset=\"https:\/\/agora.xtec.cat\/delta-espiga\/wp-content\/uploads\/usu2383\/2025\/04\/menjador.png 500w, https:\/\/agora.xtec.cat\/delta-espiga\/wp-content\/uploads\/usu2383\/2025\/04\/menjador-300x300.png 300w, https:\/\/agora.xtec.cat\/delta-espiga\/wp-content\/uploads\/usu2383\/2025\/04\/menjador-150x150.png 150w\" sizes=\"auto, (max-width: 300px) 100vw, 300px\" \/><\/a><\/p>\n<p>La Fundaci\u00f3 l\u2019Espiga \u00e9s qui gestiona el menjador escolar. L\u2019organitzaci\u00f3 i la planificaci\u00f3 es duu a terme de forma conjunta amb l\u2019escola cada curs.<\/p>\n<p>Us recordem a les fam\u00edlies usu\u00e0ries d\u2019aquest servei que:<\/p>\n<ul>\n<li><strong>Cal avisar a l\u2019escola quan el vostre fill\/a no es quedi a dinar.<\/strong><\/li>\n<li>Pel bon funcionament del menjador, <strong>no es podr\u00e0 atendre aquells alumnes que arribin m\u00e9s tard de les 13:00h.<\/strong><\/li>\n<li>\u00c9s important que ens<strong> aviseu abans de les 10:00 del mat\u00ed<\/strong> si el vostre fill\/a es quedar\u00e0 a dinar a l\u2019escola, per\u00f2 no ha vingut al mat\u00ed a classe.<\/li>\n<\/ul>\n<p>En cas de que algun alumne hagi de fer dieta especial, de manera puntual o permanent, cal que ho comuniqueu per escrit i signat pels pares.<\/p>\n<p>En el cas d\u2019<strong>al\u00b7l\u00e8rgia o intoler\u00e0ncia aliment\u00e0ria<\/strong>, caldr\u00e0 comunicar-ho a la tutora del vostre fill\/a i presentar l\u2019informe m\u00e8dic corresponent. Igualment caldr\u00e0 notificar qualsevol canvi en aquest sentit.<\/p>\n<p>Aqu\u00ed teniu el men\u00fa del mes d&#8217;<a href=\"https:\/\/agora.xtec.cat\/delta-espiga\/wp-content\/uploads\/usu2383\/2026\/04\/\u00a1abril-1-1.jpg\">abril del 2026.<\/a><\/p>\n<p>&nbsp;<\/p>\n","protected":false},"excerpt":{"rendered":"<p>MEN\u00da ABRIL 2026 La Fundaci\u00f3 l\u2019Espiga \u00e9s qui gestiona el menjador escolar. L\u2019organitzaci\u00f3 i la planificaci\u00f3 es duu a terme de forma conjunta amb l\u2019escola cada curs. Us recordem a les fam\u00edlies usu\u00e0ries d\u2019aquest servei que: Cal avisar a l\u2019escola quan el vostre fill\/a no es quedi a dinar. Pel bon funcionament del menjador, no [&hellip;]<\/p>\n","protected":false},"author":1,"featured_media":0,"parent":651,"menu_order":0,"comment_status":"closed","ping_status":"closed","template":"","meta":{"_bbp_topic_count":0,"_bbp_reply_count":0,"_bbp_total_topic_count":0,"_bbp_total_reply_count":0,"_bbp_voice_count":0,"_bbp_anonymous_reply_count":0,"_bbp_topic_count_hidden":0,"_bbp_reply_count_hidden":0,"_bbp_forum_subforum_count":0,"site-sidebar-layout":"default","site-content-layout":"","ast-site-content-layout":"default","site-content-style":"default","site-sidebar-style":"default","ast-global-header-display":"","ast-banner-title-visibility":"","ast-main-header-display":"","ast-hfb-above-header-display":"","ast-hfb-below-header-display":"","ast-hfb-mobile-header-display":"","site-post-title":"","ast-breadcrumbs-content":"","ast-featured-img":"","footer-sml-layout":"","theme-transparent-header-meta":"default","adv-header-id-meta":"","stick-header-meta":"","header-above-stick-meta":"","header-main-stick-meta":"","header-below-stick-meta":"","astra-migrate-meta-layouts":"set","ast-page-background-enabled":"default","ast-page-background-meta":{"desktop":{"background-color":"var(--ast-global-color-4)","background-image":"","background-repeat":"repeat","background-position":"center center","background-size":"auto","background-attachment":"scroll","background-type":"","background-media":"","overlay-type":"","overlay-color":"","overlay-opacity":"","overlay-gradient":""},"tablet":{"background-color":"","background-image":"","background-repeat":"repeat","background-position":"center center","background-size":"auto","background-attachment":"scroll","background-type":"","background-media":"","overlay-type":"","overlay-color":"","overlay-opacity":"","overlay-gradient":""},"mobile":{"background-color":"","background-image":"","background-repeat":"repeat","background-position":"center center","background-size":"auto","background-attachment":"scroll","background-type":"","background-media":"","overlay-type":"","overlay-color":"","overlay-opacity":"","overlay-gradient":""}},"ast-content-background-meta":{"desktop":{"background-color":"var(--ast-global-color-5)","background-image":"","background-repeat":"repeat","background-position":"center center","background-size":"auto","background-attachment":"scroll","background-type":"","background-media":"","overlay-type":"","overlay-color":"","overlay-opacity":"","overlay-gradient":""},"tablet":{"background-color":"var(--ast-global-color-5)","background-image":"","background-repeat":"repeat","background-position":"center center","background-size":"auto","background-attachment":"scroll","background-type":"","background-media":"","overlay-type":"","overlay-color":"","overlay-opacity":"","overlay-gradient":""},"mobile":{"background-color":"var(--ast-global-color-5)","background-image":"","background-repeat":"repeat","background-position":"center center","background-size":"auto","background-attachment":"scroll","background-type":"","background-media":"","overlay-type":"","overlay-color":"","overlay-opacity":"","overlay-gradient":""}},"footnotes":""},"class_list":["post-653","page","type-page","status-publish","hentry"],"post_mailing_queue_ids":[],"_links":{"self":[{"href":"https:\/\/agora.xtec.cat\/delta-espiga\/wp-json\/wp\/v2\/pages\/653","targetHints":{"allow":["GET"]}}],"collection":[{"href":"https:\/\/agora.xtec.cat\/delta-espiga\/wp-json\/wp\/v2\/pages"}],"about":[{"href":"https:\/\/agora.xtec.cat\/delta-espiga\/wp-json\/wp\/v2\/types\/page"}],"author":[{"embeddable":true,"href":"https:\/\/agora.xtec.cat\/delta-espiga\/wp-json\/wp\/v2\/users\/1"}],"replies":[{"embeddable":true,"href":"https:\/\/agora.xtec.cat\/delta-espiga\/wp-json\/wp\/v2\/comments?post=653"}],"version-history":[{"count":6,"href":"https:\/\/agora.xtec.cat\/delta-espiga\/wp-json\/wp\/v2\/pages\/653\/revisions"}],"predecessor-version":[{"id":1876,"href":"https:\/\/agora.xtec.cat\/delta-espiga\/wp-json\/wp\/v2\/pages\/653\/revisions\/1876"}],"up":[{"embeddable":true,"href":"https:\/\/agora.xtec.cat\/delta-espiga\/wp-json\/wp\/v2\/pages\/651"}],"wp:attachment":[{"href":"https:\/\/agora.xtec.cat\/delta-espiga\/wp-json\/wp\/v2\/media?parent=653"}],"curies":[{"name":"wp","href":"https:\/\/api.w.org\/{rel}","templated":true}]}}