{"id":605,"date":"2024-10-24T10:07:33","date_gmt":"2024-10-24T08:07:33","guid":{"rendered":"https:\/\/agora.xtec.cat\/delta-espiga\/?page_id=605"},"modified":"2025-09-05T12:19:11","modified_gmt":"2025-09-05T10:19:11","slug":"permisos-i-autoritzacions","status":"publish","type":"page","link":"https:\/\/agora.xtec.cat\/delta-espiga\/informacio-del-curs\/permisos-i-autoritzacions\/","title":{"rendered":"Permisos i autoritzacions"},"content":{"rendered":"<p><a href=\"https:\/\/agora.xtec.cat\/delta-espiga\/wp-content\/uploads\/usu2383\/2025\/04\/informacio.png\"><img loading=\"lazy\" decoding=\"async\" class=\"alignnone wp-image-700\" src=\"https:\/\/agora.xtec.cat\/delta-espiga\/wp-content\/uploads\/usu2383\/2025\/04\/informacio.png\" alt=\"\" width=\"105\" height=\"105\" srcset=\"https:\/\/agora.xtec.cat\/delta-espiga\/wp-content\/uploads\/usu2383\/2025\/04\/informacio.png 500w, https:\/\/agora.xtec.cat\/delta-espiga\/wp-content\/uploads\/usu2383\/2025\/04\/informacio-300x300.png 300w, https:\/\/agora.xtec.cat\/delta-espiga\/wp-content\/uploads\/usu2383\/2025\/04\/informacio-150x150.png 150w\" sizes=\"auto, (max-width: 105px) 100vw, 105px\" \/><\/a>\u00a0 \u00a0 \u00a0 \u00a0 \u00a0 \u00a0 <a href=\"https:\/\/agora.xtec.cat\/delta-espiga\/wp-content\/uploads\/usu2383\/2025\/09\/Full-informatiu-inici-curs_families_25-26.pdf\">Full informatiu inici curs 25-26<\/a> + <a href=\"https:\/\/agora.xtec.cat\/delta-espiga\/wp-content\/uploads\/usu2383\/2025\/09\/Presentacio-families_4-9-25.pdf\">Presentaci\u00f3 reuni\u00f3 inici de curs 25-26<\/a><\/p>\n<p>&nbsp;<\/p>\n<p><a href=\"https:\/\/agora.xtec.cat\/delta-espiga\/wp-content\/uploads\/usu2383\/2025\/09\/medicacion.png\"><img loading=\"lazy\" decoding=\"async\" class=\"wp-image-1332 alignnone\" src=\"https:\/\/agora.xtec.cat\/delta-espiga\/wp-content\/uploads\/usu2383\/2025\/09\/medicacion.png\" alt=\"\" width=\"105\" height=\"105\" srcset=\"https:\/\/agora.xtec.cat\/delta-espiga\/wp-content\/uploads\/usu2383\/2025\/09\/medicacion.png 500w, https:\/\/agora.xtec.cat\/delta-espiga\/wp-content\/uploads\/usu2383\/2025\/09\/medicacion-300x300.png 300w, https:\/\/agora.xtec.cat\/delta-espiga\/wp-content\/uploads\/usu2383\/2025\/09\/medicacion-150x150.png 150w\" sizes=\"auto, (max-width: 105px) 100vw, 105px\" \/><\/a>\u00a0 \u00a0 \u00a0 \u00a0 \u00a0 \u00a0 <a href=\"https:\/\/agora.xtec.cat\/delta-espiga\/wp-content\/uploads\/usu2383\/2025\/09\/2-Autoritzacio-modificacio-medicacio.pdf\">Autoritzaci\u00f3 modificaci\u00f3 medicaci\u00f3<\/a><\/p>\n<p>&nbsp;<\/p>\n<p><a href=\"https:\/\/agora.xtec.cat\/delta-espiga\/wp-content\/uploads\/usu2383\/2025\/04\/pastilles-1.png\"><img loading=\"lazy\" decoding=\"async\" class=\"alignnone wp-image-707\" src=\"https:\/\/agora.xtec.cat\/delta-espiga\/wp-content\/uploads\/usu2383\/2025\/04\/pastilles-1.png\" alt=\"\" width=\"105\" height=\"105\" srcset=\"https:\/\/agora.xtec.cat\/delta-espiga\/wp-content\/uploads\/usu2383\/2025\/04\/pastilles-1.png 500w, https:\/\/agora.xtec.cat\/delta-espiga\/wp-content\/uploads\/usu2383\/2025\/04\/pastilles-1-300x300.png 300w, https:\/\/agora.xtec.cat\/delta-espiga\/wp-content\/uploads\/usu2383\/2025\/04\/pastilles-1-150x150.png 150w\" sizes=\"auto, (max-width: 105px) 100vw, 105px\" \/><\/a>\u00a0 \u00a0 \u00a0 \u00a0 \u00a0 \u00a0<a href=\"https:\/\/agora.xtec.cat\/delta-espiga\/wp-content\/uploads\/usu2383\/2025\/04\/Autoritzacio-admin.-paracetamol.pdf\"> Autoritzaci\u00f3 admininistraci\u00f3 paracetamol<\/a><\/p>\n<p>&nbsp;<\/p>\n<p><a href=\"https:\/\/agora.xtec.cat\/delta-espiga\/wp-content\/uploads\/usu2383\/2025\/04\/viatjar-1.png\"><img loading=\"lazy\" decoding=\"async\" class=\"alignnone wp-image-706\" src=\"https:\/\/agora.xtec.cat\/delta-espiga\/wp-content\/uploads\/usu2383\/2025\/04\/viatjar-1.png\" alt=\"\" width=\"105\" height=\"105\" srcset=\"https:\/\/agora.xtec.cat\/delta-espiga\/wp-content\/uploads\/usu2383\/2025\/04\/viatjar-1.png 500w, https:\/\/agora.xtec.cat\/delta-espiga\/wp-content\/uploads\/usu2383\/2025\/04\/viatjar-1-300x300.png 300w, https:\/\/agora.xtec.cat\/delta-espiga\/wp-content\/uploads\/usu2383\/2025\/04\/viatjar-1-150x150.png 150w\" sizes=\"auto, (max-width: 105px) 100vw, 105px\" \/><\/a>\u00a0 \u00a0 \u00a0 \u00a0 \u00a0 \u00a0 <a href=\"https:\/\/agora.xtec.cat\/delta-espiga\/wp-content\/uploads\/usu2383\/2025\/04\/Autoritzacio-sortides-escolars_1.pdf\">Autoritzaci\u00f3 sortides escolars<\/a><\/p>\n<p>&nbsp;<\/p>\n<p><a href=\"https:\/\/agora.xtec.cat\/delta-espiga\/wp-content\/uploads\/usu2383\/2025\/04\/fer-una-foto.png\"><img loading=\"lazy\" decoding=\"async\" class=\"alignnone wp-image-704\" src=\"https:\/\/agora.xtec.cat\/delta-espiga\/wp-content\/uploads\/usu2383\/2025\/04\/fer-una-foto.png\" alt=\"\" width=\"105\" height=\"105\" srcset=\"https:\/\/agora.xtec.cat\/delta-espiga\/wp-content\/uploads\/usu2383\/2025\/04\/fer-una-foto.png 500w, https:\/\/agora.xtec.cat\/delta-espiga\/wp-content\/uploads\/usu2383\/2025\/04\/fer-una-foto-300x300.png 300w, https:\/\/agora.xtec.cat\/delta-espiga\/wp-content\/uploads\/usu2383\/2025\/04\/fer-una-foto-150x150.png 150w\" sizes=\"auto, (max-width: 105px) 100vw, 105px\" \/><\/a>\u00a0 \u00a0 \u00a0 \u00a0 \u00a0 \u00a0<a href=\"https:\/\/agora.xtec.cat\/delta-espiga\/wp-content\/uploads\/usu2383\/2025\/04\/Autoritzacio-drets-imatge-alumnes_2024.pdf\">Autoritzacio drets imatge alumnes<\/a><\/p>\n<p>&nbsp;<\/p>\n<p>&nbsp;<\/p>\n","protected":false},"excerpt":{"rendered":"<p>\u00a0 \u00a0 \u00a0 \u00a0 \u00a0 \u00a0 Full informatiu inici curs 25-26 + Presentaci\u00f3 reuni\u00f3 inici de curs 25-26 &nbsp; \u00a0 \u00a0 \u00a0 \u00a0 \u00a0 \u00a0 Autoritzaci\u00f3 modificaci\u00f3 medicaci\u00f3 &nbsp; \u00a0 \u00a0 \u00a0 \u00a0 \u00a0 \u00a0 Autoritzaci\u00f3 admininistraci\u00f3 paracetamol &nbsp; \u00a0 \u00a0 \u00a0 \u00a0 \u00a0 \u00a0 Autoritzaci\u00f3 sortides escolars &nbsp; \u00a0 \u00a0 \u00a0 \u00a0 \u00a0 \u00a0Autoritzacio [&hellip;]<\/p>\n","protected":false},"author":1,"featured_media":0,"parent":598,"menu_order":30,"comment_status":"closed","ping_status":"closed","template":"page-templates\/side-menu.php","meta":{"_bbp_topic_count":0,"_bbp_reply_count":0,"_bbp_total_topic_count":0,"_bbp_total_reply_count":0,"_bbp_voice_count":0,"_bbp_anonymous_reply_count":0,"_bbp_topic_count_hidden":0,"_bbp_reply_count_hidden":0,"_bbp_forum_subforum_count":0,"site-sidebar-layout":"default","site-content-layout":"","ast-site-content-layout":"","site-content-style":"default","site-sidebar-style":"default","ast-global-header-display":"","ast-banner-title-visibility":"","ast-main-header-display":"","ast-hfb-above-header-display":"","ast-hfb-below-header-display":"","ast-hfb-mobile-header-display":"","site-post-title":"","ast-breadcrumbs-content":"","ast-featured-img":"","footer-sml-layout":"","theme-transparent-header-meta":"","adv-header-id-meta":"","stick-header-meta":"","header-above-stick-meta":"","header-main-stick-meta":"","header-below-stick-meta":"","astra-migrate-meta-layouts":"default","ast-page-background-enabled":"default","ast-page-background-meta":{"desktop":{"background-color":"var(--ast-global-color-4)","background-image":"","background-repeat":"repeat","background-position":"center center","background-size":"auto","background-attachment":"scroll","background-type":"","background-media":"","overlay-type":"","overlay-color":"","overlay-opacity":"","overlay-gradient":""},"tablet":{"background-color":"","background-image":"","background-repeat":"repeat","background-position":"center center","background-size":"auto","background-attachment":"scroll","background-type":"","background-media":"","overlay-type":"","overlay-color":"","overlay-opacity":"","overlay-gradient":""},"mobile":{"background-color":"","background-image":"","background-repeat":"repeat","background-position":"center center","background-size":"auto","background-attachment":"scroll","background-type":"","background-media":"","overlay-type":"","overlay-color":"","overlay-opacity":"","overlay-gradient":""}},"ast-content-background-meta":{"desktop":{"background-color":"var(--ast-global-color-5)","background-image":"","background-repeat":"repeat","background-position":"center center","background-size":"auto","background-attachment":"scroll","background-type":"","background-media":"","overlay-type":"","overlay-color":"","overlay-opacity":"","overlay-gradient":""},"tablet":{"background-color":"var(--ast-global-color-5)","background-image":"","background-repeat":"repeat","background-position":"center center","background-size":"auto","background-attachment":"scroll","background-type":"","background-media":"","overlay-type":"","overlay-color":"","overlay-opacity":"","overlay-gradient":""},"mobile":{"background-color":"var(--ast-global-color-5)","background-image":"","background-repeat":"repeat","background-position":"center center","background-size":"auto","background-attachment":"scroll","background-type":"","background-media":"","overlay-type":"","overlay-color":"","overlay-opacity":"","overlay-gradient":""}},"footnotes":""},"class_list":["post-605","page","type-page","status-publish","hentry"],"post_mailing_queue_ids":[],"_links":{"self":[{"href":"https:\/\/agora.xtec.cat\/delta-espiga\/wp-json\/wp\/v2\/pages\/605","targetHints":{"allow":["GET"]}}],"collection":[{"href":"https:\/\/agora.xtec.cat\/delta-espiga\/wp-json\/wp\/v2\/pages"}],"about":[{"href":"https:\/\/agora.xtec.cat\/delta-espiga\/wp-json\/wp\/v2\/types\/page"}],"author":[{"embeddable":true,"href":"https:\/\/agora.xtec.cat\/delta-espiga\/wp-json\/wp\/v2\/users\/1"}],"replies":[{"embeddable":true,"href":"https:\/\/agora.xtec.cat\/delta-espiga\/wp-json\/wp\/v2\/comments?post=605"}],"version-history":[{"count":7,"href":"https:\/\/agora.xtec.cat\/delta-espiga\/wp-json\/wp\/v2\/pages\/605\/revisions"}],"predecessor-version":[{"id":1336,"href":"https:\/\/agora.xtec.cat\/delta-espiga\/wp-json\/wp\/v2\/pages\/605\/revisions\/1336"}],"up":[{"embeddable":true,"href":"https:\/\/agora.xtec.cat\/delta-espiga\/wp-json\/wp\/v2\/pages\/598"}],"wp:attachment":[{"href":"https:\/\/agora.xtec.cat\/delta-espiga\/wp-json\/wp\/v2\/media?parent=605"}],"curies":[{"name":"wp","href":"https:\/\/api.w.org\/{rel}","templated":true}]}}