{"id":572,"date":"2024-10-23T16:28:16","date_gmt":"2024-10-23T14:28:16","guid":{"rendered":"https:\/\/agora.xtec.cat\/delta-espiga\/?page_id=572"},"modified":"2025-04-23T09:44:30","modified_gmt":"2025-04-23T07:44:30","slug":"projectes-descola","status":"publish","type":"page","link":"https:\/\/agora.xtec.cat\/delta-espiga\/lescola\/projectes-descola\/","title":{"rendered":"Projectes d&#8217;escola"},"content":{"rendered":"<p>En aquest espai podr\u00e0s veure quins s\u00f3n els projectes d&#8217;escola que estem desenvolupant.<\/p>\n<p>Els projectes que estem duent a terme a l&#8217;escola s\u00f3n:<\/p>\n<p><a href=\"https:\/\/agora.xtec.cat\/delta-espiga\/wp-content\/uploads\/usu2383\/2025\/04\/sala-de-lectura.png\"><img loading=\"lazy\" decoding=\"async\" class=\"alignnone wp-image-697\" src=\"https:\/\/agora.xtec.cat\/delta-espiga\/wp-content\/uploads\/usu2383\/2025\/04\/sala-de-lectura.png\" alt=\"\" width=\"110\" height=\"110\" srcset=\"https:\/\/agora.xtec.cat\/delta-espiga\/wp-content\/uploads\/usu2383\/2025\/04\/sala-de-lectura.png 500w, https:\/\/agora.xtec.cat\/delta-espiga\/wp-content\/uploads\/usu2383\/2025\/04\/sala-de-lectura-300x300.png 300w, https:\/\/agora.xtec.cat\/delta-espiga\/wp-content\/uploads\/usu2383\/2025\/04\/sala-de-lectura-150x150.png 150w\" sizes=\"auto, (max-width: 110px) 100vw, 110px\" \/><\/a>\u00a0 \u00a0 \u00a0 \u00a0 \u00a0 \u00a0 \u00a0 \u00a0 \u00a0 \u00a0 \u00a0<a href=\"https:\/\/agora.xtec.cat\/delta-espiga\/lescola\/projectes-descola\/projecte-fet-lectura\/\"><span style=\"font-family: inherit; font-size: 1em;\">Projecte SALTA &#8211; Lectura<\/span> <\/a><\/p>\n<p><a style=\"color: #2795b6;\" href=\"https:\/\/agora.xtec.cat\/delta-espiga\/wp-content\/uploads\/usu2383\/2025\/04\/inclusio.png\"><img loading=\"lazy\" decoding=\"async\" class=\"alignnone wp-image-696\" src=\"https:\/\/agora.xtec.cat\/delta-espiga\/wp-content\/uploads\/usu2383\/2025\/04\/inclusio.png\" alt=\"\" width=\"107\" height=\"107\" srcset=\"https:\/\/agora.xtec.cat\/delta-espiga\/wp-content\/uploads\/usu2383\/2025\/04\/inclusio.png 500w, https:\/\/agora.xtec.cat\/delta-espiga\/wp-content\/uploads\/usu2383\/2025\/04\/inclusio-300x300.png 300w, https:\/\/agora.xtec.cat\/delta-espiga\/wp-content\/uploads\/usu2383\/2025\/04\/inclusio-150x150.png 150w\" sizes=\"auto, (max-width: 107px) 100vw, 107px\" \/><\/a> \u00a0 \u00a0 \u00a0 \u00a0 \u00a0 \u00a0 \u00a0 \u00a0 \u00a0 \u00a0 <a href=\"https:\/\/agora.xtec.cat\/delta-espiga\/lescola\/projectes-descola\/ceespir\/\">\u00a0CEEPSIR (CENTRE D&#8217;EDUCACI\u00d3 ESPECIAL PROVE\u00cfDOR DE SERVEIS I RECURSOS)<\/a><\/p>\n<p><a href=\"https:\/\/agora.xtec.cat\/delta-espiga\/wp-content\/uploads\/usu2383\/2025\/04\/reciclatge.png\"><img loading=\"lazy\" decoding=\"async\" class=\"alignnone wp-image-698\" src=\"https:\/\/agora.xtec.cat\/delta-espiga\/wp-content\/uploads\/usu2383\/2025\/04\/reciclatge.png\" alt=\"\" width=\"110\" height=\"110\" srcset=\"https:\/\/agora.xtec.cat\/delta-espiga\/wp-content\/uploads\/usu2383\/2025\/04\/reciclatge.png 500w, https:\/\/agora.xtec.cat\/delta-espiga\/wp-content\/uploads\/usu2383\/2025\/04\/reciclatge-300x300.png 300w, https:\/\/agora.xtec.cat\/delta-espiga\/wp-content\/uploads\/usu2383\/2025\/04\/reciclatge-150x150.png 150w\" sizes=\"auto, (max-width: 110px) 100vw, 110px\" \/>\u00a0 \u00a0 \u00a0 <\/a>\u00a0 \u00a0 \u00a0 \u00a0 \u00a0 \u00a0 \u00a0 \u00a0 <a href=\"https:\/\/agora.xtec.cat\/delta-espiga\/lescola\/projectes-descola\/escola-verda\/\">Escola Verda<\/a><\/p>\n","protected":false},"excerpt":{"rendered":"<p>En aquest espai podr\u00e0s veure quins s\u00f3n els projectes d&#8217;escola que estem desenvolupant. Els projectes que estem duent a terme a l&#8217;escola s\u00f3n: \u00a0 \u00a0 \u00a0 \u00a0 \u00a0 \u00a0 \u00a0 \u00a0 \u00a0 \u00a0 \u00a0Projecte SALTA &#8211; Lectura \u00a0 \u00a0 \u00a0 \u00a0 \u00a0 \u00a0 \u00a0 \u00a0 \u00a0 \u00a0 \u00a0CEEPSIR (CENTRE D&#8217;EDUCACI\u00d3 ESPECIAL PROVE\u00cfDOR DE SERVEIS I [&hellip;]<\/p>\n","protected":false},"author":1,"featured_media":0,"parent":22,"menu_order":40,"comment_status":"closed","ping_status":"closed","template":"page-templates\/side-menu.php","meta":{"_bbp_topic_count":0,"_bbp_reply_count":0,"_bbp_total_topic_count":0,"_bbp_total_reply_count":0,"_bbp_voice_count":0,"_bbp_anonymous_reply_count":0,"_bbp_topic_count_hidden":0,"_bbp_reply_count_hidden":0,"_bbp_forum_subforum_count":0,"site-sidebar-layout":"default","site-content-layout":"","ast-site-content-layout":"","site-content-style":"default","site-sidebar-style":"default","ast-global-header-display":"","ast-banner-title-visibility":"","ast-main-header-display":"","ast-hfb-above-header-display":"","ast-hfb-below-header-display":"","ast-hfb-mobile-header-display":"","site-post-title":"","ast-breadcrumbs-content":"","ast-featured-img":"","footer-sml-layout":"","theme-transparent-header-meta":"","adv-header-id-meta":"","stick-header-meta":"","header-above-stick-meta":"","header-main-stick-meta":"","header-below-stick-meta":"","astra-migrate-meta-layouts":"default","ast-page-background-enabled":"default","ast-page-background-meta":{"desktop":{"background-color":"var(--ast-global-color-4)","background-image":"","background-repeat":"repeat","background-position":"center center","background-size":"auto","background-attachment":"scroll","background-type":"","background-media":"","overlay-type":"","overlay-color":"","overlay-opacity":"","overlay-gradient":""},"tablet":{"background-color":"","background-image":"","background-repeat":"repeat","background-position":"center center","background-size":"auto","background-attachment":"scroll","background-type":"","background-media":"","overlay-type":"","overlay-color":"","overlay-opacity":"","overlay-gradient":""},"mobile":{"background-color":"","background-image":"","background-repeat":"repeat","background-position":"center center","background-size":"auto","background-attachment":"scroll","background-type":"","background-media":"","overlay-type":"","overlay-color":"","overlay-opacity":"","overlay-gradient":""}},"ast-content-background-meta":{"desktop":{"background-color":"var(--ast-global-color-5)","background-image":"","background-repeat":"repeat","background-position":"center center","background-size":"auto","background-attachment":"scroll","background-type":"","background-media":"","overlay-type":"","overlay-color":"","overlay-opacity":"","overlay-gradient":""},"tablet":{"background-color":"var(--ast-global-color-5)","background-image":"","background-repeat":"repeat","background-position":"center center","background-size":"auto","background-attachment":"scroll","background-type":"","background-media":"","overlay-type":"","overlay-color":"","overlay-opacity":"","overlay-gradient":""},"mobile":{"background-color":"var(--ast-global-color-5)","background-image":"","background-repeat":"repeat","background-position":"center center","background-size":"auto","background-attachment":"scroll","background-type":"","background-media":"","overlay-type":"","overlay-color":"","overlay-opacity":"","overlay-gradient":""}},"footnotes":""},"class_list":["post-572","page","type-page","status-publish","hentry"],"post_mailing_queue_ids":[],"_links":{"self":[{"href":"https:\/\/agora.xtec.cat\/delta-espiga\/wp-json\/wp\/v2\/pages\/572","targetHints":{"allow":["GET"]}}],"collection":[{"href":"https:\/\/agora.xtec.cat\/delta-espiga\/wp-json\/wp\/v2\/pages"}],"about":[{"href":"https:\/\/agora.xtec.cat\/delta-espiga\/wp-json\/wp\/v2\/types\/page"}],"author":[{"embeddable":true,"href":"https:\/\/agora.xtec.cat\/delta-espiga\/wp-json\/wp\/v2\/users\/1"}],"replies":[{"embeddable":true,"href":"https:\/\/agora.xtec.cat\/delta-espiga\/wp-json\/wp\/v2\/comments?post=572"}],"version-history":[{"count":6,"href":"https:\/\/agora.xtec.cat\/delta-espiga\/wp-json\/wp\/v2\/pages\/572\/revisions"}],"predecessor-version":[{"id":729,"href":"https:\/\/agora.xtec.cat\/delta-espiga\/wp-json\/wp\/v2\/pages\/572\/revisions\/729"}],"up":[{"embeddable":true,"href":"https:\/\/agora.xtec.cat\/delta-espiga\/wp-json\/wp\/v2\/pages\/22"}],"wp:attachment":[{"href":"https:\/\/agora.xtec.cat\/delta-espiga\/wp-json\/wp\/v2\/media?parent=572"}],"curies":[{"name":"wp","href":"https:\/\/api.w.org\/{rel}","templated":true}]}}