{"id":9112,"date":"2017-04-28T09:40:27","date_gmt":"2017-04-28T07:40:27","guid":{"rendered":"http:\/\/agora.xtec.cat\/credv\/?page_id=9112"},"modified":"2025-09-25T09:56:50","modified_gmt":"2025-09-25T07:56:50","slug":"tallers-de-pares","status":"publish","type":"page","link":"https:\/\/agora.xtec.cat\/credv\/tallers-de-pares\/","title":{"rendered":"Tallers amb fam\u00edlies"},"content":{"rendered":"<p>El CREDV CRE ONCE Barcelona organitza durant el curs escolar diferents tallers dirigits a fam\u00edlies d&#8217;alumnes amb discapacitat visual. Us animem a veure i participar en els tallers d&#8217;aquest curs!<\/p>\n<p>Aquests tallers s&#8217;organitzen d&#8217;acord amb els seg\u00fcents nivells:<\/p>\n<ul>\n<li><a href=\"https:\/\/agora.xtec.cat\/credv\/categoria\/families\/tallers-families\/educacio-infantil\/\">Educaci\u00f3 Infantil.<\/a><\/li>\n<li><a href=\"https:\/\/agora.xtec.cat\/credv\/categoria\/families\/tallers-families\/1r-2n-3r-de-primaria\/\">1r, 2n, 3r de prim\u00e0ria.<\/a><\/li>\n<li><a href=\"https:\/\/agora.xtec.cat\/credv\/categoria\/families\/tallers-families\/4t-5e-6e-de-primaria\/\">4t, 5\u00e8, 6\u00e8 de prim\u00e0ria.<\/a><\/li>\n<li><a href=\"https:\/\/agora.xtec.cat\/credv\/categoria\/families\/tallers-families\/eso\/\">ESO.<\/a><\/li>\n<\/ul>\n<p>Aquests tallers tenen com a objectiu crear lligams amb les fam\u00edlies per tal de participar conjuntament en les diferents etapes de l&#8217;aprenentatge del seus fills en els diferents \u00e0mbits: autonomia personal, tiflotecnologia, ajust psicol\u00f2gic, oci, etc.<\/p>\n<p>Podeu trobar els materials treballats en cursos anteriors a l&#8217;enlla\u00e7 del <a href=\"http:\/\/agora.xtec.cat\/credv\/moodle\/course\/index.php?categoryid=481\">Moodle apartat de fam\u00edlies<\/a>.<\/p>\n<p>&nbsp;<\/p>\n","protected":false},"excerpt":{"rendered":"<p>El CREDV CRE ONCE Barcelona organitza durant el curs escolar diferents tallers dirigits a fam\u00edlies d&#8217;alumnes amb discapacitat visual. Us animem a veure i participar en els tallers d&#8217;aquest curs!<br \/>\nAquests tallers s&#8217;organitzen d&#8217;acord amb els seg\u00fcents nivells:<\/p>\n<ul>\n<li><a href=\"https:\/\/agora.xtec.cat\/credv\/categoria\/families\/tallers-families\/educacio-infantil\/\">Educaci\u00f3 Infantil.<\/a><\/li>\n<li><a href=\"https:\/\/agora.xtec.cat\/credv\/categoria\/families\/tallers-families\/1r-2n-3r-de-primaria\/\">1r, 2n, 3r de prim\u00e0ria.<\/a><\/li>\n<li><a href=\"https:\/\/agora.xtec.cat\/credv\/categoria\/families\/tallers-families\/4t-5e-6e-de-primaria\/\">4t,&hellip;  <a href=\"https:\/\/agora.xtec.cat\/credv\/tallers-de-pares\/\" title=\"Read Tallers amb fam\u00edlies\">Llegeix m\u00e9s\u00bb<\/a><br \/>\n","protected":false},"author":1,"featured_media":0,"parent":0,"menu_order":0,"comment_status":"closed","ping_status":"closed","template":"","meta":{"_bbp_topic_count":0,"_bbp_reply_count":0,"_bbp_total_topic_count":0,"_bbp_total_reply_count":0,"_bbp_voice_count":0,"_bbp_anonymous_reply_count":0,"_bbp_topic_count_hidden":0,"_bbp_reply_count_hidden":0,"_bbp_forum_subforum_count":0,"footnotes":""},"class_list":["post-9112","page","type-page","status-publish","hentry"],"post_mailing_queue_ids":[],"_links":{"self":[{"href":"https:\/\/agora.xtec.cat\/credv\/wp-json\/wp\/v2\/pages\/9112","targetHints":{"allow":["GET"]}}],"collection":[{"href":"https:\/\/agora.xtec.cat\/credv\/wp-json\/wp\/v2\/pages"}],"about":[{"href":"https:\/\/agora.xtec.cat\/credv\/wp-json\/wp\/v2\/types\/page"}],"author":[{"embeddable":true,"href":"https:\/\/agora.xtec.cat\/credv\/wp-json\/wp\/v2\/users\/1"}],"replies":[{"embeddable":true,"href":"https:\/\/agora.xtec.cat\/credv\/wp-json\/wp\/v2\/comments?post=9112"}],"version-history":[{"count":7,"href":"https:\/\/agora.xtec.cat\/credv\/wp-json\/wp\/v2\/pages\/9112\/revisions"}],"predecessor-version":[{"id":11925,"href":"https:\/\/agora.xtec.cat\/credv\/wp-json\/wp\/v2\/pages\/9112\/revisions\/11925"}],"wp:attachment":[{"href":"https:\/\/agora.xtec.cat\/credv\/wp-json\/wp\/v2\/media?parent=9112"}],"curies":[{"name":"wp","href":"https:\/\/api.w.org\/{rel}","templated":true}]}}