{"id":8432,"date":"2016-05-03T08:51:23","date_gmt":"2016-05-03T07:51:23","guid":{"rendered":"http:\/\/agora.xtec.cat\/credv\/?page_id=8432"},"modified":"2021-06-01T11:18:45","modified_gmt":"2021-06-01T09:18:45","slug":"guies","status":"publish","type":"page","link":"https:\/\/agora.xtec.cat\/credv\/guies\/","title":{"rendered":"Equip Psicopedag\u00f2gic"},"content":{"rendered":"<p>L\u2019Equip psicopedag\u00f2gic del CREDV \u2013 CRE ONCE Barcelona \u00e9s un equip interdisciplinari, amb un \u00e0mbit d\u2019actuaci\u00f3 de tot Catalunya.\u00a0 Est\u00e0 format per psicopedagogues, treballadores socials, psic\u00f2legs i pedagog.<\/p>\n<p>Les funcions priorit\u00e0ries de l\u2019equip s\u00f3n les seg\u00fcents:<\/p>\n<ul>\n<li>Gesti\u00f3 de les demandes d\u2019atenci\u00f3 d\u2019alumnes amb ceguesa o discapacitat visual greu.<\/li>\n<li>Valoraci\u00f3, orientaci\u00f3 i seguiment de les compet\u00e8ncies i necessitats especials de l\u2019alumnat amb ceguesa o discapacitat visual greu.<\/li>\n<li>Orientaci\u00f3 a l\u2019equip de mestres de suport itinerants.<\/li>\n<li>Orientaci\u00f3 i assessorament a les fam\u00edlies.<\/li>\n<li>Avaluaci\u00f3 i intervenci\u00f3 en l\u2019ajust a la discapacitat visual dels alumnes i les seves fam\u00edlies.<\/li>\n<li>Treball de col\u00b7laboraci\u00f3 amb els professionals, els centres educatius i comunitat educativa.<\/li>\n<li>Treball en xarxa amb diferents agents i serveis.<\/li>\n<li>Formaci\u00f3 espec\u00edfica sobre la discapacitat visual.<\/li>\n<\/ul>\n<p><span style=\"color: #000000;\">Consulteu els seg\u00fcents apartats per a m\u00e9s informaci\u00f3.<\/span><\/p>\n<h5 style=\"padding-left: 40px;\"><a href=\"http:\/\/agora.xtec.cat\/credv\/guies\/orientacions\/\"><span style=\"color: #000000;\">Proc\u00e9s de demanda d&#8217;atenci\u00f3<\/span><\/a><\/h5>\n<h5 style=\"padding-left: 40px;\"><a href=\"http:\/\/agora.xtec.cat\/credv\/guies\/pautes-dobservacio\/\"><span style=\"color: #000000;\">Pautes d&#8217;observaci\u00f3<\/span><\/a><\/h5>\n<h5 style=\"padding-left: 40px;\"><a href=\"http:\/\/agora.xtec.cat\/credv\/guies\/professionals-i-sectoritzacio-equip-psicopedagogic\/\"><span style=\"color: #000000;\">Professionals i sectoritzaci\u00f3<\/span><\/a><\/h5>\n<h5 style=\"padding-left: 40px;\"><a href=\"http:\/\/agora.xtec.cat\/credv\/guies\/guies-dinteres\/\"><span style=\"color: #000000;\">Orientacions per a alumnes amb discapacitat visual<\/span><\/a><\/h5>\n<p>&nbsp;<\/p>\n<p>&nbsp;<\/p>\n","protected":false},"excerpt":{"rendered":"<p>L\u2019Equip psicopedag\u00f2gic del CREDV \u2013 CRE ONCE Barcelona \u00e9s un equip interdisciplinari, amb un \u00e0mbit d\u2019actuaci\u00f3 de tot Catalunya.\u00a0 Est\u00e0 format per psicopedagogues, treballadores socials, psic\u00f2legs i pedagog.<br \/>\nLes funcions priorit\u00e0ries de l\u2019equip s\u00f3n les seg\u00fcents:<\/p>\n<ul>\n<li>Gesti\u00f3 de les demandes d\u2019atenci\u00f3 d\u2019alumnes amb ceguesa o discapacitat visual&hellip;  <a href=\"https:\/\/agora.xtec.cat\/credv\/guies\/\" title=\"Read Equip Psicopedag\u00f2gic\">Llegeix m\u00e9s\u00bb<\/a><br \/>\n","protected":false},"author":1,"featured_media":0,"parent":0,"menu_order":0,"comment_status":"closed","ping_status":"closed","template":"","meta":{"_bbp_topic_count":0,"_bbp_reply_count":0,"_bbp_total_topic_count":0,"_bbp_total_reply_count":0,"_bbp_voice_count":0,"_bbp_anonymous_reply_count":0,"_bbp_topic_count_hidden":0,"_bbp_reply_count_hidden":0,"_bbp_forum_subforum_count":0,"footnotes":""},"class_list":["post-8432","page","type-page","status-publish","hentry"],"post_mailing_queue_ids":[],"_links":{"self":[{"href":"https:\/\/agora.xtec.cat\/credv\/wp-json\/wp\/v2\/pages\/8432","targetHints":{"allow":["GET"]}}],"collection":[{"href":"https:\/\/agora.xtec.cat\/credv\/wp-json\/wp\/v2\/pages"}],"about":[{"href":"https:\/\/agora.xtec.cat\/credv\/wp-json\/wp\/v2\/types\/page"}],"author":[{"embeddable":true,"href":"https:\/\/agora.xtec.cat\/credv\/wp-json\/wp\/v2\/users\/1"}],"replies":[{"embeddable":true,"href":"https:\/\/agora.xtec.cat\/credv\/wp-json\/wp\/v2\/comments?post=8432"}],"version-history":[{"count":4,"href":"https:\/\/agora.xtec.cat\/credv\/wp-json\/wp\/v2\/pages\/8432\/revisions"}],"predecessor-version":[{"id":10104,"href":"https:\/\/agora.xtec.cat\/credv\/wp-json\/wp\/v2\/pages\/8432\/revisions\/10104"}],"wp:attachment":[{"href":"https:\/\/agora.xtec.cat\/credv\/wp-json\/wp\/v2\/media?parent=8432"}],"curies":[{"name":"wp","href":"https:\/\/api.w.org\/{rel}","templated":true}]}}