{"id":806,"date":"2015-11-28T21:29:55","date_gmt":"2015-11-28T20:29:55","guid":{"rendered":"http:\/\/agora.xtec.cat\/credv\/?page_id=806"},"modified":"2020-12-01T20:19:18","modified_gmt":"2020-12-01T19:19:18","slug":"el-credv","status":"publish","type":"page","link":"https:\/\/agora.xtec.cat\/credv\/el-credv\/","title":{"rendered":"El CREDV"},"content":{"rendered":"<p>El CREDV-CRE ONCE Barcelona (Centre de Recursos Educatius per a Discapacitats Visuals) \u00e9s un servei educatiu espec\u00edfic que en col\u00b7laboraci\u00f3 amb l\u2019ONCE d\u00f3na suport a la tasca docent del professorat pel que fa a alumnes amb greus d\u00e8ficits visuals, a m\u00e9s d\u2019oferir atenci\u00f3 directa a aquest alumnat i orientaci\u00f3 a les fam\u00edlies. La seva intervenci\u00f3 es concreta en tres grans \u00e0mbits: alumnat i fam\u00edlies, centres i professorat, i zona educativa.<\/p>\n<p>L\u2019\u00e0mbit d\u2019intervenci\u00f3 del CREDV-CRE ONCE Barcelona \u00e9s tot Catalunya, la seu central \u00e9s a Barcelona i disposa de 3 subseus a Girona, Lleida i Tarragona.<\/p>\n<h4><\/h4>\n","protected":false},"excerpt":{"rendered":"<p>El CREDV-CRE ONCE Barcelona (Centre de Recursos Educatius per a Discapacitats Visuals) \u00e9s un servei educatiu espec\u00edfic que en col\u00b7laboraci\u00f3 amb l\u2019ONCE d\u00f3na suport a la tasca docent del professorat pel que fa a alumnes amb greus d\u00e8ficits visuals, a m\u00e9s d\u2019oferir atenci\u00f3 directa a&hellip;  <a href=\"https:\/\/agora.xtec.cat\/credv\/el-credv\/\" title=\"Read El CREDV\">Llegeix m\u00e9s\u00bb<\/a><\/p>\n","protected":false},"author":1,"featured_media":0,"parent":0,"menu_order":0,"comment_status":"closed","ping_status":"closed","template":"page-templates\/side-menu.php","meta":{"_bbp_topic_count":0,"_bbp_reply_count":0,"_bbp_total_topic_count":0,"_bbp_total_reply_count":0,"_bbp_voice_count":0,"_bbp_anonymous_reply_count":0,"_bbp_topic_count_hidden":0,"_bbp_reply_count_hidden":0,"_bbp_forum_subforum_count":0,"footnotes":""},"class_list":["post-806","page","type-page","status-publish","hentry"],"post_mailing_queue_ids":[],"_links":{"self":[{"href":"https:\/\/agora.xtec.cat\/credv\/wp-json\/wp\/v2\/pages\/806","targetHints":{"allow":["GET"]}}],"collection":[{"href":"https:\/\/agora.xtec.cat\/credv\/wp-json\/wp\/v2\/pages"}],"about":[{"href":"https:\/\/agora.xtec.cat\/credv\/wp-json\/wp\/v2\/types\/page"}],"author":[{"embeddable":true,"href":"https:\/\/agora.xtec.cat\/credv\/wp-json\/wp\/v2\/users\/1"}],"replies":[{"embeddable":true,"href":"https:\/\/agora.xtec.cat\/credv\/wp-json\/wp\/v2\/comments?post=806"}],"version-history":[{"count":3,"href":"https:\/\/agora.xtec.cat\/credv\/wp-json\/wp\/v2\/pages\/806\/revisions"}],"predecessor-version":[{"id":9789,"href":"https:\/\/agora.xtec.cat\/credv\/wp-json\/wp\/v2\/pages\/806\/revisions\/9789"}],"wp:attachment":[{"href":"https:\/\/agora.xtec.cat\/credv\/wp-json\/wp\/v2\/media?parent=806"}],"curies":[{"name":"wp","href":"https:\/\/api.w.org\/{rel}","templated":true}]}}