{"id":608,"date":"2015-11-27T10:04:51","date_gmt":"2015-11-27T09:04:51","guid":{"rendered":"http:\/\/agora.xtec.cat\/credv\/?page_id=608"},"modified":"2021-06-08T13:00:12","modified_gmt":"2021-06-08T11:00:12","slug":"horari-i-calendari","status":"publish","type":"page","link":"https:\/\/agora.xtec.cat\/credv\/horari-i-calendari\/","title":{"rendered":"Horari i calendari"},"content":{"rendered":"<p>De dilluns a\u00a0divendres<\/p>\n<ul>\n<li>Mat\u00ed: de<strong> 9:00<\/strong> a <strong>14:00 <\/strong>h<\/li>\n<li>Tarda: de<strong> 15:00<\/strong> a <strong>17:00<\/strong> h<\/li>\n<\/ul>\n<p>&nbsp;<\/p>\n<p>El CREDV-CRE ONCE Barcelona romandr\u00e0 tancat al p\u00fablic, els per\u00edodes de vacances escolars i els dies de festes laborals oficials a Catalunya.<\/p>\n","protected":false},"excerpt":{"rendered":"<p>De dilluns a\u00a0divendres<\/p>\n<ul>\n<li>Mat\u00ed: de 9:00 a 14:00 h<\/li>\n<li>Tarda: de 15:00 a 17:00 h<\/li>\n<\/ul>\n<p>&nbsp;<br \/>\nEl CREDV-CRE ONCE Barcelona romandr\u00e0 tancat al p\u00fablic, els per\u00edodes de vacances escolars i els dies de festes laborals oficials a Catalunya.<\/p>\n","protected":false},"author":1,"featured_media":0,"parent":0,"menu_order":40,"comment_status":"closed","ping_status":"closed","template":"","meta":{"_bbp_topic_count":0,"_bbp_reply_count":0,"_bbp_total_topic_count":0,"_bbp_total_reply_count":0,"_bbp_voice_count":0,"_bbp_anonymous_reply_count":0,"_bbp_topic_count_hidden":0,"_bbp_reply_count_hidden":0,"_bbp_forum_subforum_count":0,"footnotes":""},"class_list":["post-608","page","type-page","status-publish","hentry"],"post_mailing_queue_ids":[],"_links":{"self":[{"href":"https:\/\/agora.xtec.cat\/credv\/wp-json\/wp\/v2\/pages\/608","targetHints":{"allow":["GET"]}}],"collection":[{"href":"https:\/\/agora.xtec.cat\/credv\/wp-json\/wp\/v2\/pages"}],"about":[{"href":"https:\/\/agora.xtec.cat\/credv\/wp-json\/wp\/v2\/types\/page"}],"author":[{"embeddable":true,"href":"https:\/\/agora.xtec.cat\/credv\/wp-json\/wp\/v2\/users\/1"}],"replies":[{"embeddable":true,"href":"https:\/\/agora.xtec.cat\/credv\/wp-json\/wp\/v2\/comments?post=608"}],"version-history":[{"count":3,"href":"https:\/\/agora.xtec.cat\/credv\/wp-json\/wp\/v2\/pages\/608\/revisions"}],"predecessor-version":[{"id":9244,"href":"https:\/\/agora.xtec.cat\/credv\/wp-json\/wp\/v2\/pages\/608\/revisions\/9244"}],"wp:attachment":[{"href":"https:\/\/agora.xtec.cat\/credv\/wp-json\/wp\/v2\/media?parent=608"}],"curies":[{"name":"wp","href":"https:\/\/api.w.org\/{rel}","templated":true}]}}